{"id":4696,"date":"2024-12-24T11:08:15","date_gmt":"2024-12-24T03:08:15","guid":{"rendered":"https:\/\/www.prolead-tw.com\/?post_type=product&#038;p=4696"},"modified":"2025-03-11T21:22:51","modified_gmt":"2025-03-11T13:22:51","slug":"drum-filter","status":"publish","type":"product","link":"https:\/\/prolead-tw.com\/es\/producto\/ras-system-equipment\/drum-filter\/","title":{"rendered":"Filtro de tambor"},"content":{"rendered":"<h3>Filtro de tambor<\/h3>\n<h3 style=\"font-style: normal;\"><img decoding=\"async\" class=\"aligncenter wp-image-4700 lazyload\" data-src=\"http:\/\/www.prolead-tw.com\/wp-content\/uploads\/2024\/12\/Drum-Filter-2.jpg\" alt=\"\" width=\"199\" height=\"199\" data-srcset=\"https:\/\/prolead-tw.com\/wp-content\/uploads\/2024\/12\/Drum-Filter-2.jpg 300w, https:\/\/prolead-tw.com\/wp-content\/uploads\/2024\/12\/Drum-Filter-2-150x150.jpg 150w, https:\/\/prolead-tw.com\/wp-content\/uploads\/2024\/12\/Drum-Filter-2-12x12.jpg 12w, https:\/\/prolead-tw.com\/wp-content\/uploads\/2024\/12\/Drum-Filter-2-100x100.jpg 100w\" data-sizes=\"(max-width: 199px) 100vw, 199px\" src=\"data:image\/svg+xml;base64,PHN2ZyB3aWR0aD0iMSIgaGVpZ2h0PSIxIiB4bWxucz0iaHR0cDovL3d3dy53My5vcmcvMjAwMC9zdmciPjwvc3ZnPg==\" style=\"--smush-placeholder-width: 199px; --smush-placeholder-aspect-ratio: 199\/199;\" \/><\/h3>\n<p>&nbsp;<\/p>\n<h3><img fetchpriority=\"high\" decoding=\"async\" class=\"aligncenter wp-image-4698\" src=\"http:\/\/www.prolead-tw.com\/wp-content\/uploads\/2024\/12\/Drum-Filter.webp\" alt=\"\" width=\"499\" height=\"374\" srcset=\"https:\/\/prolead-tw.com\/wp-content\/uploads\/2024\/12\/Drum-Filter.webp 480w, https:\/\/prolead-tw.com\/wp-content\/uploads\/2024\/12\/Drum-Filter-300x225.webp 300w, https:\/\/prolead-tw.com\/wp-content\/uploads\/2024\/12\/Drum-Filter-16x12.webp 16w\" sizes=\"(max-width: 499px) 100vw, 499px\" \/><\/h3>\n<p>The drum filter, also <a href=\"https:\/\/en.wikipedia.org\/wiki\/Rotary_vacuum-drum_filter\"><b>Rotary Vacuum Filter Drum<\/b><\/a>\u00a0are with automatic high-pressure flushing and sewage discharge. The residual bait and feces are immediately eliminated.\u00a0 Automatic high-pressure flushing and sewage discharge, residual bait and feces are immediately eliminated, and will not ferment and pollute the water quality and improve the harvesting rate.<\/p>\n<p>Caracter\u00edstica:<br \/>\n1. Las part\u00edculas suspendidas que sean m\u00e1s grandes que el di\u00e1metro de la malla (30 \u03bcm\/60 \u03bcm\/90 \u03bcm) se bloquear\u00e1n para permitir que el agua limpia fluya.<\/p>\n<p>2. Cuando las impurezas internas acumuladas hacen que el nivel del agua suba (unos 30 cm), el interruptor de nivel de l\u00edquido (flotador) activar\u00e1 el controlador y comenzar\u00e1 a enjuagar. Las impurezas se recoger\u00e1n en la bandeja de aguas residuales y luego se descargar\u00e1n para lograr el efecto de purificaci\u00f3n y filtrado de la calidad del agua.<\/p>\n<p>3. El soporte est\u00e1 hecho de acero inoxidable 316L, tiene un fuerte soporte.<\/p>\n<p>4. La malla est\u00e1 hecha de pel\u00edcula de pl\u00e1stico y malla de pl\u00e1stico PET, duradera, resistente al desgaste y libre de \u00f3xido.<\/p>\n<p>5. Se utiliza un filtro de descarga de alta presi\u00f3n en forma de abanico para lograr un fuerte poder de limpieza.<\/p>\n<p>6. Una bandeja recolectora de aguas residuales para que las impurezas queden bien recogidas.<\/p>\n<table>\n<tbody>\n<tr>\n<td width=\"151\">Modelo<\/td>\n<td width=\"142\">DF-1162B<\/td>\n<td width=\"142\">DF-1163B<\/td>\n<td width=\"142\">DF-1503B<\/td>\n<td width=\"142\">DF-1504B<\/td>\n<\/tr>\n<tr>\n<td width=\"151\">Materiales de base<\/td>\n<td colspan=\"4\" width=\"566\">CLORURO DE POLIVINILO<\/td>\n<\/tr>\n<tr>\n<td width=\"151\">Materiales de red<\/td>\n<td colspan=\"4\" width=\"566\">PE resistente a alta presi\u00f3n<\/td>\n<\/tr>\n<tr>\n<td width=\"151\">Flujo de agua<\/td>\n<td width=\"142\">120-200m3\/hr<\/td>\n<td width=\"142\">180-300m3\/hr<\/td>\n<td width=\"142\">250-400m3\/hr<\/td>\n<td width=\"142\">320-500m3\/hr<\/td>\n<\/tr>\n<\/tbody>\n<\/table>\n<p>&nbsp;<\/p>\n<p>The <a href=\"https:\/\/www.globalseafood.org\/advocate\/drum-filter-efficiency-as-particle-separator-in-a-recirculated-system\/\">drum filter<\/a> can be found in aquaculture for an open fish farm or in a recirculating system, a drum filter prevents the formation of algae or bacteria that can affect the living conditions of fish.<\/p>","protected":false},"excerpt":{"rendered":"<p>La descarga autom\u00e1tica de alta presi\u00f3n y las aguas residuales eliminan de inmediato los restos de cebo y heces, no fermentan ni contaminan la calidad del agua y mejoran la tasa de cosecha.<\/p>","protected":false},"featured_media":4698,"template":"","meta":{"_uag_custom_page_level_css":"","site-sidebar-layout":"default","site-content-layout":"","ast-site-content-layout":"default","site-content-style":"default","site-sidebar-style":"default","ast-global-header-display":"","ast-banner-title-visibility":"","ast-main-header-display":"","ast-hfb-above-header-display":"","ast-hfb-below-header-display":"","ast-hfb-mobile-header-display":"","site-post-title":"","ast-breadcrumbs-content":"","ast-featured-img":"","footer-sml-layout":"","ast-disable-related-posts":"","theme-transparent-header-meta":"default","adv-header-id-meta":"","stick-header-meta":"default","header-above-stick-meta":"","header-main-stick-meta":"","header-below-stick-meta":"","astra-migrate-meta-layouts":"set","ast-page-background-enabled":"default","ast-page-background-meta":{"desktop":{"background-color":"","background-image":"","background-repeat":"repeat","background-position":"center center","background-size":"auto","background-attachment":"scroll","background-type":"","background-media":"","overlay-type":"","overlay-color":"","overlay-opacity":"","overlay-gradient":""},"tablet":{"background-color":"","background-image":"","background-repeat":"repeat","background-position":"center center","background-size":"auto","background-attachment":"scroll","background-type":"","background-media":"","overlay-type":"","overlay-color":"","overlay-opacity":"","overlay-gradient":""},"mobile":{"background-color":"","background-image":"","background-repeat":"repeat","background-position":"center center","background-size":"auto","background-attachment":"scroll","background-type":"","background-media":"","overlay-type":"","overlay-color":"","overlay-opacity":"","overlay-gradient":""}},"ast-content-background-meta":{"desktop":{"background-color":"var(--ast-global-color-5)","background-image":"","background-repeat":"repeat","background-position":"center center","background-size":"auto","background-attachment":"scroll","background-type":"","background-media":"","overlay-type":"","overlay-color":"","overlay-opacity":"","overlay-gradient":""},"tablet":{"background-color":"var(--ast-global-color-5)","background-image":"","background-repeat":"repeat","background-position":"center center","background-size":"auto","background-attachment":"scroll","background-type":"","background-media":"","overlay-type":"","overlay-color":"","overlay-opacity":"","overlay-gradient":""},"mobile":{"background-color":"var(--ast-global-color-5)","background-image":"","background-repeat":"repeat","background-position":"center center","background-size":"auto","background-attachment":"scroll","background-type":"","background-media":"","overlay-type":"","overlay-color":"","overlay-opacity":"","overlay-gradient":""}}},"product_brand":[],"product_cat":[130,129],"product_tag":[],"class_list":{"0":"post-4696","1":"product","2":"type-product","3":"status-publish","4":"has-post-thumbnail","6":"product_cat-hatchery-equipment-and-items","7":"product_cat-ras-system-equipment","8":"desktop-align-left","9":"tablet-align-left","10":"mobile-align-left","12":"first","13":"instock","14":"shipping-taxable","15":"product-type-simple"},"yoast_head":"<!-- This site is optimized with the Yoast SEO plugin v26.8 - https:\/\/yoast.com\/product\/yoast-seo-wordpress\/ -->\n<title>Drum Filter - Prolead<\/title>\n<meta name=\"description\" content=\"The drum filter are with automatic high-pressure flushing and sewage discharge, The residual bait and feces are immediately eliminated\" \/>\n<meta name=\"robots\" content=\"index, follow, max-snippet:-1, max-image-preview:large, max-video-preview:-1\" \/>\n<link rel=\"canonical\" href=\"https:\/\/prolead-tw.com\/es\/product\/ras-system-equipment\/drum-filter\/\" \/>\n<meta property=\"og:locale\" content=\"es_ES\" \/>\n<meta property=\"og:type\" content=\"article\" \/>\n<meta property=\"og:title\" content=\"Drum Filter - Prolead\" \/>\n<meta property=\"og:description\" content=\"The drum filter are with automatic high-pressure flushing and sewage discharge, The residual bait and feces are immediately eliminated\" \/>\n<meta property=\"og:url\" content=\"https:\/\/prolead-tw.com\/es\/product\/ras-system-equipment\/drum-filter\/\" \/>\n<meta property=\"og:site_name\" content=\"Prolead\" \/>\n<meta property=\"article:modified_time\" content=\"2025-03-11T13:22:51+00:00\" \/>\n<meta property=\"og:image\" content=\"https:\/\/prolead-tw.com\/wp-content\/uploads\/2024\/12\/Drum-Filter.webp\" \/>\n\t<meta property=\"og:image:width\" content=\"480\" \/>\n\t<meta property=\"og:image:height\" content=\"360\" \/>\n\t<meta property=\"og:image:type\" content=\"image\/webp\" \/>\n<meta name=\"twitter:card\" content=\"summary_large_image\" \/>\n<meta name=\"twitter:label1\" content=\"Tiempo de lectura\" \/>\n\t<meta name=\"twitter:data1\" content=\"2 minutos\" \/>\n<script type=\"application\/ld+json\" class=\"yoast-schema-graph\">{\"@context\":\"https:\/\/schema.org\",\"@graph\":[{\"@type\":\"WebPage\",\"@id\":\"https:\/\/prolead-tw.com\/product\/ras-system-equipment\/drum-filter\/\",\"url\":\"https:\/\/prolead-tw.com\/product\/ras-system-equipment\/drum-filter\/\",\"name\":\"Drum Filter - Prolead\",\"isPartOf\":{\"@id\":\"https:\/\/prolead-tw.com\/#website\"},\"primaryImageOfPage\":{\"@id\":\"https:\/\/prolead-tw.com\/product\/ras-system-equipment\/drum-filter\/#primaryimage\"},\"image\":{\"@id\":\"https:\/\/prolead-tw.com\/product\/ras-system-equipment\/drum-filter\/#primaryimage\"},\"thumbnailUrl\":\"https:\/\/prolead-tw.com\/wp-content\/uploads\/2024\/12\/Drum-Filter.webp\",\"datePublished\":\"2024-12-24T03:08:15+00:00\",\"dateModified\":\"2025-03-11T13:22:51+00:00\",\"description\":\"The drum filter are with automatic high-pressure flushing and sewage discharge, The residual bait and feces are immediately eliminated\",\"breadcrumb\":{\"@id\":\"https:\/\/prolead-tw.com\/product\/ras-system-equipment\/drum-filter\/#breadcrumb\"},\"inLanguage\":\"es\",\"potentialAction\":[{\"@type\":\"ReadAction\",\"target\":[\"https:\/\/prolead-tw.com\/product\/ras-system-equipment\/drum-filter\/\"]}]},{\"@type\":\"ImageObject\",\"inLanguage\":\"es\",\"@id\":\"https:\/\/prolead-tw.com\/product\/ras-system-equipment\/drum-filter\/#primaryimage\",\"url\":\"https:\/\/prolead-tw.com\/wp-content\/uploads\/2024\/12\/Drum-Filter.webp\",\"contentUrl\":\"https:\/\/prolead-tw.com\/wp-content\/uploads\/2024\/12\/Drum-Filter.webp\",\"width\":480,\"height\":360},{\"@type\":\"BreadcrumbList\",\"@id\":\"https:\/\/prolead-tw.com\/product\/ras-system-equipment\/drum-filter\/#breadcrumb\",\"itemListElement\":[{\"@type\":\"ListItem\",\"position\":1,\"name\":\"\u9996\u9801\",\"item\":\"https:\/\/prolead-tw.com\/\"},{\"@type\":\"ListItem\",\"position\":2,\"name\":\"product\",\"item\":\"https:\/\/prolead-tw.com\/product\/\"},{\"@type\":\"ListItem\",\"position\":3,\"name\":\"Drum Filter\"}]},{\"@type\":\"WebSite\",\"@id\":\"https:\/\/prolead-tw.com\/#website\",\"url\":\"https:\/\/prolead-tw.com\/\",\"name\":\"Prolead\",\"description\":\"Top Professional Supplier for Aquaculture Sector\",\"publisher\":{\"@id\":\"https:\/\/prolead-tw.com\/#organization\"},\"potentialAction\":[{\"@type\":\"SearchAction\",\"target\":{\"@type\":\"EntryPoint\",\"urlTemplate\":\"https:\/\/prolead-tw.com\/?s={search_term_string}\"},\"query-input\":{\"@type\":\"PropertyValueSpecification\",\"valueRequired\":true,\"valueName\":\"search_term_string\"}}],\"inLanguage\":\"es\"},{\"@type\":\"Organization\",\"@id\":\"https:\/\/prolead-tw.com\/#organization\",\"name\":\"Prolead\",\"url\":\"https:\/\/prolead-tw.com\/\",\"logo\":{\"@type\":\"ImageObject\",\"inLanguage\":\"es\",\"@id\":\"https:\/\/prolead-tw.com\/#\/schema\/logo\/image\/\",\"url\":\"https:\/\/prolead-tw.com\/wp-content\/uploads\/2024\/11\/cropped-Prolead-\u5bf6\u529b\u570b\u969b-logo\u6a6b.png\",\"contentUrl\":\"https:\/\/prolead-tw.com\/wp-content\/uploads\/2024\/11\/cropped-Prolead-\u5bf6\u529b\u570b\u969b-logo\u6a6b.png\",\"width\":1000,\"height\":334,\"caption\":\"Prolead\"},\"image\":{\"@id\":\"https:\/\/prolead-tw.com\/#\/schema\/logo\/image\/\"}}]}<\/script>\n<!-- \/ Yoast SEO plugin. -->","yoast_head_json":{"title":"Drum Filter - Prolead","description":"The drum filter are with automatic high-pressure flushing and sewage discharge, The residual bait and feces are immediately eliminated","robots":{"index":"index","follow":"follow","max-snippet":"max-snippet:-1","max-image-preview":"max-image-preview:large","max-video-preview":"max-video-preview:-1"},"canonical":"https:\/\/prolead-tw.com\/es\/product\/ras-system-equipment\/drum-filter\/","og_locale":"es_ES","og_type":"article","og_title":"Drum Filter - Prolead","og_description":"The drum filter are with automatic high-pressure flushing and sewage discharge, The residual bait and feces are immediately eliminated","og_url":"https:\/\/prolead-tw.com\/es\/product\/ras-system-equipment\/drum-filter\/","og_site_name":"Prolead","article_modified_time":"2025-03-11T13:22:51+00:00","og_image":[{"width":480,"height":360,"url":"https:\/\/prolead-tw.com\/wp-content\/uploads\/2024\/12\/Drum-Filter.webp","type":"image\/webp"}],"twitter_card":"summary_large_image","twitter_misc":{"Tiempo de lectura":"2 minutos"},"schema":{"@context":"https:\/\/schema.org","@graph":[{"@type":"WebPage","@id":"https:\/\/prolead-tw.com\/product\/ras-system-equipment\/drum-filter\/","url":"https:\/\/prolead-tw.com\/product\/ras-system-equipment\/drum-filter\/","name":"Drum Filter - Prolead","isPartOf":{"@id":"https:\/\/prolead-tw.com\/#website"},"primaryImageOfPage":{"@id":"https:\/\/prolead-tw.com\/product\/ras-system-equipment\/drum-filter\/#primaryimage"},"image":{"@id":"https:\/\/prolead-tw.com\/product\/ras-system-equipment\/drum-filter\/#primaryimage"},"thumbnailUrl":"https:\/\/prolead-tw.com\/wp-content\/uploads\/2024\/12\/Drum-Filter.webp","datePublished":"2024-12-24T03:08:15+00:00","dateModified":"2025-03-11T13:22:51+00:00","description":"The drum filter are with automatic high-pressure flushing and sewage discharge, The residual bait and feces are immediately eliminated","breadcrumb":{"@id":"https:\/\/prolead-tw.com\/product\/ras-system-equipment\/drum-filter\/#breadcrumb"},"inLanguage":"es","potentialAction":[{"@type":"ReadAction","target":["https:\/\/prolead-tw.com\/product\/ras-system-equipment\/drum-filter\/"]}]},{"@type":"ImageObject","inLanguage":"es","@id":"https:\/\/prolead-tw.com\/product\/ras-system-equipment\/drum-filter\/#primaryimage","url":"https:\/\/prolead-tw.com\/wp-content\/uploads\/2024\/12\/Drum-Filter.webp","contentUrl":"https:\/\/prolead-tw.com\/wp-content\/uploads\/2024\/12\/Drum-Filter.webp","width":480,"height":360},{"@type":"BreadcrumbList","@id":"https:\/\/prolead-tw.com\/product\/ras-system-equipment\/drum-filter\/#breadcrumb","itemListElement":[{"@type":"ListItem","position":1,"name":"\u9996\u9801","item":"https:\/\/prolead-tw.com\/"},{"@type":"ListItem","position":2,"name":"product","item":"https:\/\/prolead-tw.com\/product\/"},{"@type":"ListItem","position":3,"name":"Drum Filter"}]},{"@type":"WebSite","@id":"https:\/\/prolead-tw.com\/#website","url":"https:\/\/prolead-tw.com\/","name":"Prolead","description":"Top Professional Supplier for Aquaculture Sector","publisher":{"@id":"https:\/\/prolead-tw.com\/#organization"},"potentialAction":[{"@type":"SearchAction","target":{"@type":"EntryPoint","urlTemplate":"https:\/\/prolead-tw.com\/?s={search_term_string}"},"query-input":{"@type":"PropertyValueSpecification","valueRequired":true,"valueName":"search_term_string"}}],"inLanguage":"es"},{"@type":"Organization","@id":"https:\/\/prolead-tw.com\/#organization","name":"Prolead","url":"https:\/\/prolead-tw.com\/","logo":{"@type":"ImageObject","inLanguage":"es","@id":"https:\/\/prolead-tw.com\/#\/schema\/logo\/image\/","url":"https:\/\/prolead-tw.com\/wp-content\/uploads\/2024\/11\/cropped-Prolead-\u5bf6\u529b\u570b\u969b-logo\u6a6b.png","contentUrl":"https:\/\/prolead-tw.com\/wp-content\/uploads\/2024\/11\/cropped-Prolead-\u5bf6\u529b\u570b\u969b-logo\u6a6b.png","width":1000,"height":334,"caption":"Prolead"},"image":{"@id":"https:\/\/prolead-tw.com\/#\/schema\/logo\/image\/"}}]}},"uagb_featured_image_src":{"full":["https:\/\/prolead-tw.com\/wp-content\/uploads\/2024\/12\/Drum-Filter.webp",480,360,false],"thumbnail":["https:\/\/prolead-tw.com\/wp-content\/uploads\/2024\/12\/Drum-Filter-150x150.webp",150,150,true],"medium":["https:\/\/prolead-tw.com\/wp-content\/uploads\/2024\/12\/Drum-Filter-300x225.webp",300,225,true],"medium_large":["https:\/\/prolead-tw.com\/wp-content\/uploads\/2024\/12\/Drum-Filter.webp",480,360,false],"large":["https:\/\/prolead-tw.com\/wp-content\/uploads\/2024\/12\/Drum-Filter.webp",480,360,false],"1536x1536":["https:\/\/prolead-tw.com\/wp-content\/uploads\/2024\/12\/Drum-Filter.webp",480,360,false],"2048x2048":["https:\/\/prolead-tw.com\/wp-content\/uploads\/2024\/12\/Drum-Filter.webp",480,360,false],"trp-custom-language-flag":["https:\/\/prolead-tw.com\/wp-content\/uploads\/2024\/12\/Drum-Filter-16x12.webp",16,12,true],"mailpoet_newsletter_max":["https:\/\/prolead-tw.com\/wp-content\/uploads\/2024\/12\/Drum-Filter.webp",480,360,false],"woocommerce_thumbnail":["https:\/\/prolead-tw.com\/wp-content\/uploads\/2024\/12\/Drum-Filter-300x300.webp",300,300,true],"woocommerce_single":["https:\/\/prolead-tw.com\/wp-content\/uploads\/2024\/12\/Drum-Filter.webp",480,360,false],"woocommerce_gallery_thumbnail":["https:\/\/prolead-tw.com\/wp-content\/uploads\/2024\/12\/Drum-Filter-100x100.webp",100,100,true]},"uagb_author_info":{"display_name":"Prolead","author_link":"https:\/\/prolead-tw.com\/es\/author\/"},"uagb_comment_info":0,"uagb_excerpt":"Automatic high-pressure flushing and sewage discharge, residual bait and feces are immediately eliminated, and will not ferment and pollute the water quality and improve the harvesting rate.","_links":{"self":[{"href":"https:\/\/prolead-tw.com\/es\/wp-json\/wp\/v2\/product\/4696","targetHints":{"allow":["GET"]}}],"collection":[{"href":"https:\/\/prolead-tw.com\/es\/wp-json\/wp\/v2\/product"}],"about":[{"href":"https:\/\/prolead-tw.com\/es\/wp-json\/wp\/v2\/types\/product"}],"version-history":[{"count":6,"href":"https:\/\/prolead-tw.com\/es\/wp-json\/wp\/v2\/product\/4696\/revisions"}],"predecessor-version":[{"id":4701,"href":"https:\/\/prolead-tw.com\/es\/wp-json\/wp\/v2\/product\/4696\/revisions\/4701"}],"wp:featuredmedia":[{"embeddable":true,"href":"https:\/\/prolead-tw.com\/es\/wp-json\/wp\/v2\/media\/4698"}],"wp:attachment":[{"href":"https:\/\/prolead-tw.com\/es\/wp-json\/wp\/v2\/media?parent=4696"}],"wp:term":[{"taxonomy":"product_brand","embeddable":true,"href":"https:\/\/prolead-tw.com\/es\/wp-json\/wp\/v2\/product_brand?post=4696"},{"taxonomy":"product_cat","embeddable":true,"href":"https:\/\/prolead-tw.com\/es\/wp-json\/wp\/v2\/product_cat?post=4696"},{"taxonomy":"product_tag","embeddable":true,"href":"https:\/\/prolead-tw.com\/es\/wp-json\/wp\/v2\/product_tag?post=4696"}],"curies":[{"name":"wp","href":"https:\/\/api.w.org\/{rel}","templated":true}]}}