{"id":4677,"date":"2024-12-23T20:00:42","date_gmt":"2024-12-23T12:00:42","guid":{"rendered":"https:\/\/www.prolead-tw.com\/?post_type=product&#038;p=4677"},"modified":"2025-03-12T12:00:13","modified_gmt":"2025-03-12T04:00:13","slug":"filter-bags","status":"publish","type":"product","link":"https:\/\/prolead-tw.com\/es\/producto\/hatchery-equipment-and-items\/filter-bags\/","title":{"rendered":"Bolsas de filtro y elementos filtrantes"},"content":{"rendered":"<h1><strong>Filter Materials<\/strong><\/h1>\n<p>Variety filter bags, <a href=\"https:\/\/en.wikipedia.org\/wiki\/Aquarium_filter\">filter element<\/a>, filter cotton, sea water filter bags&#8230;etc are offered for aquaculture hatchery use.<\/p>\n<h2>Elemento de filtro<\/h2>\n<p><img fetchpriority=\"high\" decoding=\"async\" class=\"size-full wp-image-4678 alignleft\" src=\"http:\/\/www.prolead-tw.com\/wp-content\/uploads\/2024\/12\/Filter-Cotton-1.jpg\" alt=\"\" width=\"300\" height=\"300\" srcset=\"https:\/\/prolead-tw.com\/wp-content\/uploads\/2024\/12\/Filter-Cotton-1.jpg 300w, https:\/\/prolead-tw.com\/wp-content\/uploads\/2024\/12\/Filter-Cotton-1-150x150.jpg 150w, https:\/\/prolead-tw.com\/wp-content\/uploads\/2024\/12\/Filter-Cotton-1-12x12.jpg 12w, https:\/\/prolead-tw.com\/wp-content\/uploads\/2024\/12\/Filter-Cotton-1-100x100.jpg 100w\" sizes=\"(max-width: 300px) 100vw, 300px\" \/><\/p>\n<p>&nbsp;<\/p>\n<div class=\"layout cn\">\n<ul>\n<li>100% hecha de PP virgen pura<\/li>\n<li>Dise\u00f1o especial de bobinado en espiral, disposici\u00f3n de superficie exterior suelta e interior apretada, puede absorber part\u00edculas s\u00f3lidas de manera uniforme.<\/li>\n<li>El flujo corporal (part\u00edculas) mantiene una diferencia de presi\u00f3n estable y no se obstruye f\u00e1cilmente.<\/li>\n<li>Alta capacidad de retenci\u00f3n de suciedad (alta capacidad de retenci\u00f3n de suciedad) y larga vida \u00fatil<\/li>\n<\/ul>\n<p>&nbsp;<\/p>\n<\/div>\n<h2>Filtro de algod\u00f3n<\/h2>\n<p><img decoding=\"async\" class=\"size-large wp-image-4679 alignleft lazyload\" data-src=\"http:\/\/www.prolead-tw.com\/wp-content\/uploads\/2024\/12\/Filter-Cotton-2.jpg\" alt=\"\" width=\"300\" height=\"300\" data-srcset=\"https:\/\/prolead-tw.com\/wp-content\/uploads\/2024\/12\/Filter-Cotton-2.jpg 300w, https:\/\/prolead-tw.com\/wp-content\/uploads\/2024\/12\/Filter-Cotton-2-150x150.jpg 150w, https:\/\/prolead-tw.com\/wp-content\/uploads\/2024\/12\/Filter-Cotton-2-12x12.jpg 12w, https:\/\/prolead-tw.com\/wp-content\/uploads\/2024\/12\/Filter-Cotton-2-100x100.jpg 100w\" data-sizes=\"(max-width: 300px) 100vw, 300px\" src=\"data:image\/svg+xml;base64,PHN2ZyB3aWR0aD0iMSIgaGVpZ2h0PSIxIiB4bWxucz0iaHR0cDovL3d3dy53My5vcmcvMjAwMC9zdmciPjwvc3ZnPg==\" style=\"--smush-placeholder-width: 300px; --smush-placeholder-aspect-ratio: 300\/300;\" \/><\/p>\n<p>&nbsp;<\/p>\n<ul>\n<li>Se puede utilizar como filtro grueso.<\/li>\n<li>Grosor: 3cm<\/li>\n<li>Size : about 18 m x 1 m<\/li>\n<\/ul>\n<p>&nbsp;<\/p>\n<p>&nbsp;<\/p>\n<p>&nbsp;<\/p>\n<h2>Bolsa de filtro<\/h2>\n<p><a href=\"https:\/\/www.oceansdesigninc.com\/products\/filtration\/solids-removal\/bag-filters\">Bag filters<\/a> are essential in aquaculture systems, designed to ensure high water quality by effectively removing suspended solids and particulates. Their filtration capabilities work in maintaining a healthy environment for aquatic organisms, promoting the growth<\/p>\n<p><img decoding=\"async\" class=\"size-full wp-image-4680 alignleft lazyload\" data-src=\"http:\/\/www.prolead-tw.com\/wp-content\/uploads\/2024\/12\/Filter-Bag-1.jpg\" alt=\"\" width=\"300\" height=\"300\" data-srcset=\"https:\/\/prolead-tw.com\/wp-content\/uploads\/2024\/12\/Filter-Bag-1.jpg 300w, https:\/\/prolead-tw.com\/wp-content\/uploads\/2024\/12\/Filter-Bag-1-150x150.jpg 150w, https:\/\/prolead-tw.com\/wp-content\/uploads\/2024\/12\/Filter-Bag-1-12x12.jpg 12w, https:\/\/prolead-tw.com\/wp-content\/uploads\/2024\/12\/Filter-Bag-1-100x100.jpg 100w\" data-sizes=\"(max-width: 300px) 100vw, 300px\" src=\"data:image\/svg+xml;base64,PHN2ZyB3aWR0aD0iMSIgaGVpZ2h0PSIxIiB4bWxucz0iaHR0cDovL3d3dy53My5vcmcvMjAwMC9zdmciPjwvc3ZnPg==\" style=\"--smush-placeholder-width: 300px; --smush-placeholder-aspect-ratio: 300\/300;\" \/><\/p>\n<ul>\n<li>Fabricado en material de fibra fina 100% poli\u00e9ster, y tiene tratamiento siliconado y antiest\u00e1tico.<\/li>\n<li>Estas bolsas de filtro se pueden utilizar en soluciones org\u00e1nicas y l\u00edquidos \u00e1cidos y alcalinos y filtran el hierro del agua para mejorar la calidad del agua. Crean un ambiente agradable y c\u00f3modo para las larvas de camar\u00f3n.<\/li>\n<li>Filtro: 1\u03bc, 3\u03bc, 5\u03bc, 10\u03bc<\/li>\n<li>Materiales: PE \/ PP<\/li>\n<\/ul>\n<p>&nbsp;<\/p>\n<h2>Bolsas de filtro de agua<\/h2>\n<p><img decoding=\"async\" class=\"size-full wp-image-4681 alignleft lazyload\" data-src=\"http:\/\/www.prolead-tw.com\/wp-content\/uploads\/2024\/12\/Filter-Bag-2.jpg\" alt=\"\" width=\"300\" height=\"300\" data-srcset=\"https:\/\/prolead-tw.com\/wp-content\/uploads\/2024\/12\/Filter-Bag-2.jpg 300w, https:\/\/prolead-tw.com\/wp-content\/uploads\/2024\/12\/Filter-Bag-2-150x150.jpg 150w, https:\/\/prolead-tw.com\/wp-content\/uploads\/2024\/12\/Filter-Bag-2-12x12.jpg 12w, https:\/\/prolead-tw.com\/wp-content\/uploads\/2024\/12\/Filter-Bag-2-100x100.jpg 100w\" data-sizes=\"(max-width: 300px) 100vw, 300px\" src=\"data:image\/svg+xml;base64,PHN2ZyB3aWR0aD0iMSIgaGVpZ2h0PSIxIiB4bWxucz0iaHR0cDovL3d3dy53My5vcmcvMjAwMC9zdmciPjwvc3ZnPg==\" style=\"--smush-placeholder-width: 300px; --smush-placeholder-aspect-ratio: 300\/300;\" \/><\/p>\n<ul>\n<li>Caracter\u00edsticas: Soldadura por calor, sin las deficiencias de las costuras de aguja tradicionales que causan problemas de fugas.<\/li>\n<li>Para un mejor efecto de filtraci\u00f3n, se recomienda reemplazar o limpiar la bolsa de filtro despu\u00e9s de filtrar entre 50 y 100 toneladas de agua, dependiendo de la calidad del agua.<\/li>\n<li>Filtraci\u00f3n: 1um, 3um, 5um, 10um, 25um, 50um, 75um, 100um<\/li>\n<li>Specifications: 30 cm x 8 cm<\/li>\n<\/ul>\n<p>&nbsp;<\/p>","protected":false},"excerpt":{"rendered":"<p>Variety filter bags, filter element, filter cotton are offered for aquaculture hatchery use.<\/p>","protected":false},"featured_media":4680,"template":"","meta":{"_uag_custom_page_level_css":"","site-sidebar-layout":"default","site-content-layout":"","ast-site-content-layout":"default","site-content-style":"default","site-sidebar-style":"default","ast-global-header-display":"","ast-banner-title-visibility":"","ast-main-header-display":"","ast-hfb-above-header-display":"","ast-hfb-below-header-display":"","ast-hfb-mobile-header-display":"","site-post-title":"","ast-breadcrumbs-content":"","ast-featured-img":"","footer-sml-layout":"","ast-disable-related-posts":"","theme-transparent-header-meta":"default","adv-header-id-meta":"","stick-header-meta":"default","header-above-stick-meta":"","header-main-stick-meta":"","header-below-stick-meta":"","astra-migrate-meta-layouts":"set","ast-page-background-enabled":"default","ast-page-background-meta":{"desktop":{"background-color":"","background-image":"","background-repeat":"repeat","background-position":"center center","background-size":"auto","background-attachment":"scroll","background-type":"","background-media":"","overlay-type":"","overlay-color":"","overlay-opacity":"","overlay-gradient":""},"tablet":{"background-color":"","background-image":"","background-repeat":"repeat","background-position":"center center","background-size":"auto","background-attachment":"scroll","background-type":"","background-media":"","overlay-type":"","overlay-color":"","overlay-opacity":"","overlay-gradient":""},"mobile":{"background-color":"","background-image":"","background-repeat":"repeat","background-position":"center center","background-size":"auto","background-attachment":"scroll","background-type":"","background-media":"","overlay-type":"","overlay-color":"","overlay-opacity":"","overlay-gradient":""}},"ast-content-background-meta":{"desktop":{"background-color":"var(--ast-global-color-5)","background-image":"","background-repeat":"repeat","background-position":"center center","background-size":"auto","background-attachment":"scroll","background-type":"","background-media":"","overlay-type":"","overlay-color":"","overlay-opacity":"","overlay-gradient":""},"tablet":{"background-color":"var(--ast-global-color-5)","background-image":"","background-repeat":"repeat","background-position":"center center","background-size":"auto","background-attachment":"scroll","background-type":"","background-media":"","overlay-type":"","overlay-color":"","overlay-opacity":"","overlay-gradient":""},"mobile":{"background-color":"var(--ast-global-color-5)","background-image":"","background-repeat":"repeat","background-position":"center center","background-size":"auto","background-attachment":"scroll","background-type":"","background-media":"","overlay-type":"","overlay-color":"","overlay-opacity":"","overlay-gradient":""}}},"product_brand":[],"product_cat":[130],"product_tag":[],"class_list":{"0":"post-4677","1":"product","2":"type-product","3":"status-publish","4":"has-post-thumbnail","6":"product_cat-hatchery-equipment-and-items","7":"desktop-align-left","8":"tablet-align-left","9":"mobile-align-left","11":"first","12":"instock","13":"shipping-taxable","14":"product-type-simple"},"yoast_head":"<!-- This site is optimized with the Yoast SEO plugin v26.8 - https:\/\/yoast.com\/product\/yoast-seo-wordpress\/ -->\n<title>Filter Bags and Filter Element - Prolead<\/title>\n<meta name=\"description\" content=\"Variety filter bags, filter element, filter cotton, sea water filter bags...etc are offered for aquaculture hatchery use.\" \/>\n<meta name=\"robots\" content=\"index, follow, max-snippet:-1, max-image-preview:large, max-video-preview:-1\" \/>\n<link rel=\"canonical\" href=\"https:\/\/prolead-tw.com\/es\/product\/hatchery-equipment-and-items\/filter-bags\/\" \/>\n<meta property=\"og:locale\" content=\"es_ES\" \/>\n<meta property=\"og:type\" content=\"article\" \/>\n<meta property=\"og:title\" content=\"Filter Bags and Filter Element - Prolead\" \/>\n<meta property=\"og:description\" content=\"Variety filter bags, filter element, filter cotton, sea water filter bags...etc are offered for aquaculture hatchery use.\" \/>\n<meta property=\"og:url\" content=\"https:\/\/prolead-tw.com\/es\/product\/hatchery-equipment-and-items\/filter-bags\/\" \/>\n<meta property=\"og:site_name\" content=\"Prolead\" \/>\n<meta property=\"article:modified_time\" content=\"2025-03-12T04:00:13+00:00\" \/>\n<meta property=\"og:image\" content=\"https:\/\/prolead-tw.com\/wp-content\/uploads\/2024\/12\/Filter-Bag-1.jpg\" \/>\n\t<meta property=\"og:image:width\" content=\"300\" \/>\n\t<meta property=\"og:image:height\" content=\"300\" \/>\n\t<meta property=\"og:image:type\" content=\"image\/jpeg\" \/>\n<meta name=\"twitter:card\" content=\"summary_large_image\" \/>\n<meta name=\"twitter:label1\" content=\"Tiempo de lectura\" \/>\n\t<meta name=\"twitter:data1\" content=\"3 minutos\" \/>\n<script type=\"application\/ld+json\" class=\"yoast-schema-graph\">{\"@context\":\"https:\/\/schema.org\",\"@graph\":[{\"@type\":\"WebPage\",\"@id\":\"https:\/\/prolead-tw.com\/product\/hatchery-equipment-and-items\/filter-bags\/\",\"url\":\"https:\/\/prolead-tw.com\/product\/hatchery-equipment-and-items\/filter-bags\/\",\"name\":\"Filter Bags and Filter Element - Prolead\",\"isPartOf\":{\"@id\":\"https:\/\/prolead-tw.com\/#website\"},\"primaryImageOfPage\":{\"@id\":\"https:\/\/prolead-tw.com\/product\/hatchery-equipment-and-items\/filter-bags\/#primaryimage\"},\"image\":{\"@id\":\"https:\/\/prolead-tw.com\/product\/hatchery-equipment-and-items\/filter-bags\/#primaryimage\"},\"thumbnailUrl\":\"https:\/\/prolead-tw.com\/wp-content\/uploads\/2024\/12\/Filter-Bag-1.jpg\",\"datePublished\":\"2024-12-23T12:00:42+00:00\",\"dateModified\":\"2025-03-12T04:00:13+00:00\",\"description\":\"Variety filter bags, filter element, filter cotton, sea water filter bags...etc are offered for aquaculture hatchery use.\",\"breadcrumb\":{\"@id\":\"https:\/\/prolead-tw.com\/product\/hatchery-equipment-and-items\/filter-bags\/#breadcrumb\"},\"inLanguage\":\"es\",\"potentialAction\":[{\"@type\":\"ReadAction\",\"target\":[\"https:\/\/prolead-tw.com\/product\/hatchery-equipment-and-items\/filter-bags\/\"]}]},{\"@type\":\"ImageObject\",\"inLanguage\":\"es\",\"@id\":\"https:\/\/prolead-tw.com\/product\/hatchery-equipment-and-items\/filter-bags\/#primaryimage\",\"url\":\"https:\/\/prolead-tw.com\/wp-content\/uploads\/2024\/12\/Filter-Bag-1.jpg\",\"contentUrl\":\"https:\/\/prolead-tw.com\/wp-content\/uploads\/2024\/12\/Filter-Bag-1.jpg\",\"width\":300,\"height\":300},{\"@type\":\"BreadcrumbList\",\"@id\":\"https:\/\/prolead-tw.com\/product\/hatchery-equipment-and-items\/filter-bags\/#breadcrumb\",\"itemListElement\":[{\"@type\":\"ListItem\",\"position\":1,\"name\":\"\u9996\u9801\",\"item\":\"https:\/\/prolead-tw.com\/\"},{\"@type\":\"ListItem\",\"position\":2,\"name\":\"product\",\"item\":\"https:\/\/prolead-tw.com\/product\/\"},{\"@type\":\"ListItem\",\"position\":3,\"name\":\"Filter Bags and Filter Element\"}]},{\"@type\":\"WebSite\",\"@id\":\"https:\/\/prolead-tw.com\/#website\",\"url\":\"https:\/\/prolead-tw.com\/\",\"name\":\"Prolead\",\"description\":\"Top Professional Supplier for Aquaculture Sector\",\"publisher\":{\"@id\":\"https:\/\/prolead-tw.com\/#organization\"},\"potentialAction\":[{\"@type\":\"SearchAction\",\"target\":{\"@type\":\"EntryPoint\",\"urlTemplate\":\"https:\/\/prolead-tw.com\/?s={search_term_string}\"},\"query-input\":{\"@type\":\"PropertyValueSpecification\",\"valueRequired\":true,\"valueName\":\"search_term_string\"}}],\"inLanguage\":\"es\"},{\"@type\":\"Organization\",\"@id\":\"https:\/\/prolead-tw.com\/#organization\",\"name\":\"Prolead\",\"url\":\"https:\/\/prolead-tw.com\/\",\"logo\":{\"@type\":\"ImageObject\",\"inLanguage\":\"es\",\"@id\":\"https:\/\/prolead-tw.com\/#\/schema\/logo\/image\/\",\"url\":\"https:\/\/prolead-tw.com\/wp-content\/uploads\/2024\/11\/cropped-Prolead-\u5bf6\u529b\u570b\u969b-logo\u6a6b.png\",\"contentUrl\":\"https:\/\/prolead-tw.com\/wp-content\/uploads\/2024\/11\/cropped-Prolead-\u5bf6\u529b\u570b\u969b-logo\u6a6b.png\",\"width\":1000,\"height\":334,\"caption\":\"Prolead\"},\"image\":{\"@id\":\"https:\/\/prolead-tw.com\/#\/schema\/logo\/image\/\"}}]}<\/script>\n<!-- \/ Yoast SEO plugin. -->","yoast_head_json":{"title":"Filter Bags and Filter Element - Prolead","description":"Variety filter bags, filter element, filter cotton, sea water filter bags...etc are offered for aquaculture hatchery use.","robots":{"index":"index","follow":"follow","max-snippet":"max-snippet:-1","max-image-preview":"max-image-preview:large","max-video-preview":"max-video-preview:-1"},"canonical":"https:\/\/prolead-tw.com\/es\/product\/hatchery-equipment-and-items\/filter-bags\/","og_locale":"es_ES","og_type":"article","og_title":"Filter Bags and Filter Element - Prolead","og_description":"Variety filter bags, filter element, filter cotton, sea water filter bags...etc are offered for aquaculture hatchery use.","og_url":"https:\/\/prolead-tw.com\/es\/product\/hatchery-equipment-and-items\/filter-bags\/","og_site_name":"Prolead","article_modified_time":"2025-03-12T04:00:13+00:00","og_image":[{"width":300,"height":300,"url":"https:\/\/prolead-tw.com\/wp-content\/uploads\/2024\/12\/Filter-Bag-1.jpg","type":"image\/jpeg"}],"twitter_card":"summary_large_image","twitter_misc":{"Tiempo de lectura":"3 minutos"},"schema":{"@context":"https:\/\/schema.org","@graph":[{"@type":"WebPage","@id":"https:\/\/prolead-tw.com\/product\/hatchery-equipment-and-items\/filter-bags\/","url":"https:\/\/prolead-tw.com\/product\/hatchery-equipment-and-items\/filter-bags\/","name":"Filter Bags and Filter Element - Prolead","isPartOf":{"@id":"https:\/\/prolead-tw.com\/#website"},"primaryImageOfPage":{"@id":"https:\/\/prolead-tw.com\/product\/hatchery-equipment-and-items\/filter-bags\/#primaryimage"},"image":{"@id":"https:\/\/prolead-tw.com\/product\/hatchery-equipment-and-items\/filter-bags\/#primaryimage"},"thumbnailUrl":"https:\/\/prolead-tw.com\/wp-content\/uploads\/2024\/12\/Filter-Bag-1.jpg","datePublished":"2024-12-23T12:00:42+00:00","dateModified":"2025-03-12T04:00:13+00:00","description":"Variety filter bags, filter element, filter cotton, sea water filter bags...etc are offered for aquaculture hatchery use.","breadcrumb":{"@id":"https:\/\/prolead-tw.com\/product\/hatchery-equipment-and-items\/filter-bags\/#breadcrumb"},"inLanguage":"es","potentialAction":[{"@type":"ReadAction","target":["https:\/\/prolead-tw.com\/product\/hatchery-equipment-and-items\/filter-bags\/"]}]},{"@type":"ImageObject","inLanguage":"es","@id":"https:\/\/prolead-tw.com\/product\/hatchery-equipment-and-items\/filter-bags\/#primaryimage","url":"https:\/\/prolead-tw.com\/wp-content\/uploads\/2024\/12\/Filter-Bag-1.jpg","contentUrl":"https:\/\/prolead-tw.com\/wp-content\/uploads\/2024\/12\/Filter-Bag-1.jpg","width":300,"height":300},{"@type":"BreadcrumbList","@id":"https:\/\/prolead-tw.com\/product\/hatchery-equipment-and-items\/filter-bags\/#breadcrumb","itemListElement":[{"@type":"ListItem","position":1,"name":"\u9996\u9801","item":"https:\/\/prolead-tw.com\/"},{"@type":"ListItem","position":2,"name":"product","item":"https:\/\/prolead-tw.com\/product\/"},{"@type":"ListItem","position":3,"name":"Filter Bags and Filter Element"}]},{"@type":"WebSite","@id":"https:\/\/prolead-tw.com\/#website","url":"https:\/\/prolead-tw.com\/","name":"Prolead","description":"Top Professional Supplier for Aquaculture Sector","publisher":{"@id":"https:\/\/prolead-tw.com\/#organization"},"potentialAction":[{"@type":"SearchAction","target":{"@type":"EntryPoint","urlTemplate":"https:\/\/prolead-tw.com\/?s={search_term_string}"},"query-input":{"@type":"PropertyValueSpecification","valueRequired":true,"valueName":"search_term_string"}}],"inLanguage":"es"},{"@type":"Organization","@id":"https:\/\/prolead-tw.com\/#organization","name":"Prolead","url":"https:\/\/prolead-tw.com\/","logo":{"@type":"ImageObject","inLanguage":"es","@id":"https:\/\/prolead-tw.com\/#\/schema\/logo\/image\/","url":"https:\/\/prolead-tw.com\/wp-content\/uploads\/2024\/11\/cropped-Prolead-\u5bf6\u529b\u570b\u969b-logo\u6a6b.png","contentUrl":"https:\/\/prolead-tw.com\/wp-content\/uploads\/2024\/11\/cropped-Prolead-\u5bf6\u529b\u570b\u969b-logo\u6a6b.png","width":1000,"height":334,"caption":"Prolead"},"image":{"@id":"https:\/\/prolead-tw.com\/#\/schema\/logo\/image\/"}}]}},"uagb_featured_image_src":{"full":["https:\/\/prolead-tw.com\/wp-content\/uploads\/2024\/12\/Filter-Bag-1.jpg",300,300,false],"thumbnail":["https:\/\/prolead-tw.com\/wp-content\/uploads\/2024\/12\/Filter-Bag-1-150x150.jpg",150,150,true],"medium":["https:\/\/prolead-tw.com\/wp-content\/uploads\/2024\/12\/Filter-Bag-1.jpg",300,300,false],"medium_large":["https:\/\/prolead-tw.com\/wp-content\/uploads\/2024\/12\/Filter-Bag-1.jpg",300,300,false],"large":["https:\/\/prolead-tw.com\/wp-content\/uploads\/2024\/12\/Filter-Bag-1.jpg",300,300,false],"1536x1536":["https:\/\/prolead-tw.com\/wp-content\/uploads\/2024\/12\/Filter-Bag-1.jpg",300,300,false],"2048x2048":["https:\/\/prolead-tw.com\/wp-content\/uploads\/2024\/12\/Filter-Bag-1.jpg",300,300,false],"trp-custom-language-flag":["https:\/\/prolead-tw.com\/wp-content\/uploads\/2024\/12\/Filter-Bag-1-12x12.jpg",12,12,true],"mailpoet_newsletter_max":["https:\/\/prolead-tw.com\/wp-content\/uploads\/2024\/12\/Filter-Bag-1.jpg",300,300,false],"woocommerce_thumbnail":["https:\/\/prolead-tw.com\/wp-content\/uploads\/2024\/12\/Filter-Bag-1.jpg",300,300,false],"woocommerce_single":["https:\/\/prolead-tw.com\/wp-content\/uploads\/2024\/12\/Filter-Bag-1.jpg",300,300,false],"woocommerce_gallery_thumbnail":["https:\/\/prolead-tw.com\/wp-content\/uploads\/2024\/12\/Filter-Bag-1-100x100.jpg",100,100,true]},"uagb_author_info":{"display_name":"Prolead","author_link":"https:\/\/prolead-tw.com\/es\/author\/"},"uagb_comment_info":0,"uagb_excerpt":"Variety filter bags, filter element, filter cotton are offered for aquaculture hatchery use.","_links":{"self":[{"href":"https:\/\/prolead-tw.com\/es\/wp-json\/wp\/v2\/product\/4677","targetHints":{"allow":["GET"]}}],"collection":[{"href":"https:\/\/prolead-tw.com\/es\/wp-json\/wp\/v2\/product"}],"about":[{"href":"https:\/\/prolead-tw.com\/es\/wp-json\/wp\/v2\/types\/product"}],"version-history":[{"count":3,"href":"https:\/\/prolead-tw.com\/es\/wp-json\/wp\/v2\/product\/4677\/revisions"}],"predecessor-version":[{"id":4785,"href":"https:\/\/prolead-tw.com\/es\/wp-json\/wp\/v2\/product\/4677\/revisions\/4785"}],"wp:featuredmedia":[{"embeddable":true,"href":"https:\/\/prolead-tw.com\/es\/wp-json\/wp\/v2\/media\/4680"}],"wp:attachment":[{"href":"https:\/\/prolead-tw.com\/es\/wp-json\/wp\/v2\/media?parent=4677"}],"wp:term":[{"taxonomy":"product_brand","embeddable":true,"href":"https:\/\/prolead-tw.com\/es\/wp-json\/wp\/v2\/product_brand?post=4677"},{"taxonomy":"product_cat","embeddable":true,"href":"https:\/\/prolead-tw.com\/es\/wp-json\/wp\/v2\/product_cat?post=4677"},{"taxonomy":"product_tag","embeddable":true,"href":"https:\/\/prolead-tw.com\/es\/wp-json\/wp\/v2\/product_tag?post=4677"}],"curies":[{"name":"wp","href":"https:\/\/api.w.org\/{rel}","templated":true}]}}