{"id":4669,"date":"2024-12-22T16:14:49","date_gmt":"2024-12-22T08:14:49","guid":{"rendered":"https:\/\/www.prolead-tw.com\/?post_type=product&#038;p=4669"},"modified":"2025-06-30T08:34:04","modified_gmt":"2025-06-30T00:34:04","slug":"closed-coupled-coaxial-pump","status":"publish","type":"product","link":"https:\/\/prolead-tw.com\/es\/producto\/water-pump\/closed-coupled-coaxial-pump\/","title":{"rendered":"Coaxial Pump"},"content":{"rendered":"<h1>Coaxial Pump<\/h1>\n<p>&nbsp;<\/p>\n<p><img fetchpriority=\"high\" decoding=\"async\" class=\"size-full wp-image-4670 alignleft\" src=\"http:\/\/www.prolead-tw.com\/wp-content\/uploads\/2024\/12\/Centrifugal-Pump-1.jpg\" alt=\"\" width=\"300\" height=\"300\" srcset=\"https:\/\/prolead-tw.com\/wp-content\/uploads\/2024\/12\/Centrifugal-Pump-1.jpg 300w, https:\/\/prolead-tw.com\/wp-content\/uploads\/2024\/12\/Centrifugal-Pump-1-150x150.jpg 150w, https:\/\/prolead-tw.com\/wp-content\/uploads\/2024\/12\/Centrifugal-Pump-1-12x12.jpg 12w, https:\/\/prolead-tw.com\/wp-content\/uploads\/2024\/12\/Centrifugal-Pump-1-100x100.jpg 100w\" sizes=\"(max-width: 300px) 100vw, 300px\" \/> <img decoding=\"async\" class=\"size-large wp-image-4671 alignnone lazyload\" data-src=\"http:\/\/www.prolead-tw.com\/wp-content\/uploads\/2024\/12\/Centrifugal-Pump-2.jpg\" alt=\"\" width=\"300\" height=\"300\" data-srcset=\"https:\/\/prolead-tw.com\/wp-content\/uploads\/2024\/12\/Centrifugal-Pump-2.jpg 300w, https:\/\/prolead-tw.com\/wp-content\/uploads\/2024\/12\/Centrifugal-Pump-2-150x150.jpg 150w, https:\/\/prolead-tw.com\/wp-content\/uploads\/2024\/12\/Centrifugal-Pump-2-12x12.jpg 12w, https:\/\/prolead-tw.com\/wp-content\/uploads\/2024\/12\/Centrifugal-Pump-2-100x100.jpg 100w\" data-sizes=\"(max-width: 300px) 100vw, 300px\" src=\"data:image\/svg+xml;base64,PHN2ZyB3aWR0aD0iMSIgaGVpZ2h0PSIxIiB4bWxucz0iaHR0cDovL3d3dy53My5vcmcvMjAwMC9zdmciPjwvc3ZnPg==\" style=\"--smush-placeholder-width: 300px; --smush-placeholder-aspect-ratio: 300\/300;\" \/><\/p>\n<h2>Why Coaxial Pumps<\/h2>\n<p>Direct Coupled <a href=\"https:\/\/www.pioneer-tw.com\/product\/water-pump\/coaxial-pump\">Coaxial Pumps<\/a> are end-suction, close-coupled, single-stage, centrifugal <a href=\"https:\/\/prolead-tw.com\/es\/categoria-producto\/water-pump\/\">pump<\/a> in compact design, with axial suction port and radially arranged pressure port, and available in a stainless steel or bronze version.<\/p>\n<p>Direct Coupled <a href=\"https:\/\/prolead-tw.com\/es\/categoria-producto\/water-pump\/\">pumps<\/a> are reliable and cost-efficient with variety used in multiple : Chiller water, condensed water, hot water, district heating\/ cooling, HVAC, process water, water utility, and general industrial.<\/p>\n<div id=\"d3f2c963-5bee-48f3-8811-cc683bde4ecc\" class=\"x-el x-el-div x-el c1-1 c1-2 c1-u c1-4o c1-4 c1-7c c1-7d c1-16 c1-7e c1-79 c1-b c1-c c1-7f c1-7g c1-d c1-e c1-f c1-g c1-1 c1-2 c1-b c1-c c1-d c1-e c1-f c1-g\" data-ux=\"ContentBasic\">\n<h4 class=\"x-el x-el-h4 c1-1 c1-2 c1-1f c1-1g c1-7h c1-38 c1-39 c1-1y c1-1z c1-b c1-2s c1-2t c1-2u c1-2v c1-2w c1-2x c1-2y\" role=\"heading\" aria-level=\"4\" data-ux=\"ContentHeading\" data-aid=\"CONTENT_HEADLINE2_RENDERED\" data-typography=\"HeadingDelta\">Especializado en<\/h4>\n<div class=\"x-el c1-1 c1-2 c1-1f c1-1g c1-2p c1-1y c1-1z c1-7i c1-7j c1-7k c1-7l c1-7m c1-7n c1-7o c1-7p c1-7q c1-7r c1-7s c1-7t c1-7u c1-7v c1-7w c1-7x c1-7y c1-7z c1-80 c1-81 c1-82 c1-83 c1-84 c1-85 c1-86 c1-87 c1-88 c1-89 c1-4p c1-b c1-4j c1-c c1-2u c1-d c1-e c1-f c1-g x-rt\" data-ux=\"ContentText\" data-aid=\"CONTENT_DESCRIPTION2_RENDERED\" data-typography=\"BodyAlpha\">\n<ul>\n<li>Aire acondicionado<\/li>\n<li>Aumento de presi\u00f3n<\/li>\n<li>Refrigeraci\u00f3n y termalismo<\/li>\n<li>Lavado y limpieza<\/li>\n<li>Tratamiento de agua y aguas residuales<\/li>\n<li>Distribuci\u00f3n de aguas subterr\u00e1neas<\/li>\n<li>Transporte de aguas residuales<\/li>\n<li>Proceso<\/li>\n<\/ul>\n<\/div>\n<\/div>\n<div id=\"cad9075e-b5a1-4f01-930c-b14267d9acd4\" class=\"x-el x-el-div x-el c1-1 c1-2 c1-u c1-4o c1-4 c1-7c c1-7d c1-16 c1-7e c1-79 c1-b c1-c c1-7f c1-7g c1-d c1-e c1-f c1-g c1-1 c1-2 c1-b c1-c c1-d c1-e c1-f c1-g\" data-ux=\"ContentBasic\">\n<h4 class=\"x-el x-el-h4 c1-1 c1-2 c1-1f c1-1g c1-7h c1-38 c1-39 c1-1y c1-1z c1-b c1-2s c1-2t c1-2u c1-2v c1-2w c1-2x c1-2y\" role=\"heading\" aria-level=\"4\" data-ux=\"ContentHeading\" data-aid=\"CONTENT_HEADLINE3_RENDERED\" data-typography=\"HeadingDelta\">Features &amp; Benefits of Coaxial Pumps<\/h4>\n<div class=\"x-el c1-1 c1-2 c1-1f c1-1g c1-2p c1-1y c1-1z c1-7i c1-7j c1-7k c1-7l c1-7m c1-7n c1-7o c1-7p c1-7q c1-7r c1-7s c1-7t c1-7u c1-7v c1-7w c1-7x c1-7y c1-7z c1-80 c1-81 c1-82 c1-83 c1-84 c1-85 c1-86 c1-87 c1-88 c1-89 c1-4p c1-b c1-4j c1-c c1-2u c1-d c1-e c1-f c1-g x-rt\" data-ux=\"ContentText\" data-aid=\"CONTENT_DESCRIPTION3_RENDERED\" data-typography=\"BodyAlpha\">\n<ul>\n<li>Alineaci\u00f3n r\u00edgida permanente: elimina los requisitos de alineaci\u00f3n de acoplamiento, los costos de alineaci\u00f3n l\u00e1ser y una instalaci\u00f3n m\u00e1s r\u00e1pida<\/li>\n<li>Impulsores optimizados y equilibrados: Personalizaci\u00f3n para el dise\u00f1o del sistema.<\/li>\n<li>Dise\u00f1o acoplado cerrado: Modelo compacto y ahorro de espacio.<\/li>\n<li>Dise\u00f1o extra\u00edble hacia atr\u00e1s: facilidad de mantenimiento y servicio.<\/li>\n<li>No requiere placa base: mejora la facilidad de servicio y no requiere alineaci\u00f3n.<\/li>\n<li>Cuerpo del motor de hierro fundido: Soporte de motor mecanizado y de alta resistencia<\/li>\n<li>Motor el\u00e9ctrico con eje extendido conectado directamente a la bomba hasta 160 kW: Opcional con limpieza de sellos y otro dise\u00f1o de montaje<\/li>\n<\/ul>\n<p>&nbsp;<\/p>\n<\/div>\n<\/div>\n<div id=\"24b8824f-aefa-43f2-9f9f-2db77498f8eb\" class=\"x-el x-el-div x-el c1-1 c1-2 c1-u c1-4o c1-4 c1-7c c1-7d c1-16 c1-7e c1-79 c1-b c1-c c1-7f c1-7g c1-d c1-e c1-f c1-g c1-1 c1-2 c1-b c1-c c1-d c1-e c1-f c1-g\" data-ux=\"ContentBasic\">\n<h4 class=\"x-el x-el-h4 c1-1 c1-2 c1-1f c1-1g c1-7h c1-38 c1-39 c1-1y c1-1z c1-b c1-2s c1-2t c1-2u c1-2v c1-2w c1-2x c1-2y\" role=\"heading\" aria-level=\"4\" data-ux=\"ContentHeading\" data-aid=\"CONTENT_HEADLINE4_RENDERED\" data-typography=\"HeadingDelta\">Materiales<\/h4>\n<div class=\"x-el c1-1 c1-2 c1-1f c1-1g c1-2p c1-1y c1-1z c1-7i c1-7j c1-7k c1-7l c1-7m c1-7n c1-7o c1-7p c1-7q c1-7r c1-7s c1-7t c1-7u c1-7v c1-7w c1-7x c1-7y c1-7z c1-80 c1-81 c1-82 c1-83 c1-84 c1-85 c1-86 c1-87 c1-88 c1-89 c1-4p c1-b c1-4j c1-c c1-2u c1-d c1-e c1-f c1-g x-rt\" data-ux=\"ContentText\" data-aid=\"CONTENT_DESCRIPTION4_RENDERED\" data-typography=\"BodyAlpha\">\n<ul>\n<li>Carcasa de la bomba: FCD\/acero inoxidable\/bronce<\/li>\n<li>Linterna: FCD\/Acero inoxidable<\/li>\n<li>Impulsor: Bronce\/Acero inoxidable<\/li>\n<\/ul>\n<p>4p, trif\u00e1sico, 60 Hz, 1750 RPM<\/p>\n<\/div>\n<\/div>\n<table>\n<tbody>\n<tr>\n<td colspan=\"10\" width=\"733\">Altura total: (M\/FT), No se incluye la presi\u00f3n de entrada, Salida de agua: LPM<\/td>\n<\/tr>\n<tr>\n<td width=\"74\">Modelo<\/td>\n<td width=\"70\">HP<\/td>\n<td width=\"93\">Outlet(Inch)<\/td>\n<td width=\"70\">5M<\/td>\n<td width=\"71\">10M<\/td>\n<td width=\"71\">15M<\/td>\n<td width=\"71\">20M<\/td>\n<td width=\"71\">25M<\/td>\n<td width=\"71\">30M<\/td>\n<td width=\"71\">35M<\/td>\n<\/tr>\n<tr>\n<td width=\"74\">A40220<\/td>\n<td width=\"70\">2<\/td>\n<td width=\"93\">2X2<\/td>\n<td width=\"70\">550<\/td>\n<td width=\"71\">470<\/td>\n<td width=\"71\">240<\/td>\n<td width=\"71\"><\/td>\n<td width=\"71\"><\/td>\n<td width=\"71\"><\/td>\n<td width=\"71\"><\/td>\n<\/tr>\n<tr>\n<td width=\"74\">A40325<\/td>\n<td width=\"70\">3<\/td>\n<td width=\"93\">2.5X2.5<\/td>\n<td width=\"70\">830<\/td>\n<td width=\"71\">720<\/td>\n<td width=\"71\">480<\/td>\n<td width=\"71\"><\/td>\n<td width=\"71\"><\/td>\n<td width=\"71\"><\/td>\n<td width=\"71\"><\/td>\n<\/tr>\n<tr>\n<td width=\"74\">A40530<\/td>\n<td width=\"70\">5<\/td>\n<td width=\"93\">3&#215;3<\/td>\n<td width=\"70\">1000<\/td>\n<td width=\"71\">850<\/td>\n<td width=\"71\">670<\/td>\n<td width=\"71\"><\/td>\n<td width=\"71\"><\/td>\n<td width=\"71\"><\/td>\n<td width=\"71\"><\/td>\n<\/tr>\n<tr>\n<td width=\"74\">A40740<\/td>\n<td width=\"70\">7.5<\/td>\n<td width=\"93\">4&#215;4<\/td>\n<td width=\"70\">1490<\/td>\n<td width=\"71\">1290<\/td>\n<td width=\"71\">1030<\/td>\n<td width=\"71\">720<\/td>\n<td width=\"71\">1490<\/td>\n<td width=\"71\"><\/td>\n<td width=\"71\"><\/td>\n<\/tr>\n<tr>\n<td width=\"74\">A41040<\/td>\n<td width=\"70\">10<\/td>\n<td width=\"93\">4&#215;4<\/td>\n<td width=\"70\">2170<\/td>\n<td width=\"71\">2000<\/td>\n<td width=\"71\">1560<\/td>\n<td width=\"71\">1160<\/td>\n<td width=\"71\">1140<\/td>\n<td width=\"71\"><\/td>\n<td width=\"71\"><\/td>\n<\/tr>\n<tr>\n<td width=\"74\">A41050<\/td>\n<td width=\"70\">15<\/td>\n<td width=\"93\">5&#215;5<\/td>\n<td width=\"70\">2600<\/td>\n<td width=\"71\">2100<\/td>\n<td width=\"71\">1000<\/td>\n<td width=\"71\"><\/td>\n<td width=\"71\"><\/td>\n<td width=\"71\"><\/td>\n<td width=\"71\"><\/td>\n<\/tr>\n<tr>\n<td width=\"74\">A42040<\/td>\n<td width=\"70\">15<\/td>\n<td width=\"93\">4&#215;4<\/td>\n<td width=\"70\">2170<\/td>\n<td width=\"71\">2300<\/td>\n<td width=\"71\">2070<\/td>\n<td width=\"71\">1910<\/td>\n<td width=\"71\">1400<\/td>\n<td width=\"71\">500<\/td>\n<td width=\"71\"><\/td>\n<\/tr>\n<tr>\n<td width=\"74\">A42050<\/td>\n<td width=\"70\">20<\/td>\n<td width=\"93\">5&#215;5<\/td>\n<td width=\"70\">2410<\/td>\n<td width=\"71\">2950<\/td>\n<td width=\"71\">2140<\/td>\n<td width=\"71\">2490<\/td>\n<td width=\"71\">1760<\/td>\n<td width=\"71\"><\/td>\n<td width=\"71\"><\/td>\n<\/tr>\n<tr>\n<td width=\"74\">A42060<\/td>\n<td width=\"70\">20<\/td>\n<td width=\"93\">6&#215;6<\/td>\n<td width=\"70\">3500<\/td>\n<td width=\"71\">2550<\/td>\n<td width=\"71\">2220<\/td>\n<td width=\"71\">2550<\/td>\n<td width=\"71\">2030<\/td>\n<td width=\"71\"><\/td>\n<td width=\"71\"><\/td>\n<\/tr>\n<tr>\n<td width=\"74\">AH42550<\/td>\n<td width=\"70\">25<\/td>\n<td width=\"93\">4&#215;4<\/td>\n<td width=\"70\">2700<\/td>\n<td width=\"71\">3340<\/td>\n<td width=\"71\">2300<\/td>\n<td width=\"71\">3190<\/td>\n<td width=\"71\">2600<\/td>\n<td width=\"71\">1490<\/td>\n<td width=\"71\"><\/td>\n<\/tr>\n<tr>\n<td width=\"74\">A42560<\/td>\n<td width=\"70\">25<\/td>\n<td width=\"93\">5&#215;5<\/td>\n<td width=\"70\">3370<\/td>\n<td width=\"71\">3630<\/td>\n<td width=\"71\">3010<\/td>\n<td width=\"71\">3560<\/td>\n<td width=\"71\">2770<\/td>\n<td width=\"71\"><\/td>\n<td width=\"71\"><\/td>\n<\/tr>\n<tr>\n<td width=\"74\">A42580<\/td>\n<td width=\"70\">25<\/td>\n<td width=\"93\">6&#215;6<\/td>\n<td width=\"70\">3790<\/td>\n<td width=\"71\">4210<\/td>\n<td width=\"71\">3310<\/td>\n<td width=\"71\"><\/td>\n<td width=\"71\"><\/td>\n<td width=\"71\"><\/td>\n<td width=\"71\"><\/td>\n<\/tr>\n<tr>\n<td width=\"74\">A43060<\/td>\n<td width=\"70\">30<\/td>\n<td width=\"93\">8&#215;8<\/td>\n<td width=\"70\">4560<\/td>\n<td width=\"71\">4760<\/td>\n<td width=\"71\">3790<\/td>\n<td width=\"71\">4080<\/td>\n<td width=\"71\">3130<\/td>\n<td width=\"71\">1610<\/td>\n<td width=\"71\">1290<\/td>\n<\/tr>\n<tr>\n<td width=\"74\">AH43060<\/td>\n<td width=\"70\">30<\/td>\n<td width=\"93\">6&#215;6<\/td>\n<td width=\"70\">4800<\/td>\n<td width=\"71\">5190<\/td>\n<td width=\"71\">4490<\/td>\n<td width=\"71\">3590<\/td>\n<td width=\"71\">3040<\/td>\n<td width=\"71\">2300<\/td>\n<td width=\"71\"><\/td>\n<\/tr>\n<tr>\n<td width=\"74\">A43080<\/td>\n<td width=\"70\">30<\/td>\n<td width=\"93\">8&#215;8<\/td>\n<td width=\"70\">6250<\/td>\n<td width=\"71\">4760<\/td>\n<td width=\"71\">3560<\/td>\n<td width=\"71\">1200<\/td>\n<td width=\"71\"><\/td>\n<td width=\"71\"><\/td>\n<td width=\"71\"><\/td>\n<\/tr>\n<\/tbody>\n<\/table>","protected":false},"excerpt":{"rendered":"<p>Las bombas coaxiales de acoplamiento directo son bombas centr\u00edfugas de succi\u00f3n final, de acoplamiento cerrado, de una sola etapa, de dise\u00f1o compacto, con puerto de succi\u00f3n axial y puerto de presi\u00f3n dispuesto radialmente, y est\u00e1n disponibles en una versi\u00f3n de acero inoxidable o bronce.<\/p>","protected":false},"featured_media":4671,"template":"","meta":{"_uag_custom_page_level_css":"","site-sidebar-layout":"default","site-content-layout":"","ast-site-content-layout":"default","site-content-style":"default","site-sidebar-style":"default","ast-global-header-display":"","ast-banner-title-visibility":"","ast-main-header-display":"","ast-hfb-above-header-display":"","ast-hfb-below-header-display":"","ast-hfb-mobile-header-display":"","site-post-title":"","ast-breadcrumbs-content":"","ast-featured-img":"","footer-sml-layout":"","ast-disable-related-posts":"","theme-transparent-header-meta":"default","adv-header-id-meta":"","stick-header-meta":"default","header-above-stick-meta":"","header-main-stick-meta":"","header-below-stick-meta":"","astra-migrate-meta-layouts":"set","ast-page-background-enabled":"default","ast-page-background-meta":{"desktop":{"background-color":"","background-image":"","background-repeat":"repeat","background-position":"center center","background-size":"auto","background-attachment":"scroll","background-type":"","background-media":"","overlay-type":"","overlay-color":"","overlay-opacity":"","overlay-gradient":""},"tablet":{"background-color":"","background-image":"","background-repeat":"repeat","background-position":"center center","background-size":"auto","background-attachment":"scroll","background-type":"","background-media":"","overlay-type":"","overlay-color":"","overlay-opacity":"","overlay-gradient":""},"mobile":{"background-color":"","background-image":"","background-repeat":"repeat","background-position":"center center","background-size":"auto","background-attachment":"scroll","background-type":"","background-media":"","overlay-type":"","overlay-color":"","overlay-opacity":"","overlay-gradient":""}},"ast-content-background-meta":{"desktop":{"background-color":"var(--ast-global-color-5)","background-image":"","background-repeat":"repeat","background-position":"center center","background-size":"auto","background-attachment":"scroll","background-type":"","background-media":"","overlay-type":"","overlay-color":"","overlay-opacity":"","overlay-gradient":""},"tablet":{"background-color":"var(--ast-global-color-5)","background-image":"","background-repeat":"repeat","background-position":"center center","background-size":"auto","background-attachment":"scroll","background-type":"","background-media":"","overlay-type":"","overlay-color":"","overlay-opacity":"","overlay-gradient":""},"mobile":{"background-color":"var(--ast-global-color-5)","background-image":"","background-repeat":"repeat","background-position":"center center","background-size":"auto","background-attachment":"scroll","background-type":"","background-media":"","overlay-type":"","overlay-color":"","overlay-opacity":"","overlay-gradient":""}}},"product_brand":[],"product_cat":[134],"product_tag":[],"class_list":{"0":"post-4669","1":"product","2":"type-product","3":"status-publish","4":"has-post-thumbnail","6":"product_cat-water-pump","7":"desktop-align-left","8":"tablet-align-left","9":"mobile-align-left","11":"first","12":"instock","13":"shipping-taxable","14":"product-type-simple"},"yoast_head":"<!-- This site is optimized with the Yoast SEO plugin v26.8 - https:\/\/yoast.com\/product\/yoast-seo-wordpress\/ -->\n<title>Coaxial Pump - Prolead<\/title>\n<meta name=\"description\" content=\"We provide the Direct Coupled Coaxial Pumps are end-suction, close-coupled, single-stage, centrifugal pump in compact design.\" \/>\n<meta name=\"robots\" content=\"index, follow, max-snippet:-1, max-image-preview:large, max-video-preview:-1\" \/>\n<link rel=\"canonical\" href=\"https:\/\/prolead-tw.com\/es\/product\/water-pump\/closed-coupled-coaxial-pump\/\" \/>\n<meta property=\"og:locale\" content=\"es_ES\" \/>\n<meta property=\"og:type\" content=\"article\" \/>\n<meta property=\"og:title\" content=\"Coaxial Pump - Prolead\" \/>\n<meta property=\"og:description\" content=\"We provide the Direct Coupled Coaxial Pumps are end-suction, close-coupled, single-stage, centrifugal pump in compact design.\" \/>\n<meta property=\"og:url\" content=\"https:\/\/prolead-tw.com\/es\/product\/water-pump\/closed-coupled-coaxial-pump\/\" \/>\n<meta property=\"og:site_name\" content=\"Prolead\" \/>\n<meta property=\"article:modified_time\" content=\"2025-06-30T00:34:04+00:00\" \/>\n<meta property=\"og:image\" content=\"https:\/\/prolead-tw.com\/wp-content\/uploads\/2024\/12\/Centrifugal-Pump-2.jpg\" \/>\n\t<meta property=\"og:image:width\" content=\"300\" \/>\n\t<meta property=\"og:image:height\" content=\"300\" \/>\n\t<meta property=\"og:image:type\" content=\"image\/jpeg\" \/>\n<meta name=\"twitter:card\" content=\"summary_large_image\" \/>\n<meta name=\"twitter:label1\" content=\"Tiempo de lectura\" \/>\n\t<meta name=\"twitter:data1\" content=\"3 minutos\" \/>\n<script type=\"application\/ld+json\" class=\"yoast-schema-graph\">{\"@context\":\"https:\/\/schema.org\",\"@graph\":[{\"@type\":\"WebPage\",\"@id\":\"https:\/\/prolead-tw.com\/product\/water-pump\/closed-coupled-coaxial-pump\/\",\"url\":\"https:\/\/prolead-tw.com\/product\/water-pump\/closed-coupled-coaxial-pump\/\",\"name\":\"Coaxial Pump - Prolead\",\"isPartOf\":{\"@id\":\"https:\/\/prolead-tw.com\/#website\"},\"primaryImageOfPage\":{\"@id\":\"https:\/\/prolead-tw.com\/product\/water-pump\/closed-coupled-coaxial-pump\/#primaryimage\"},\"image\":{\"@id\":\"https:\/\/prolead-tw.com\/product\/water-pump\/closed-coupled-coaxial-pump\/#primaryimage\"},\"thumbnailUrl\":\"https:\/\/prolead-tw.com\/wp-content\/uploads\/2024\/12\/Centrifugal-Pump-2.jpg\",\"datePublished\":\"2024-12-22T08:14:49+00:00\",\"dateModified\":\"2025-06-30T00:34:04+00:00\",\"description\":\"We provide the Direct Coupled Coaxial Pumps are end-suction, close-coupled, single-stage, centrifugal pump in compact design.\",\"breadcrumb\":{\"@id\":\"https:\/\/prolead-tw.com\/product\/water-pump\/closed-coupled-coaxial-pump\/#breadcrumb\"},\"inLanguage\":\"es\",\"potentialAction\":[{\"@type\":\"ReadAction\",\"target\":[\"https:\/\/prolead-tw.com\/product\/water-pump\/closed-coupled-coaxial-pump\/\"]}]},{\"@type\":\"ImageObject\",\"inLanguage\":\"es\",\"@id\":\"https:\/\/prolead-tw.com\/product\/water-pump\/closed-coupled-coaxial-pump\/#primaryimage\",\"url\":\"https:\/\/prolead-tw.com\/wp-content\/uploads\/2024\/12\/Centrifugal-Pump-2.jpg\",\"contentUrl\":\"https:\/\/prolead-tw.com\/wp-content\/uploads\/2024\/12\/Centrifugal-Pump-2.jpg\",\"width\":300,\"height\":300,\"caption\":\"Taiwan Made Coaxial Pump\"},{\"@type\":\"BreadcrumbList\",\"@id\":\"https:\/\/prolead-tw.com\/product\/water-pump\/closed-coupled-coaxial-pump\/#breadcrumb\",\"itemListElement\":[{\"@type\":\"ListItem\",\"position\":1,\"name\":\"\u9996\u9801\",\"item\":\"https:\/\/prolead-tw.com\/\"},{\"@type\":\"ListItem\",\"position\":2,\"name\":\"product\",\"item\":\"https:\/\/prolead-tw.com\/product\/\"},{\"@type\":\"ListItem\",\"position\":3,\"name\":\"Coaxial Pump\"}]},{\"@type\":\"WebSite\",\"@id\":\"https:\/\/prolead-tw.com\/#website\",\"url\":\"https:\/\/prolead-tw.com\/\",\"name\":\"Prolead\",\"description\":\"Top Professional Supplier for Aquaculture Sector\",\"publisher\":{\"@id\":\"https:\/\/prolead-tw.com\/#organization\"},\"potentialAction\":[{\"@type\":\"SearchAction\",\"target\":{\"@type\":\"EntryPoint\",\"urlTemplate\":\"https:\/\/prolead-tw.com\/?s={search_term_string}\"},\"query-input\":{\"@type\":\"PropertyValueSpecification\",\"valueRequired\":true,\"valueName\":\"search_term_string\"}}],\"inLanguage\":\"es\"},{\"@type\":\"Organization\",\"@id\":\"https:\/\/prolead-tw.com\/#organization\",\"name\":\"Prolead\",\"url\":\"https:\/\/prolead-tw.com\/\",\"logo\":{\"@type\":\"ImageObject\",\"inLanguage\":\"es\",\"@id\":\"https:\/\/prolead-tw.com\/#\/schema\/logo\/image\/\",\"url\":\"https:\/\/prolead-tw.com\/wp-content\/uploads\/2024\/11\/cropped-Prolead-\u5bf6\u529b\u570b\u969b-logo\u6a6b.png\",\"contentUrl\":\"https:\/\/prolead-tw.com\/wp-content\/uploads\/2024\/11\/cropped-Prolead-\u5bf6\u529b\u570b\u969b-logo\u6a6b.png\",\"width\":1000,\"height\":334,\"caption\":\"Prolead\"},\"image\":{\"@id\":\"https:\/\/prolead-tw.com\/#\/schema\/logo\/image\/\"}}]}<\/script>\n<!-- \/ Yoast SEO plugin. -->","yoast_head_json":{"title":"Coaxial Pump - Prolead","description":"We provide the Direct Coupled Coaxial Pumps are end-suction, close-coupled, single-stage, centrifugal pump in compact design.","robots":{"index":"index","follow":"follow","max-snippet":"max-snippet:-1","max-image-preview":"max-image-preview:large","max-video-preview":"max-video-preview:-1"},"canonical":"https:\/\/prolead-tw.com\/es\/product\/water-pump\/closed-coupled-coaxial-pump\/","og_locale":"es_ES","og_type":"article","og_title":"Coaxial Pump - Prolead","og_description":"We provide the Direct Coupled Coaxial Pumps are end-suction, close-coupled, single-stage, centrifugal pump in compact design.","og_url":"https:\/\/prolead-tw.com\/es\/product\/water-pump\/closed-coupled-coaxial-pump\/","og_site_name":"Prolead","article_modified_time":"2025-06-30T00:34:04+00:00","og_image":[{"width":300,"height":300,"url":"https:\/\/prolead-tw.com\/wp-content\/uploads\/2024\/12\/Centrifugal-Pump-2.jpg","type":"image\/jpeg"}],"twitter_card":"summary_large_image","twitter_misc":{"Tiempo de lectura":"3 minutos"},"schema":{"@context":"https:\/\/schema.org","@graph":[{"@type":"WebPage","@id":"https:\/\/prolead-tw.com\/product\/water-pump\/closed-coupled-coaxial-pump\/","url":"https:\/\/prolead-tw.com\/product\/water-pump\/closed-coupled-coaxial-pump\/","name":"Coaxial Pump - Prolead","isPartOf":{"@id":"https:\/\/prolead-tw.com\/#website"},"primaryImageOfPage":{"@id":"https:\/\/prolead-tw.com\/product\/water-pump\/closed-coupled-coaxial-pump\/#primaryimage"},"image":{"@id":"https:\/\/prolead-tw.com\/product\/water-pump\/closed-coupled-coaxial-pump\/#primaryimage"},"thumbnailUrl":"https:\/\/prolead-tw.com\/wp-content\/uploads\/2024\/12\/Centrifugal-Pump-2.jpg","datePublished":"2024-12-22T08:14:49+00:00","dateModified":"2025-06-30T00:34:04+00:00","description":"We provide the Direct Coupled Coaxial Pumps are end-suction, close-coupled, single-stage, centrifugal pump in compact design.","breadcrumb":{"@id":"https:\/\/prolead-tw.com\/product\/water-pump\/closed-coupled-coaxial-pump\/#breadcrumb"},"inLanguage":"es","potentialAction":[{"@type":"ReadAction","target":["https:\/\/prolead-tw.com\/product\/water-pump\/closed-coupled-coaxial-pump\/"]}]},{"@type":"ImageObject","inLanguage":"es","@id":"https:\/\/prolead-tw.com\/product\/water-pump\/closed-coupled-coaxial-pump\/#primaryimage","url":"https:\/\/prolead-tw.com\/wp-content\/uploads\/2024\/12\/Centrifugal-Pump-2.jpg","contentUrl":"https:\/\/prolead-tw.com\/wp-content\/uploads\/2024\/12\/Centrifugal-Pump-2.jpg","width":300,"height":300,"caption":"Taiwan Made Coaxial Pump"},{"@type":"BreadcrumbList","@id":"https:\/\/prolead-tw.com\/product\/water-pump\/closed-coupled-coaxial-pump\/#breadcrumb","itemListElement":[{"@type":"ListItem","position":1,"name":"\u9996\u9801","item":"https:\/\/prolead-tw.com\/"},{"@type":"ListItem","position":2,"name":"product","item":"https:\/\/prolead-tw.com\/product\/"},{"@type":"ListItem","position":3,"name":"Coaxial Pump"}]},{"@type":"WebSite","@id":"https:\/\/prolead-tw.com\/#website","url":"https:\/\/prolead-tw.com\/","name":"Prolead","description":"Top Professional Supplier for Aquaculture Sector","publisher":{"@id":"https:\/\/prolead-tw.com\/#organization"},"potentialAction":[{"@type":"SearchAction","target":{"@type":"EntryPoint","urlTemplate":"https:\/\/prolead-tw.com\/?s={search_term_string}"},"query-input":{"@type":"PropertyValueSpecification","valueRequired":true,"valueName":"search_term_string"}}],"inLanguage":"es"},{"@type":"Organization","@id":"https:\/\/prolead-tw.com\/#organization","name":"Prolead","url":"https:\/\/prolead-tw.com\/","logo":{"@type":"ImageObject","inLanguage":"es","@id":"https:\/\/prolead-tw.com\/#\/schema\/logo\/image\/","url":"https:\/\/prolead-tw.com\/wp-content\/uploads\/2024\/11\/cropped-Prolead-\u5bf6\u529b\u570b\u969b-logo\u6a6b.png","contentUrl":"https:\/\/prolead-tw.com\/wp-content\/uploads\/2024\/11\/cropped-Prolead-\u5bf6\u529b\u570b\u969b-logo\u6a6b.png","width":1000,"height":334,"caption":"Prolead"},"image":{"@id":"https:\/\/prolead-tw.com\/#\/schema\/logo\/image\/"}}]}},"uagb_featured_image_src":{"full":["https:\/\/prolead-tw.com\/wp-content\/uploads\/2024\/12\/Centrifugal-Pump-2.jpg",300,300,false],"thumbnail":["https:\/\/prolead-tw.com\/wp-content\/uploads\/2024\/12\/Centrifugal-Pump-2-150x150.jpg",150,150,true],"medium":["https:\/\/prolead-tw.com\/wp-content\/uploads\/2024\/12\/Centrifugal-Pump-2.jpg",300,300,false],"medium_large":["https:\/\/prolead-tw.com\/wp-content\/uploads\/2024\/12\/Centrifugal-Pump-2.jpg",300,300,false],"large":["https:\/\/prolead-tw.com\/wp-content\/uploads\/2024\/12\/Centrifugal-Pump-2.jpg",300,300,false],"1536x1536":["https:\/\/prolead-tw.com\/wp-content\/uploads\/2024\/12\/Centrifugal-Pump-2.jpg",300,300,false],"2048x2048":["https:\/\/prolead-tw.com\/wp-content\/uploads\/2024\/12\/Centrifugal-Pump-2.jpg",300,300,false],"trp-custom-language-flag":["https:\/\/prolead-tw.com\/wp-content\/uploads\/2024\/12\/Centrifugal-Pump-2-12x12.jpg",12,12,true],"mailpoet_newsletter_max":["https:\/\/prolead-tw.com\/wp-content\/uploads\/2024\/12\/Centrifugal-Pump-2.jpg",300,300,false],"woocommerce_thumbnail":["https:\/\/prolead-tw.com\/wp-content\/uploads\/2024\/12\/Centrifugal-Pump-2.jpg",300,300,false],"woocommerce_single":["https:\/\/prolead-tw.com\/wp-content\/uploads\/2024\/12\/Centrifugal-Pump-2.jpg",300,300,false],"woocommerce_gallery_thumbnail":["https:\/\/prolead-tw.com\/wp-content\/uploads\/2024\/12\/Centrifugal-Pump-2-100x100.jpg",100,100,true]},"uagb_author_info":{"display_name":"Prolead","author_link":"https:\/\/prolead-tw.com\/es\/author\/"},"uagb_comment_info":0,"uagb_excerpt":"Direct Coupled Coaxial Pumps are end-suction, close-coupled, single-stage, centrifugal pump in compact design, with axial suction port and radially arranged pressure port, and available in a stainless steel or bronze version","_links":{"self":[{"href":"https:\/\/prolead-tw.com\/es\/wp-json\/wp\/v2\/product\/4669","targetHints":{"allow":["GET"]}}],"collection":[{"href":"https:\/\/prolead-tw.com\/es\/wp-json\/wp\/v2\/product"}],"about":[{"href":"https:\/\/prolead-tw.com\/es\/wp-json\/wp\/v2\/types\/product"}],"version-history":[{"count":5,"href":"https:\/\/prolead-tw.com\/es\/wp-json\/wp\/v2\/product\/4669\/revisions"}],"predecessor-version":[{"id":4865,"href":"https:\/\/prolead-tw.com\/es\/wp-json\/wp\/v2\/product\/4669\/revisions\/4865"}],"wp:featuredmedia":[{"embeddable":true,"href":"https:\/\/prolead-tw.com\/es\/wp-json\/wp\/v2\/media\/4671"}],"wp:attachment":[{"href":"https:\/\/prolead-tw.com\/es\/wp-json\/wp\/v2\/media?parent=4669"}],"wp:term":[{"taxonomy":"product_brand","embeddable":true,"href":"https:\/\/prolead-tw.com\/es\/wp-json\/wp\/v2\/product_brand?post=4669"},{"taxonomy":"product_cat","embeddable":true,"href":"https:\/\/prolead-tw.com\/es\/wp-json\/wp\/v2\/product_cat?post=4669"},{"taxonomy":"product_tag","embeddable":true,"href":"https:\/\/prolead-tw.com\/es\/wp-json\/wp\/v2\/product_tag?post=4669"}],"curies":[{"name":"wp","href":"https:\/\/api.w.org\/{rel}","templated":true}]}}