{"id":4660,"date":"2024-12-22T13:54:49","date_gmt":"2024-12-22T05:54:49","guid":{"rendered":"https:\/\/www.prolead-tw.com\/?post_type=product&#038;p=4660"},"modified":"2026-01-18T17:28:30","modified_gmt":"2026-01-18T09:28:30","slug":"frp-tank","status":"publish","type":"product","link":"https:\/\/prolead-tw.com\/es\/producto\/hatchery-equipment-and-items\/frp-tank\/","title":{"rendered":"Tanque de FRP"},"content":{"rendered":"<h1>Tanque de FRP<\/h1>\n<p><img fetchpriority=\"high\" decoding=\"async\" class=\"aligncenter wp-image-4661\" src=\"http:\/\/www.prolead-tw.com\/wp-content\/uploads\/2024\/12\/FRP-tank-1024x769.jpg\" alt=\"\" width=\"547\" height=\"411\" srcset=\"https:\/\/prolead-tw.com\/wp-content\/uploads\/2024\/12\/FRP-tank-1024x769.jpg 1024w, https:\/\/prolead-tw.com\/wp-content\/uploads\/2024\/12\/FRP-tank-300x225.jpg 300w, https:\/\/prolead-tw.com\/wp-content\/uploads\/2024\/12\/FRP-tank-768x576.jpg 768w, https:\/\/prolead-tw.com\/wp-content\/uploads\/2024\/12\/FRP-tank-16x12.jpg 16w, https:\/\/prolead-tw.com\/wp-content\/uploads\/2024\/12\/FRP-tank-600x450.jpg 600w, https:\/\/prolead-tw.com\/wp-content\/uploads\/2024\/12\/FRP-tank.jpg 1243w\" sizes=\"(max-width: 547px) 100vw, 547px\" \/> <img decoding=\"async\" class=\"aligncenter wp-image-4663 lazyload\" data-src=\"http:\/\/www.prolead-tw.com\/wp-content\/uploads\/2024\/12\/FRP-Tank-1.jpg\" alt=\"\" width=\"291\" height=\"218\" data-srcset=\"https:\/\/prolead-tw.com\/wp-content\/uploads\/2024\/12\/FRP-Tank-1.jpg 450w, https:\/\/prolead-tw.com\/wp-content\/uploads\/2024\/12\/FRP-Tank-1-300x225.jpg 300w, https:\/\/prolead-tw.com\/wp-content\/uploads\/2024\/12\/FRP-Tank-1-16x12.jpg 16w\" data-sizes=\"(max-width: 291px) 100vw, 291px\" src=\"data:image\/svg+xml;base64,PHN2ZyB3aWR0aD0iMSIgaGVpZ2h0PSIxIiB4bWxucz0iaHR0cDovL3d3dy53My5vcmcvMjAwMC9zdmciPjwvc3ZnPg==\" style=\"--smush-placeholder-width: 291px; --smush-placeholder-aspect-ratio: 291\/218;\" \/><\/p>\n<p>Fiberglass Reinforced Plastic (FRP) tanks have become an essential component of modern aquaculture, valued for their exceptional durability, hygienic properties, and versatile design options.<\/p>\n<p>Future of our FRP Tank<\/p>\n<ul>\n<li>Disponibles en formas redondas, rectangulares y ovaladas.<\/li>\n<li>Los tanques de FRP son adecuados para la acuicultura para el almacenamiento de agua, transporte y sistema de recirculaci\u00f3n de acuicultura en agua dulce y salada.<\/li>\n<li>Dise\u00f1o y producci\u00f3n personalizados para la industria de cr\u00eda, granjas de incubaci\u00f3n, granjas de digitaci\u00f3n, etc.<\/li>\n<li>Personalizado mediante moldeo.<\/li>\n<\/ul>\n<h4 class=\"entry-title\">Commonly Used of Fiberglass FRP Fish Farming Tanks<\/h4>\n<p><!--StartFragment --><\/p>\n<ul>\n<li><strong>Recirculating Aquaculture Systems (RAS)<\/strong><\/li>\n<li><strong>Hatcheries and Fish Nurseries<\/strong><\/li>\n<li><strong>Commercial Grow\u2011Out Operations<\/strong><\/li>\n<li><strong>Broodstock Management<\/strong><\/li>\n<li><strong style=\"font-size: 16px; font-style: normal;\">Quarantine and Acclimatization Tanks<\/strong><\/li>\n<li><strong>Research and Educational Facilities<\/strong><\/li>\n<li><strong>Ornamental and Aquarium Fish Production<\/strong><\/li>\n<li><strong>Land\u2011Based and Urban Aquaculture<\/strong><\/li>\n<li><strong>Offshore and Marine Aquaculture Support<\/strong><\/li>\n<li><strong>Water Treatment and System Support Tanks<\/strong><\/li>\n<\/ul>\n<p><!--EndFragment --><\/p>\n<p>&nbsp;<\/p>","protected":false},"excerpt":{"rendered":"<p>FRP Tank are suitable for aquaculture for water storage, transportation and Recirculation aquaculture system in fresh and seawater.<\/p>","protected":false},"featured_media":4663,"template":"","meta":{"_uag_custom_page_level_css":"","site-sidebar-layout":"default","site-content-layout":"","ast-site-content-layout":"default","site-content-style":"default","site-sidebar-style":"default","ast-global-header-display":"","ast-banner-title-visibility":"","ast-main-header-display":"","ast-hfb-above-header-display":"","ast-hfb-below-header-display":"","ast-hfb-mobile-header-display":"","site-post-title":"","ast-breadcrumbs-content":"","ast-featured-img":"","footer-sml-layout":"","ast-disable-related-posts":"","theme-transparent-header-meta":"default","adv-header-id-meta":"","stick-header-meta":"default","header-above-stick-meta":"","header-main-stick-meta":"","header-below-stick-meta":"","astra-migrate-meta-layouts":"set","ast-page-background-enabled":"default","ast-page-background-meta":{"desktop":{"background-color":"","background-image":"","background-repeat":"repeat","background-position":"center center","background-size":"auto","background-attachment":"scroll","background-type":"","background-media":"","overlay-type":"","overlay-color":"","overlay-opacity":"","overlay-gradient":""},"tablet":{"background-color":"","background-image":"","background-repeat":"repeat","background-position":"center center","background-size":"auto","background-attachment":"scroll","background-type":"","background-media":"","overlay-type":"","overlay-color":"","overlay-opacity":"","overlay-gradient":""},"mobile":{"background-color":"","background-image":"","background-repeat":"repeat","background-position":"center center","background-size":"auto","background-attachment":"scroll","background-type":"","background-media":"","overlay-type":"","overlay-color":"","overlay-opacity":"","overlay-gradient":""}},"ast-content-background-meta":{"desktop":{"background-color":"var(--ast-global-color-5)","background-image":"","background-repeat":"repeat","background-position":"center center","background-size":"auto","background-attachment":"scroll","background-type":"","background-media":"","overlay-type":"","overlay-color":"","overlay-opacity":"","overlay-gradient":""},"tablet":{"background-color":"var(--ast-global-color-5)","background-image":"","background-repeat":"repeat","background-position":"center center","background-size":"auto","background-attachment":"scroll","background-type":"","background-media":"","overlay-type":"","overlay-color":"","overlay-opacity":"","overlay-gradient":""},"mobile":{"background-color":"var(--ast-global-color-5)","background-image":"","background-repeat":"repeat","background-position":"center center","background-size":"auto","background-attachment":"scroll","background-type":"","background-media":"","overlay-type":"","overlay-color":"","overlay-opacity":"","overlay-gradient":""}}},"product_brand":[],"product_cat":[130],"product_tag":[],"class_list":{"0":"post-4660","1":"product","2":"type-product","3":"status-publish","4":"has-post-thumbnail","6":"product_cat-hatchery-equipment-and-items","7":"desktop-align-left","8":"tablet-align-left","9":"mobile-align-left","11":"first","12":"instock","13":"shipping-taxable","14":"product-type-simple"},"yoast_head":"<!-- This site is optimized with the Yoast SEO plugin v26.8 - https:\/\/yoast.com\/product\/yoast-seo-wordpress\/ -->\n<title>FRP Tank - Prolead<\/title>\n<meta name=\"description\" content=\"FRP Tank are suitable for aquaculture for water storage, transportation and Recirculation aquaculture system in fresh and seawater.\" \/>\n<meta name=\"robots\" content=\"index, follow, max-snippet:-1, max-image-preview:large, max-video-preview:-1\" \/>\n<link rel=\"canonical\" href=\"https:\/\/prolead-tw.com\/es\/product\/hatchery-equipment-and-items\/frp-tank\/\" \/>\n<meta property=\"og:locale\" content=\"es_ES\" \/>\n<meta property=\"og:type\" content=\"article\" \/>\n<meta property=\"og:title\" content=\"FRP Tank - Prolead\" \/>\n<meta property=\"og:description\" content=\"FRP Tank are suitable for aquaculture for water storage, transportation and Recirculation aquaculture system in fresh and seawater.\" \/>\n<meta property=\"og:url\" content=\"https:\/\/prolead-tw.com\/es\/product\/hatchery-equipment-and-items\/frp-tank\/\" \/>\n<meta property=\"og:site_name\" content=\"Prolead\" \/>\n<meta property=\"article:modified_time\" content=\"2026-01-18T09:28:30+00:00\" \/>\n<meta property=\"og:image\" content=\"https:\/\/prolead-tw.com\/wp-content\/uploads\/2024\/12\/FRP-Tank-1.jpg\" \/>\n\t<meta property=\"og:image:width\" content=\"450\" \/>\n\t<meta property=\"og:image:height\" content=\"337\" \/>\n\t<meta property=\"og:image:type\" content=\"image\/jpeg\" \/>\n<meta name=\"twitter:card\" content=\"summary_large_image\" \/>\n<meta name=\"twitter:label1\" content=\"Tiempo de lectura\" \/>\n\t<meta name=\"twitter:data1\" content=\"2 minutos\" \/>\n<script type=\"application\/ld+json\" class=\"yoast-schema-graph\">{\"@context\":\"https:\/\/schema.org\",\"@graph\":[{\"@type\":\"WebPage\",\"@id\":\"https:\/\/prolead-tw.com\/product\/hatchery-equipment-and-items\/frp-tank\/\",\"url\":\"https:\/\/prolead-tw.com\/product\/hatchery-equipment-and-items\/frp-tank\/\",\"name\":\"FRP Tank - Prolead\",\"isPartOf\":{\"@id\":\"https:\/\/prolead-tw.com\/#website\"},\"primaryImageOfPage\":{\"@id\":\"https:\/\/prolead-tw.com\/product\/hatchery-equipment-and-items\/frp-tank\/#primaryimage\"},\"image\":{\"@id\":\"https:\/\/prolead-tw.com\/product\/hatchery-equipment-and-items\/frp-tank\/#primaryimage\"},\"thumbnailUrl\":\"https:\/\/prolead-tw.com\/wp-content\/uploads\/2024\/12\/FRP-Tank-1.jpg\",\"datePublished\":\"2024-12-22T05:54:49+00:00\",\"dateModified\":\"2026-01-18T09:28:30+00:00\",\"description\":\"FRP Tank are suitable for aquaculture for water storage, transportation and Recirculation aquaculture system in fresh and seawater.\",\"breadcrumb\":{\"@id\":\"https:\/\/prolead-tw.com\/product\/hatchery-equipment-and-items\/frp-tank\/#breadcrumb\"},\"inLanguage\":\"es\",\"potentialAction\":[{\"@type\":\"ReadAction\",\"target\":[\"https:\/\/prolead-tw.com\/product\/hatchery-equipment-and-items\/frp-tank\/\"]}]},{\"@type\":\"ImageObject\",\"inLanguage\":\"es\",\"@id\":\"https:\/\/prolead-tw.com\/product\/hatchery-equipment-and-items\/frp-tank\/#primaryimage\",\"url\":\"https:\/\/prolead-tw.com\/wp-content\/uploads\/2024\/12\/FRP-Tank-1.jpg\",\"contentUrl\":\"https:\/\/prolead-tw.com\/wp-content\/uploads\/2024\/12\/FRP-Tank-1.jpg\",\"width\":450,\"height\":337},{\"@type\":\"BreadcrumbList\",\"@id\":\"https:\/\/prolead-tw.com\/product\/hatchery-equipment-and-items\/frp-tank\/#breadcrumb\",\"itemListElement\":[{\"@type\":\"ListItem\",\"position\":1,\"name\":\"\u9996\u9801\",\"item\":\"https:\/\/prolead-tw.com\/\"},{\"@type\":\"ListItem\",\"position\":2,\"name\":\"product\",\"item\":\"https:\/\/prolead-tw.com\/product\/\"},{\"@type\":\"ListItem\",\"position\":3,\"name\":\"FRP Tank\"}]},{\"@type\":\"WebSite\",\"@id\":\"https:\/\/prolead-tw.com\/#website\",\"url\":\"https:\/\/prolead-tw.com\/\",\"name\":\"Prolead\",\"description\":\"Top Professional Supplier for Aquaculture Sector\",\"publisher\":{\"@id\":\"https:\/\/prolead-tw.com\/#organization\"},\"potentialAction\":[{\"@type\":\"SearchAction\",\"target\":{\"@type\":\"EntryPoint\",\"urlTemplate\":\"https:\/\/prolead-tw.com\/?s={search_term_string}\"},\"query-input\":{\"@type\":\"PropertyValueSpecification\",\"valueRequired\":true,\"valueName\":\"search_term_string\"}}],\"inLanguage\":\"es\"},{\"@type\":\"Organization\",\"@id\":\"https:\/\/prolead-tw.com\/#organization\",\"name\":\"Prolead\",\"url\":\"https:\/\/prolead-tw.com\/\",\"logo\":{\"@type\":\"ImageObject\",\"inLanguage\":\"es\",\"@id\":\"https:\/\/prolead-tw.com\/#\/schema\/logo\/image\/\",\"url\":\"https:\/\/prolead-tw.com\/wp-content\/uploads\/2024\/11\/cropped-Prolead-\u5bf6\u529b\u570b\u969b-logo\u6a6b.png\",\"contentUrl\":\"https:\/\/prolead-tw.com\/wp-content\/uploads\/2024\/11\/cropped-Prolead-\u5bf6\u529b\u570b\u969b-logo\u6a6b.png\",\"width\":1000,\"height\":334,\"caption\":\"Prolead\"},\"image\":{\"@id\":\"https:\/\/prolead-tw.com\/#\/schema\/logo\/image\/\"}}]}<\/script>\n<!-- \/ Yoast SEO plugin. -->","yoast_head_json":{"title":"FRP Tank - Prolead","description":"FRP Tank are suitable for aquaculture for water storage, transportation and Recirculation aquaculture system in fresh and seawater.","robots":{"index":"index","follow":"follow","max-snippet":"max-snippet:-1","max-image-preview":"max-image-preview:large","max-video-preview":"max-video-preview:-1"},"canonical":"https:\/\/prolead-tw.com\/es\/product\/hatchery-equipment-and-items\/frp-tank\/","og_locale":"es_ES","og_type":"article","og_title":"FRP Tank - Prolead","og_description":"FRP Tank are suitable for aquaculture for water storage, transportation and Recirculation aquaculture system in fresh and seawater.","og_url":"https:\/\/prolead-tw.com\/es\/product\/hatchery-equipment-and-items\/frp-tank\/","og_site_name":"Prolead","article_modified_time":"2026-01-18T09:28:30+00:00","og_image":[{"width":450,"height":337,"url":"https:\/\/prolead-tw.com\/wp-content\/uploads\/2024\/12\/FRP-Tank-1.jpg","type":"image\/jpeg"}],"twitter_card":"summary_large_image","twitter_misc":{"Tiempo de lectura":"2 minutos"},"schema":{"@context":"https:\/\/schema.org","@graph":[{"@type":"WebPage","@id":"https:\/\/prolead-tw.com\/product\/hatchery-equipment-and-items\/frp-tank\/","url":"https:\/\/prolead-tw.com\/product\/hatchery-equipment-and-items\/frp-tank\/","name":"FRP Tank - Prolead","isPartOf":{"@id":"https:\/\/prolead-tw.com\/#website"},"primaryImageOfPage":{"@id":"https:\/\/prolead-tw.com\/product\/hatchery-equipment-and-items\/frp-tank\/#primaryimage"},"image":{"@id":"https:\/\/prolead-tw.com\/product\/hatchery-equipment-and-items\/frp-tank\/#primaryimage"},"thumbnailUrl":"https:\/\/prolead-tw.com\/wp-content\/uploads\/2024\/12\/FRP-Tank-1.jpg","datePublished":"2024-12-22T05:54:49+00:00","dateModified":"2026-01-18T09:28:30+00:00","description":"FRP Tank are suitable for aquaculture for water storage, transportation and Recirculation aquaculture system in fresh and seawater.","breadcrumb":{"@id":"https:\/\/prolead-tw.com\/product\/hatchery-equipment-and-items\/frp-tank\/#breadcrumb"},"inLanguage":"es","potentialAction":[{"@type":"ReadAction","target":["https:\/\/prolead-tw.com\/product\/hatchery-equipment-and-items\/frp-tank\/"]}]},{"@type":"ImageObject","inLanguage":"es","@id":"https:\/\/prolead-tw.com\/product\/hatchery-equipment-and-items\/frp-tank\/#primaryimage","url":"https:\/\/prolead-tw.com\/wp-content\/uploads\/2024\/12\/FRP-Tank-1.jpg","contentUrl":"https:\/\/prolead-tw.com\/wp-content\/uploads\/2024\/12\/FRP-Tank-1.jpg","width":450,"height":337},{"@type":"BreadcrumbList","@id":"https:\/\/prolead-tw.com\/product\/hatchery-equipment-and-items\/frp-tank\/#breadcrumb","itemListElement":[{"@type":"ListItem","position":1,"name":"\u9996\u9801","item":"https:\/\/prolead-tw.com\/"},{"@type":"ListItem","position":2,"name":"product","item":"https:\/\/prolead-tw.com\/product\/"},{"@type":"ListItem","position":3,"name":"FRP Tank"}]},{"@type":"WebSite","@id":"https:\/\/prolead-tw.com\/#website","url":"https:\/\/prolead-tw.com\/","name":"Prolead","description":"Top Professional Supplier for Aquaculture Sector","publisher":{"@id":"https:\/\/prolead-tw.com\/#organization"},"potentialAction":[{"@type":"SearchAction","target":{"@type":"EntryPoint","urlTemplate":"https:\/\/prolead-tw.com\/?s={search_term_string}"},"query-input":{"@type":"PropertyValueSpecification","valueRequired":true,"valueName":"search_term_string"}}],"inLanguage":"es"},{"@type":"Organization","@id":"https:\/\/prolead-tw.com\/#organization","name":"Prolead","url":"https:\/\/prolead-tw.com\/","logo":{"@type":"ImageObject","inLanguage":"es","@id":"https:\/\/prolead-tw.com\/#\/schema\/logo\/image\/","url":"https:\/\/prolead-tw.com\/wp-content\/uploads\/2024\/11\/cropped-Prolead-\u5bf6\u529b\u570b\u969b-logo\u6a6b.png","contentUrl":"https:\/\/prolead-tw.com\/wp-content\/uploads\/2024\/11\/cropped-Prolead-\u5bf6\u529b\u570b\u969b-logo\u6a6b.png","width":1000,"height":334,"caption":"Prolead"},"image":{"@id":"https:\/\/prolead-tw.com\/#\/schema\/logo\/image\/"}}]}},"uagb_featured_image_src":{"full":["https:\/\/prolead-tw.com\/wp-content\/uploads\/2024\/12\/FRP-Tank-1.jpg",450,337,false],"thumbnail":["https:\/\/prolead-tw.com\/wp-content\/uploads\/2024\/12\/FRP-Tank-1-150x150.jpg",150,150,true],"medium":["https:\/\/prolead-tw.com\/wp-content\/uploads\/2024\/12\/FRP-Tank-1-300x225.jpg",300,225,true],"medium_large":["https:\/\/prolead-tw.com\/wp-content\/uploads\/2024\/12\/FRP-Tank-1.jpg",450,337,false],"large":["https:\/\/prolead-tw.com\/wp-content\/uploads\/2024\/12\/FRP-Tank-1.jpg",450,337,false],"1536x1536":["https:\/\/prolead-tw.com\/wp-content\/uploads\/2024\/12\/FRP-Tank-1.jpg",450,337,false],"2048x2048":["https:\/\/prolead-tw.com\/wp-content\/uploads\/2024\/12\/FRP-Tank-1.jpg",450,337,false],"trp-custom-language-flag":["https:\/\/prolead-tw.com\/wp-content\/uploads\/2024\/12\/FRP-Tank-1-16x12.jpg",16,12,true],"mailpoet_newsletter_max":["https:\/\/prolead-tw.com\/wp-content\/uploads\/2024\/12\/FRP-Tank-1.jpg",450,337,false],"woocommerce_thumbnail":["https:\/\/prolead-tw.com\/wp-content\/uploads\/2024\/12\/FRP-Tank-1-300x300.jpg",300,300,true],"woocommerce_single":["https:\/\/prolead-tw.com\/wp-content\/uploads\/2024\/12\/FRP-Tank-1.jpg",450,337,false],"woocommerce_gallery_thumbnail":["https:\/\/prolead-tw.com\/wp-content\/uploads\/2024\/12\/FRP-Tank-1-100x100.jpg",100,100,true]},"uagb_author_info":{"display_name":"Prolead","author_link":"https:\/\/prolead-tw.com\/es\/author\/"},"uagb_comment_info":0,"uagb_excerpt":"FRP Tank are suitable for aquaculture for water storage, transportation and Recirculation aquaculture system in fresh and seawater.","_links":{"self":[{"href":"https:\/\/prolead-tw.com\/es\/wp-json\/wp\/v2\/product\/4660","targetHints":{"allow":["GET"]}}],"collection":[{"href":"https:\/\/prolead-tw.com\/es\/wp-json\/wp\/v2\/product"}],"about":[{"href":"https:\/\/prolead-tw.com\/es\/wp-json\/wp\/v2\/types\/product"}],"version-history":[{"count":4,"href":"https:\/\/prolead-tw.com\/es\/wp-json\/wp\/v2\/product\/4660\/revisions"}],"predecessor-version":[{"id":4897,"href":"https:\/\/prolead-tw.com\/es\/wp-json\/wp\/v2\/product\/4660\/revisions\/4897"}],"wp:featuredmedia":[{"embeddable":true,"href":"https:\/\/prolead-tw.com\/es\/wp-json\/wp\/v2\/media\/4663"}],"wp:attachment":[{"href":"https:\/\/prolead-tw.com\/es\/wp-json\/wp\/v2\/media?parent=4660"}],"wp:term":[{"taxonomy":"product_brand","embeddable":true,"href":"https:\/\/prolead-tw.com\/es\/wp-json\/wp\/v2\/product_brand?post=4660"},{"taxonomy":"product_cat","embeddable":true,"href":"https:\/\/prolead-tw.com\/es\/wp-json\/wp\/v2\/product_cat?post=4660"},{"taxonomy":"product_tag","embeddable":true,"href":"https:\/\/prolead-tw.com\/es\/wp-json\/wp\/v2\/product_tag?post=4660"}],"curies":[{"name":"wp","href":"https:\/\/api.w.org\/{rel}","templated":true}]}}