{"id":4629,"date":"2024-12-22T14:41:51","date_gmt":"2024-12-22T06:41:51","guid":{"rendered":"https:\/\/www.prolead-tw.com\/?post_type=product&#038;p=4629"},"modified":"2025-06-30T08:37:25","modified_gmt":"2025-06-30T00:37:25","slug":"ozone-generator","status":"publish","type":"product","link":"https:\/\/prolead-tw.com\/es\/producto\/other\/ozone-generator\/","title":{"rendered":"Generador de ozono"},"content":{"rendered":"<h1 class=\"pin_name\">Generador de ozono<\/h1>\n<p><img fetchpriority=\"high\" decoding=\"async\" class=\"aligncenter size-full wp-image-4667\" src=\"http:\/\/www.prolead-tw.com\/wp-content\/uploads\/2024\/12\/400.webp\" alt=\"\" width=\"445\" height=\"400\" srcset=\"https:\/\/prolead-tw.com\/wp-content\/uploads\/2024\/12\/400.webp 445w, https:\/\/prolead-tw.com\/wp-content\/uploads\/2024\/12\/400-300x270.webp 300w, https:\/\/prolead-tw.com\/wp-content\/uploads\/2024\/12\/400-13x12.webp 13w\" sizes=\"(max-width: 445px) 100vw, 445px\" \/><\/p>\n<p>No produce \u00f3xidos de amoniaco nocivos ni residuos persistentes.<\/p>\n<p><strong>(350 mg ~ 1000 mg)<\/strong><\/p>\n<ul>\n<li>Dise\u00f1o de transformador de alta frecuencia, descarga de precisi\u00f3n de cer\u00e1mica doble, revestimiento de pel\u00edcula de vidrio en la superficie, funcionamiento a largo plazo y alto rendimiento a prueba de humedad.<\/li>\n<li>Instalaci\u00f3n y mantenimiento f\u00e1ciles.<\/li>\n<\/ul>\n<table>\n<tbody>\n<tr>\n<td width=\"142\">Modelo Nro.<\/td>\n<td width=\"142\">OZ-350<\/td>\n<td width=\"142\">OZ-500<\/td>\n<td width=\"142\">OZ-1000<\/td>\n<\/tr>\n<tr>\n<td width=\"142\">Ozone<\/td>\n<td width=\"142\">0~350mg\/hr<\/td>\n<td width=\"142\">0-500mg\/hr<\/td>\n<td width=\"142\">0-1000mg\/hr<\/td>\n<\/tr>\n<tr>\n<td width=\"142\">Flujo de aire<\/td>\n<td width=\"142\">4~6L\/min<br \/>\n(with Air pump)<\/td>\n<td width=\"142\">6~8L\/min<br \/>\n(with Air pump)<\/td>\n<td width=\"142\">6~8L\/min<br \/>\n(with Air pump)<\/td>\n<\/tr>\n<tr>\n<td width=\"142\">Voltaje<\/td>\n<td width=\"142\">AC 110V \/220V 50\/60Hz<\/td>\n<td width=\"142\">AC 110V \/220V 50\/60Hz<\/td>\n<td width=\"142\">AC 110V \/220V 50\/60Hz<\/td>\n<\/tr>\n<tr>\n<td width=\"142\">Vatio<\/td>\n<td width=\"142\">55W<\/td>\n<td width=\"142\">60W<\/td>\n<td width=\"142\">70W<\/td>\n<\/tr>\n<\/tbody>\n<\/table>\n<p>&nbsp;<\/p>\n<h2 data-start=\"0\" data-end=\"54\"><strong data-start=\"4\" data-end=\"52\">Why Use a Zn Ozone Generator in Aquaculture?<\/strong><\/h2>\n<p data-start=\"56\" data-end=\"220\">A <strong data-start=\"58\" data-end=\"87\">Zn (Zinc) <a href=\"https:\/\/absoluteozone.com\/ozone-applications\/wastewater_industrial_applications\/ozone-wastewater-treatment\/\">Generador de ozono<\/a><\/strong> is used in aquaculture to <a href=\"https:\/\/prolead-tw.com\/es\/categoria-producto\/paddlewheel-aerator\/\">improve water quality<\/a>, increase oxygen levels, and reduce harmful pathogens. Here\u2019s why it\u2019s beneficial:<\/p>\n<h3 data-start=\"227\" data-end=\"273\"><strong data-start=\"231\" data-end=\"271\">1. Water Purification &amp; Disinfection<\/strong><\/h3>\n<ul data-start=\"274\" data-end=\"574\">\n<li data-start=\"274\" data-end=\"371\"><strong data-start=\"276\" data-end=\"304\">Kills bacteria &amp; viruses<\/strong>: Destroys harmful pathogens like Vibrio, Aeromonas, and E. coli.<\/li>\n<li data-start=\"372\" data-end=\"463\"><strong data-start=\"374\" data-end=\"404\">Removes ammonia &amp; nitrites<\/strong>: Ozone oxidizes toxic substances, improving fish health.<\/li>\n<li data-start=\"464\" data-end=\"574\"><strong data-start=\"466\" data-end=\"496\">Eliminates algae &amp; biofilm<\/strong>: Prevents excessive algae growth and bacterial biofilms in tanks and ponds<\/li>\n<\/ul>\n<h3 data-start=\"581\" data-end=\"616\"><strong data-start=\"585\" data-end=\"614\">2. Improved Oxygen Levels<\/strong><\/h3>\n<ul data-start=\"617\" data-end=\"830\">\n<li data-start=\"617\" data-end=\"724\"><strong data-start=\"619\" data-end=\"643\">Enhances oxygenation<\/strong>: Ozone increases dissolved oxygen levels, boosting fish metabolism and growth.<\/li>\n<li data-start=\"725\" data-end=\"830\"><strong data-start=\"727\" data-end=\"764\">Reduces stress in aquatic species<\/strong>: Cleaner, oxygen-rich water promotes healthier fish and shrimp.<\/li>\n<\/ul>\n<h3 data-start=\"837\" data-end=\"870\"><strong data-start=\"841\" data-end=\"868\">3. Odor &amp; Waste Control<\/strong><\/h3>\n<ul data-start=\"871\" data-end=\"1055\">\n<li data-start=\"871\" data-end=\"950\"><strong data-start=\"873\" data-end=\"896\">Removes fishy odors<\/strong>: Breaks down organic matter that causes bad smells.<\/li>\n<li data-start=\"951\" data-end=\"1055\"><strong data-start=\"953\" data-end=\"987\">Reduces sludge &amp; organic waste<\/strong>: Ozone helps decompose leftover feed, fish waste, and dead algae.<\/li>\n<\/ul>\n<h3 data-start=\"1062\" data-end=\"1093\"><strong data-start=\"1066\" data-end=\"1091\">4. Disease Prevention<\/strong><\/h3>\n<ul data-start=\"1094\" data-end=\"1282\">\n<li data-start=\"1094\" data-end=\"1188\"><strong data-start=\"1096\" data-end=\"1128\">Reduces fish mortality rates<\/strong>: Ozone decreases the spread of diseases, reducing losses.<\/li>\n<li data-start=\"1189\" data-end=\"1282\"><strong data-start=\"1191\" data-end=\"1223\">Prevents cross-contamination<\/strong>: Keeps pathogens from spreading between tanks and ponds.<\/li>\n<\/ul>\n<h3 data-start=\"1289\" data-end=\"1340\"><strong data-start=\"1293\" data-end=\"1338\">5. Eco-Friendly &amp; Chemical-Free Treatment<\/strong><\/h3>\n<ul data-start=\"1341\" data-end=\"1556\">\n<li data-start=\"1341\" data-end=\"1450\"><strong data-start=\"1343\" data-end=\"1366\">No harmful residues<\/strong>: Unlike chlorine or antibiotics, ozone breaks down into oxygen without pollution.<\/li>\n<li data-start=\"1451\" data-end=\"1556\"><strong data-start=\"1453\" data-end=\"1484\">Sustainable water treatment<\/strong>: Reduces the need for frequent water changes, saving water resources.<\/li>\n<\/ul>","protected":false},"excerpt":{"rendered":"<p>Ozone Generators are designed in high-frequency transformer, double ceramic precision discharge, suitable for aquaculture and fish farming.<\/p>","protected":false},"featured_media":4667,"template":"","meta":{"_uag_custom_page_level_css":"","site-sidebar-layout":"default","site-content-layout":"","ast-site-content-layout":"default","site-content-style":"default","site-sidebar-style":"default","ast-global-header-display":"","ast-banner-title-visibility":"","ast-main-header-display":"","ast-hfb-above-header-display":"","ast-hfb-below-header-display":"","ast-hfb-mobile-header-display":"","site-post-title":"","ast-breadcrumbs-content":"","ast-featured-img":"","footer-sml-layout":"","ast-disable-related-posts":"","theme-transparent-header-meta":"default","adv-header-id-meta":"","stick-header-meta":"default","header-above-stick-meta":"","header-main-stick-meta":"","header-below-stick-meta":"","astra-migrate-meta-layouts":"set","ast-page-background-enabled":"default","ast-page-background-meta":{"desktop":{"background-color":"","background-image":"","background-repeat":"repeat","background-position":"center center","background-size":"auto","background-attachment":"scroll","background-type":"","background-media":"","overlay-type":"","overlay-color":"","overlay-opacity":"","overlay-gradient":""},"tablet":{"background-color":"","background-image":"","background-repeat":"repeat","background-position":"center center","background-size":"auto","background-attachment":"scroll","background-type":"","background-media":"","overlay-type":"","overlay-color":"","overlay-opacity":"","overlay-gradient":""},"mobile":{"background-color":"","background-image":"","background-repeat":"repeat","background-position":"center center","background-size":"auto","background-attachment":"scroll","background-type":"","background-media":"","overlay-type":"","overlay-color":"","overlay-opacity":"","overlay-gradient":""}},"ast-content-background-meta":{"desktop":{"background-color":"var(--ast-global-color-5)","background-image":"","background-repeat":"repeat","background-position":"center center","background-size":"auto","background-attachment":"scroll","background-type":"","background-media":"","overlay-type":"","overlay-color":"","overlay-opacity":"","overlay-gradient":""},"tablet":{"background-color":"var(--ast-global-color-5)","background-image":"","background-repeat":"repeat","background-position":"center center","background-size":"auto","background-attachment":"scroll","background-type":"","background-media":"","overlay-type":"","overlay-color":"","overlay-opacity":"","overlay-gradient":""},"mobile":{"background-color":"var(--ast-global-color-5)","background-image":"","background-repeat":"repeat","background-position":"center center","background-size":"auto","background-attachment":"scroll","background-type":"","background-media":"","overlay-type":"","overlay-color":"","overlay-opacity":"","overlay-gradient":""}}},"product_brand":[],"product_cat":[130,129,17],"product_tag":[],"class_list":{"0":"post-4629","1":"product","2":"type-product","3":"status-publish","4":"has-post-thumbnail","6":"product_cat-hatchery-equipment-and-items","7":"product_cat-ras-system-equipment","8":"product_cat-other","9":"desktop-align-left","10":"tablet-align-left","11":"mobile-align-left","13":"first","14":"instock","15":"shipping-taxable","16":"product-type-simple"},"yoast_head":"<!-- This site is optimized with the Yoast SEO plugin v26.8 - https:\/\/yoast.com\/product\/yoast-seo-wordpress\/ -->\n<title>Ozone Generator - Prolead<\/title>\n<meta name=\"description\" content=\"We offer the Ozone Generator in high-frequency transformer design, double ceramic precision discharge, suitable for aquaculture and fish farming.\" \/>\n<meta name=\"robots\" content=\"index, follow, max-snippet:-1, max-image-preview:large, max-video-preview:-1\" \/>\n<link rel=\"canonical\" href=\"https:\/\/prolead-tw.com\/es\/product\/other\/ozone-generator\/\" \/>\n<meta property=\"og:locale\" content=\"es_ES\" \/>\n<meta property=\"og:type\" content=\"article\" \/>\n<meta property=\"og:title\" content=\"Ozone Generator - Prolead\" \/>\n<meta property=\"og:description\" content=\"We offer the Ozone Generator in high-frequency transformer design, double ceramic precision discharge, suitable for aquaculture and fish farming.\" \/>\n<meta property=\"og:url\" content=\"https:\/\/prolead-tw.com\/es\/product\/other\/ozone-generator\/\" \/>\n<meta property=\"og:site_name\" content=\"Prolead\" \/>\n<meta property=\"article:modified_time\" content=\"2025-06-30T00:37:25+00:00\" \/>\n<meta property=\"og:image\" content=\"https:\/\/prolead-tw.com\/wp-content\/uploads\/2024\/12\/400.webp\" \/>\n\t<meta property=\"og:image:width\" content=\"445\" \/>\n\t<meta property=\"og:image:height\" content=\"400\" \/>\n\t<meta property=\"og:image:type\" content=\"image\/webp\" \/>\n<meta name=\"twitter:card\" content=\"summary_large_image\" \/>\n<meta name=\"twitter:label1\" content=\"Tiempo de lectura\" \/>\n\t<meta name=\"twitter:data1\" content=\"2 minutos\" \/>\n<script type=\"application\/ld+json\" class=\"yoast-schema-graph\">{\"@context\":\"https:\/\/schema.org\",\"@graph\":[{\"@type\":\"WebPage\",\"@id\":\"https:\/\/prolead-tw.com\/product\/other\/ozone-generator\/\",\"url\":\"https:\/\/prolead-tw.com\/product\/other\/ozone-generator\/\",\"name\":\"Ozone Generator - Prolead\",\"isPartOf\":{\"@id\":\"https:\/\/prolead-tw.com\/#website\"},\"primaryImageOfPage\":{\"@id\":\"https:\/\/prolead-tw.com\/product\/other\/ozone-generator\/#primaryimage\"},\"image\":{\"@id\":\"https:\/\/prolead-tw.com\/product\/other\/ozone-generator\/#primaryimage\"},\"thumbnailUrl\":\"https:\/\/prolead-tw.com\/wp-content\/uploads\/2024\/12\/400.webp\",\"datePublished\":\"2024-12-22T06:41:51+00:00\",\"dateModified\":\"2025-06-30T00:37:25+00:00\",\"description\":\"We offer the Ozone Generator in high-frequency transformer design, double ceramic precision discharge, suitable for aquaculture and fish farming.\",\"breadcrumb\":{\"@id\":\"https:\/\/prolead-tw.com\/product\/other\/ozone-generator\/#breadcrumb\"},\"inLanguage\":\"es\",\"potentialAction\":[{\"@type\":\"ReadAction\",\"target\":[\"https:\/\/prolead-tw.com\/product\/other\/ozone-generator\/\"]}]},{\"@type\":\"ImageObject\",\"inLanguage\":\"es\",\"@id\":\"https:\/\/prolead-tw.com\/product\/other\/ozone-generator\/#primaryimage\",\"url\":\"https:\/\/prolead-tw.com\/wp-content\/uploads\/2024\/12\/400.webp\",\"contentUrl\":\"https:\/\/prolead-tw.com\/wp-content\/uploads\/2024\/12\/400.webp\",\"width\":445,\"height\":400},{\"@type\":\"BreadcrumbList\",\"@id\":\"https:\/\/prolead-tw.com\/product\/other\/ozone-generator\/#breadcrumb\",\"itemListElement\":[{\"@type\":\"ListItem\",\"position\":1,\"name\":\"\u9996\u9801\",\"item\":\"https:\/\/prolead-tw.com\/\"},{\"@type\":\"ListItem\",\"position\":2,\"name\":\"product\",\"item\":\"https:\/\/prolead-tw.com\/product\/\"},{\"@type\":\"ListItem\",\"position\":3,\"name\":\"Ozone Generator\"}]},{\"@type\":\"WebSite\",\"@id\":\"https:\/\/prolead-tw.com\/#website\",\"url\":\"https:\/\/prolead-tw.com\/\",\"name\":\"Prolead\",\"description\":\"Top Professional Supplier for Aquaculture Sector\",\"publisher\":{\"@id\":\"https:\/\/prolead-tw.com\/#organization\"},\"potentialAction\":[{\"@type\":\"SearchAction\",\"target\":{\"@type\":\"EntryPoint\",\"urlTemplate\":\"https:\/\/prolead-tw.com\/?s={search_term_string}\"},\"query-input\":{\"@type\":\"PropertyValueSpecification\",\"valueRequired\":true,\"valueName\":\"search_term_string\"}}],\"inLanguage\":\"es\"},{\"@type\":\"Organization\",\"@id\":\"https:\/\/prolead-tw.com\/#organization\",\"name\":\"Prolead\",\"url\":\"https:\/\/prolead-tw.com\/\",\"logo\":{\"@type\":\"ImageObject\",\"inLanguage\":\"es\",\"@id\":\"https:\/\/prolead-tw.com\/#\/schema\/logo\/image\/\",\"url\":\"https:\/\/prolead-tw.com\/wp-content\/uploads\/2024\/11\/cropped-Prolead-\u5bf6\u529b\u570b\u969b-logo\u6a6b.png\",\"contentUrl\":\"https:\/\/prolead-tw.com\/wp-content\/uploads\/2024\/11\/cropped-Prolead-\u5bf6\u529b\u570b\u969b-logo\u6a6b.png\",\"width\":1000,\"height\":334,\"caption\":\"Prolead\"},\"image\":{\"@id\":\"https:\/\/prolead-tw.com\/#\/schema\/logo\/image\/\"}}]}<\/script>\n<!-- \/ Yoast SEO plugin. -->","yoast_head_json":{"title":"Ozone Generator - Prolead","description":"Ofrecemos el Generador de Ozono en dise\u00f1o de transformador de alta frecuencia, doble descarga de precisi\u00f3n cer\u00e1mica, adecuado para acuicultura y piscicultura.","robots":{"index":"index","follow":"follow","max-snippet":"max-snippet:-1","max-image-preview":"max-image-preview:large","max-video-preview":"max-video-preview:-1"},"canonical":"https:\/\/prolead-tw.com\/es\/product\/other\/ozone-generator\/","og_locale":"es_ES","og_type":"article","og_title":"Ozone Generator - Prolead","og_description":"We offer the Ozone Generator in high-frequency transformer design, double ceramic precision discharge, suitable for aquaculture and fish farming.","og_url":"https:\/\/prolead-tw.com\/es\/product\/other\/ozone-generator\/","og_site_name":"Prolead","article_modified_time":"2025-06-30T00:37:25+00:00","og_image":[{"width":445,"height":400,"url":"https:\/\/prolead-tw.com\/wp-content\/uploads\/2024\/12\/400.webp","type":"image\/webp"}],"twitter_card":"summary_large_image","twitter_misc":{"Tiempo de lectura":"2 minutos"},"schema":{"@context":"https:\/\/schema.org","@graph":[{"@type":"WebPage","@id":"https:\/\/prolead-tw.com\/product\/other\/ozone-generator\/","url":"https:\/\/prolead-tw.com\/product\/other\/ozone-generator\/","name":"Ozone Generator - Prolead","isPartOf":{"@id":"https:\/\/prolead-tw.com\/#website"},"primaryImageOfPage":{"@id":"https:\/\/prolead-tw.com\/product\/other\/ozone-generator\/#primaryimage"},"image":{"@id":"https:\/\/prolead-tw.com\/product\/other\/ozone-generator\/#primaryimage"},"thumbnailUrl":"https:\/\/prolead-tw.com\/wp-content\/uploads\/2024\/12\/400.webp","datePublished":"2024-12-22T06:41:51+00:00","dateModified":"2025-06-30T00:37:25+00:00","description":"Ofrecemos el Generador de Ozono en dise\u00f1o de transformador de alta frecuencia, doble descarga de precisi\u00f3n cer\u00e1mica, adecuado para acuicultura y piscicultura.","breadcrumb":{"@id":"https:\/\/prolead-tw.com\/product\/other\/ozone-generator\/#breadcrumb"},"inLanguage":"es","potentialAction":[{"@type":"ReadAction","target":["https:\/\/prolead-tw.com\/product\/other\/ozone-generator\/"]}]},{"@type":"ImageObject","inLanguage":"es","@id":"https:\/\/prolead-tw.com\/product\/other\/ozone-generator\/#primaryimage","url":"https:\/\/prolead-tw.com\/wp-content\/uploads\/2024\/12\/400.webp","contentUrl":"https:\/\/prolead-tw.com\/wp-content\/uploads\/2024\/12\/400.webp","width":445,"height":400},{"@type":"BreadcrumbList","@id":"https:\/\/prolead-tw.com\/product\/other\/ozone-generator\/#breadcrumb","itemListElement":[{"@type":"ListItem","position":1,"name":"\u9996\u9801","item":"https:\/\/prolead-tw.com\/"},{"@type":"ListItem","position":2,"name":"product","item":"https:\/\/prolead-tw.com\/product\/"},{"@type":"ListItem","position":3,"name":"Ozone Generator"}]},{"@type":"WebSite","@id":"https:\/\/prolead-tw.com\/#website","url":"https:\/\/prolead-tw.com\/","name":"Prolead","description":"Top Professional Supplier for Aquaculture Sector","publisher":{"@id":"https:\/\/prolead-tw.com\/#organization"},"potentialAction":[{"@type":"SearchAction","target":{"@type":"EntryPoint","urlTemplate":"https:\/\/prolead-tw.com\/?s={search_term_string}"},"query-input":{"@type":"PropertyValueSpecification","valueRequired":true,"valueName":"search_term_string"}}],"inLanguage":"es"},{"@type":"Organization","@id":"https:\/\/prolead-tw.com\/#organization","name":"Prolead","url":"https:\/\/prolead-tw.com\/","logo":{"@type":"ImageObject","inLanguage":"es","@id":"https:\/\/prolead-tw.com\/#\/schema\/logo\/image\/","url":"https:\/\/prolead-tw.com\/wp-content\/uploads\/2024\/11\/cropped-Prolead-\u5bf6\u529b\u570b\u969b-logo\u6a6b.png","contentUrl":"https:\/\/prolead-tw.com\/wp-content\/uploads\/2024\/11\/cropped-Prolead-\u5bf6\u529b\u570b\u969b-logo\u6a6b.png","width":1000,"height":334,"caption":"Prolead"},"image":{"@id":"https:\/\/prolead-tw.com\/#\/schema\/logo\/image\/"}}]}},"uagb_featured_image_src":{"full":["https:\/\/prolead-tw.com\/wp-content\/uploads\/2024\/12\/400.webp",445,400,false],"thumbnail":["https:\/\/prolead-tw.com\/wp-content\/uploads\/2024\/12\/400-150x150.webp",150,150,true],"medium":["https:\/\/prolead-tw.com\/wp-content\/uploads\/2024\/12\/400-300x270.webp",300,270,true],"medium_large":["https:\/\/prolead-tw.com\/wp-content\/uploads\/2024\/12\/400.webp",445,400,false],"large":["https:\/\/prolead-tw.com\/wp-content\/uploads\/2024\/12\/400.webp",445,400,false],"1536x1536":["https:\/\/prolead-tw.com\/wp-content\/uploads\/2024\/12\/400.webp",445,400,false],"2048x2048":["https:\/\/prolead-tw.com\/wp-content\/uploads\/2024\/12\/400.webp",445,400,false],"trp-custom-language-flag":["https:\/\/prolead-tw.com\/wp-content\/uploads\/2024\/12\/400-13x12.webp",13,12,true],"mailpoet_newsletter_max":["https:\/\/prolead-tw.com\/wp-content\/uploads\/2024\/12\/400.webp",445,400,false],"woocommerce_thumbnail":["https:\/\/prolead-tw.com\/wp-content\/uploads\/2024\/12\/400-300x300.webp",300,300,true],"woocommerce_single":["https:\/\/prolead-tw.com\/wp-content\/uploads\/2024\/12\/400.webp",445,400,false],"woocommerce_gallery_thumbnail":["https:\/\/prolead-tw.com\/wp-content\/uploads\/2024\/12\/400-100x100.webp",100,100,true]},"uagb_author_info":{"display_name":"Prolead","author_link":"https:\/\/prolead-tw.com\/es\/author\/"},"uagb_comment_info":0,"uagb_excerpt":"Ozone Generators are designed in high-frequency transformer, double ceramic precision discharge, suitable for aquaculture and fish farming.","_links":{"self":[{"href":"https:\/\/prolead-tw.com\/es\/wp-json\/wp\/v2\/product\/4629","targetHints":{"allow":["GET"]}}],"collection":[{"href":"https:\/\/prolead-tw.com\/es\/wp-json\/wp\/v2\/product"}],"about":[{"href":"https:\/\/prolead-tw.com\/es\/wp-json\/wp\/v2\/types\/product"}],"version-history":[{"count":5,"href":"https:\/\/prolead-tw.com\/es\/wp-json\/wp\/v2\/product\/4629\/revisions"}],"predecessor-version":[{"id":4866,"href":"https:\/\/prolead-tw.com\/es\/wp-json\/wp\/v2\/product\/4629\/revisions\/4866"}],"wp:featuredmedia":[{"embeddable":true,"href":"https:\/\/prolead-tw.com\/es\/wp-json\/wp\/v2\/media\/4667"}],"wp:attachment":[{"href":"https:\/\/prolead-tw.com\/es\/wp-json\/wp\/v2\/media?parent=4629"}],"wp:term":[{"taxonomy":"product_brand","embeddable":true,"href":"https:\/\/prolead-tw.com\/es\/wp-json\/wp\/v2\/product_brand?post=4629"},{"taxonomy":"product_cat","embeddable":true,"href":"https:\/\/prolead-tw.com\/es\/wp-json\/wp\/v2\/product_cat?post=4629"},{"taxonomy":"product_tag","embeddable":true,"href":"https:\/\/prolead-tw.com\/es\/wp-json\/wp\/v2\/product_tag?post=4629"}],"curies":[{"name":"wp","href":"https:\/\/api.w.org\/{rel}","templated":true}]}}