{"id":4621,"date":"2024-12-20T18:21:17","date_gmt":"2024-12-20T10:21:17","guid":{"rendered":"https:\/\/www.prolead-tw.com\/?post_type=product&#038;p=4621"},"modified":"2025-06-30T08:51:14","modified_gmt":"2025-06-30T00:51:14","slug":"aquaculture-uv-sterilizer","status":"publish","type":"product","link":"https:\/\/prolead-tw.com\/es\/producto\/ras-system-equipment\/aquaculture-uv-sterilizer\/","title":{"rendered":"Esterilizador UV para acuicultura"},"content":{"rendered":"<h1 class=\"pin_name\">Esterilizador UV para acuicultura<\/h1>\n<figure id=\"attachment_4622\" aria-describedby=\"caption-attachment-4622\" style=\"width: 300px\" class=\"wp-caption aligncenter\"><img fetchpriority=\"high\" decoding=\"async\" class=\"wp-image-4622 size-full\" src=\"http:\/\/www.prolead-tw.com\/wp-content\/uploads\/2024\/12\/Sterilizer-1.jpg\" alt=\"\" width=\"300\" height=\"300\" srcset=\"https:\/\/prolead-tw.com\/wp-content\/uploads\/2024\/12\/Sterilizer-1.jpg 300w, https:\/\/prolead-tw.com\/wp-content\/uploads\/2024\/12\/Sterilizer-1-150x150.jpg 150w, https:\/\/prolead-tw.com\/wp-content\/uploads\/2024\/12\/Sterilizer-1-12x12.jpg 12w, https:\/\/prolead-tw.com\/wp-content\/uploads\/2024\/12\/Sterilizer-1-100x100.jpg 100w\" sizes=\"(max-width: 300px) 100vw, 300px\" \/><figcaption id=\"caption-attachment-4622\" class=\"wp-caption-text\">Modelo AQ<\/figcaption><\/figure>\n<figure id=\"attachment_4623\" aria-describedby=\"caption-attachment-4623\" style=\"width: 350px\" class=\"wp-caption aligncenter\"><img decoding=\"async\" class=\"wp-image-4623 lazyload\" data-src=\"http:\/\/www.prolead-tw.com\/wp-content\/uploads\/2024\/12\/Sterilizer-2.jpg\" alt=\"\" width=\"350\" height=\"350\" data-srcset=\"https:\/\/prolead-tw.com\/wp-content\/uploads\/2024\/12\/Sterilizer-2.jpg 300w, https:\/\/prolead-tw.com\/wp-content\/uploads\/2024\/12\/Sterilizer-2-150x150.jpg 150w, https:\/\/prolead-tw.com\/wp-content\/uploads\/2024\/12\/Sterilizer-2-12x12.jpg 12w, https:\/\/prolead-tw.com\/wp-content\/uploads\/2024\/12\/Sterilizer-2-100x100.jpg 100w\" data-sizes=\"(max-width: 350px) 100vw, 350px\" src=\"data:image\/svg+xml;base64,PHN2ZyB3aWR0aD0iMSIgaGVpZ2h0PSIxIiB4bWxucz0iaHR0cDovL3d3dy53My5vcmcvMjAwMC9zdmciPjwvc3ZnPg==\" style=\"--smush-placeholder-width: 350px; --smush-placeholder-aspect-ratio: 350\/350;\" \/><figcaption id=\"caption-attachment-4623\" class=\"wp-caption-text\">SP model<\/figcaption><\/figure>\n<h2>Feature of Aquaculture UV Sterilizer<\/h2>\n<ul>\n<li>Adecuado para granjas de acuicultura de agua dulce\/marina, granjas de cr\u00eda y sistemas de esterilizaci\u00f3n de acuarios grandes.<\/li>\n<li>Se utiliza una l\u00e1mpara PHILIP UV con bajo contenido de mercurio y una longitud de onda de 253,7 nm con una vida \u00fatil de 12 meses o m\u00e1s de 9000 horas.<\/li>\n<li>Los materiales que lo componen son material UPVC, que no es t\u00f3xico, es resistente a la corrosi\u00f3n y a los rayos UV.<\/li>\n<li>Todos los modelos est\u00e1n equipados con tubos de cuarzo con alta penetraci\u00f3n UV.<\/li>\n<li>Las l\u00e1mparas UV son f\u00e1ciles de mantener. No es necesario apagarlas para reemplazarlas (con un dispositivo de drenaje en la parte inferior).<img decoding=\"async\" class=\"wp-image-4658 alignleft lazyload\" data-src=\"http:\/\/www.prolead-tw.com\/wp-content\/uploads\/2024\/12\/UV-Lamp.jpg\" alt=\"\" width=\"251\" height=\"188\" data-srcset=\"https:\/\/prolead-tw.com\/wp-content\/uploads\/2024\/12\/UV-Lamp.jpg 450w, https:\/\/prolead-tw.com\/wp-content\/uploads\/2024\/12\/UV-Lamp-300x225.jpg 300w, https:\/\/prolead-tw.com\/wp-content\/uploads\/2024\/12\/UV-Lamp-16x12.jpg 16w\" data-sizes=\"(max-width: 251px) 100vw, 251px\" src=\"data:image\/svg+xml;base64,PHN2ZyB3aWR0aD0iMSIgaGVpZ2h0PSIxIiB4bWxucz0iaHR0cDovL3d3dy53My5vcmcvMjAwMC9zdmciPjwvc3ZnPg==\" style=\"--smush-placeholder-width: 251px; --smush-placeholder-aspect-ratio: 251\/188;\" \/><\/li>\n<\/ul>\n<table width=\"688\">\n<tbody>\n<tr>\n<td colspan=\"6\">Esterilizadores UV con funda de cuarzo<\/td>\n<\/tr>\n<tr>\n<td colspan=\"3\">Potencia\u3000\uff08Uwatt-sec\/cm2\uff09<\/td>\n<td colspan=\"3\">Caudal m\u00e1ximo (gpm)<\/td>\n<\/tr>\n<tr>\n<td width=\"105\">Modelo<\/td>\n<td width=\"98\">L\u00e1mpara<\/td>\n<td>\n<p style=\"text-align: center;\">Entrada\/Salida \u2013 Di\u00e1metro (pulgadas)<\/p>\n<\/td>\n<td style=\"text-align: center;\">15,000<\/p>\n<p>Virus y bacterias t\u00edpicos<\/td>\n<td style=\"text-align: center;\">25,000<\/p>\n<p>Algas acu\u00e1ticas verdes t\u00edpicas<\/td>\n<td style=\"text-align: center;\">45,000<\/p>\n<p>Protozoos t\u00edpicos<\/td>\n<\/tr>\n<tr>\n<td width=\"105\">AQ-325<\/td>\n<td width=\"98\">1X325W<\/td>\n<td>4&#8243;<\/td>\n<td>180<\/td>\n<td>137<\/td>\n<td>60<\/td>\n<\/tr>\n<tr>\n<td width=\"105\">AQ-650<\/td>\n<td width=\"98\">2X325W<\/td>\n<td>4&#8243;<\/td>\n<td>360<\/td>\n<td>270<\/td>\n<td>120<\/td>\n<\/tr>\n<tr>\n<td width=\"105\">AQ-975<\/td>\n<td width=\"98\">3X325W<\/td>\n<td>4&#8243;<\/td>\n<td>540<\/td>\n<td>400<\/td>\n<td>180<\/td>\n<\/tr>\n<tr>\n<td width=\"105\">SP-1300<\/td>\n<td width=\"98\">4X325W<\/td>\n<td>6&#8243;<\/td>\n<td>720<\/td>\n<td>540<\/td>\n<td>240<\/td>\n<\/tr>\n<tr>\n<td width=\"105\">SP-1950<\/td>\n<td width=\"98\">6X325W<\/td>\n<td>6&#8243;<\/td>\n<td>1080<\/td>\n<td>800<\/td>\n<td>360<\/td>\n<\/tr>\n<tr>\n<td width=\"105\">SP-2600<\/td>\n<td width=\"98\">8X325W<\/td>\n<td>8&#8243;<\/td>\n<td>1400<\/td>\n<td>1050<\/td>\n<td>475<\/td>\n<\/tr>\n<\/tbody>\n<\/table>\n<p>&nbsp;<\/p>\n<h2>Why use UV Sterilizers in Fish Farm ?<\/h2>\n<h2><\/h2>\n<p><span class=\"HzN33d\" data-huuid=\"4899546448994217691\">UV sterilizers are used\u00a0<mark class=\"QVRyCf\">to eliminate harmful microorganisms like bacteria, viruses, and other pathogens from various environments<\/mark>, offering a chemical-free and efficient disinfection method.\u00a0<\/span><span class=\"HzN33d\" data-huuid=\"4899546448994215820\">They work by damaging the DNA of these organisms, preventing them from reproducing and rendering them harmless.\u00a0<\/span><span class=\"HzN33d\" data-huuid=\"4899546448994213949\">This makes UV sterilization a popular choice for applications like water purification, air purification, and sterilizing medical and laboratory equipmen<\/span><\/p>\n<p>&nbsp;<\/p>","protected":false},"excerpt":{"rendered":"<p>Los sistemas de esterilizaci\u00f3n UV para acuicultura reducen significativamente el recuento de pat\u00f3genos en las instalaciones de incubaci\u00f3n y crianza y han demostrado ser la tecnolog\u00eda de desinfecci\u00f3n m\u00e1s rentable para la inactivaci\u00f3n de muchos tipos de bacterias, virus y par\u00e1sitos da\u00f1inos para muchas especies de peces.<\/p>","protected":false},"featured_media":4623,"template":"","meta":{"_uag_custom_page_level_css":"","site-sidebar-layout":"default","site-content-layout":"","ast-site-content-layout":"default","site-content-style":"default","site-sidebar-style":"default","ast-global-header-display":"","ast-banner-title-visibility":"","ast-main-header-display":"","ast-hfb-above-header-display":"","ast-hfb-below-header-display":"","ast-hfb-mobile-header-display":"","site-post-title":"","ast-breadcrumbs-content":"","ast-featured-img":"","footer-sml-layout":"","ast-disable-related-posts":"","theme-transparent-header-meta":"default","adv-header-id-meta":"","stick-header-meta":"default","header-above-stick-meta":"","header-main-stick-meta":"","header-below-stick-meta":"","astra-migrate-meta-layouts":"set","ast-page-background-enabled":"default","ast-page-background-meta":{"desktop":{"background-color":"","background-image":"","background-repeat":"repeat","background-position":"center center","background-size":"auto","background-attachment":"scroll","background-type":"","background-media":"","overlay-type":"","overlay-color":"","overlay-opacity":"","overlay-gradient":""},"tablet":{"background-color":"","background-image":"","background-repeat":"repeat","background-position":"center center","background-size":"auto","background-attachment":"scroll","background-type":"","background-media":"","overlay-type":"","overlay-color":"","overlay-opacity":"","overlay-gradient":""},"mobile":{"background-color":"","background-image":"","background-repeat":"repeat","background-position":"center center","background-size":"auto","background-attachment":"scroll","background-type":"","background-media":"","overlay-type":"","overlay-color":"","overlay-opacity":"","overlay-gradient":""}},"ast-content-background-meta":{"desktop":{"background-color":"var(--ast-global-color-5)","background-image":"","background-repeat":"repeat","background-position":"center center","background-size":"auto","background-attachment":"scroll","background-type":"","background-media":"","overlay-type":"","overlay-color":"","overlay-opacity":"","overlay-gradient":""},"tablet":{"background-color":"var(--ast-global-color-5)","background-image":"","background-repeat":"repeat","background-position":"center center","background-size":"auto","background-attachment":"scroll","background-type":"","background-media":"","overlay-type":"","overlay-color":"","overlay-opacity":"","overlay-gradient":""},"mobile":{"background-color":"var(--ast-global-color-5)","background-image":"","background-repeat":"repeat","background-position":"center center","background-size":"auto","background-attachment":"scroll","background-type":"","background-media":"","overlay-type":"","overlay-color":"","overlay-opacity":"","overlay-gradient":""}}},"product_brand":[],"product_cat":[130,129],"product_tag":[],"class_list":{"0":"post-4621","1":"product","2":"type-product","3":"status-publish","4":"has-post-thumbnail","6":"product_cat-hatchery-equipment-and-items","7":"product_cat-ras-system-equipment","8":"desktop-align-left","9":"tablet-align-left","10":"mobile-align-left","12":"first","13":"instock","14":"shipping-taxable","15":"product-type-simple"},"yoast_head":"<!-- This site is optimized with the Yoast SEO plugin v26.8 - https:\/\/yoast.com\/product\/yoast-seo-wordpress\/ -->\n<title>Aquaculture UV Sterilizer - Prolead<\/title>\n<meta name=\"description\" content=\"Aquaculture UV Sterilizer is used for seawater\/freshwater aquaculture farms, breeding farm, large aquarium sterilization systems, and RAS system.\" \/>\n<meta name=\"robots\" content=\"index, follow, max-snippet:-1, max-image-preview:large, max-video-preview:-1\" \/>\n<link rel=\"canonical\" href=\"https:\/\/prolead-tw.com\/es\/product\/ras-system-equipment\/aquaculture-uv-sterilizer\/\" \/>\n<meta property=\"og:locale\" content=\"es_ES\" \/>\n<meta property=\"og:type\" content=\"article\" \/>\n<meta property=\"og:title\" content=\"Aquaculture UV Sterilizer - Prolead\" \/>\n<meta property=\"og:description\" content=\"Aquaculture UV Sterilizer is used for seawater\/freshwater aquaculture farms, breeding farm, large aquarium sterilization systems, and RAS system.\" \/>\n<meta property=\"og:url\" content=\"https:\/\/prolead-tw.com\/es\/product\/ras-system-equipment\/aquaculture-uv-sterilizer\/\" \/>\n<meta property=\"og:site_name\" content=\"Prolead\" \/>\n<meta property=\"article:modified_time\" content=\"2025-06-30T00:51:14+00:00\" \/>\n<meta property=\"og:image\" content=\"https:\/\/prolead-tw.com\/wp-content\/uploads\/2024\/12\/Sterilizer-2.jpg\" \/>\n\t<meta property=\"og:image:width\" content=\"300\" \/>\n\t<meta property=\"og:image:height\" content=\"300\" \/>\n\t<meta property=\"og:image:type\" content=\"image\/jpeg\" \/>\n<meta name=\"twitter:card\" content=\"summary_large_image\" \/>\n<meta name=\"twitter:label1\" content=\"Tiempo de lectura\" \/>\n\t<meta name=\"twitter:data1\" content=\"3 minutos\" \/>\n<script type=\"application\/ld+json\" class=\"yoast-schema-graph\">{\"@context\":\"https:\/\/schema.org\",\"@graph\":[{\"@type\":\"WebPage\",\"@id\":\"https:\/\/prolead-tw.com\/product\/ras-system-equipment\/aquaculture-uv-sterilizer\/\",\"url\":\"https:\/\/prolead-tw.com\/product\/ras-system-equipment\/aquaculture-uv-sterilizer\/\",\"name\":\"Aquaculture UV Sterilizer - Prolead\",\"isPartOf\":{\"@id\":\"https:\/\/prolead-tw.com\/#website\"},\"primaryImageOfPage\":{\"@id\":\"https:\/\/prolead-tw.com\/product\/ras-system-equipment\/aquaculture-uv-sterilizer\/#primaryimage\"},\"image\":{\"@id\":\"https:\/\/prolead-tw.com\/product\/ras-system-equipment\/aquaculture-uv-sterilizer\/#primaryimage\"},\"thumbnailUrl\":\"https:\/\/prolead-tw.com\/wp-content\/uploads\/2024\/12\/Sterilizer-2.jpg\",\"datePublished\":\"2024-12-20T10:21:17+00:00\",\"dateModified\":\"2025-06-30T00:51:14+00:00\",\"description\":\"Aquaculture UV Sterilizer is used for seawater\/freshwater aquaculture farms, breeding farm, large aquarium sterilization systems, and RAS system.\",\"breadcrumb\":{\"@id\":\"https:\/\/prolead-tw.com\/product\/ras-system-equipment\/aquaculture-uv-sterilizer\/#breadcrumb\"},\"inLanguage\":\"es\",\"potentialAction\":[{\"@type\":\"ReadAction\",\"target\":[\"https:\/\/prolead-tw.com\/product\/ras-system-equipment\/aquaculture-uv-sterilizer\/\"]}]},{\"@type\":\"ImageObject\",\"inLanguage\":\"es\",\"@id\":\"https:\/\/prolead-tw.com\/product\/ras-system-equipment\/aquaculture-uv-sterilizer\/#primaryimage\",\"url\":\"https:\/\/prolead-tw.com\/wp-content\/uploads\/2024\/12\/Sterilizer-2.jpg\",\"contentUrl\":\"https:\/\/prolead-tw.com\/wp-content\/uploads\/2024\/12\/Sterilizer-2.jpg\",\"width\":300,\"height\":300},{\"@type\":\"BreadcrumbList\",\"@id\":\"https:\/\/prolead-tw.com\/product\/ras-system-equipment\/aquaculture-uv-sterilizer\/#breadcrumb\",\"itemListElement\":[{\"@type\":\"ListItem\",\"position\":1,\"name\":\"\u9996\u9801\",\"item\":\"https:\/\/prolead-tw.com\/\"},{\"@type\":\"ListItem\",\"position\":2,\"name\":\"product\",\"item\":\"https:\/\/prolead-tw.com\/product\/\"},{\"@type\":\"ListItem\",\"position\":3,\"name\":\"Aquaculture UV Sterilizer\"}]},{\"@type\":\"WebSite\",\"@id\":\"https:\/\/prolead-tw.com\/#website\",\"url\":\"https:\/\/prolead-tw.com\/\",\"name\":\"Prolead\",\"description\":\"Top Professional Supplier for Aquaculture Sector\",\"publisher\":{\"@id\":\"https:\/\/prolead-tw.com\/#organization\"},\"potentialAction\":[{\"@type\":\"SearchAction\",\"target\":{\"@type\":\"EntryPoint\",\"urlTemplate\":\"https:\/\/prolead-tw.com\/?s={search_term_string}\"},\"query-input\":{\"@type\":\"PropertyValueSpecification\",\"valueRequired\":true,\"valueName\":\"search_term_string\"}}],\"inLanguage\":\"es\"},{\"@type\":\"Organization\",\"@id\":\"https:\/\/prolead-tw.com\/#organization\",\"name\":\"Prolead\",\"url\":\"https:\/\/prolead-tw.com\/\",\"logo\":{\"@type\":\"ImageObject\",\"inLanguage\":\"es\",\"@id\":\"https:\/\/prolead-tw.com\/#\/schema\/logo\/image\/\",\"url\":\"https:\/\/prolead-tw.com\/wp-content\/uploads\/2024\/11\/cropped-Prolead-\u5bf6\u529b\u570b\u969b-logo\u6a6b.png\",\"contentUrl\":\"https:\/\/prolead-tw.com\/wp-content\/uploads\/2024\/11\/cropped-Prolead-\u5bf6\u529b\u570b\u969b-logo\u6a6b.png\",\"width\":1000,\"height\":334,\"caption\":\"Prolead\"},\"image\":{\"@id\":\"https:\/\/prolead-tw.com\/#\/schema\/logo\/image\/\"}}]}<\/script>\n<!-- \/ Yoast SEO plugin. -->","yoast_head_json":{"title":"Aquaculture UV Sterilizer - Prolead","description":"Aquaculture UV Sterilizer is used for seawater\/freshwater aquaculture farms, breeding farm, large aquarium sterilization systems, and RAS system.","robots":{"index":"index","follow":"follow","max-snippet":"max-snippet:-1","max-image-preview":"max-image-preview:large","max-video-preview":"max-video-preview:-1"},"canonical":"https:\/\/prolead-tw.com\/es\/product\/ras-system-equipment\/aquaculture-uv-sterilizer\/","og_locale":"es_ES","og_type":"article","og_title":"Aquaculture UV Sterilizer - Prolead","og_description":"Aquaculture UV Sterilizer is used for seawater\/freshwater aquaculture farms, breeding farm, large aquarium sterilization systems, and RAS system.","og_url":"https:\/\/prolead-tw.com\/es\/product\/ras-system-equipment\/aquaculture-uv-sterilizer\/","og_site_name":"Prolead","article_modified_time":"2025-06-30T00:51:14+00:00","og_image":[{"width":300,"height":300,"url":"https:\/\/prolead-tw.com\/wp-content\/uploads\/2024\/12\/Sterilizer-2.jpg","type":"image\/jpeg"}],"twitter_card":"summary_large_image","twitter_misc":{"Tiempo de lectura":"3 minutos"},"schema":{"@context":"https:\/\/schema.org","@graph":[{"@type":"WebPage","@id":"https:\/\/prolead-tw.com\/product\/ras-system-equipment\/aquaculture-uv-sterilizer\/","url":"https:\/\/prolead-tw.com\/product\/ras-system-equipment\/aquaculture-uv-sterilizer\/","name":"Aquaculture UV Sterilizer - Prolead","isPartOf":{"@id":"https:\/\/prolead-tw.com\/#website"},"primaryImageOfPage":{"@id":"https:\/\/prolead-tw.com\/product\/ras-system-equipment\/aquaculture-uv-sterilizer\/#primaryimage"},"image":{"@id":"https:\/\/prolead-tw.com\/product\/ras-system-equipment\/aquaculture-uv-sterilizer\/#primaryimage"},"thumbnailUrl":"https:\/\/prolead-tw.com\/wp-content\/uploads\/2024\/12\/Sterilizer-2.jpg","datePublished":"2024-12-20T10:21:17+00:00","dateModified":"2025-06-30T00:51:14+00:00","description":"Aquaculture UV Sterilizer is used for seawater\/freshwater aquaculture farms, breeding farm, large aquarium sterilization systems, and RAS system.","breadcrumb":{"@id":"https:\/\/prolead-tw.com\/product\/ras-system-equipment\/aquaculture-uv-sterilizer\/#breadcrumb"},"inLanguage":"es","potentialAction":[{"@type":"ReadAction","target":["https:\/\/prolead-tw.com\/product\/ras-system-equipment\/aquaculture-uv-sterilizer\/"]}]},{"@type":"ImageObject","inLanguage":"es","@id":"https:\/\/prolead-tw.com\/product\/ras-system-equipment\/aquaculture-uv-sterilizer\/#primaryimage","url":"https:\/\/prolead-tw.com\/wp-content\/uploads\/2024\/12\/Sterilizer-2.jpg","contentUrl":"https:\/\/prolead-tw.com\/wp-content\/uploads\/2024\/12\/Sterilizer-2.jpg","width":300,"height":300},{"@type":"BreadcrumbList","@id":"https:\/\/prolead-tw.com\/product\/ras-system-equipment\/aquaculture-uv-sterilizer\/#breadcrumb","itemListElement":[{"@type":"ListItem","position":1,"name":"\u9996\u9801","item":"https:\/\/prolead-tw.com\/"},{"@type":"ListItem","position":2,"name":"product","item":"https:\/\/prolead-tw.com\/product\/"},{"@type":"ListItem","position":3,"name":"Aquaculture UV Sterilizer"}]},{"@type":"WebSite","@id":"https:\/\/prolead-tw.com\/#website","url":"https:\/\/prolead-tw.com\/","name":"Prolead","description":"Top Professional Supplier for Aquaculture Sector","publisher":{"@id":"https:\/\/prolead-tw.com\/#organization"},"potentialAction":[{"@type":"SearchAction","target":{"@type":"EntryPoint","urlTemplate":"https:\/\/prolead-tw.com\/?s={search_term_string}"},"query-input":{"@type":"PropertyValueSpecification","valueRequired":true,"valueName":"search_term_string"}}],"inLanguage":"es"},{"@type":"Organization","@id":"https:\/\/prolead-tw.com\/#organization","name":"Prolead","url":"https:\/\/prolead-tw.com\/","logo":{"@type":"ImageObject","inLanguage":"es","@id":"https:\/\/prolead-tw.com\/#\/schema\/logo\/image\/","url":"https:\/\/prolead-tw.com\/wp-content\/uploads\/2024\/11\/cropped-Prolead-\u5bf6\u529b\u570b\u969b-logo\u6a6b.png","contentUrl":"https:\/\/prolead-tw.com\/wp-content\/uploads\/2024\/11\/cropped-Prolead-\u5bf6\u529b\u570b\u969b-logo\u6a6b.png","width":1000,"height":334,"caption":"Prolead"},"image":{"@id":"https:\/\/prolead-tw.com\/#\/schema\/logo\/image\/"}}]}},"uagb_featured_image_src":{"full":["https:\/\/prolead-tw.com\/wp-content\/uploads\/2024\/12\/Sterilizer-2.jpg",300,300,false],"thumbnail":["https:\/\/prolead-tw.com\/wp-content\/uploads\/2024\/12\/Sterilizer-2-150x150.jpg",150,150,true],"medium":["https:\/\/prolead-tw.com\/wp-content\/uploads\/2024\/12\/Sterilizer-2.jpg",300,300,false],"medium_large":["https:\/\/prolead-tw.com\/wp-content\/uploads\/2024\/12\/Sterilizer-2.jpg",300,300,false],"large":["https:\/\/prolead-tw.com\/wp-content\/uploads\/2024\/12\/Sterilizer-2.jpg",300,300,false],"1536x1536":["https:\/\/prolead-tw.com\/wp-content\/uploads\/2024\/12\/Sterilizer-2.jpg",300,300,false],"2048x2048":["https:\/\/prolead-tw.com\/wp-content\/uploads\/2024\/12\/Sterilizer-2.jpg",300,300,false],"trp-custom-language-flag":["https:\/\/prolead-tw.com\/wp-content\/uploads\/2024\/12\/Sterilizer-2-12x12.jpg",12,12,true],"mailpoet_newsletter_max":["https:\/\/prolead-tw.com\/wp-content\/uploads\/2024\/12\/Sterilizer-2.jpg",300,300,false],"woocommerce_thumbnail":["https:\/\/prolead-tw.com\/wp-content\/uploads\/2024\/12\/Sterilizer-2.jpg",300,300,false],"woocommerce_single":["https:\/\/prolead-tw.com\/wp-content\/uploads\/2024\/12\/Sterilizer-2.jpg",300,300,false],"woocommerce_gallery_thumbnail":["https:\/\/prolead-tw.com\/wp-content\/uploads\/2024\/12\/Sterilizer-2-100x100.jpg",100,100,true]},"uagb_author_info":{"display_name":"Prolead","author_link":"https:\/\/prolead-tw.com\/es\/author\/"},"uagb_comment_info":0,"uagb_excerpt":"Aquaculture UV Sterilizer Systems significantly reduce pathogen counts in incubation and rearing facilities and have proven to be the most cost-effective disinfection technology for the inactivation of many types of bacteria, viruses, and parasites harmful to many species of fish.","_links":{"self":[{"href":"https:\/\/prolead-tw.com\/es\/wp-json\/wp\/v2\/product\/4621","targetHints":{"allow":["GET"]}}],"collection":[{"href":"https:\/\/prolead-tw.com\/es\/wp-json\/wp\/v2\/product"}],"about":[{"href":"https:\/\/prolead-tw.com\/es\/wp-json\/wp\/v2\/types\/product"}],"version-history":[{"count":6,"href":"https:\/\/prolead-tw.com\/es\/wp-json\/wp\/v2\/product\/4621\/revisions"}],"predecessor-version":[{"id":4868,"href":"https:\/\/prolead-tw.com\/es\/wp-json\/wp\/v2\/product\/4621\/revisions\/4868"}],"wp:featuredmedia":[{"embeddable":true,"href":"https:\/\/prolead-tw.com\/es\/wp-json\/wp\/v2\/media\/4623"}],"wp:attachment":[{"href":"https:\/\/prolead-tw.com\/es\/wp-json\/wp\/v2\/media?parent=4621"}],"wp:term":[{"taxonomy":"product_brand","embeddable":true,"href":"https:\/\/prolead-tw.com\/es\/wp-json\/wp\/v2\/product_brand?post=4621"},{"taxonomy":"product_cat","embeddable":true,"href":"https:\/\/prolead-tw.com\/es\/wp-json\/wp\/v2\/product_cat?post=4621"},{"taxonomy":"product_tag","embeddable":true,"href":"https:\/\/prolead-tw.com\/es\/wp-json\/wp\/v2\/product_tag?post=4621"}],"curies":[{"name":"wp","href":"https:\/\/api.w.org\/{rel}","templated":true}]}}