{"id":4577,"date":"2024-12-18T10:08:32","date_gmt":"2024-12-18T02:08:32","guid":{"rendered":"https:\/\/www.prolead-tw.com\/?post_type=product&#038;p=4577"},"modified":"2024-12-18T10:09:32","modified_gmt":"2024-12-18T02:09:32","slug":"large-axial-flow-submersible-pump","status":"publish","type":"product","link":"https:\/\/prolead-tw.com\/es\/producto\/water-pump\/large-axial-flow-submersible-pump\/","title":{"rendered":"Bomba sumergible de flujo axial de gran tama\u00f1o"},"content":{"rendered":"<p><img fetchpriority=\"high\" decoding=\"async\" class=\"aligncenter size-full wp-image-4574\" src=\"http:\/\/www.prolead-tw.com\/wp-content\/uploads\/2024\/11\/Axial-Flow-Pump.jpg\" alt=\"\" width=\"640\" height=\"360\" srcset=\"https:\/\/prolead-tw.com\/wp-content\/uploads\/2024\/11\/Axial-Flow-Pump.jpg 640w, https:\/\/prolead-tw.com\/wp-content\/uploads\/2024\/11\/Axial-Flow-Pump-300x169.jpg 300w, https:\/\/prolead-tw.com\/wp-content\/uploads\/2024\/11\/Axial-Flow-Pump-18x10.jpg 18w, https:\/\/prolead-tw.com\/wp-content\/uploads\/2024\/11\/Axial-Flow-Pump-600x338.jpg 600w\" sizes=\"(max-width: 640px) 100vw, 640px\" \/>1. El impulsor axial y el calibre ancho est\u00e1n dise\u00f1ados para un mayor flujo de agua.<\/p>\n<p>2. El motor no requiere equipo de alto voltaje para arrancar.<\/p>\n<p>3. El equilibrio entre el eje del motor y el impulsor est\u00e1 calibrado para reducir el ruido y la vibraci\u00f3n durante el funcionamiento.<\/p>\n<p>4. Las piezas fundidas de las bombas de la serie G est\u00e1n hechas de hierro fundido o bronce de alta calidad con carcasa de acero inoxidable.<\/p>\n<p>5. Las piezas de hierro fundido est\u00e1n recubiertas con epoxi para resistir<\/p>\n<p>&nbsp;<\/p>\n<p>Especializado en<\/p>\n<p>1. Granja de acuicultura, piscifactor\u00eda, granja camaronera.<\/p>\n<p>2.Colocaci\u00f3n con horticultura o jardiner\u00eda paisaj\u00edstica.<\/p>\n<p>3.Drenaje de arroyos, r\u00edos, riego de granjas, estanques de peces.<\/p>\n<p>4. Tratamiento de alcantarillado, conservaci\u00f3n de agua, industrias de abastecimiento de agua.<\/p>\n<p>&nbsp;<\/p>\n<table width=\"100%\">\n<tbody>\n<tr>\n<td rowspan=\"3\" width=\"10%\">Modelo<\/td>\n<td width=\"3%\">PH<\/td>\n<td colspan=\"2\" width=\"7%\">Fuerza<\/td>\n<td width=\"6%\">Descargar<\/td>\n<td rowspan=\"3\" width=\"5%\">Pole<\/td>\n<td colspan=\"6\" width=\"36%\">Est\u00e1ndares de altura y caudal<\/td>\n<td colspan=\"4\" width=\"25%\">Altura m\u00e1xima y caudal<\/td>\n<td width=\"5%\"><\/td>\n<\/tr>\n<tr>\n<td width=\"3%\">\u03c6<\/td>\n<td width=\"3%\">HP<\/td>\n<td width=\"3%\">\u00a0(kw)<\/td>\n<td width=\"6%\">Inch<\/td>\n<td width=\"7%\">Frecuencia<\/td>\n<td width=\"4%\">Head<\/td>\n<td width=\"6%\">Fluir<\/td>\n<td width=\"7%\">Frecuencia<\/td>\n<td width=\"5%\">Head<\/td>\n<td width=\"5%\">Fluir<\/td>\n<td width=\"6%\">Frecuencia<\/td>\n<td width=\"5%\">Capacity<\/td>\n<td width=\"7%\">Frecuencia<\/td>\n<td width=\"5%\">Capacity<\/td>\n<td rowspan=\"2\" width=\"5%\">Weight-Kgs<\/td>\n<\/tr>\n<tr>\n<td width=\"3%\"><\/td>\n<td width=\"3%\"><\/td>\n<td width=\"3%\"><\/td>\n<td width=\"6%\"><\/td>\n<td width=\"7%\">hertz<\/td>\n<td width=\"4%\">(m)<\/td>\n<td width=\"6%\">(m3\u00a0\/min)<\/td>\n<td width=\"7%\">hertz<\/td>\n<td width=\"5%\">(m)<\/td>\n<td width=\"5%\">(m3\u00a0\/min)<\/td>\n<td width=\"6%\">hertz<\/td>\n<td width=\"5%\">(m3\u00a0\/min)<\/td>\n<td width=\"7%\">hertz<\/td>\n<td width=\"5%\">(m3\u00a0\/min)<\/td>\n<\/tr>\n<tr>\n<td width=\"10%\">SAG-1054(U)<\/td>\n<td width=\"3%\">1\u00d8<\/td>\n<td width=\"3%\">\u00bd<\/td>\n<td width=\"3%\">0.4<\/td>\n<td width=\"6%\">4&#8243;<\/td>\n<td width=\"5%\">2P<\/td>\n<td width=\"7%\">50HZ<\/td>\n<td width=\"4%\">1.5M<\/td>\n<td width=\"6%\">0.8<\/td>\n<td width=\"7%\">60HZ<\/td>\n<td width=\"5%\">1.5M<\/td>\n<td width=\"5%\">0.9<\/td>\n<td width=\"6%\">50HZ<\/td>\n<td width=\"5%\">1.1<\/td>\n<td width=\"7%\">60HZ<\/td>\n<td width=\"5%\">1.2<\/td>\n<td width=\"5%\">25<\/td>\n<\/tr>\n<tr>\n<td width=\"10%\">SAG-3054(U)<\/td>\n<td width=\"3%\">3\u00d8<\/td>\n<td width=\"3%\">\u00bd<\/td>\n<td width=\"3%\">0.4<\/td>\n<td width=\"6%\">4&#8243;<\/td>\n<td width=\"5%\">2P<\/td>\n<td width=\"7%\">50HZ<\/td>\n<td width=\"4%\">1.5M<\/td>\n<td width=\"6%\">0.8<\/td>\n<td width=\"7%\">60HZ<\/td>\n<td width=\"5%\">1.5M<\/td>\n<td width=\"5%\">0.9<\/td>\n<td width=\"6%\">50HZ<\/td>\n<td width=\"5%\">1.1<\/td>\n<td width=\"7%\">60HZ<\/td>\n<td width=\"5%\">1.2<\/td>\n<td width=\"5%\">25<\/td>\n<\/tr>\n<tr>\n<td width=\"10%\">SAG-114(U)<\/td>\n<td width=\"3%\">1\u00d8<\/td>\n<td width=\"3%\">7\u00bd<\/td>\n<td width=\"3%\">0.75<\/td>\n<td width=\"6%\">4&#8243;<\/td>\n<td width=\"5%\">2P<\/td>\n<td width=\"7%\">50HZ<\/td>\n<td width=\"4%\">1.5M<\/td>\n<td width=\"6%\">1.1<\/td>\n<td width=\"7%\">60HZ<\/td>\n<td width=\"5%\">1.5M<\/td>\n<td width=\"5%\">1.3<\/td>\n<td width=\"6%\">50HZ<\/td>\n<td width=\"5%\">1.4<\/td>\n<td width=\"7%\">60HZ<\/td>\n<td width=\"5%\">1.6<\/td>\n<td width=\"5%\">26<\/td>\n<\/tr>\n<tr>\n<td width=\"10%\">SAG-314(U)<\/td>\n<td width=\"3%\">3\u00d8<\/td>\n<td width=\"3%\">1<\/td>\n<td width=\"3%\">0.75<\/td>\n<td width=\"6%\">4&#8243;<\/td>\n<td width=\"5%\">2P<\/td>\n<td width=\"7%\">50HZ<\/td>\n<td width=\"4%\">1.5M<\/td>\n<td width=\"6%\">1.1<\/td>\n<td width=\"7%\">60HZ<\/td>\n<td width=\"5%\">1.5M<\/td>\n<td width=\"5%\">1.3<\/td>\n<td width=\"6%\">50HZ<\/td>\n<td width=\"5%\">1.4<\/td>\n<td width=\"7%\">60HZ<\/td>\n<td width=\"5%\">1.6<\/td>\n<td width=\"5%\">26<\/td>\n<\/tr>\n<tr>\n<td width=\"10%\">SAG-356<\/td>\n<td width=\"3%\">3\u00d8<\/td>\n<td width=\"3%\">1<\/td>\n<td width=\"3%\">3.7<\/td>\n<td width=\"6%\">6&#8243;<\/td>\n<td width=\"5%\">4P<\/td>\n<td width=\"7%\">50HZ<\/td>\n<td width=\"4%\">3 M<\/td>\n<td width=\"6%\">3<\/td>\n<td width=\"7%\">60HZ<\/td>\n<td width=\"5%\">4 M<\/td>\n<td width=\"5%\">2.5<\/td>\n<td width=\"6%\">50HZ<\/td>\n<td width=\"5%\">4<\/td>\n<td width=\"7%\">60HZ<\/td>\n<td width=\"5%\">3.7<\/td>\n<td width=\"5%\">75<\/td>\n<\/tr>\n<tr>\n<td width=\"10%\">SAG-3758<\/td>\n<td width=\"3%\">3\u00d8<\/td>\n<td width=\"3%\">5<\/td>\n<td width=\"3%\">5.5<\/td>\n<td width=\"6%\">8&#8243;<\/td>\n<td width=\"5%\">4P<\/td>\n<td width=\"7%\">50HZ<\/td>\n<td width=\"4%\">4 M<\/td>\n<td width=\"6%\">4<\/td>\n<td width=\"7%\">60HZ<\/td>\n<td width=\"5%\">4 M<\/td>\n<td width=\"5%\">5<\/td>\n<td width=\"6%\">50HZ<\/td>\n<td width=\"5%\">6<\/td>\n<td width=\"7%\">60HZ<\/td>\n<td width=\"5%\">6.5<\/td>\n<td width=\"5%\">100<\/td>\n<\/tr>\n<tr>\n<td width=\"10%\">SAG-31010<\/td>\n<td width=\"3%\">3\u00d8<\/td>\n<td width=\"3%\">10<\/td>\n<td width=\"3%\">7.5<\/td>\n<td width=\"6%\">10&#8243;<\/td>\n<td width=\"5%\">4P<\/td>\n<td width=\"7%\">50HZ<\/td>\n<td width=\"4%\">4 M<\/td>\n<td width=\"6%\">6<\/td>\n<td width=\"7%\">60HZ<\/td>\n<td width=\"5%\">4 M<\/td>\n<td width=\"5%\">7<\/td>\n<td width=\"6%\">50HZ<\/td>\n<td width=\"5%\">8<\/td>\n<td width=\"7%\">60HZ<\/td>\n<td width=\"5%\">8.5<\/td>\n<td width=\"5%\">130<\/td>\n<\/tr>\n<tr>\n<td width=\"10%\">SAG-31512U<\/td>\n<td width=\"3%\">3\u00d8<\/td>\n<td width=\"3%\">15<\/td>\n<td width=\"3%\">11<\/td>\n<td width=\"6%\">12&#8243;<\/td>\n<td width=\"5%\">4P<\/td>\n<td width=\"7%\">50HZ<\/td>\n<td width=\"4%\">4.5M<\/td>\n<td width=\"6%\">7<\/td>\n<td width=\"7%\">60HZ<\/td>\n<td width=\"5%\">4.5M<\/td>\n<td width=\"5%\">7<\/td>\n<td width=\"6%\">50HZ<\/td>\n<td width=\"5%\">10<\/td>\n<td width=\"7%\">60HZ<\/td>\n<td width=\"5%\">10<\/td>\n<td width=\"5%\">225<\/td>\n<\/tr>\n<tr>\n<td width=\"10%\">SAG-32012U<\/td>\n<td width=\"3%\">3\u00d8<\/td>\n<td width=\"3%\">20<\/td>\n<td width=\"3%\">15<\/td>\n<td width=\"6%\">12&#8243;<\/td>\n<td width=\"5%\">4P<\/td>\n<td width=\"7%\">50HZ<\/td>\n<td width=\"4%\">&#8211;<\/td>\n<td width=\"6%\">\u2013<\/td>\n<td width=\"7%\">60HZ<\/td>\n<td width=\"5%\">6 M<\/td>\n<td width=\"5%\">7.5<\/td>\n<td width=\"6%\">50HZ<\/td>\n<td width=\"5%\">\u2013<\/td>\n<td width=\"7%\">60HZ<\/td>\n<td width=\"5%\">10.5<\/td>\n<td width=\"5%\">240<\/td>\n<\/tr>\n<\/tbody>\n<\/table>","protected":false},"excerpt":{"rendered":"<p>La bomba sumergible de flujo axial grande est\u00e1 equipada con un impulsor axial y un calibre ancho que est\u00e1 dise\u00f1ado para un mayor flujo de agua, que funciona para acuicultura, agricultura y drenaje.<\/p>","protected":false},"featured_media":4578,"template":"","meta":{"_uag_custom_page_level_css":"","site-sidebar-layout":"default","site-content-layout":"","ast-site-content-layout":"default","site-content-style":"default","site-sidebar-style":"default","ast-global-header-display":"","ast-banner-title-visibility":"","ast-main-header-display":"","ast-hfb-above-header-display":"","ast-hfb-below-header-display":"","ast-hfb-mobile-header-display":"","site-post-title":"","ast-breadcrumbs-content":"","ast-featured-img":"","footer-sml-layout":"","ast-disable-related-posts":"","theme-transparent-header-meta":"default","adv-header-id-meta":"","stick-header-meta":"default","header-above-stick-meta":"","header-main-stick-meta":"","header-below-stick-meta":"","astra-migrate-meta-layouts":"set","ast-page-background-enabled":"default","ast-page-background-meta":{"desktop":{"background-color":"","background-image":"","background-repeat":"repeat","background-position":"center center","background-size":"auto","background-attachment":"scroll","background-type":"","background-media":"","overlay-type":"","overlay-color":"","overlay-opacity":"","overlay-gradient":""},"tablet":{"background-color":"","background-image":"","background-repeat":"repeat","background-position":"center center","background-size":"auto","background-attachment":"scroll","background-type":"","background-media":"","overlay-type":"","overlay-color":"","overlay-opacity":"","overlay-gradient":""},"mobile":{"background-color":"","background-image":"","background-repeat":"repeat","background-position":"center center","background-size":"auto","background-attachment":"scroll","background-type":"","background-media":"","overlay-type":"","overlay-color":"","overlay-opacity":"","overlay-gradient":""}},"ast-content-background-meta":{"desktop":{"background-color":"var(--ast-global-color-5)","background-image":"","background-repeat":"repeat","background-position":"center center","background-size":"auto","background-attachment":"scroll","background-type":"","background-media":"","overlay-type":"","overlay-color":"","overlay-opacity":"","overlay-gradient":""},"tablet":{"background-color":"var(--ast-global-color-5)","background-image":"","background-repeat":"repeat","background-position":"center center","background-size":"auto","background-attachment":"scroll","background-type":"","background-media":"","overlay-type":"","overlay-color":"","overlay-opacity":"","overlay-gradient":""},"mobile":{"background-color":"var(--ast-global-color-5)","background-image":"","background-repeat":"repeat","background-position":"center center","background-size":"auto","background-attachment":"scroll","background-type":"","background-media":"","overlay-type":"","overlay-color":"","overlay-opacity":"","overlay-gradient":""}}},"product_brand":[],"product_cat":[134],"product_tag":[],"class_list":{"0":"post-4577","1":"product","2":"type-product","3":"status-publish","4":"has-post-thumbnail","6":"product_cat-water-pump","7":"desktop-align-left","8":"tablet-align-left","9":"mobile-align-left","11":"first","12":"instock","13":"shipping-taxable","14":"product-type-simple"},"yoast_head":"<!-- This site is optimized with the Yoast SEO plugin v26.8 - https:\/\/yoast.com\/product\/yoast-seo-wordpress\/ -->\n<title>Large Axial Flow Submersible Pump - Prolead<\/title>\n<meta name=\"description\" content=\"Large Axial Flow Submersible pump works for larger water flow, suitable for aquaculture, Agriculture Irrigation, drainage.\" \/>\n<meta name=\"robots\" content=\"index, follow, max-snippet:-1, max-image-preview:large, max-video-preview:-1\" \/>\n<link rel=\"canonical\" href=\"https:\/\/prolead-tw.com\/es\/product\/water-pump\/large-axial-flow-submersible-pump\/\" \/>\n<meta property=\"og:locale\" content=\"es_ES\" \/>\n<meta property=\"og:type\" content=\"article\" \/>\n<meta property=\"og:title\" content=\"Large Axial Flow Submersible Pump - Prolead\" \/>\n<meta property=\"og:description\" content=\"Large Axial Flow Submersible pump works for larger water flow, suitable for aquaculture, Agriculture Irrigation, drainage.\" \/>\n<meta property=\"og:url\" content=\"https:\/\/prolead-tw.com\/es\/product\/water-pump\/large-axial-flow-submersible-pump\/\" \/>\n<meta property=\"og:site_name\" content=\"Prolead\" \/>\n<meta property=\"article:modified_time\" content=\"2024-12-18T02:09:32+00:00\" \/>\n<meta property=\"og:image\" content=\"https:\/\/prolead-tw.com\/wp-content\/uploads\/2024\/12\/Axial-1054-e1734485657766.jpg\" \/>\n\t<meta property=\"og:image:width\" content=\"300\" \/>\n\t<meta property=\"og:image:height\" content=\"351\" \/>\n\t<meta property=\"og:image:type\" content=\"image\/jpeg\" \/>\n<meta name=\"twitter:card\" content=\"summary_large_image\" \/>\n<meta name=\"twitter:label1\" content=\"Tiempo de lectura\" \/>\n\t<meta name=\"twitter:data1\" content=\"3 minutos\" \/>\n<script type=\"application\/ld+json\" class=\"yoast-schema-graph\">{\"@context\":\"https:\/\/schema.org\",\"@graph\":[{\"@type\":\"WebPage\",\"@id\":\"https:\/\/prolead-tw.com\/product\/water-pump\/large-axial-flow-submersible-pump\/\",\"url\":\"https:\/\/prolead-tw.com\/product\/water-pump\/large-axial-flow-submersible-pump\/\",\"name\":\"Large Axial Flow Submersible Pump - Prolead\",\"isPartOf\":{\"@id\":\"https:\/\/prolead-tw.com\/#website\"},\"primaryImageOfPage\":{\"@id\":\"https:\/\/prolead-tw.com\/product\/water-pump\/large-axial-flow-submersible-pump\/#primaryimage\"},\"image\":{\"@id\":\"https:\/\/prolead-tw.com\/product\/water-pump\/large-axial-flow-submersible-pump\/#primaryimage\"},\"thumbnailUrl\":\"https:\/\/prolead-tw.com\/wp-content\/uploads\/2024\/12\/Axial-1054-e1734485657766.jpg\",\"datePublished\":\"2024-12-18T02:08:32+00:00\",\"dateModified\":\"2024-12-18T02:09:32+00:00\",\"description\":\"Large Axial Flow Submersible pump works for larger water flow, suitable for aquaculture, Agriculture Irrigation, drainage.\",\"breadcrumb\":{\"@id\":\"https:\/\/prolead-tw.com\/product\/water-pump\/large-axial-flow-submersible-pump\/#breadcrumb\"},\"inLanguage\":\"es\",\"potentialAction\":[{\"@type\":\"ReadAction\",\"target\":[\"https:\/\/prolead-tw.com\/product\/water-pump\/large-axial-flow-submersible-pump\/\"]}]},{\"@type\":\"ImageObject\",\"inLanguage\":\"es\",\"@id\":\"https:\/\/prolead-tw.com\/product\/water-pump\/large-axial-flow-submersible-pump\/#primaryimage\",\"url\":\"https:\/\/prolead-tw.com\/wp-content\/uploads\/2024\/12\/Axial-1054-e1734485657766.jpg\",\"contentUrl\":\"https:\/\/prolead-tw.com\/wp-content\/uploads\/2024\/12\/Axial-1054-e1734485657766.jpg\",\"width\":300,\"height\":351},{\"@type\":\"BreadcrumbList\",\"@id\":\"https:\/\/prolead-tw.com\/product\/water-pump\/large-axial-flow-submersible-pump\/#breadcrumb\",\"itemListElement\":[{\"@type\":\"ListItem\",\"position\":1,\"name\":\"\u9996\u9801\",\"item\":\"https:\/\/prolead-tw.com\/\"},{\"@type\":\"ListItem\",\"position\":2,\"name\":\"product\",\"item\":\"https:\/\/prolead-tw.com\/product\/\"},{\"@type\":\"ListItem\",\"position\":3,\"name\":\"Large Axial Flow Submersible Pump\"}]},{\"@type\":\"WebSite\",\"@id\":\"https:\/\/prolead-tw.com\/#website\",\"url\":\"https:\/\/prolead-tw.com\/\",\"name\":\"Prolead\",\"description\":\"Top Professional Supplier for Aquaculture Sector\",\"publisher\":{\"@id\":\"https:\/\/prolead-tw.com\/#organization\"},\"potentialAction\":[{\"@type\":\"SearchAction\",\"target\":{\"@type\":\"EntryPoint\",\"urlTemplate\":\"https:\/\/prolead-tw.com\/?s={search_term_string}\"},\"query-input\":{\"@type\":\"PropertyValueSpecification\",\"valueRequired\":true,\"valueName\":\"search_term_string\"}}],\"inLanguage\":\"es\"},{\"@type\":\"Organization\",\"@id\":\"https:\/\/prolead-tw.com\/#organization\",\"name\":\"Prolead\",\"url\":\"https:\/\/prolead-tw.com\/\",\"logo\":{\"@type\":\"ImageObject\",\"inLanguage\":\"es\",\"@id\":\"https:\/\/prolead-tw.com\/#\/schema\/logo\/image\/\",\"url\":\"https:\/\/prolead-tw.com\/wp-content\/uploads\/2024\/11\/cropped-Prolead-\u5bf6\u529b\u570b\u969b-logo\u6a6b.png\",\"contentUrl\":\"https:\/\/prolead-tw.com\/wp-content\/uploads\/2024\/11\/cropped-Prolead-\u5bf6\u529b\u570b\u969b-logo\u6a6b.png\",\"width\":1000,\"height\":334,\"caption\":\"Prolead\"},\"image\":{\"@id\":\"https:\/\/prolead-tw.com\/#\/schema\/logo\/image\/\"}}]}<\/script>\n<!-- \/ Yoast SEO plugin. -->","yoast_head_json":{"title":"Large Axial Flow Submersible Pump - Prolead","description":"Large Axial Flow Submersible pump works for larger water flow, suitable for aquaculture, Agriculture Irrigation, drainage.","robots":{"index":"index","follow":"follow","max-snippet":"max-snippet:-1","max-image-preview":"max-image-preview:large","max-video-preview":"max-video-preview:-1"},"canonical":"https:\/\/prolead-tw.com\/es\/product\/water-pump\/large-axial-flow-submersible-pump\/","og_locale":"es_ES","og_type":"article","og_title":"Large Axial Flow Submersible Pump - Prolead","og_description":"Large Axial Flow Submersible pump works for larger water flow, suitable for aquaculture, Agriculture Irrigation, drainage.","og_url":"https:\/\/prolead-tw.com\/es\/product\/water-pump\/large-axial-flow-submersible-pump\/","og_site_name":"Prolead","article_modified_time":"2024-12-18T02:09:32+00:00","og_image":[{"width":300,"height":351,"url":"https:\/\/prolead-tw.com\/wp-content\/uploads\/2024\/12\/Axial-1054-e1734485657766.jpg","type":"image\/jpeg"}],"twitter_card":"summary_large_image","twitter_misc":{"Tiempo de lectura":"3 minutos"},"schema":{"@context":"https:\/\/schema.org","@graph":[{"@type":"WebPage","@id":"https:\/\/prolead-tw.com\/product\/water-pump\/large-axial-flow-submersible-pump\/","url":"https:\/\/prolead-tw.com\/product\/water-pump\/large-axial-flow-submersible-pump\/","name":"Large Axial Flow Submersible Pump - Prolead","isPartOf":{"@id":"https:\/\/prolead-tw.com\/#website"},"primaryImageOfPage":{"@id":"https:\/\/prolead-tw.com\/product\/water-pump\/large-axial-flow-submersible-pump\/#primaryimage"},"image":{"@id":"https:\/\/prolead-tw.com\/product\/water-pump\/large-axial-flow-submersible-pump\/#primaryimage"},"thumbnailUrl":"https:\/\/prolead-tw.com\/wp-content\/uploads\/2024\/12\/Axial-1054-e1734485657766.jpg","datePublished":"2024-12-18T02:08:32+00:00","dateModified":"2024-12-18T02:09:32+00:00","description":"Large Axial Flow Submersible pump works for larger water flow, suitable for aquaculture, Agriculture Irrigation, drainage.","breadcrumb":{"@id":"https:\/\/prolead-tw.com\/product\/water-pump\/large-axial-flow-submersible-pump\/#breadcrumb"},"inLanguage":"es","potentialAction":[{"@type":"ReadAction","target":["https:\/\/prolead-tw.com\/product\/water-pump\/large-axial-flow-submersible-pump\/"]}]},{"@type":"ImageObject","inLanguage":"es","@id":"https:\/\/prolead-tw.com\/product\/water-pump\/large-axial-flow-submersible-pump\/#primaryimage","url":"https:\/\/prolead-tw.com\/wp-content\/uploads\/2024\/12\/Axial-1054-e1734485657766.jpg","contentUrl":"https:\/\/prolead-tw.com\/wp-content\/uploads\/2024\/12\/Axial-1054-e1734485657766.jpg","width":300,"height":351},{"@type":"BreadcrumbList","@id":"https:\/\/prolead-tw.com\/product\/water-pump\/large-axial-flow-submersible-pump\/#breadcrumb","itemListElement":[{"@type":"ListItem","position":1,"name":"\u9996\u9801","item":"https:\/\/prolead-tw.com\/"},{"@type":"ListItem","position":2,"name":"product","item":"https:\/\/prolead-tw.com\/product\/"},{"@type":"ListItem","position":3,"name":"Large Axial Flow Submersible Pump"}]},{"@type":"WebSite","@id":"https:\/\/prolead-tw.com\/#website","url":"https:\/\/prolead-tw.com\/","name":"Prolead","description":"Top Professional Supplier for Aquaculture Sector","publisher":{"@id":"https:\/\/prolead-tw.com\/#organization"},"potentialAction":[{"@type":"SearchAction","target":{"@type":"EntryPoint","urlTemplate":"https:\/\/prolead-tw.com\/?s={search_term_string}"},"query-input":{"@type":"PropertyValueSpecification","valueRequired":true,"valueName":"search_term_string"}}],"inLanguage":"es"},{"@type":"Organization","@id":"https:\/\/prolead-tw.com\/#organization","name":"Prolead","url":"https:\/\/prolead-tw.com\/","logo":{"@type":"ImageObject","inLanguage":"es","@id":"https:\/\/prolead-tw.com\/#\/schema\/logo\/image\/","url":"https:\/\/prolead-tw.com\/wp-content\/uploads\/2024\/11\/cropped-Prolead-\u5bf6\u529b\u570b\u969b-logo\u6a6b.png","contentUrl":"https:\/\/prolead-tw.com\/wp-content\/uploads\/2024\/11\/cropped-Prolead-\u5bf6\u529b\u570b\u969b-logo\u6a6b.png","width":1000,"height":334,"caption":"Prolead"},"image":{"@id":"https:\/\/prolead-tw.com\/#\/schema\/logo\/image\/"}}]}},"uagb_featured_image_src":{"full":["https:\/\/prolead-tw.com\/wp-content\/uploads\/2024\/12\/Axial-1054-e1734485657766.jpg",300,351,false],"thumbnail":["https:\/\/prolead-tw.com\/wp-content\/uploads\/2024\/12\/Axial-1054-150x150.jpg",150,150,true],"medium":["https:\/\/prolead-tw.com\/wp-content\/uploads\/2024\/12\/Axial-1054-256x300.jpg",256,300,true],"medium_large":["https:\/\/prolead-tw.com\/wp-content\/uploads\/2024\/12\/Axial-1054-e1734485657766.jpg",300,351,false],"large":["https:\/\/prolead-tw.com\/wp-content\/uploads\/2024\/12\/Axial-1054-e1734485657766.jpg",300,351,false],"1536x1536":["https:\/\/prolead-tw.com\/wp-content\/uploads\/2024\/12\/Axial-1054-e1734485657766.jpg",300,351,false],"2048x2048":["https:\/\/prolead-tw.com\/wp-content\/uploads\/2024\/12\/Axial-1054-e1734485657766.jpg",300,351,false],"trp-custom-language-flag":["https:\/\/prolead-tw.com\/wp-content\/uploads\/2024\/12\/Axial-1054-10x12.jpg",10,12,true],"mailpoet_newsletter_max":["https:\/\/prolead-tw.com\/wp-content\/uploads\/2024\/12\/Axial-1054-e1734485657766.jpg",300,351,false],"woocommerce_thumbnail":["https:\/\/prolead-tw.com\/wp-content\/uploads\/2024\/12\/Axial-1054-300x300.jpg",300,300,true],"woocommerce_single":["https:\/\/prolead-tw.com\/wp-content\/uploads\/2024\/12\/Axial-1054-e1734485657766.jpg",300,351,false],"woocommerce_gallery_thumbnail":["https:\/\/prolead-tw.com\/wp-content\/uploads\/2024\/12\/Axial-1054-100x100.jpg",100,100,true]},"uagb_author_info":{"display_name":"Prolead","author_link":"https:\/\/prolead-tw.com\/es\/author\/"},"uagb_comment_info":0,"uagb_excerpt":"Large Axial Flow Submersible pump equips axial impeller and wide caliber are designed for higher water flow, which work for aquaculture, agriculture, draining.","_links":{"self":[{"href":"https:\/\/prolead-tw.com\/es\/wp-json\/wp\/v2\/product\/4577","targetHints":{"allow":["GET"]}}],"collection":[{"href":"https:\/\/prolead-tw.com\/es\/wp-json\/wp\/v2\/product"}],"about":[{"href":"https:\/\/prolead-tw.com\/es\/wp-json\/wp\/v2\/types\/product"}],"version-history":[{"count":3,"href":"https:\/\/prolead-tw.com\/es\/wp-json\/wp\/v2\/product\/4577\/revisions"}],"predecessor-version":[{"id":4582,"href":"https:\/\/prolead-tw.com\/es\/wp-json\/wp\/v2\/product\/4577\/revisions\/4582"}],"wp:featuredmedia":[{"embeddable":true,"href":"https:\/\/prolead-tw.com\/es\/wp-json\/wp\/v2\/media\/4578"}],"wp:attachment":[{"href":"https:\/\/prolead-tw.com\/es\/wp-json\/wp\/v2\/media?parent=4577"}],"wp:term":[{"taxonomy":"product_brand","embeddable":true,"href":"https:\/\/prolead-tw.com\/es\/wp-json\/wp\/v2\/product_brand?post=4577"},{"taxonomy":"product_cat","embeddable":true,"href":"https:\/\/prolead-tw.com\/es\/wp-json\/wp\/v2\/product_cat?post=4577"},{"taxonomy":"product_tag","embeddable":true,"href":"https:\/\/prolead-tw.com\/es\/wp-json\/wp\/v2\/product_tag?post=4577"}],"curies":[{"name":"wp","href":"https:\/\/api.w.org\/{rel}","templated":true}]}}