{"id":4458,"date":"2024-12-12T08:55:08","date_gmt":"2024-12-12T00:55:08","guid":{"rendered":"https:\/\/www.prolead-tw.com\/?post_type=product&#038;p=4458"},"modified":"2025-04-04T17:47:26","modified_gmt":"2025-04-04T09:47:26","slug":"jet-aerator","status":"publish","type":"product","link":"https:\/\/prolead-tw.com\/es\/producto\/deep-water-aeartor\/jet-aerator\/","title":{"rendered":"Aireador a chorro"},"content":{"rendered":"<h1>Aireadores de chorro<\/h1>\n<p>Los aireadores a chorro son un equipo ideal que funciona con el aireador de rueda de paletas que ofrece el mejor rendimiento del agua, aumenta la transferencia de ox\u00edgeno al agua y proporciona una excelente mezcla y circulaci\u00f3n del agua, creando el mejor ambiente para los camarones y los peces, y los aireadores a chorro son un equipo ideal que funciona con el <a href=\"https:\/\/prolead-tw.com\/es\/product\/paddlewheel-aerator\/paddlewheel-aerator\/\">Aireador de rueda de paletas<\/a> Ofreciendo la mejor agua actualmente.<img fetchpriority=\"high\" decoding=\"async\" class=\"aligncenter size-full wp-image-4459\" src=\"http:\/\/www.prolead-tw.com\/wp-content\/uploads\/2024\/12\/Air-Injector.jpg\" alt=\"\" width=\"300\" height=\"300\" srcset=\"https:\/\/prolead-tw.com\/wp-content\/uploads\/2024\/12\/Air-Injector.jpg 300w, https:\/\/prolead-tw.com\/wp-content\/uploads\/2024\/12\/Air-Injector-150x150.jpg 150w, https:\/\/prolead-tw.com\/wp-content\/uploads\/2024\/12\/Air-Injector-12x12.jpg 12w, https:\/\/prolead-tw.com\/wp-content\/uploads\/2024\/12\/Air-Injector-100x100.jpg 100w\" sizes=\"(max-width: 300px) 100vw, 300px\" \/><\/p>\n<h2>Aireadores de chorro tambi\u00e9n llamados aireadores de aireaci\u00f3n profunda<\/h2>\n<h3><strong>Caracter\u00edstica del aireador a chorro:\u00a0<\/strong><\/h3>\n<ol>\n<li>Aumenta la transferencia de ox\u00edgeno al agua y proporciona una excelente mezcla y circulaci\u00f3n del agua.<\/li>\n<li>Creando una fuerte corriente de agua para mezclar eficazmente todas las capas de agua.<\/li>\n<li>Funciona para una buena reactivaci\u00f3n en el fondo del estanque y mantiene un mejor ambiente para los camarones o peces.<\/li>\n<li>Un equipo ideal funciona con el <a href=\"https:\/\/prolead-tw.com\/es\/categoria-producto\/paddlewheel-aerator\/\">Paddle wheel Aerator<\/a> ofreciendo una buena calidad de agua.<\/li>\n<li>Adecuado en el tratamiento de aguas residuales.<\/li>\n<li>Alta eficiencia en transferencia de ox\u00edgeno y capacidad de mezcla.<\/li>\n<li>Mantenimiento f\u00e1cil<\/li>\n<li>Muy adecuada para su uso en cuencas de aireaci\u00f3n profunda<\/li>\n<li>Low installation, energy and maintenance costs<\/li>\n<li>Bajos costos operativos<\/li>\n<\/ol>\n<h3>Especializado en<\/h3>\n<ul>\n<li>Dep\u00f3sitos de ecualizaci\u00f3n en plantas de tratamiento de aguas residuales y aireaci\u00f3n de aguas residuales.<\/li>\n<li>Pozos h\u00famedos de aguas residuales y estaciones elevadoras<\/li>\n<li>Digestores aer\u00f3bicos<\/li>\n<li>Procesamiento de lixiviados de vertederos<\/li>\n<li>Tratamiento de residuos en mataderos, mataderos de aves, plantas procesadoras de pescado, etc.<\/li>\n<li>Tratamiento de residuos en las curtidur\u00edas (Art\u00edculo en Leather International)<\/li>\n<li>Pulpa y papel \u2013 aireaci\u00f3n de lodos residuales<\/li>\n<\/ul>\n<p><strong>Especificaci\u00f3n<\/strong><\/p>\n<table>\n<tbody>\n<tr>\n<td width=\"329\">Modelo<\/td>\n<td width=\"234\"><strong>A610<\/strong><\/td>\n<\/tr>\n<tr>\n<td width=\"329\">Fuerza<\/td>\n<td width=\"234\">Motor vertical 2P de 2 HP, trif\u00e1sico<\/td>\n<\/tr>\n<tr>\n<td width=\"329\">H\u00e9lice<\/td>\n<td width=\"234\">Pl\u00e1stico de ingenier\u00eda x 1<\/td>\n<\/tr>\n<tr>\n<td width=\"329\">Flotar<\/td>\n<td width=\"234\">HDPE 1.750 mm x 2<\/td>\n<\/tr>\n<tr>\n<td width=\"329\">Marco<\/td>\n<td width=\"234\">Nailon con fibra x 1<\/td>\n<\/tr>\n<tr>\n<td width=\"329\">Cubrir<\/td>\n<td width=\"234\">Nailon x 1<\/td>\n<\/tr>\n<tr>\n<td width=\"329\">Eje<\/td>\n<td width=\"234\">Acero inoxidable 304 x 1<\/td>\n<\/tr>\n<tr>\n<td width=\"329\">Dimensiones (montado)<\/td>\n<td width=\"234\">1,030 x 1,750 x 850 mm<\/td>\n<\/tr>\n<tr>\n<td width=\"329\">Capacidad de carga<\/td>\n<td width=\"234\">86 unidades \/ contenedor de 20 pies<\/td>\n<\/tr>\n<\/tbody>\n<\/table>\n<p><a href=\"https:\/\/en.wikipedia.org\/wiki\/Jet_aerators\"><b>Aireadores de chorro<\/b><\/a>\u00a0Se aplican en una amplia gama de aguas,\u00a0<a title=\"Wastewater\" href=\"https:\/\/en.wikipedia.org\/wiki\/Wastewater\">wastewater<\/a>\u00a0and\u00a0<a title=\"Biosolids\" href=\"https:\/\/en.wikipedia.org\/wiki\/Biosolids\">biosolids<\/a> Aplicaciones de tratamiento, que son buenas en la eficiencia de transferencia de ox\u00edgeno y ahorro de energ\u00eda. En la mayor\u00eda de las aplicaciones de aguas residuales industriales y bios\u00f3lidos, los aireadores de chorro funcionan con una eficiencia de transferencia de ox\u00edgeno superior en comparaci\u00f3n con otras tecnolog\u00edas de aireaci\u00f3n. Las condiciones hidrodin\u00e1micas dentro del chorro y la nube de burbujas finas producen una renovaci\u00f3n continua de la superficie en la interfaz gas\/l\u00edquido, lo que resulta en factores alfa m\u00e1s altos.<\/p>\n<p>&nbsp;<\/p>\n<div class=\"mw-heading mw-heading3\"><\/div>","protected":false},"excerpt":{"rendered":"<p>Los aireadores Jet son un equipo ideal que funciona con el aireador de ruedas de paletas que ofrece el mejor agua del momento.<\/p>\n<p>La transferencia de ox\u00edgeno es muy r\u00e1pida<\/p>\n<p>&nbsp;<\/p>","protected":false},"featured_media":4459,"template":"","meta":{"_uag_custom_page_level_css":"","site-sidebar-layout":"default","site-content-layout":"","ast-site-content-layout":"default","site-content-style":"default","site-sidebar-style":"default","ast-global-header-display":"","ast-banner-title-visibility":"","ast-main-header-display":"","ast-hfb-above-header-display":"","ast-hfb-below-header-display":"","ast-hfb-mobile-header-display":"","site-post-title":"","ast-breadcrumbs-content":"","ast-featured-img":"","footer-sml-layout":"","ast-disable-related-posts":"","theme-transparent-header-meta":"default","adv-header-id-meta":"","stick-header-meta":"default","header-above-stick-meta":"","header-main-stick-meta":"","header-below-stick-meta":"","astra-migrate-meta-layouts":"set","ast-page-background-enabled":"default","ast-page-background-meta":{"desktop":{"background-color":"","background-image":"","background-repeat":"repeat","background-position":"center center","background-size":"auto","background-attachment":"scroll","background-type":"","background-media":"","overlay-type":"","overlay-color":"","overlay-opacity":"","overlay-gradient":""},"tablet":{"background-color":"","background-image":"","background-repeat":"repeat","background-position":"center center","background-size":"auto","background-attachment":"scroll","background-type":"","background-media":"","overlay-type":"","overlay-color":"","overlay-opacity":"","overlay-gradient":""},"mobile":{"background-color":"","background-image":"","background-repeat":"repeat","background-position":"center center","background-size":"auto","background-attachment":"scroll","background-type":"","background-media":"","overlay-type":"","overlay-color":"","overlay-opacity":"","overlay-gradient":""}},"ast-content-background-meta":{"desktop":{"background-color":"var(--ast-global-color-5)","background-image":"","background-repeat":"repeat","background-position":"center center","background-size":"auto","background-attachment":"scroll","background-type":"","background-media":"","overlay-type":"","overlay-color":"","overlay-opacity":"","overlay-gradient":""},"tablet":{"background-color":"var(--ast-global-color-5)","background-image":"","background-repeat":"repeat","background-position":"center center","background-size":"auto","background-attachment":"scroll","background-type":"","background-media":"","overlay-type":"","overlay-color":"","overlay-opacity":"","overlay-gradient":""},"mobile":{"background-color":"var(--ast-global-color-5)","background-image":"","background-repeat":"repeat","background-position":"center center","background-size":"auto","background-attachment":"scroll","background-type":"","background-media":"","overlay-type":"","overlay-color":"","overlay-opacity":"","overlay-gradient":""}}},"product_brand":[],"product_cat":[149],"product_tag":[],"class_list":{"0":"post-4458","1":"product","2":"type-product","3":"status-publish","4":"has-post-thumbnail","6":"product_cat-deep-water-aeartor","7":"desktop-align-left","8":"tablet-align-left","9":"mobile-align-left","11":"first","12":"instock","13":"shipping-taxable","14":"product-type-simple"},"yoast_head":"<!-- This site is optimized with the Yoast SEO plugin v26.8 - https:\/\/yoast.com\/product\/yoast-seo-wordpress\/ -->\n<title>Jet Aerator - Prolead<\/title>\n<meta name=\"description\" content=\"Jet Aerators increases oxygen transfer into water, and provide excellent water mixing and circulation, creating a best environment for shrimp and fish.\" \/>\n<meta name=\"robots\" content=\"index, follow, max-snippet:-1, max-image-preview:large, max-video-preview:-1\" \/>\n<link rel=\"canonical\" href=\"https:\/\/prolead-tw.com\/es\/product\/deep-water-aeartor\/jet-aerator\/\" \/>\n<meta property=\"og:locale\" content=\"es_ES\" \/>\n<meta property=\"og:type\" content=\"article\" \/>\n<meta property=\"og:title\" content=\"Jet Aerator - Prolead\" \/>\n<meta property=\"og:description\" content=\"Jet Aerators increases oxygen transfer into water, and provide excellent water mixing and circulation, creating a best environment for shrimp and fish.\" \/>\n<meta property=\"og:url\" content=\"https:\/\/prolead-tw.com\/es\/product\/deep-water-aeartor\/jet-aerator\/\" \/>\n<meta property=\"og:site_name\" content=\"Prolead\" \/>\n<meta property=\"article:modified_time\" content=\"2025-04-04T09:47:26+00:00\" \/>\n<meta property=\"og:image\" content=\"https:\/\/prolead-tw.com\/wp-content\/uploads\/2024\/12\/Air-Injector.jpg\" \/>\n\t<meta property=\"og:image:width\" content=\"300\" \/>\n\t<meta property=\"og:image:height\" content=\"300\" \/>\n\t<meta property=\"og:image:type\" content=\"image\/jpeg\" \/>\n<meta name=\"twitter:card\" content=\"summary_large_image\" \/>\n<meta name=\"twitter:label1\" content=\"Tiempo de lectura\" \/>\n\t<meta name=\"twitter:data1\" content=\"3 minutos\" \/>\n<script type=\"application\/ld+json\" class=\"yoast-schema-graph\">{\"@context\":\"https:\/\/schema.org\",\"@graph\":[{\"@type\":\"WebPage\",\"@id\":\"https:\/\/prolead-tw.com\/product\/deep-water-aeartor\/jet-aerator\/\",\"url\":\"https:\/\/prolead-tw.com\/product\/deep-water-aeartor\/jet-aerator\/\",\"name\":\"Jet Aerator - Prolead\",\"isPartOf\":{\"@id\":\"https:\/\/prolead-tw.com\/#website\"},\"primaryImageOfPage\":{\"@id\":\"https:\/\/prolead-tw.com\/product\/deep-water-aeartor\/jet-aerator\/#primaryimage\"},\"image\":{\"@id\":\"https:\/\/prolead-tw.com\/product\/deep-water-aeartor\/jet-aerator\/#primaryimage\"},\"thumbnailUrl\":\"https:\/\/prolead-tw.com\/wp-content\/uploads\/2024\/12\/Air-Injector.jpg\",\"datePublished\":\"2024-12-12T00:55:08+00:00\",\"dateModified\":\"2025-04-04T09:47:26+00:00\",\"description\":\"Jet Aerators increases oxygen transfer into water, and provide excellent water mixing and circulation, creating a best environment for shrimp and fish.\",\"breadcrumb\":{\"@id\":\"https:\/\/prolead-tw.com\/product\/deep-water-aeartor\/jet-aerator\/#breadcrumb\"},\"inLanguage\":\"es\",\"potentialAction\":[{\"@type\":\"ReadAction\",\"target\":[\"https:\/\/prolead-tw.com\/product\/deep-water-aeartor\/jet-aerator\/\"]}]},{\"@type\":\"ImageObject\",\"inLanguage\":\"es\",\"@id\":\"https:\/\/prolead-tw.com\/product\/deep-water-aeartor\/jet-aerator\/#primaryimage\",\"url\":\"https:\/\/prolead-tw.com\/wp-content\/uploads\/2024\/12\/Air-Injector.jpg\",\"contentUrl\":\"https:\/\/prolead-tw.com\/wp-content\/uploads\/2024\/12\/Air-Injector.jpg\",\"width\":300,\"height\":300,\"caption\":\"Jet Aerator work enhance the oxygen of ponds, is a deep aeration aerator\"},{\"@type\":\"BreadcrumbList\",\"@id\":\"https:\/\/prolead-tw.com\/product\/deep-water-aeartor\/jet-aerator\/#breadcrumb\",\"itemListElement\":[{\"@type\":\"ListItem\",\"position\":1,\"name\":\"\u9996\u9801\",\"item\":\"https:\/\/prolead-tw.com\/\"},{\"@type\":\"ListItem\",\"position\":2,\"name\":\"product\",\"item\":\"https:\/\/prolead-tw.com\/product\/\"},{\"@type\":\"ListItem\",\"position\":3,\"name\":\"Jet Aerator\"}]},{\"@type\":\"WebSite\",\"@id\":\"https:\/\/prolead-tw.com\/#website\",\"url\":\"https:\/\/prolead-tw.com\/\",\"name\":\"Prolead\",\"description\":\"Top Professional Supplier for Aquaculture Sector\",\"publisher\":{\"@id\":\"https:\/\/prolead-tw.com\/#organization\"},\"potentialAction\":[{\"@type\":\"SearchAction\",\"target\":{\"@type\":\"EntryPoint\",\"urlTemplate\":\"https:\/\/prolead-tw.com\/?s={search_term_string}\"},\"query-input\":{\"@type\":\"PropertyValueSpecification\",\"valueRequired\":true,\"valueName\":\"search_term_string\"}}],\"inLanguage\":\"es\"},{\"@type\":\"Organization\",\"@id\":\"https:\/\/prolead-tw.com\/#organization\",\"name\":\"Prolead\",\"url\":\"https:\/\/prolead-tw.com\/\",\"logo\":{\"@type\":\"ImageObject\",\"inLanguage\":\"es\",\"@id\":\"https:\/\/prolead-tw.com\/#\/schema\/logo\/image\/\",\"url\":\"https:\/\/prolead-tw.com\/wp-content\/uploads\/2024\/11\/cropped-Prolead-\u5bf6\u529b\u570b\u969b-logo\u6a6b.png\",\"contentUrl\":\"https:\/\/prolead-tw.com\/wp-content\/uploads\/2024\/11\/cropped-Prolead-\u5bf6\u529b\u570b\u969b-logo\u6a6b.png\",\"width\":1000,\"height\":334,\"caption\":\"Prolead\"},\"image\":{\"@id\":\"https:\/\/prolead-tw.com\/#\/schema\/logo\/image\/\"}}]}<\/script>\n<!-- \/ Yoast SEO plugin. -->","yoast_head_json":{"title":"Jet Aerator - Prolead","description":"Jet Aerators increases oxygen transfer into water, and provide excellent water mixing and circulation, creating a best environment for shrimp and fish.","robots":{"index":"index","follow":"follow","max-snippet":"max-snippet:-1","max-image-preview":"max-image-preview:large","max-video-preview":"max-video-preview:-1"},"canonical":"https:\/\/prolead-tw.com\/es\/product\/deep-water-aeartor\/jet-aerator\/","og_locale":"es_ES","og_type":"article","og_title":"Jet Aerator - Prolead","og_description":"Jet Aerators increases oxygen transfer into water, and provide excellent water mixing and circulation, creating a best environment for shrimp and fish.","og_url":"https:\/\/prolead-tw.com\/es\/product\/deep-water-aeartor\/jet-aerator\/","og_site_name":"Prolead","article_modified_time":"2025-04-04T09:47:26+00:00","og_image":[{"width":300,"height":300,"url":"https:\/\/prolead-tw.com\/wp-content\/uploads\/2024\/12\/Air-Injector.jpg","type":"image\/jpeg"}],"twitter_card":"summary_large_image","twitter_misc":{"Tiempo de lectura":"3 minutos"},"schema":{"@context":"https:\/\/schema.org","@graph":[{"@type":"WebPage","@id":"https:\/\/prolead-tw.com\/product\/deep-water-aeartor\/jet-aerator\/","url":"https:\/\/prolead-tw.com\/product\/deep-water-aeartor\/jet-aerator\/","name":"Jet Aerator - Prolead","isPartOf":{"@id":"https:\/\/prolead-tw.com\/#website"},"primaryImageOfPage":{"@id":"https:\/\/prolead-tw.com\/product\/deep-water-aeartor\/jet-aerator\/#primaryimage"},"image":{"@id":"https:\/\/prolead-tw.com\/product\/deep-water-aeartor\/jet-aerator\/#primaryimage"},"thumbnailUrl":"https:\/\/prolead-tw.com\/wp-content\/uploads\/2024\/12\/Air-Injector.jpg","datePublished":"2024-12-12T00:55:08+00:00","dateModified":"2025-04-04T09:47:26+00:00","description":"Jet Aerators increases oxygen transfer into water, and provide excellent water mixing and circulation, creating a best environment for shrimp and fish.","breadcrumb":{"@id":"https:\/\/prolead-tw.com\/product\/deep-water-aeartor\/jet-aerator\/#breadcrumb"},"inLanguage":"es","potentialAction":[{"@type":"ReadAction","target":["https:\/\/prolead-tw.com\/product\/deep-water-aeartor\/jet-aerator\/"]}]},{"@type":"ImageObject","inLanguage":"es","@id":"https:\/\/prolead-tw.com\/product\/deep-water-aeartor\/jet-aerator\/#primaryimage","url":"https:\/\/prolead-tw.com\/wp-content\/uploads\/2024\/12\/Air-Injector.jpg","contentUrl":"https:\/\/prolead-tw.com\/wp-content\/uploads\/2024\/12\/Air-Injector.jpg","width":300,"height":300,"caption":"Jet Aerator work enhance the oxygen of ponds, is a deep aeration aerator"},{"@type":"BreadcrumbList","@id":"https:\/\/prolead-tw.com\/product\/deep-water-aeartor\/jet-aerator\/#breadcrumb","itemListElement":[{"@type":"ListItem","position":1,"name":"\u9996\u9801","item":"https:\/\/prolead-tw.com\/"},{"@type":"ListItem","position":2,"name":"product","item":"https:\/\/prolead-tw.com\/product\/"},{"@type":"ListItem","position":3,"name":"Jet Aerator"}]},{"@type":"WebSite","@id":"https:\/\/prolead-tw.com\/#website","url":"https:\/\/prolead-tw.com\/","name":"Prolead","description":"Top Professional Supplier for Aquaculture Sector","publisher":{"@id":"https:\/\/prolead-tw.com\/#organization"},"potentialAction":[{"@type":"SearchAction","target":{"@type":"EntryPoint","urlTemplate":"https:\/\/prolead-tw.com\/?s={search_term_string}"},"query-input":{"@type":"PropertyValueSpecification","valueRequired":true,"valueName":"search_term_string"}}],"inLanguage":"es"},{"@type":"Organization","@id":"https:\/\/prolead-tw.com\/#organization","name":"Prolead","url":"https:\/\/prolead-tw.com\/","logo":{"@type":"ImageObject","inLanguage":"es","@id":"https:\/\/prolead-tw.com\/#\/schema\/logo\/image\/","url":"https:\/\/prolead-tw.com\/wp-content\/uploads\/2024\/11\/cropped-Prolead-\u5bf6\u529b\u570b\u969b-logo\u6a6b.png","contentUrl":"https:\/\/prolead-tw.com\/wp-content\/uploads\/2024\/11\/cropped-Prolead-\u5bf6\u529b\u570b\u969b-logo\u6a6b.png","width":1000,"height":334,"caption":"Prolead"},"image":{"@id":"https:\/\/prolead-tw.com\/#\/schema\/logo\/image\/"}}]}},"uagb_featured_image_src":{"full":["https:\/\/prolead-tw.com\/wp-content\/uploads\/2024\/12\/Air-Injector.jpg",300,300,false],"thumbnail":["https:\/\/prolead-tw.com\/wp-content\/uploads\/2024\/12\/Air-Injector-150x150.jpg",150,150,true],"medium":["https:\/\/prolead-tw.com\/wp-content\/uploads\/2024\/12\/Air-Injector.jpg",300,300,false],"medium_large":["https:\/\/prolead-tw.com\/wp-content\/uploads\/2024\/12\/Air-Injector.jpg",300,300,false],"large":["https:\/\/prolead-tw.com\/wp-content\/uploads\/2024\/12\/Air-Injector.jpg",300,300,false],"1536x1536":["https:\/\/prolead-tw.com\/wp-content\/uploads\/2024\/12\/Air-Injector.jpg",300,300,false],"2048x2048":["https:\/\/prolead-tw.com\/wp-content\/uploads\/2024\/12\/Air-Injector.jpg",300,300,false],"trp-custom-language-flag":["https:\/\/prolead-tw.com\/wp-content\/uploads\/2024\/12\/Air-Injector-12x12.jpg",12,12,true],"mailpoet_newsletter_max":["https:\/\/prolead-tw.com\/wp-content\/uploads\/2024\/12\/Air-Injector.jpg",300,300,false],"woocommerce_thumbnail":["https:\/\/prolead-tw.com\/wp-content\/uploads\/2024\/12\/Air-Injector.jpg",300,300,false],"woocommerce_single":["https:\/\/prolead-tw.com\/wp-content\/uploads\/2024\/12\/Air-Injector.jpg",300,300,false],"woocommerce_gallery_thumbnail":["https:\/\/prolead-tw.com\/wp-content\/uploads\/2024\/12\/Air-Injector-100x100.jpg",100,100,true]},"uagb_author_info":{"display_name":"Prolead","author_link":"https:\/\/prolead-tw.com\/es\/author\/"},"uagb_comment_info":0,"uagb_excerpt":"Jet Aerators is an ideal equipment works with the Paddlewheel Aerator offering a best water currently. Oxygen transfer very quickly &nbsp;","_links":{"self":[{"href":"https:\/\/prolead-tw.com\/es\/wp-json\/wp\/v2\/product\/4458","targetHints":{"allow":["GET"]}}],"collection":[{"href":"https:\/\/prolead-tw.com\/es\/wp-json\/wp\/v2\/product"}],"about":[{"href":"https:\/\/prolead-tw.com\/es\/wp-json\/wp\/v2\/types\/product"}],"version-history":[{"count":13,"href":"https:\/\/prolead-tw.com\/es\/wp-json\/wp\/v2\/product\/4458\/revisions"}],"predecessor-version":[{"id":4837,"href":"https:\/\/prolead-tw.com\/es\/wp-json\/wp\/v2\/product\/4458\/revisions\/4837"}],"wp:featuredmedia":[{"embeddable":true,"href":"https:\/\/prolead-tw.com\/es\/wp-json\/wp\/v2\/media\/4459"}],"wp:attachment":[{"href":"https:\/\/prolead-tw.com\/es\/wp-json\/wp\/v2\/media?parent=4458"}],"wp:term":[{"taxonomy":"product_brand","embeddable":true,"href":"https:\/\/prolead-tw.com\/es\/wp-json\/wp\/v2\/product_brand?post=4458"},{"taxonomy":"product_cat","embeddable":true,"href":"https:\/\/prolead-tw.com\/es\/wp-json\/wp\/v2\/product_cat?post=4458"},{"taxonomy":"product_tag","embeddable":true,"href":"https:\/\/prolead-tw.com\/es\/wp-json\/wp\/v2\/product_tag?post=4458"}],"curies":[{"name":"wp","href":"https:\/\/api.w.org\/{rel}","templated":true}]}}