{"id":4446,"date":"2024-12-12T07:46:04","date_gmt":"2024-12-11T23:46:04","guid":{"rendered":"https:\/\/www.prolead-tw.com\/?post_type=product&#038;p=4446"},"modified":"2025-03-12T15:06:36","modified_gmt":"2025-03-12T07:06:36","slug":"diesel-engine-paddlewheel-aerator","status":"publish","type":"product","link":"https:\/\/prolead-tw.com\/es\/producto\/paddlewheel-aerator\/diesel-engine-paddlewheel-aerator\/","title":{"rendered":"Aireador de rueda de paletas para motor di\u00e9sel"},"content":{"rendered":"<p><img fetchpriority=\"high\" decoding=\"async\" class=\"aligncenter size-full wp-image-4442\" src=\"http:\/\/www.prolead-tw.com\/wp-content\/uploads\/2024\/11\/Diesel-Engine-Paddlewheel.jpg\" alt=\"\" width=\"958\" height=\"305\" srcset=\"https:\/\/prolead-tw.com\/wp-content\/uploads\/2024\/11\/Diesel-Engine-Paddlewheel.jpg 958w, https:\/\/prolead-tw.com\/wp-content\/uploads\/2024\/11\/Diesel-Engine-Paddlewheel-300x96.jpg 300w, https:\/\/prolead-tw.com\/wp-content\/uploads\/2024\/11\/Diesel-Engine-Paddlewheel-768x245.jpg 768w, https:\/\/prolead-tw.com\/wp-content\/uploads\/2024\/11\/Diesel-Engine-Paddlewheel-18x6.jpg 18w, https:\/\/prolead-tw.com\/wp-content\/uploads\/2024\/11\/Diesel-Engine-Paddlewheel-600x191.jpg 600w\" sizes=\"(max-width: 958px) 100vw, 958px\" \/><\/p>\n<h1>Diesel Engine Aerator<\/h1>\n<p><a href=\"https:\/\/en.wikipedia.org\/wiki\/Diesel_engine\">Diesel Engine Aerator<\/a> is suitable for aquaculture farming without electricity offering, providing stronger water current and improving pond circulation.<\/p>\n<p>&nbsp;<\/p>\n<p><img decoding=\"async\" class=\"wp-image-4440 alignleft lazyload\" data-src=\"http:\/\/www.prolead-tw.com\/wp-content\/uploads\/2024\/11\/20170522_145001-01-1024x1024.jpg\" alt=\"\" width=\"299\" height=\"299\" data-srcset=\"https:\/\/prolead-tw.com\/wp-content\/uploads\/2024\/11\/20170522_145001-01-1024x1024.jpg 1024w, https:\/\/prolead-tw.com\/wp-content\/uploads\/2024\/11\/20170522_145001-01-300x300.jpg 300w, https:\/\/prolead-tw.com\/wp-content\/uploads\/2024\/11\/20170522_145001-01-150x150.jpg 150w, https:\/\/prolead-tw.com\/wp-content\/uploads\/2024\/11\/20170522_145001-01-768x768.jpg 768w, https:\/\/prolead-tw.com\/wp-content\/uploads\/2024\/11\/20170522_145001-01-1536x1536.jpg 1536w, https:\/\/prolead-tw.com\/wp-content\/uploads\/2024\/11\/20170522_145001-01-2048x2048.jpg 2048w, https:\/\/prolead-tw.com\/wp-content\/uploads\/2024\/11\/20170522_145001-01-12x12.jpg 12w, https:\/\/prolead-tw.com\/wp-content\/uploads\/2024\/11\/20170522_145001-01-1320x1320.jpg 1320w, https:\/\/prolead-tw.com\/wp-content\/uploads\/2024\/11\/20170522_145001-01-600x600.jpg 600w, https:\/\/prolead-tw.com\/wp-content\/uploads\/2024\/11\/20170522_145001-01-100x100.jpg 100w\" data-sizes=\"(max-width: 299px) 100vw, 299px\" src=\"data:image\/svg+xml;base64,PHN2ZyB3aWR0aD0iMSIgaGVpZ2h0PSIxIiB4bWxucz0iaHR0cDovL3d3dy53My5vcmcvMjAwMC9zdmciPjwvc3ZnPg==\" style=\"--smush-placeholder-width: 299px; --smush-placeholder-aspect-ratio: 299\/299;\" \/><\/p>\n<p>&nbsp;<\/p>\n<p>&nbsp;<\/p>\n<p>Caracter\u00edstica:<\/p>\n<ul>\n<li>Driven by <a href=\"https:\/\/prolead-tw.com\/es\/categoria-producto\/diesel-engine\/\">Motor di\u00e9sel<\/a>, best option for area without electricity.<\/li>\n<li>Equipado con m\u00e1s impulsores, trabaja para un \u00e1rea m\u00e1s grande, proporciona una corriente de agua m\u00e1s fuerte y mejora la circulaci\u00f3n del agua y la oxigenaci\u00f3n.<\/li>\n<li>Se garantiza que \u201cmateriales 100% nuevos\u201d.<\/li>\n<\/ul>\n<p>&nbsp;<\/p>\n<p>&nbsp;<\/p>\n<p><strong>Especificaci\u00f3n:<\/strong><\/p>\n<table>\n<tbody>\n<tr>\n<td>\n<p style=\"text-align: center;\">Modelo<\/p>\n<\/td>\n<td style=\"text-align: center;\">HP<\/td>\n<td style=\"text-align: center;\">N\u00famero de impulsores<\/td>\n<\/tr>\n<tr>\n<td>\n<p style=\"text-align: center;\">A-1011<\/p>\n<\/td>\n<td style=\"text-align: center;\">10<\/td>\n<td>\n<p style=\"text-align: center;\">11<\/p>\n<\/td>\n<\/tr>\n<tr>\n<td style=\"text-align: center;\">A-1014<\/td>\n<td style=\"text-align: center;\">10<\/td>\n<td>\n<p style=\"text-align: center;\">14<\/p>\n<\/td>\n<\/tr>\n<\/tbody>\n<\/table>\n<h5>Caracter\u00edstica:<\/h5>\n<h2>Taiwan Diesel paddlewheel aerator<\/h2>\n<p>is Suitable for aquaculture farming without electricity offering.<br \/>\nProporcionando una corriente de agua m\u00e1s fuerte y mejorando la circulaci\u00f3n y oxigenaci\u00f3n del agua del estanque.<\/p>\n<p>Un mayor n\u00famero de impulsores puede beneficiar a los estanques de acuicultura de gran tama\u00f1o.<br \/>\nDurable Diesel Engine equipped will reduce maintenance and labor costs.<\/p>\n<p>Se utilizan \u201cmaterias primas 100% nuevas\u201d para una vida \u00fatil prolongada.<\/p>\n<h2><\/h2>\n<p>&nbsp;<\/p>\n<h3 data-start=\"0\" data-end=\"61\"><strong data-start=\"4\" data-end=\"59\">Why Use a Diesel Engine <a href=\"https:\/\/prolead-tw.com\/es\/categoria-producto\/paddlewheel-aerator\/\">Paddlewheel<\/a> in Aquaculture?<\/strong><\/h3>\n<p data-start=\"63\" data-end=\"297\">A <strong data-start=\"65\" data-end=\"102\">diesel engine paddlewheel aerator<\/strong> is widely used in aquaculture, especially in shrimp and fish farming, to <strong data-start=\"176\" data-end=\"266\">improve oxygenation, maintain water circulation, and enhance overall pond productivity<\/strong>. Here\u2019s why it\u2019s beneficial:<\/p>\n<hr data-start=\"299\" data-end=\"302\" \/>\n<h3 data-start=\"304\" data-end=\"344\"><strong data-start=\"308\" data-end=\"342\">1. High-Efficiency Oxygenation<\/strong><\/h3>\n<ul data-start=\"345\" data-end=\"593\">\n<li data-start=\"345\" data-end=\"470\"><strong data-start=\"347\" data-end=\"382\">Increases dissolved oxygen (DO)<\/strong>: <a href=\"https:\/\/www.grenergyinc.com.tw\/en\/paddle_wheel_02\/\">Paddlewheel aerators<\/a> help maintain optimal oxygen levels for fish and shrimp growth.<\/li>\n<li data-start=\"471\" data-end=\"593\"><strong data-start=\"473\" data-end=\"502\">Prevents oxygen depletion<\/strong>: Essential during high stocking densities and warm weather when oxygen demand is higher.<\/li>\n<\/ul>\n<hr data-start=\"595\" data-end=\"598\" \/>\n<h3 data-start=\"600\" data-end=\"637\"><strong data-start=\"604\" data-end=\"635\">2. Strong Water Circulation<\/strong><\/h3>\n<ul data-start=\"638\" data-end=\"930\">\n<li data-start=\"638\" data-end=\"790\"><strong data-start=\"640\" data-end=\"667\">Prevents stratification<\/strong>: Keeps the pond water mixed, preventing oxygen-rich water from staying on the surface while the bottom becomes stagnant.<\/li>\n<li data-start=\"791\" data-end=\"930\"><strong data-start=\"793\" data-end=\"819\">Promotes waste removal<\/strong>: Moves uneaten feed, fish waste, and other debris toward designated drainage areas, improving water quality.<\/li>\n<\/ul>\n<hr data-start=\"932\" data-end=\"935\" \/>\n<h3 data-start=\"937\" data-end=\"988\"><strong data-start=\"941\" data-end=\"986\">3. Reliable Power Source for Remote Areas<\/strong><\/h3>\n<ul data-start=\"989\" data-end=\"1256\">\n<li data-start=\"989\" data-end=\"1116\"><strong data-start=\"991\" data-end=\"1020\">Works without electricity<\/strong>: Ideal for farms in rural locations where electrical infrastructure is limited or unreliable.<\/li>\n<li data-start=\"1117\" data-end=\"1256\"><strong data-start=\"1119\" data-end=\"1139\">Stable operation<\/strong>: Diesel engines provide consistent power, making them suitable for <strong data-start=\"1207\" data-end=\"1253\">large ponds and high-intensity aquaculture<\/strong>.<\/li>\n<\/ul>\n<hr data-start=\"1258\" data-end=\"1261\" \/>\n<h3 data-start=\"1263\" data-end=\"1305\"><strong data-start=\"1267\" data-end=\"1303\">4. Enhances Shrimp &amp; Fish Growth<\/strong><\/h3>\n<ul data-start=\"1306\" data-end=\"1596\">\n<li data-start=\"1306\" data-end=\"1459\"><strong data-start=\"1308\" data-end=\"1338\">Reduces stress &amp; mortality<\/strong>: Adequate oxygen and water movement ensure a healthier environment, leading to better growth rates and survival rates.<\/li>\n<li data-start=\"1460\" data-end=\"1596\"><strong data-start=\"1462\" data-end=\"1502\">Improves feed conversion ratio (FCR)<\/strong>: Well-aerated ponds help shrimp and fish digest food more efficiently, reducing feed costs.<\/li>\n<\/ul>\n<hr data-start=\"1598\" data-end=\"1601\" \/>\n<h3 data-start=\"1603\" data-end=\"1640\"><strong data-start=\"1607\" data-end=\"1638\">5. Cost-Effective &amp; Durable<\/strong><\/h3>\n<ul data-start=\"1641\" data-end=\"1902\">\n<li data-start=\"1641\" data-end=\"1775\"><strong data-start=\"1643\" data-end=\"1698\">Lower operating costs compared to electric aerators<\/strong>: Diesel fuel is often more economical in areas with expensive electricity.<\/li>\n<li data-start=\"1776\" data-end=\"1902\"><strong data-start=\"1778\" data-end=\"1813\">Long-lasting &amp; high performance<\/strong>: Diesel engines are built for durability, withstanding harsh environmental conditions.<\/li>\n<\/ul>\n<hr data-start=\"1904\" data-end=\"1907\" \/>\n<h3 data-start=\"1909\" data-end=\"1958\"><strong data-start=\"1913\" data-end=\"1956\">6. Suitable for Large-Scale Aquaculture<\/strong><\/h3>\n<ul data-start=\"1959\" data-end=\"2193\">\n<li data-start=\"1959\" data-end=\"2078\"><strong data-start=\"1961\" data-end=\"2024\">Best for shrimp farms, fish ponds, and high-density farming<\/strong>: Provides strong aeration for large water surfaces.<\/li>\n<li data-start=\"2079\" data-end=\"2193\"><strong data-start=\"2081\" data-end=\"2111\">Customizable speed &amp; power<\/strong>: Diesel paddlewheels often allow adjustments to suit different pond conditions.<\/li>\n<\/ul>\n<h2>Where to use Diesel Engine Aerator ?<\/h2>\n<p>Driven by <a href=\"https:\/\/prolead-tw.com\/es\/categoria-producto\/diesel-engine\/\">Motor di\u00e9sel<\/a>, best option for the area without electricity.<\/p>\n<p>&nbsp;<\/p>","protected":false},"excerpt":{"rendered":"<h3>Diesel Engine Aerator is suitable for aquaculture farming without electricity offering, providing stronger water current and improving pond circulation.<\/h3>","protected":false},"featured_media":4456,"template":"","meta":{"_uag_custom_page_level_css":"","site-sidebar-layout":"default","site-content-layout":"","ast-site-content-layout":"default","site-content-style":"default","site-sidebar-style":"default","ast-global-header-display":"","ast-banner-title-visibility":"","ast-main-header-display":"","ast-hfb-above-header-display":"","ast-hfb-below-header-display":"","ast-hfb-mobile-header-display":"","site-post-title":"","ast-breadcrumbs-content":"","ast-featured-img":"","footer-sml-layout":"","ast-disable-related-posts":"","theme-transparent-header-meta":"default","adv-header-id-meta":"","stick-header-meta":"default","header-above-stick-meta":"","header-main-stick-meta":"","header-below-stick-meta":"","astra-migrate-meta-layouts":"set","ast-page-background-enabled":"default","ast-page-background-meta":{"desktop":{"background-color":"","background-image":"","background-repeat":"repeat","background-position":"center center","background-size":"auto","background-attachment":"scroll","background-type":"","background-media":"","overlay-type":"","overlay-color":"","overlay-opacity":"","overlay-gradient":""},"tablet":{"background-color":"","background-image":"","background-repeat":"repeat","background-position":"center center","background-size":"auto","background-attachment":"scroll","background-type":"","background-media":"","overlay-type":"","overlay-color":"","overlay-opacity":"","overlay-gradient":""},"mobile":{"background-color":"","background-image":"","background-repeat":"repeat","background-position":"center center","background-size":"auto","background-attachment":"scroll","background-type":"","background-media":"","overlay-type":"","overlay-color":"","overlay-opacity":"","overlay-gradient":""}},"ast-content-background-meta":{"desktop":{"background-color":"var(--ast-global-color-5)","background-image":"","background-repeat":"repeat","background-position":"center center","background-size":"auto","background-attachment":"scroll","background-type":"","background-media":"","overlay-type":"","overlay-color":"","overlay-opacity":"","overlay-gradient":""},"tablet":{"background-color":"var(--ast-global-color-5)","background-image":"","background-repeat":"repeat","background-position":"center center","background-size":"auto","background-attachment":"scroll","background-type":"","background-media":"","overlay-type":"","overlay-color":"","overlay-opacity":"","overlay-gradient":""},"mobile":{"background-color":"var(--ast-global-color-5)","background-image":"","background-repeat":"repeat","background-position":"center center","background-size":"auto","background-attachment":"scroll","background-type":"","background-media":"","overlay-type":"","overlay-color":"","overlay-opacity":"","overlay-gradient":""}}},"product_brand":[],"product_cat":[132],"product_tag":[],"class_list":{"0":"post-4446","1":"product","2":"type-product","3":"status-publish","4":"has-post-thumbnail","6":"product_cat-paddlewheel-aerator","7":"desktop-align-left","8":"tablet-align-left","9":"mobile-align-left","11":"first","12":"instock","13":"shipping-taxable","14":"product-type-simple"},"yoast_head":"<!-- This site is optimized with the Yoast SEO plugin v26.8 - https:\/\/yoast.com\/product\/yoast-seo-wordpress\/ -->\n<title>Diesel Engine Paddlewheel Aerator - Prolead<\/title>\n<meta name=\"description\" content=\"Diesel Engine Aerator is suitable for aquaculture farming without electricity offering, providing stronger water current and improving pond circulation.\" \/>\n<meta name=\"robots\" content=\"index, follow, max-snippet:-1, max-image-preview:large, max-video-preview:-1\" \/>\n<link rel=\"canonical\" href=\"https:\/\/prolead-tw.com\/es\/product\/paddlewheel-aerator\/diesel-engine-paddlewheel-aerator\/\" \/>\n<meta property=\"og:locale\" content=\"es_ES\" \/>\n<meta property=\"og:type\" content=\"article\" \/>\n<meta property=\"og:title\" content=\"Diesel Engine Paddlewheel Aerator - Prolead\" \/>\n<meta property=\"og:description\" content=\"Diesel Engine Aerator is suitable for aquaculture farming without electricity offering, providing stronger water current and improving pond circulation.\" \/>\n<meta property=\"og:url\" content=\"https:\/\/prolead-tw.com\/es\/product\/paddlewheel-aerator\/diesel-engine-paddlewheel-aerator\/\" \/>\n<meta property=\"og:site_name\" content=\"Prolead\" \/>\n<meta property=\"article:modified_time\" content=\"2025-03-12T07:06:36+00:00\" \/>\n<meta property=\"og:image\" content=\"https:\/\/prolead-tw.com\/wp-content\/uploads\/2024\/12\/Diesel-Engine-Drive.jpg\" \/>\n\t<meta property=\"og:image:width\" content=\"300\" \/>\n\t<meta property=\"og:image:height\" content=\"300\" \/>\n\t<meta property=\"og:image:type\" content=\"image\/jpeg\" \/>\n<meta name=\"twitter:card\" content=\"summary_large_image\" \/>\n<meta name=\"twitter:label1\" content=\"Tiempo de lectura\" \/>\n\t<meta name=\"twitter:data1\" content=\"3 minutos\" \/>\n<script type=\"application\/ld+json\" class=\"yoast-schema-graph\">{\"@context\":\"https:\/\/schema.org\",\"@graph\":[{\"@type\":\"WebPage\",\"@id\":\"https:\/\/prolead-tw.com\/product\/paddlewheel-aerator\/diesel-engine-paddlewheel-aerator\/\",\"url\":\"https:\/\/prolead-tw.com\/product\/paddlewheel-aerator\/diesel-engine-paddlewheel-aerator\/\",\"name\":\"Diesel Engine Paddlewheel Aerator - Prolead\",\"isPartOf\":{\"@id\":\"https:\/\/prolead-tw.com\/#website\"},\"primaryImageOfPage\":{\"@id\":\"https:\/\/prolead-tw.com\/product\/paddlewheel-aerator\/diesel-engine-paddlewheel-aerator\/#primaryimage\"},\"image\":{\"@id\":\"https:\/\/prolead-tw.com\/product\/paddlewheel-aerator\/diesel-engine-paddlewheel-aerator\/#primaryimage\"},\"thumbnailUrl\":\"https:\/\/prolead-tw.com\/wp-content\/uploads\/2024\/12\/Diesel-Engine-Drive.jpg\",\"datePublished\":\"2024-12-11T23:46:04+00:00\",\"dateModified\":\"2025-03-12T07:06:36+00:00\",\"description\":\"Diesel Engine Aerator is suitable for aquaculture farming without electricity offering, providing stronger water current and improving pond circulation.\",\"breadcrumb\":{\"@id\":\"https:\/\/prolead-tw.com\/product\/paddlewheel-aerator\/diesel-engine-paddlewheel-aerator\/#breadcrumb\"},\"inLanguage\":\"es\",\"potentialAction\":[{\"@type\":\"ReadAction\",\"target\":[\"https:\/\/prolead-tw.com\/product\/paddlewheel-aerator\/diesel-engine-paddlewheel-aerator\/\"]}]},{\"@type\":\"ImageObject\",\"inLanguage\":\"es\",\"@id\":\"https:\/\/prolead-tw.com\/product\/paddlewheel-aerator\/diesel-engine-paddlewheel-aerator\/#primaryimage\",\"url\":\"https:\/\/prolead-tw.com\/wp-content\/uploads\/2024\/12\/Diesel-Engine-Drive.jpg\",\"contentUrl\":\"https:\/\/prolead-tw.com\/wp-content\/uploads\/2024\/12\/Diesel-Engine-Drive.jpg\",\"width\":300,\"height\":300,\"caption\":\"Diesel aerator for shrimp ponds\"},{\"@type\":\"BreadcrumbList\",\"@id\":\"https:\/\/prolead-tw.com\/product\/paddlewheel-aerator\/diesel-engine-paddlewheel-aerator\/#breadcrumb\",\"itemListElement\":[{\"@type\":\"ListItem\",\"position\":1,\"name\":\"\u9996\u9801\",\"item\":\"https:\/\/prolead-tw.com\/\"},{\"@type\":\"ListItem\",\"position\":2,\"name\":\"product\",\"item\":\"https:\/\/prolead-tw.com\/product\/\"},{\"@type\":\"ListItem\",\"position\":3,\"name\":\"Diesel Engine Paddlewheel Aerator\"}]},{\"@type\":\"WebSite\",\"@id\":\"https:\/\/prolead-tw.com\/#website\",\"url\":\"https:\/\/prolead-tw.com\/\",\"name\":\"Prolead\",\"description\":\"Top Professional Supplier for Aquaculture Sector\",\"publisher\":{\"@id\":\"https:\/\/prolead-tw.com\/#organization\"},\"potentialAction\":[{\"@type\":\"SearchAction\",\"target\":{\"@type\":\"EntryPoint\",\"urlTemplate\":\"https:\/\/prolead-tw.com\/?s={search_term_string}\"},\"query-input\":{\"@type\":\"PropertyValueSpecification\",\"valueRequired\":true,\"valueName\":\"search_term_string\"}}],\"inLanguage\":\"es\"},{\"@type\":\"Organization\",\"@id\":\"https:\/\/prolead-tw.com\/#organization\",\"name\":\"Prolead\",\"url\":\"https:\/\/prolead-tw.com\/\",\"logo\":{\"@type\":\"ImageObject\",\"inLanguage\":\"es\",\"@id\":\"https:\/\/prolead-tw.com\/#\/schema\/logo\/image\/\",\"url\":\"https:\/\/prolead-tw.com\/wp-content\/uploads\/2024\/11\/cropped-Prolead-\u5bf6\u529b\u570b\u969b-logo\u6a6b.png\",\"contentUrl\":\"https:\/\/prolead-tw.com\/wp-content\/uploads\/2024\/11\/cropped-Prolead-\u5bf6\u529b\u570b\u969b-logo\u6a6b.png\",\"width\":1000,\"height\":334,\"caption\":\"Prolead\"},\"image\":{\"@id\":\"https:\/\/prolead-tw.com\/#\/schema\/logo\/image\/\"}}]}<\/script>\n<!-- \/ Yoast SEO plugin. -->","yoast_head_json":{"title":"Diesel Engine Paddlewheel Aerator - Prolead","description":"Diesel Engine Aerator is suitable for aquaculture farming without electricity offering, providing stronger water current and improving pond circulation.","robots":{"index":"index","follow":"follow","max-snippet":"max-snippet:-1","max-image-preview":"max-image-preview:large","max-video-preview":"max-video-preview:-1"},"canonical":"https:\/\/prolead-tw.com\/es\/product\/paddlewheel-aerator\/diesel-engine-paddlewheel-aerator\/","og_locale":"es_ES","og_type":"article","og_title":"Diesel Engine Paddlewheel Aerator - Prolead","og_description":"Diesel Engine Aerator is suitable for aquaculture farming without electricity offering, providing stronger water current and improving pond circulation.","og_url":"https:\/\/prolead-tw.com\/es\/product\/paddlewheel-aerator\/diesel-engine-paddlewheel-aerator\/","og_site_name":"Prolead","article_modified_time":"2025-03-12T07:06:36+00:00","og_image":[{"width":300,"height":300,"url":"https:\/\/prolead-tw.com\/wp-content\/uploads\/2024\/12\/Diesel-Engine-Drive.jpg","type":"image\/jpeg"}],"twitter_card":"summary_large_image","twitter_misc":{"Tiempo de lectura":"3 minutos"},"schema":{"@context":"https:\/\/schema.org","@graph":[{"@type":"WebPage","@id":"https:\/\/prolead-tw.com\/product\/paddlewheel-aerator\/diesel-engine-paddlewheel-aerator\/","url":"https:\/\/prolead-tw.com\/product\/paddlewheel-aerator\/diesel-engine-paddlewheel-aerator\/","name":"Diesel Engine Paddlewheel Aerator - Prolead","isPartOf":{"@id":"https:\/\/prolead-tw.com\/#website"},"primaryImageOfPage":{"@id":"https:\/\/prolead-tw.com\/product\/paddlewheel-aerator\/diesel-engine-paddlewheel-aerator\/#primaryimage"},"image":{"@id":"https:\/\/prolead-tw.com\/product\/paddlewheel-aerator\/diesel-engine-paddlewheel-aerator\/#primaryimage"},"thumbnailUrl":"https:\/\/prolead-tw.com\/wp-content\/uploads\/2024\/12\/Diesel-Engine-Drive.jpg","datePublished":"2024-12-11T23:46:04+00:00","dateModified":"2025-03-12T07:06:36+00:00","description":"Diesel Engine Aerator is suitable for aquaculture farming without electricity offering, providing stronger water current and improving pond circulation.","breadcrumb":{"@id":"https:\/\/prolead-tw.com\/product\/paddlewheel-aerator\/diesel-engine-paddlewheel-aerator\/#breadcrumb"},"inLanguage":"es","potentialAction":[{"@type":"ReadAction","target":["https:\/\/prolead-tw.com\/product\/paddlewheel-aerator\/diesel-engine-paddlewheel-aerator\/"]}]},{"@type":"ImageObject","inLanguage":"es","@id":"https:\/\/prolead-tw.com\/product\/paddlewheel-aerator\/diesel-engine-paddlewheel-aerator\/#primaryimage","url":"https:\/\/prolead-tw.com\/wp-content\/uploads\/2024\/12\/Diesel-Engine-Drive.jpg","contentUrl":"https:\/\/prolead-tw.com\/wp-content\/uploads\/2024\/12\/Diesel-Engine-Drive.jpg","width":300,"height":300,"caption":"Diesel aerator for shrimp ponds"},{"@type":"BreadcrumbList","@id":"https:\/\/prolead-tw.com\/product\/paddlewheel-aerator\/diesel-engine-paddlewheel-aerator\/#breadcrumb","itemListElement":[{"@type":"ListItem","position":1,"name":"\u9996\u9801","item":"https:\/\/prolead-tw.com\/"},{"@type":"ListItem","position":2,"name":"product","item":"https:\/\/prolead-tw.com\/product\/"},{"@type":"ListItem","position":3,"name":"Diesel Engine Paddlewheel Aerator"}]},{"@type":"WebSite","@id":"https:\/\/prolead-tw.com\/#website","url":"https:\/\/prolead-tw.com\/","name":"Prolead","description":"Top Professional Supplier for Aquaculture Sector","publisher":{"@id":"https:\/\/prolead-tw.com\/#organization"},"potentialAction":[{"@type":"SearchAction","target":{"@type":"EntryPoint","urlTemplate":"https:\/\/prolead-tw.com\/?s={search_term_string}"},"query-input":{"@type":"PropertyValueSpecification","valueRequired":true,"valueName":"search_term_string"}}],"inLanguage":"es"},{"@type":"Organization","@id":"https:\/\/prolead-tw.com\/#organization","name":"Prolead","url":"https:\/\/prolead-tw.com\/","logo":{"@type":"ImageObject","inLanguage":"es","@id":"https:\/\/prolead-tw.com\/#\/schema\/logo\/image\/","url":"https:\/\/prolead-tw.com\/wp-content\/uploads\/2024\/11\/cropped-Prolead-\u5bf6\u529b\u570b\u969b-logo\u6a6b.png","contentUrl":"https:\/\/prolead-tw.com\/wp-content\/uploads\/2024\/11\/cropped-Prolead-\u5bf6\u529b\u570b\u969b-logo\u6a6b.png","width":1000,"height":334,"caption":"Prolead"},"image":{"@id":"https:\/\/prolead-tw.com\/#\/schema\/logo\/image\/"}}]}},"uagb_featured_image_src":{"full":["https:\/\/prolead-tw.com\/wp-content\/uploads\/2024\/12\/Diesel-Engine-Drive.jpg",300,300,false],"thumbnail":["https:\/\/prolead-tw.com\/wp-content\/uploads\/2024\/12\/Diesel-Engine-Drive.jpg",150,150,false],"medium":["https:\/\/prolead-tw.com\/wp-content\/uploads\/2024\/12\/Diesel-Engine-Drive.jpg",300,300,false],"medium_large":["https:\/\/prolead-tw.com\/wp-content\/uploads\/2024\/12\/Diesel-Engine-Drive.jpg",300,300,false],"large":["https:\/\/prolead-tw.com\/wp-content\/uploads\/2024\/12\/Diesel-Engine-Drive.jpg",300,300,false],"1536x1536":["https:\/\/prolead-tw.com\/wp-content\/uploads\/2024\/12\/Diesel-Engine-Drive.jpg",300,300,false],"2048x2048":["https:\/\/prolead-tw.com\/wp-content\/uploads\/2024\/12\/Diesel-Engine-Drive.jpg",300,300,false],"trp-custom-language-flag":["https:\/\/prolead-tw.com\/wp-content\/uploads\/2024\/12\/Diesel-Engine-Drive.jpg",12,12,false],"mailpoet_newsletter_max":["https:\/\/prolead-tw.com\/wp-content\/uploads\/2024\/12\/Diesel-Engine-Drive.jpg",300,300,false],"woocommerce_thumbnail":["https:\/\/prolead-tw.com\/wp-content\/uploads\/2024\/12\/Diesel-Engine-Drive.jpg",300,300,false],"woocommerce_single":["https:\/\/prolead-tw.com\/wp-content\/uploads\/2024\/12\/Diesel-Engine-Drive.jpg",300,300,false],"woocommerce_gallery_thumbnail":["https:\/\/prolead-tw.com\/wp-content\/uploads\/2024\/12\/Diesel-Engine-Drive.jpg",100,100,false]},"uagb_author_info":{"display_name":"Prolead","author_link":"https:\/\/prolead-tw.com\/es\/author\/"},"uagb_comment_info":0,"uagb_excerpt":"Diesel Engine Aerator is suitable for aquaculture farming without electricity offering, providing stronger water current and improving pond circulation.","_links":{"self":[{"href":"https:\/\/prolead-tw.com\/es\/wp-json\/wp\/v2\/product\/4446","targetHints":{"allow":["GET"]}}],"collection":[{"href":"https:\/\/prolead-tw.com\/es\/wp-json\/wp\/v2\/product"}],"about":[{"href":"https:\/\/prolead-tw.com\/es\/wp-json\/wp\/v2\/types\/product"}],"version-history":[{"count":8,"href":"https:\/\/prolead-tw.com\/es\/wp-json\/wp\/v2\/product\/4446\/revisions"}],"predecessor-version":[{"id":4796,"href":"https:\/\/prolead-tw.com\/es\/wp-json\/wp\/v2\/product\/4446\/revisions\/4796"}],"wp:featuredmedia":[{"embeddable":true,"href":"https:\/\/prolead-tw.com\/es\/wp-json\/wp\/v2\/media\/4456"}],"wp:attachment":[{"href":"https:\/\/prolead-tw.com\/es\/wp-json\/wp\/v2\/media?parent=4446"}],"wp:term":[{"taxonomy":"product_brand","embeddable":true,"href":"https:\/\/prolead-tw.com\/es\/wp-json\/wp\/v2\/product_brand?post=4446"},{"taxonomy":"product_cat","embeddable":true,"href":"https:\/\/prolead-tw.com\/es\/wp-json\/wp\/v2\/product_cat?post=4446"},{"taxonomy":"product_tag","embeddable":true,"href":"https:\/\/prolead-tw.com\/es\/wp-json\/wp\/v2\/product_tag?post=4446"}],"curies":[{"name":"wp","href":"https:\/\/api.w.org\/{rel}","templated":true}]}}