{"id":4321,"date":"2024-11-26T23:13:23","date_gmt":"2024-11-26T15:13:23","guid":{"rendered":"https:\/\/www.prolead-tw.com\/?post_type=product&#038;p=4321"},"modified":"2024-12-20T14:43:09","modified_gmt":"2024-12-20T06:43:09","slug":"electrical-cables","status":"publish","type":"product","link":"https:\/\/prolead-tw.com\/es\/producto\/electrical-cable\/electrical-cables\/","title":{"rendered":"Cables el\u00e9ctricos"},"content":{"rendered":"<p><img fetchpriority=\"high\" decoding=\"async\" class=\"aligncenter size-full wp-image-4609\" src=\"http:\/\/www.prolead-tw.com\/wp-content\/uploads\/2024\/11\/electrical-cable-energy-technology-equipment-isolated-white_93675-129463.jpg\" alt=\"\" width=\"360\" height=\"540\" srcset=\"https:\/\/prolead-tw.com\/wp-content\/uploads\/2024\/11\/electrical-cable-energy-technology-equipment-isolated-white_93675-129463.jpg 360w, https:\/\/prolead-tw.com\/wp-content\/uploads\/2024\/11\/electrical-cable-energy-technology-equipment-isolated-white_93675-129463-200x300.jpg 200w, https:\/\/prolead-tw.com\/wp-content\/uploads\/2024\/11\/electrical-cable-energy-technology-equipment-isolated-white_93675-129463-8x12.jpg 8w\" sizes=\"(max-width: 360px) 100vw, 360px\" \/><\/p>\n<p>&nbsp;<\/p>\n<p>&nbsp;<\/p>\n<p>&nbsp;<\/p>\n<p><strong>Especificaci\u00f3n:<\/strong><\/p>\n<div class=\"table-container\">\n<table width=\"543\">\n<tbody>\n<tr>\n<td rowspan=\"2\" width=\"37\">ore<\/td>\n<td colspan=\"3\" width=\"209\">Conductora<\/td>\n<td rowspan=\"2\" width=\"85\">Conductora<br \/>\nResistencia<br \/>\n(20oC)<br \/>\n\u03a9\/KM<\/td>\n<td rowspan=\"2\" width=\"65\">Pruebas<br \/>\nVoltaje<br \/>\n(A.C.)<br \/>\nV\/Min.<\/td>\n<td rowspan=\"2\" width=\"85\">Aislante<br \/>\nResistencia<br \/>\n(20oC)<br \/>\nM\u03a9\/KM<\/td>\n<td rowspan=\"2\" width=\"60\">Longitud<br \/>\n(m)<\/td>\n<\/tr>\n<tr>\n<td width=\"78\">\u00c1rea\/Di\u00e1metro.<br \/>\n(mm<sup>2<\/sup>) (AWG)<\/td>\n<td width=\"77\">No.\/Dia,<br \/>\n(No\/mm)<\/td>\n<td width=\"54\">Di\u00e1metro exterior.<br \/>\n(mm)<\/td>\n<\/tr>\n<tr>\n<td>3<\/td>\n<td rowspan=\"2\">2.0 (14)<\/td>\n<td rowspan=\"2\">7\/0.6<\/td>\n<td rowspan=\"2\">1.8<\/td>\n<td rowspan=\"2\">9.42<\/td>\n<td rowspan=\"8\">1500<\/td>\n<td rowspan=\"8\">50<\/td>\n<td rowspan=\"3\">200<\/td>\n<\/tr>\n<tr>\n<td>4<\/td>\n<\/tr>\n<tr>\n<td>3<\/td>\n<td rowspan=\"2\">3.5 (12)<\/td>\n<td rowspan=\"2\">7\/0.8<\/td>\n<td rowspan=\"2\">2.4<\/td>\n<td rowspan=\"2\">5.30<\/td>\n<\/tr>\n<tr>\n<td>4<\/td>\n<td>150<\/td>\n<\/tr>\n<tr>\n<td>3<\/td>\n<td rowspan=\"2\">5.5 (10)<\/td>\n<td rowspan=\"2\">7\/1.0<\/td>\n<td rowspan=\"2\">3.0<\/td>\n<td rowspan=\"2\">3.40<\/td>\n<td rowspan=\"20\">300<\/td>\n<\/tr>\n<tr>\n<td>4<\/td>\n<\/tr>\n<tr>\n<td>3<\/td>\n<td rowspan=\"2\">8.0 (8)<\/td>\n<td rowspan=\"2\">7\/1.2<\/td>\n<td rowspan=\"2\">3.6<\/td>\n<td rowspan=\"2\">2.36<\/td>\n<\/tr>\n<tr>\n<td>4<\/td>\n<\/tr>\n<tr>\n<td>3<\/td>\n<td rowspan=\"2\">14.0 (6)<\/td>\n<td rowspan=\"2\">7\/1.6<\/td>\n<td rowspan=\"2\">4.8<\/td>\n<td rowspan=\"2\">1.33<\/td>\n<td rowspan=\"6\">2000<\/td>\n<td rowspan=\"8\">40<\/td>\n<\/tr>\n<tr>\n<td>4<\/td>\n<\/tr>\n<tr>\n<td>3<\/td>\n<td rowspan=\"2\">22.0 (4)<\/td>\n<td rowspan=\"2\">7\/2.0<\/td>\n<td rowspan=\"2\">6.0<\/td>\n<td rowspan=\"2\">0.84<\/td>\n<\/tr>\n<tr>\n<td>4<\/td>\n<\/tr>\n<tr>\n<td>3<\/td>\n<td rowspan=\"2\">30.0 (3)<\/td>\n<td rowspan=\"2\">7\/2.3<\/td>\n<td rowspan=\"2\">6.9<\/td>\n<td rowspan=\"2\">0.635<\/td>\n<\/tr>\n<tr>\n<td>4<\/td>\n<\/tr>\n<tr>\n<td>3<\/td>\n<td rowspan=\"2\">38.0 (2)<\/td>\n<td rowspan=\"2\">7\/2.6<\/td>\n<td rowspan=\"2\">7.8<\/td>\n<td rowspan=\"2\">0.497<\/td>\n<td rowspan=\"10\">2500<\/td>\n<\/tr>\n<tr>\n<td>4<\/td>\n<\/tr>\n<tr>\n<td>3<\/td>\n<td rowspan=\"2\">50.0 (1)<\/td>\n<td rowspan=\"2\">19\/1.8<\/td>\n<td rowspan=\"2\">9.0<\/td>\n<td rowspan=\"2\">0.386<\/td>\n<td rowspan=\"8\">30<\/td>\n<\/tr>\n<tr>\n<td>4<\/td>\n<\/tr>\n<tr>\n<td>3<\/td>\n<td rowspan=\"2\">60.0 (0)<\/td>\n<td rowspan=\"2\">19\/2.0<\/td>\n<td rowspan=\"2\">10.0<\/td>\n<td rowspan=\"2\">0.309<\/td>\n<\/tr>\n<tr>\n<td>4<\/td>\n<\/tr>\n<tr>\n<td>3<\/td>\n<td rowspan=\"2\">80.0<br \/>\n(000)<\/td>\n<td rowspan=\"2\">19\/2.3<\/td>\n<td rowspan=\"2\">11.5<\/td>\n<td rowspan=\"2\">0.234<\/td>\n<\/tr>\n<tr>\n<td>4<\/td>\n<\/tr>\n<tr>\n<td>3<\/td>\n<td rowspan=\"2\">100.0<br \/>\n(0000)<\/td>\n<td rowspan=\"2\">19\/2.6<\/td>\n<td rowspan=\"2\">13.0<\/td>\n<td rowspan=\"2\">0.184<\/td>\n<\/tr>\n<tr>\n<td>4<\/td>\n<\/tr>\n<\/tbody>\n<\/table>\n<\/div>\n<p><strong>Caracter\u00edstica:<\/strong><\/p>\n<p>Uso general para cableado interior, l\u00edneas de construcci\u00f3n, cableado de f\u00e1brica, l\u00edneas de control y distribuci\u00f3n de energ\u00eda de equipos industriales.<\/p>\n<p>Disponible en varios tama\u00f1os y tipos de aislamiento.<\/p>\n<p><strong>Estructura<\/strong><\/p>\n<p><img decoding=\"async\" class=\"aligncenter size-full wp-image-4612 lazyload\" data-src=\"http:\/\/www.prolead-tw.com\/wp-content\/uploads\/2024\/11\/pvc-cable-3Core.jpg\" alt=\"\" width=\"600\" height=\"300\" data-srcset=\"https:\/\/prolead-tw.com\/wp-content\/uploads\/2024\/11\/pvc-cable-3Core.jpg 600w, https:\/\/prolead-tw.com\/wp-content\/uploads\/2024\/11\/pvc-cable-3Core-300x150.jpg 300w, https:\/\/prolead-tw.com\/wp-content\/uploads\/2024\/11\/pvc-cable-3Core-18x9.jpg 18w\" data-sizes=\"(max-width: 600px) 100vw, 600px\" src=\"data:image\/svg+xml;base64,PHN2ZyB3aWR0aD0iMSIgaGVpZ2h0PSIxIiB4bWxucz0iaHR0cDovL3d3dy53My5vcmcvMjAwMC9zdmciPjwvc3ZnPg==\" style=\"--smush-placeholder-width: 600px; --smush-placeholder-aspect-ratio: 600\/300;\" \/><\/p>\n<p><img decoding=\"async\" class=\"aligncenter size-full wp-image-4611 lazyload\" data-src=\"http:\/\/www.prolead-tw.com\/wp-content\/uploads\/2024\/11\/pvc-cable-4C.jpg\" alt=\"\" width=\"600\" height=\"300\" data-srcset=\"https:\/\/prolead-tw.com\/wp-content\/uploads\/2024\/11\/pvc-cable-4C.jpg 600w, https:\/\/prolead-tw.com\/wp-content\/uploads\/2024\/11\/pvc-cable-4C-300x150.jpg 300w, https:\/\/prolead-tw.com\/wp-content\/uploads\/2024\/11\/pvc-cable-4C-18x9.jpg 18w\" data-sizes=\"(max-width: 600px) 100vw, 600px\" src=\"data:image\/svg+xml;base64,PHN2ZyB3aWR0aD0iMSIgaGVpZ2h0PSIxIiB4bWxucz0iaHR0cDovL3d3dy53My5vcmcvMjAwMC9zdmciPjwvc3ZnPg==\" style=\"--smush-placeholder-width: 600px; --smush-placeholder-aspect-ratio: 600\/300;\" \/><\/p>\n<div class=\"TR4\">\n<div class=\"TR3\">\n<\/div>\n<div class=\"TR3\"><\/div>\n<\/div>","protected":false},"excerpt":{"rendered":"<ul>\n<li>Los cables el\u00e9ctricos se utilizan para transmitir energ\u00eda y se\u00f1ales el\u00e9ctricas.<\/li>\n<li>Disponible en varios tama\u00f1os y tipos de aislamiento.<\/li>\n<li>Se utiliza en aplicaciones residenciales, comerciales e industriales.<\/li>\n<\/ul>","protected":false},"featured_media":4609,"template":"","meta":{"_uag_custom_page_level_css":"","site-sidebar-layout":"default","site-content-layout":"","ast-site-content-layout":"default","site-content-style":"default","site-sidebar-style":"default","ast-global-header-display":"","ast-banner-title-visibility":"","ast-main-header-display":"","ast-hfb-above-header-display":"","ast-hfb-below-header-display":"","ast-hfb-mobile-header-display":"","site-post-title":"","ast-breadcrumbs-content":"","ast-featured-img":"","footer-sml-layout":"","ast-disable-related-posts":"","theme-transparent-header-meta":"default","adv-header-id-meta":"","stick-header-meta":"default","header-above-stick-meta":"","header-main-stick-meta":"","header-below-stick-meta":"","astra-migrate-meta-layouts":"set","ast-page-background-enabled":"default","ast-page-background-meta":{"desktop":{"background-color":"","background-image":"","background-repeat":"repeat","background-position":"center center","background-size":"auto","background-attachment":"scroll","background-type":"","background-media":"","overlay-type":"","overlay-color":"","overlay-opacity":"","overlay-gradient":""},"tablet":{"background-color":"","background-image":"","background-repeat":"repeat","background-position":"center center","background-size":"auto","background-attachment":"scroll","background-type":"","background-media":"","overlay-type":"","overlay-color":"","overlay-opacity":"","overlay-gradient":""},"mobile":{"background-color":"","background-image":"","background-repeat":"repeat","background-position":"center center","background-size":"auto","background-attachment":"scroll","background-type":"","background-media":"","overlay-type":"","overlay-color":"","overlay-opacity":"","overlay-gradient":""}},"ast-content-background-meta":{"desktop":{"background-color":"var(--ast-global-color-5)","background-image":"","background-repeat":"repeat","background-position":"center center","background-size":"auto","background-attachment":"scroll","background-type":"","background-media":"","overlay-type":"","overlay-color":"","overlay-opacity":"","overlay-gradient":""},"tablet":{"background-color":"var(--ast-global-color-5)","background-image":"","background-repeat":"repeat","background-position":"center center","background-size":"auto","background-attachment":"scroll","background-type":"","background-media":"","overlay-type":"","overlay-color":"","overlay-opacity":"","overlay-gradient":""},"mobile":{"background-color":"var(--ast-global-color-5)","background-image":"","background-repeat":"repeat","background-position":"center center","background-size":"auto","background-attachment":"scroll","background-type":"","background-media":"","overlay-type":"","overlay-color":"","overlay-opacity":"","overlay-gradient":""}}},"product_brand":[],"product_cat":[139],"product_tag":[],"class_list":{"0":"post-4321","1":"product","2":"type-product","3":"status-publish","4":"has-post-thumbnail","6":"product_cat-electrical-cable","7":"desktop-align-left","8":"tablet-align-left","9":"mobile-align-left","11":"first","12":"instock","13":"shipping-taxable","14":"product-type-simple"},"yoast_head":"<!-- This site is optimized with the Yoast SEO plugin v26.8 - https:\/\/yoast.com\/product\/yoast-seo-wordpress\/ -->\n<title>Electrical Cables - Prolead<\/title>\n<meta name=\"description\" content=\"PVC cables are used for transmitting electrical power and signals. Available in various sizes and insulation types. Used in residential, commercial, and industrial applications.\" \/>\n<meta name=\"robots\" content=\"index, follow, max-snippet:-1, max-image-preview:large, max-video-preview:-1\" \/>\n<link rel=\"canonical\" href=\"https:\/\/prolead-tw.com\/es\/product\/electrical-cable\/electrical-cables\/\" \/>\n<meta property=\"og:locale\" content=\"es_ES\" \/>\n<meta property=\"og:type\" content=\"article\" \/>\n<meta property=\"og:title\" content=\"Electrical Cables - Prolead\" \/>\n<meta property=\"og:description\" content=\"PVC cables are used for transmitting electrical power and signals. Available in various sizes and insulation types. Used in residential, commercial, and industrial applications.\" \/>\n<meta property=\"og:url\" content=\"https:\/\/prolead-tw.com\/es\/product\/electrical-cable\/electrical-cables\/\" \/>\n<meta property=\"og:site_name\" content=\"Prolead\" \/>\n<meta property=\"article:modified_time\" content=\"2024-12-20T06:43:09+00:00\" \/>\n<meta property=\"og:image\" content=\"https:\/\/prolead-tw.com\/wp-content\/uploads\/2024\/11\/electrical-cable-energy-technology-equipment-isolated-white_93675-129463.jpg\" \/>\n\t<meta property=\"og:image:width\" content=\"360\" \/>\n\t<meta property=\"og:image:height\" content=\"540\" \/>\n\t<meta property=\"og:image:type\" content=\"image\/jpeg\" \/>\n<meta name=\"twitter:card\" content=\"summary_large_image\" \/>\n<meta name=\"twitter:label1\" content=\"Tiempo de lectura\" \/>\n\t<meta name=\"twitter:data1\" content=\"2 minutos\" \/>\n<script type=\"application\/ld+json\" class=\"yoast-schema-graph\">{\"@context\":\"https:\/\/schema.org\",\"@graph\":[{\"@type\":\"WebPage\",\"@id\":\"https:\/\/prolead-tw.com\/product\/electrical-cable\/electrical-cables\/\",\"url\":\"https:\/\/prolead-tw.com\/product\/electrical-cable\/electrical-cables\/\",\"name\":\"Electrical Cables - Prolead\",\"isPartOf\":{\"@id\":\"https:\/\/prolead-tw.com\/#website\"},\"primaryImageOfPage\":{\"@id\":\"https:\/\/prolead-tw.com\/product\/electrical-cable\/electrical-cables\/#primaryimage\"},\"image\":{\"@id\":\"https:\/\/prolead-tw.com\/product\/electrical-cable\/electrical-cables\/#primaryimage\"},\"thumbnailUrl\":\"https:\/\/prolead-tw.com\/wp-content\/uploads\/2024\/11\/electrical-cable-energy-technology-equipment-isolated-white_93675-129463.jpg\",\"datePublished\":\"2024-11-26T15:13:23+00:00\",\"dateModified\":\"2024-12-20T06:43:09+00:00\",\"description\":\"PVC cables are used for transmitting electrical power and signals. Available in various sizes and insulation types. Used in residential, commercial, and industrial applications.\",\"breadcrumb\":{\"@id\":\"https:\/\/prolead-tw.com\/product\/electrical-cable\/electrical-cables\/#breadcrumb\"},\"inLanguage\":\"es\",\"potentialAction\":[{\"@type\":\"ReadAction\",\"target\":[\"https:\/\/prolead-tw.com\/product\/electrical-cable\/electrical-cables\/\"]}]},{\"@type\":\"ImageObject\",\"inLanguage\":\"es\",\"@id\":\"https:\/\/prolead-tw.com\/product\/electrical-cable\/electrical-cables\/#primaryimage\",\"url\":\"https:\/\/prolead-tw.com\/wp-content\/uploads\/2024\/11\/electrical-cable-energy-technology-equipment-isolated-white_93675-129463.jpg\",\"contentUrl\":\"https:\/\/prolead-tw.com\/wp-content\/uploads\/2024\/11\/electrical-cable-energy-technology-equipment-isolated-white_93675-129463.jpg\",\"width\":360,\"height\":540},{\"@type\":\"BreadcrumbList\",\"@id\":\"https:\/\/prolead-tw.com\/product\/electrical-cable\/electrical-cables\/#breadcrumb\",\"itemListElement\":[{\"@type\":\"ListItem\",\"position\":1,\"name\":\"\u9996\u9801\",\"item\":\"https:\/\/prolead-tw.com\/\"},{\"@type\":\"ListItem\",\"position\":2,\"name\":\"product\",\"item\":\"https:\/\/prolead-tw.com\/product\/\"},{\"@type\":\"ListItem\",\"position\":3,\"name\":\"Electrical Cables\"}]},{\"@type\":\"WebSite\",\"@id\":\"https:\/\/prolead-tw.com\/#website\",\"url\":\"https:\/\/prolead-tw.com\/\",\"name\":\"Prolead\",\"description\":\"Top Professional Supplier for Aquaculture Sector\",\"publisher\":{\"@id\":\"https:\/\/prolead-tw.com\/#organization\"},\"potentialAction\":[{\"@type\":\"SearchAction\",\"target\":{\"@type\":\"EntryPoint\",\"urlTemplate\":\"https:\/\/prolead-tw.com\/?s={search_term_string}\"},\"query-input\":{\"@type\":\"PropertyValueSpecification\",\"valueRequired\":true,\"valueName\":\"search_term_string\"}}],\"inLanguage\":\"es\"},{\"@type\":\"Organization\",\"@id\":\"https:\/\/prolead-tw.com\/#organization\",\"name\":\"Prolead\",\"url\":\"https:\/\/prolead-tw.com\/\",\"logo\":{\"@type\":\"ImageObject\",\"inLanguage\":\"es\",\"@id\":\"https:\/\/prolead-tw.com\/#\/schema\/logo\/image\/\",\"url\":\"https:\/\/prolead-tw.com\/wp-content\/uploads\/2024\/11\/cropped-Prolead-\u5bf6\u529b\u570b\u969b-logo\u6a6b.png\",\"contentUrl\":\"https:\/\/prolead-tw.com\/wp-content\/uploads\/2024\/11\/cropped-Prolead-\u5bf6\u529b\u570b\u969b-logo\u6a6b.png\",\"width\":1000,\"height\":334,\"caption\":\"Prolead\"},\"image\":{\"@id\":\"https:\/\/prolead-tw.com\/#\/schema\/logo\/image\/\"}}]}<\/script>\n<!-- \/ Yoast SEO plugin. -->","yoast_head_json":{"title":"Electrical Cables - Prolead","description":"PVC cables are used for transmitting electrical power and signals. Available in various sizes and insulation types. Used in residential, commercial, and industrial applications.","robots":{"index":"index","follow":"follow","max-snippet":"max-snippet:-1","max-image-preview":"max-image-preview:large","max-video-preview":"max-video-preview:-1"},"canonical":"https:\/\/prolead-tw.com\/es\/product\/electrical-cable\/electrical-cables\/","og_locale":"es_ES","og_type":"article","og_title":"Electrical Cables - Prolead","og_description":"PVC cables are used for transmitting electrical power and signals. Available in various sizes and insulation types. Used in residential, commercial, and industrial applications.","og_url":"https:\/\/prolead-tw.com\/es\/product\/electrical-cable\/electrical-cables\/","og_site_name":"Prolead","article_modified_time":"2024-12-20T06:43:09+00:00","og_image":[{"width":360,"height":540,"url":"https:\/\/prolead-tw.com\/wp-content\/uploads\/2024\/11\/electrical-cable-energy-technology-equipment-isolated-white_93675-129463.jpg","type":"image\/jpeg"}],"twitter_card":"summary_large_image","twitter_misc":{"Tiempo de lectura":"2 minutos"},"schema":{"@context":"https:\/\/schema.org","@graph":[{"@type":"WebPage","@id":"https:\/\/prolead-tw.com\/product\/electrical-cable\/electrical-cables\/","url":"https:\/\/prolead-tw.com\/product\/electrical-cable\/electrical-cables\/","name":"Electrical Cables - Prolead","isPartOf":{"@id":"https:\/\/prolead-tw.com\/#website"},"primaryImageOfPage":{"@id":"https:\/\/prolead-tw.com\/product\/electrical-cable\/electrical-cables\/#primaryimage"},"image":{"@id":"https:\/\/prolead-tw.com\/product\/electrical-cable\/electrical-cables\/#primaryimage"},"thumbnailUrl":"https:\/\/prolead-tw.com\/wp-content\/uploads\/2024\/11\/electrical-cable-energy-technology-equipment-isolated-white_93675-129463.jpg","datePublished":"2024-11-26T15:13:23+00:00","dateModified":"2024-12-20T06:43:09+00:00","description":"PVC cables are used for transmitting electrical power and signals. Available in various sizes and insulation types. Used in residential, commercial, and industrial applications.","breadcrumb":{"@id":"https:\/\/prolead-tw.com\/product\/electrical-cable\/electrical-cables\/#breadcrumb"},"inLanguage":"es","potentialAction":[{"@type":"ReadAction","target":["https:\/\/prolead-tw.com\/product\/electrical-cable\/electrical-cables\/"]}]},{"@type":"ImageObject","inLanguage":"es","@id":"https:\/\/prolead-tw.com\/product\/electrical-cable\/electrical-cables\/#primaryimage","url":"https:\/\/prolead-tw.com\/wp-content\/uploads\/2024\/11\/electrical-cable-energy-technology-equipment-isolated-white_93675-129463.jpg","contentUrl":"https:\/\/prolead-tw.com\/wp-content\/uploads\/2024\/11\/electrical-cable-energy-technology-equipment-isolated-white_93675-129463.jpg","width":360,"height":540},{"@type":"BreadcrumbList","@id":"https:\/\/prolead-tw.com\/product\/electrical-cable\/electrical-cables\/#breadcrumb","itemListElement":[{"@type":"ListItem","position":1,"name":"\u9996\u9801","item":"https:\/\/prolead-tw.com\/"},{"@type":"ListItem","position":2,"name":"product","item":"https:\/\/prolead-tw.com\/product\/"},{"@type":"ListItem","position":3,"name":"Electrical Cables"}]},{"@type":"WebSite","@id":"https:\/\/prolead-tw.com\/#website","url":"https:\/\/prolead-tw.com\/","name":"Prolead","description":"Top Professional Supplier for Aquaculture Sector","publisher":{"@id":"https:\/\/prolead-tw.com\/#organization"},"potentialAction":[{"@type":"SearchAction","target":{"@type":"EntryPoint","urlTemplate":"https:\/\/prolead-tw.com\/?s={search_term_string}"},"query-input":{"@type":"PropertyValueSpecification","valueRequired":true,"valueName":"search_term_string"}}],"inLanguage":"es"},{"@type":"Organization","@id":"https:\/\/prolead-tw.com\/#organization","name":"Prolead","url":"https:\/\/prolead-tw.com\/","logo":{"@type":"ImageObject","inLanguage":"es","@id":"https:\/\/prolead-tw.com\/#\/schema\/logo\/image\/","url":"https:\/\/prolead-tw.com\/wp-content\/uploads\/2024\/11\/cropped-Prolead-\u5bf6\u529b\u570b\u969b-logo\u6a6b.png","contentUrl":"https:\/\/prolead-tw.com\/wp-content\/uploads\/2024\/11\/cropped-Prolead-\u5bf6\u529b\u570b\u969b-logo\u6a6b.png","width":1000,"height":334,"caption":"Prolead"},"image":{"@id":"https:\/\/prolead-tw.com\/#\/schema\/logo\/image\/"}}]}},"uagb_featured_image_src":{"full":["https:\/\/prolead-tw.com\/wp-content\/uploads\/2024\/11\/electrical-cable-energy-technology-equipment-isolated-white_93675-129463.jpg",360,540,false],"thumbnail":["https:\/\/prolead-tw.com\/wp-content\/uploads\/2024\/11\/electrical-cable-energy-technology-equipment-isolated-white_93675-129463-150x150.jpg",150,150,true],"medium":["https:\/\/prolead-tw.com\/wp-content\/uploads\/2024\/11\/electrical-cable-energy-technology-equipment-isolated-white_93675-129463-200x300.jpg",200,300,true],"medium_large":["https:\/\/prolead-tw.com\/wp-content\/uploads\/2024\/11\/electrical-cable-energy-technology-equipment-isolated-white_93675-129463.jpg",360,540,false],"large":["https:\/\/prolead-tw.com\/wp-content\/uploads\/2024\/11\/electrical-cable-energy-technology-equipment-isolated-white_93675-129463.jpg",360,540,false],"1536x1536":["https:\/\/prolead-tw.com\/wp-content\/uploads\/2024\/11\/electrical-cable-energy-technology-equipment-isolated-white_93675-129463.jpg",360,540,false],"2048x2048":["https:\/\/prolead-tw.com\/wp-content\/uploads\/2024\/11\/electrical-cable-energy-technology-equipment-isolated-white_93675-129463.jpg",360,540,false],"trp-custom-language-flag":["https:\/\/prolead-tw.com\/wp-content\/uploads\/2024\/11\/electrical-cable-energy-technology-equipment-isolated-white_93675-129463-8x12.jpg",8,12,true],"mailpoet_newsletter_max":["https:\/\/prolead-tw.com\/wp-content\/uploads\/2024\/11\/electrical-cable-energy-technology-equipment-isolated-white_93675-129463.jpg",360,540,false],"woocommerce_thumbnail":["https:\/\/prolead-tw.com\/wp-content\/uploads\/2024\/11\/electrical-cable-energy-technology-equipment-isolated-white_93675-129463-300x300.jpg",300,300,true],"woocommerce_single":["https:\/\/prolead-tw.com\/wp-content\/uploads\/2024\/11\/electrical-cable-energy-technology-equipment-isolated-white_93675-129463.jpg",360,540,false],"woocommerce_gallery_thumbnail":["https:\/\/prolead-tw.com\/wp-content\/uploads\/2024\/11\/electrical-cable-energy-technology-equipment-isolated-white_93675-129463-100x100.jpg",100,100,true]},"uagb_author_info":{"display_name":"admin","author_link":"https:\/\/prolead-tw.com\/es\/author\/"},"uagb_comment_info":0,"uagb_excerpt":"Electrical cables are used for transmitting electrical power and signals. Available in various sizes and insulation types. Used in residential, commercial, and industrial applications.","_links":{"self":[{"href":"https:\/\/prolead-tw.com\/es\/wp-json\/wp\/v2\/product\/4321","targetHints":{"allow":["GET"]}}],"collection":[{"href":"https:\/\/prolead-tw.com\/es\/wp-json\/wp\/v2\/product"}],"about":[{"href":"https:\/\/prolead-tw.com\/es\/wp-json\/wp\/v2\/types\/product"}],"version-history":[{"count":4,"href":"https:\/\/prolead-tw.com\/es\/wp-json\/wp\/v2\/product\/4321\/revisions"}],"predecessor-version":[{"id":4614,"href":"https:\/\/prolead-tw.com\/es\/wp-json\/wp\/v2\/product\/4321\/revisions\/4614"}],"wp:featuredmedia":[{"embeddable":true,"href":"https:\/\/prolead-tw.com\/es\/wp-json\/wp\/v2\/media\/4609"}],"wp:attachment":[{"href":"https:\/\/prolead-tw.com\/es\/wp-json\/wp\/v2\/media?parent=4321"}],"wp:term":[{"taxonomy":"product_brand","embeddable":true,"href":"https:\/\/prolead-tw.com\/es\/wp-json\/wp\/v2\/product_brand?post=4321"},{"taxonomy":"product_cat","embeddable":true,"href":"https:\/\/prolead-tw.com\/es\/wp-json\/wp\/v2\/product_cat?post=4321"},{"taxonomy":"product_tag","embeddable":true,"href":"https:\/\/prolead-tw.com\/es\/wp-json\/wp\/v2\/product_tag?post=4321"}],"curies":[{"name":"wp","href":"https:\/\/api.w.org\/{rel}","templated":true}]}}