{"id":4317,"date":"2024-11-26T23:08:29","date_gmt":"2024-11-26T15:08:29","guid":{"rendered":"https:\/\/www.prolead-tw.com\/?post_type=product&#038;p=4317"},"modified":"2024-12-16T22:21:30","modified_gmt":"2024-12-16T14:21:30","slug":"power-control-panels","status":"publish","type":"product","link":"https:\/\/prolead-tw.com\/es\/producto\/power-control-panel\/power-control-panels\/","title":{"rendered":"Paneles de control de potencia"},"content":{"rendered":"<dl class=\"list_box\">\n<dd class=\"txt\"><img fetchpriority=\"high\" decoding=\"async\" class=\"aligncenter size-full wp-image-4429\" src=\"http:\/\/www.prolead-tw.com\/wp-content\/uploads\/2024\/11\/Power-Control-Box-1.png\" alt=\"\" width=\"450\" height=\"320\" srcset=\"https:\/\/prolead-tw.com\/wp-content\/uploads\/2024\/11\/Power-Control-Box-1.png 450w, https:\/\/prolead-tw.com\/wp-content\/uploads\/2024\/11\/Power-Control-Box-1-300x213.png 300w, https:\/\/prolead-tw.com\/wp-content\/uploads\/2024\/11\/Power-Control-Box-1-18x12.png 18w\" sizes=\"(max-width: 450px) 100vw, 450px\" \/><\/dd>\n<dd class=\"txt\">\n<h4>Estricto control de calidad para garantizar el mejor rendimiento.<\/h4>\n<p>La caja del panel de control se personaliza seg\u00fan las condiciones del sitio y con componentes de la m\u00e1s alta calidad fabricados con est\u00e1ndares \u201cCNS\u201d y \u201cJIS\u201d, ISO, UL.<br \/>\nLos siguientes dispositivos son opcionales y ser\u00e1n dise\u00f1ados por un ingeniero senior para lograr el mejor rendimiento.<\/p>\n<p>Disyuntor sin fusibles (NFB) o disyuntor de corriente en caja moldeada (MCB)<br \/>\nMagnetic Contactor (MC)<br \/>\nRel\u00e9 t\u00e9rmico (TH) o rel\u00e9 de sobrecarga (OL)<br \/>\nInterruptor magn\u00e9tico<br \/>\nRel\u00e9 de potencia (rel\u00e9 auxiliar)<br \/>\nRel\u00e9 temporizador<br \/>\nL\u00e1mpara piloto<br \/>\nIndicador con luz.<br \/>\nEarth-Leakage Breaker<br \/>\nBloque de terminales (TB)<br \/>\nOutcast personalizado para ambientes exteriores e interiores<\/p>\n<p><img decoding=\"async\" class=\"aligncenter size-full wp-image-4428 lazyload\" data-src=\"http:\/\/www.prolead-tw.com\/wp-content\/uploads\/2024\/11\/Power-Control-Box-4.jpg\" alt=\"\" width=\"636\" height=\"419\" data-srcset=\"https:\/\/prolead-tw.com\/wp-content\/uploads\/2024\/11\/Power-Control-Box-4.jpg 636w, https:\/\/prolead-tw.com\/wp-content\/uploads\/2024\/11\/Power-Control-Box-4-300x198.jpg 300w, https:\/\/prolead-tw.com\/wp-content\/uploads\/2024\/11\/Power-Control-Box-4-18x12.jpg 18w, https:\/\/prolead-tw.com\/wp-content\/uploads\/2024\/11\/Power-Control-Box-4-600x395.jpg 600w\" data-sizes=\"(max-width: 636px) 100vw, 636px\" src=\"data:image\/svg+xml;base64,PHN2ZyB3aWR0aD0iMSIgaGVpZ2h0PSIxIiB4bWxucz0iaHR0cDovL3d3dy53My5vcmcvMjAwMC9zdmciPjwvc3ZnPg==\" style=\"--smush-placeholder-width: 636px; --smush-placeholder-aspect-ratio: 636\/419;\" \/><\/p>\n<p><img decoding=\"async\" class=\"aligncenter size-full wp-image-4426 lazyload\" data-src=\"http:\/\/www.prolead-tw.com\/wp-content\/uploads\/2024\/11\/Power-Control-Box-2.jpg\" alt=\"\" width=\"500\" height=\"332\" data-srcset=\"https:\/\/prolead-tw.com\/wp-content\/uploads\/2024\/11\/Power-Control-Box-2.jpg 500w, https:\/\/prolead-tw.com\/wp-content\/uploads\/2024\/11\/Power-Control-Box-2-300x199.jpg 300w, https:\/\/prolead-tw.com\/wp-content\/uploads\/2024\/11\/Power-Control-Box-2-18x12.jpg 18w\" data-sizes=\"(max-width: 500px) 100vw, 500px\" src=\"data:image\/svg+xml;base64,PHN2ZyB3aWR0aD0iMSIgaGVpZ2h0PSIxIiB4bWxucz0iaHR0cDovL3d3dy53My5vcmcvMjAwMC9zdmciPjwvc3ZnPg==\" style=\"--smush-placeholder-width: 500px; --smush-placeholder-aspect-ratio: 500\/332;\" \/><\/p>\n<p><img decoding=\"async\" class=\"aligncenter size-full wp-image-4425 lazyload\" data-src=\"http:\/\/www.prolead-tw.com\/wp-content\/uploads\/2024\/11\/Power-Control-Box-1.jpg\" alt=\"\" width=\"500\" height=\"331\" data-srcset=\"https:\/\/prolead-tw.com\/wp-content\/uploads\/2024\/11\/Power-Control-Box-1.jpg 500w, https:\/\/prolead-tw.com\/wp-content\/uploads\/2024\/11\/Power-Control-Box-1-300x199.jpg 300w, https:\/\/prolead-tw.com\/wp-content\/uploads\/2024\/11\/Power-Control-Box-1-18x12.jpg 18w\" data-sizes=\"(max-width: 500px) 100vw, 500px\" src=\"data:image\/svg+xml;base64,PHN2ZyB3aWR0aD0iMSIgaGVpZ2h0PSIxIiB4bWxucz0iaHR0cDovL3d3dy53My5vcmcvMjAwMC9zdmciPjwvc3ZnPg==\" style=\"--smush-placeholder-width: 500px; --smush-placeholder-aspect-ratio: 500\/331;\" \/><\/p>\n<p><img decoding=\"async\" class=\"aligncenter size-full wp-image-4427 lazyload\" data-src=\"http:\/\/www.prolead-tw.com\/wp-content\/uploads\/2024\/11\/Power-Control-Box-3.jpg\" alt=\"\" width=\"500\" height=\"331\" data-srcset=\"https:\/\/prolead-tw.com\/wp-content\/uploads\/2024\/11\/Power-Control-Box-3.jpg 500w, https:\/\/prolead-tw.com\/wp-content\/uploads\/2024\/11\/Power-Control-Box-3-300x199.jpg 300w, https:\/\/prolead-tw.com\/wp-content\/uploads\/2024\/11\/Power-Control-Box-3-18x12.jpg 18w\" data-sizes=\"(max-width: 500px) 100vw, 500px\" src=\"data:image\/svg+xml;base64,PHN2ZyB3aWR0aD0iMSIgaGVpZ2h0PSIxIiB4bWxucz0iaHR0cDovL3d3dy53My5vcmcvMjAwMC9zdmciPjwvc3ZnPg==\" style=\"--smush-placeholder-width: 500px; --smush-placeholder-aspect-ratio: 500\/331;\" \/><\/dd>\n<\/dl>","protected":false},"excerpt":{"rendered":"<p>Las cajas de control de potencia est\u00e1n dise\u00f1adas para regular y distribuir la potencia el\u00e9ctrica, lo que garantiza el funcionamiento eficiente y autom\u00e1tico de aireadores de paletas, bombas, sopladores, etc., en la cr\u00eda de camarones y peces. Prolead utiliza \u00fanicamente componentes de alta calidad para lograr sistemas de control seguros y duraderos en diversas aplicaciones.<\/p>","protected":false},"featured_media":4429,"template":"","meta":{"_uag_custom_page_level_css":"","site-sidebar-layout":"default","site-content-layout":"","ast-site-content-layout":"default","site-content-style":"default","site-sidebar-style":"default","ast-global-header-display":"","ast-banner-title-visibility":"","ast-main-header-display":"","ast-hfb-above-header-display":"","ast-hfb-below-header-display":"","ast-hfb-mobile-header-display":"","site-post-title":"","ast-breadcrumbs-content":"","ast-featured-img":"","footer-sml-layout":"","ast-disable-related-posts":"","theme-transparent-header-meta":"default","adv-header-id-meta":"","stick-header-meta":"default","header-above-stick-meta":"","header-main-stick-meta":"","header-below-stick-meta":"","astra-migrate-meta-layouts":"set","ast-page-background-enabled":"default","ast-page-background-meta":{"desktop":{"background-color":"","background-image":"","background-repeat":"repeat","background-position":"center center","background-size":"auto","background-attachment":"scroll","background-type":"","background-media":"","overlay-type":"","overlay-color":"","overlay-opacity":"","overlay-gradient":""},"tablet":{"background-color":"","background-image":"","background-repeat":"repeat","background-position":"center center","background-size":"auto","background-attachment":"scroll","background-type":"","background-media":"","overlay-type":"","overlay-color":"","overlay-opacity":"","overlay-gradient":""},"mobile":{"background-color":"","background-image":"","background-repeat":"repeat","background-position":"center center","background-size":"auto","background-attachment":"scroll","background-type":"","background-media":"","overlay-type":"","overlay-color":"","overlay-opacity":"","overlay-gradient":""}},"ast-content-background-meta":{"desktop":{"background-color":"var(--ast-global-color-5)","background-image":"","background-repeat":"repeat","background-position":"center center","background-size":"auto","background-attachment":"scroll","background-type":"","background-media":"","overlay-type":"","overlay-color":"","overlay-opacity":"","overlay-gradient":""},"tablet":{"background-color":"var(--ast-global-color-5)","background-image":"","background-repeat":"repeat","background-position":"center center","background-size":"auto","background-attachment":"scroll","background-type":"","background-media":"","overlay-type":"","overlay-color":"","overlay-opacity":"","overlay-gradient":""},"mobile":{"background-color":"var(--ast-global-color-5)","background-image":"","background-repeat":"repeat","background-position":"center center","background-size":"auto","background-attachment":"scroll","background-type":"","background-media":"","overlay-type":"","overlay-color":"","overlay-opacity":"","overlay-gradient":""}}},"product_brand":[],"product_cat":[137],"product_tag":[],"class_list":{"0":"post-4317","1":"product","2":"type-product","3":"status-publish","4":"has-post-thumbnail","6":"product_cat-power-control-panel","7":"desktop-align-left","8":"tablet-align-left","9":"mobile-align-left","11":"first","12":"instock","13":"shipping-taxable","14":"product-type-simple"},"yoast_head":"<!-- This site is optimized with the Yoast SEO plugin v26.8 - https:\/\/yoast.com\/product\/yoast-seo-wordpress\/ -->\n<title>Power Control Panels - Prolead<\/title>\n<meta name=\"description\" content=\"Prolead provide durable control systems ensuring efficient and automatic operation of paddlewheel aerators, pumps, blowers...etc in shrimp\/fish farming.\" \/>\n<meta name=\"robots\" content=\"index, follow, max-snippet:-1, max-image-preview:large, max-video-preview:-1\" \/>\n<link rel=\"canonical\" href=\"https:\/\/prolead-tw.com\/es\/product\/power-control-panel\/power-control-panels\/\" \/>\n<meta property=\"og:locale\" content=\"es_ES\" \/>\n<meta property=\"og:type\" content=\"article\" \/>\n<meta property=\"og:title\" content=\"Power Control Panels - Prolead\" \/>\n<meta property=\"og:description\" content=\"Prolead provide durable control systems ensuring efficient and automatic operation of paddlewheel aerators, pumps, blowers...etc in shrimp\/fish farming.\" \/>\n<meta property=\"og:url\" content=\"https:\/\/prolead-tw.com\/es\/product\/power-control-panel\/power-control-panels\/\" \/>\n<meta property=\"og:site_name\" content=\"Prolead\" \/>\n<meta property=\"article:modified_time\" content=\"2024-12-16T14:21:30+00:00\" \/>\n<meta property=\"og:image\" content=\"https:\/\/prolead-tw.com\/wp-content\/uploads\/2024\/11\/Power-Control-Box-1.png\" \/>\n\t<meta property=\"og:image:width\" content=\"450\" \/>\n\t<meta property=\"og:image:height\" content=\"320\" \/>\n\t<meta property=\"og:image:type\" content=\"image\/png\" \/>\n<meta name=\"twitter:card\" content=\"summary_large_image\" \/>\n<meta name=\"twitter:label1\" content=\"Tiempo de lectura\" \/>\n\t<meta name=\"twitter:data1\" content=\"2 minutos\" \/>\n<script type=\"application\/ld+json\" class=\"yoast-schema-graph\">{\"@context\":\"https:\/\/schema.org\",\"@graph\":[{\"@type\":\"WebPage\",\"@id\":\"https:\/\/prolead-tw.com\/product\/power-control-panel\/power-control-panels\/\",\"url\":\"https:\/\/prolead-tw.com\/product\/power-control-panel\/power-control-panels\/\",\"name\":\"Power Control Panels - Prolead\",\"isPartOf\":{\"@id\":\"https:\/\/prolead-tw.com\/#website\"},\"primaryImageOfPage\":{\"@id\":\"https:\/\/prolead-tw.com\/product\/power-control-panel\/power-control-panels\/#primaryimage\"},\"image\":{\"@id\":\"https:\/\/prolead-tw.com\/product\/power-control-panel\/power-control-panels\/#primaryimage\"},\"thumbnailUrl\":\"https:\/\/prolead-tw.com\/wp-content\/uploads\/2024\/11\/Power-Control-Box-1.png\",\"datePublished\":\"2024-11-26T15:08:29+00:00\",\"dateModified\":\"2024-12-16T14:21:30+00:00\",\"description\":\"Prolead provide durable control systems ensuring efficient and automatic operation of paddlewheel aerators, pumps, blowers...etc in shrimp\/fish farming.\",\"breadcrumb\":{\"@id\":\"https:\/\/prolead-tw.com\/product\/power-control-panel\/power-control-panels\/#breadcrumb\"},\"inLanguage\":\"es\",\"potentialAction\":[{\"@type\":\"ReadAction\",\"target\":[\"https:\/\/prolead-tw.com\/product\/power-control-panel\/power-control-panels\/\"]}]},{\"@type\":\"ImageObject\",\"inLanguage\":\"es\",\"@id\":\"https:\/\/prolead-tw.com\/product\/power-control-panel\/power-control-panels\/#primaryimage\",\"url\":\"https:\/\/prolead-tw.com\/wp-content\/uploads\/2024\/11\/Power-Control-Box-1.png\",\"contentUrl\":\"https:\/\/prolead-tw.com\/wp-content\/uploads\/2024\/11\/Power-Control-Box-1.png\",\"width\":450,\"height\":320},{\"@type\":\"BreadcrumbList\",\"@id\":\"https:\/\/prolead-tw.com\/product\/power-control-panel\/power-control-panels\/#breadcrumb\",\"itemListElement\":[{\"@type\":\"ListItem\",\"position\":1,\"name\":\"\u9996\u9801\",\"item\":\"https:\/\/prolead-tw.com\/\"},{\"@type\":\"ListItem\",\"position\":2,\"name\":\"product\",\"item\":\"https:\/\/prolead-tw.com\/product\/\"},{\"@type\":\"ListItem\",\"position\":3,\"name\":\"Power Control Panels\"}]},{\"@type\":\"WebSite\",\"@id\":\"https:\/\/prolead-tw.com\/#website\",\"url\":\"https:\/\/prolead-tw.com\/\",\"name\":\"Prolead\",\"description\":\"Top Professional Supplier for Aquaculture Sector\",\"publisher\":{\"@id\":\"https:\/\/prolead-tw.com\/#organization\"},\"potentialAction\":[{\"@type\":\"SearchAction\",\"target\":{\"@type\":\"EntryPoint\",\"urlTemplate\":\"https:\/\/prolead-tw.com\/?s={search_term_string}\"},\"query-input\":{\"@type\":\"PropertyValueSpecification\",\"valueRequired\":true,\"valueName\":\"search_term_string\"}}],\"inLanguage\":\"es\"},{\"@type\":\"Organization\",\"@id\":\"https:\/\/prolead-tw.com\/#organization\",\"name\":\"Prolead\",\"url\":\"https:\/\/prolead-tw.com\/\",\"logo\":{\"@type\":\"ImageObject\",\"inLanguage\":\"es\",\"@id\":\"https:\/\/prolead-tw.com\/#\/schema\/logo\/image\/\",\"url\":\"https:\/\/prolead-tw.com\/wp-content\/uploads\/2024\/11\/cropped-Prolead-\u5bf6\u529b\u570b\u969b-logo\u6a6b.png\",\"contentUrl\":\"https:\/\/prolead-tw.com\/wp-content\/uploads\/2024\/11\/cropped-Prolead-\u5bf6\u529b\u570b\u969b-logo\u6a6b.png\",\"width\":1000,\"height\":334,\"caption\":\"Prolead\"},\"image\":{\"@id\":\"https:\/\/prolead-tw.com\/#\/schema\/logo\/image\/\"}}]}<\/script>\n<!-- \/ Yoast SEO plugin. -->","yoast_head_json":{"title":"Power Control Panels - Prolead","description":"Prolead provide durable control systems ensuring efficient and automatic operation of paddlewheel aerators, pumps, blowers...etc in shrimp\/fish farming.","robots":{"index":"index","follow":"follow","max-snippet":"max-snippet:-1","max-image-preview":"max-image-preview:large","max-video-preview":"max-video-preview:-1"},"canonical":"https:\/\/prolead-tw.com\/es\/product\/power-control-panel\/power-control-panels\/","og_locale":"es_ES","og_type":"article","og_title":"Power Control Panels - Prolead","og_description":"Prolead provide durable control systems ensuring efficient and automatic operation of paddlewheel aerators, pumps, blowers...etc in shrimp\/fish farming.","og_url":"https:\/\/prolead-tw.com\/es\/product\/power-control-panel\/power-control-panels\/","og_site_name":"Prolead","article_modified_time":"2024-12-16T14:21:30+00:00","og_image":[{"width":450,"height":320,"url":"https:\/\/prolead-tw.com\/wp-content\/uploads\/2024\/11\/Power-Control-Box-1.png","type":"image\/png"}],"twitter_card":"summary_large_image","twitter_misc":{"Tiempo de lectura":"2 minutos"},"schema":{"@context":"https:\/\/schema.org","@graph":[{"@type":"WebPage","@id":"https:\/\/prolead-tw.com\/product\/power-control-panel\/power-control-panels\/","url":"https:\/\/prolead-tw.com\/product\/power-control-panel\/power-control-panels\/","name":"Power Control Panels - Prolead","isPartOf":{"@id":"https:\/\/prolead-tw.com\/#website"},"primaryImageOfPage":{"@id":"https:\/\/prolead-tw.com\/product\/power-control-panel\/power-control-panels\/#primaryimage"},"image":{"@id":"https:\/\/prolead-tw.com\/product\/power-control-panel\/power-control-panels\/#primaryimage"},"thumbnailUrl":"https:\/\/prolead-tw.com\/wp-content\/uploads\/2024\/11\/Power-Control-Box-1.png","datePublished":"2024-11-26T15:08:29+00:00","dateModified":"2024-12-16T14:21:30+00:00","description":"Prolead provide durable control systems ensuring efficient and automatic operation of paddlewheel aerators, pumps, blowers...etc in shrimp\/fish farming.","breadcrumb":{"@id":"https:\/\/prolead-tw.com\/product\/power-control-panel\/power-control-panels\/#breadcrumb"},"inLanguage":"es","potentialAction":[{"@type":"ReadAction","target":["https:\/\/prolead-tw.com\/product\/power-control-panel\/power-control-panels\/"]}]},{"@type":"ImageObject","inLanguage":"es","@id":"https:\/\/prolead-tw.com\/product\/power-control-panel\/power-control-panels\/#primaryimage","url":"https:\/\/prolead-tw.com\/wp-content\/uploads\/2024\/11\/Power-Control-Box-1.png","contentUrl":"https:\/\/prolead-tw.com\/wp-content\/uploads\/2024\/11\/Power-Control-Box-1.png","width":450,"height":320},{"@type":"BreadcrumbList","@id":"https:\/\/prolead-tw.com\/product\/power-control-panel\/power-control-panels\/#breadcrumb","itemListElement":[{"@type":"ListItem","position":1,"name":"\u9996\u9801","item":"https:\/\/prolead-tw.com\/"},{"@type":"ListItem","position":2,"name":"product","item":"https:\/\/prolead-tw.com\/product\/"},{"@type":"ListItem","position":3,"name":"Power Control Panels"}]},{"@type":"WebSite","@id":"https:\/\/prolead-tw.com\/#website","url":"https:\/\/prolead-tw.com\/","name":"Prolead","description":"Top Professional Supplier for Aquaculture Sector","publisher":{"@id":"https:\/\/prolead-tw.com\/#organization"},"potentialAction":[{"@type":"SearchAction","target":{"@type":"EntryPoint","urlTemplate":"https:\/\/prolead-tw.com\/?s={search_term_string}"},"query-input":{"@type":"PropertyValueSpecification","valueRequired":true,"valueName":"search_term_string"}}],"inLanguage":"es"},{"@type":"Organization","@id":"https:\/\/prolead-tw.com\/#organization","name":"Prolead","url":"https:\/\/prolead-tw.com\/","logo":{"@type":"ImageObject","inLanguage":"es","@id":"https:\/\/prolead-tw.com\/#\/schema\/logo\/image\/","url":"https:\/\/prolead-tw.com\/wp-content\/uploads\/2024\/11\/cropped-Prolead-\u5bf6\u529b\u570b\u969b-logo\u6a6b.png","contentUrl":"https:\/\/prolead-tw.com\/wp-content\/uploads\/2024\/11\/cropped-Prolead-\u5bf6\u529b\u570b\u969b-logo\u6a6b.png","width":1000,"height":334,"caption":"Prolead"},"image":{"@id":"https:\/\/prolead-tw.com\/#\/schema\/logo\/image\/"}}]}},"uagb_featured_image_src":{"full":["https:\/\/prolead-tw.com\/wp-content\/uploads\/2024\/11\/Power-Control-Box-1.png",450,320,false],"thumbnail":["https:\/\/prolead-tw.com\/wp-content\/uploads\/2024\/11\/Power-Control-Box-1-150x150.png",150,150,true],"medium":["https:\/\/prolead-tw.com\/wp-content\/uploads\/2024\/11\/Power-Control-Box-1-300x213.png",300,213,true],"medium_large":["https:\/\/prolead-tw.com\/wp-content\/uploads\/2024\/11\/Power-Control-Box-1.png",450,320,false],"large":["https:\/\/prolead-tw.com\/wp-content\/uploads\/2024\/11\/Power-Control-Box-1.png",450,320,false],"1536x1536":["https:\/\/prolead-tw.com\/wp-content\/uploads\/2024\/11\/Power-Control-Box-1.png",450,320,false],"2048x2048":["https:\/\/prolead-tw.com\/wp-content\/uploads\/2024\/11\/Power-Control-Box-1.png",450,320,false],"trp-custom-language-flag":["https:\/\/prolead-tw.com\/wp-content\/uploads\/2024\/11\/Power-Control-Box-1-18x12.png",18,12,true],"mailpoet_newsletter_max":["https:\/\/prolead-tw.com\/wp-content\/uploads\/2024\/11\/Power-Control-Box-1.png",450,320,false],"woocommerce_thumbnail":["https:\/\/prolead-tw.com\/wp-content\/uploads\/2024\/11\/Power-Control-Box-1-300x300.png",300,300,true],"woocommerce_single":["https:\/\/prolead-tw.com\/wp-content\/uploads\/2024\/11\/Power-Control-Box-1.png",450,320,false],"woocommerce_gallery_thumbnail":["https:\/\/prolead-tw.com\/wp-content\/uploads\/2024\/11\/Power-Control-Box-1-100x100.png",100,100,true]},"uagb_author_info":{"display_name":"admin","author_link":"https:\/\/prolead-tw.com\/es\/author\/"},"uagb_comment_info":0,"uagb_excerpt":"Power Control Box are designed to regulate and distribute electrical power, ensuring efficient and automatic operation of paddlewheel aerators, pumps, blower...etc machines in shrimp\/fish farming. Prolead only use the high quality component for an safety and durable control systems in various applications.","_links":{"self":[{"href":"https:\/\/prolead-tw.com\/es\/wp-json\/wp\/v2\/product\/4317","targetHints":{"allow":["GET"]}}],"collection":[{"href":"https:\/\/prolead-tw.com\/es\/wp-json\/wp\/v2\/product"}],"about":[{"href":"https:\/\/prolead-tw.com\/es\/wp-json\/wp\/v2\/types\/product"}],"version-history":[{"count":4,"href":"https:\/\/prolead-tw.com\/es\/wp-json\/wp\/v2\/product\/4317\/revisions"}],"predecessor-version":[{"id":4431,"href":"https:\/\/prolead-tw.com\/es\/wp-json\/wp\/v2\/product\/4317\/revisions\/4431"}],"wp:featuredmedia":[{"embeddable":true,"href":"https:\/\/prolead-tw.com\/es\/wp-json\/wp\/v2\/media\/4429"}],"wp:attachment":[{"href":"https:\/\/prolead-tw.com\/es\/wp-json\/wp\/v2\/media?parent=4317"}],"wp:term":[{"taxonomy":"product_brand","embeddable":true,"href":"https:\/\/prolead-tw.com\/es\/wp-json\/wp\/v2\/product_brand?post=4317"},{"taxonomy":"product_cat","embeddable":true,"href":"https:\/\/prolead-tw.com\/es\/wp-json\/wp\/v2\/product_cat?post=4317"},{"taxonomy":"product_tag","embeddable":true,"href":"https:\/\/prolead-tw.com\/es\/wp-json\/wp\/v2\/product_tag?post=4317"}],"curies":[{"name":"wp","href":"https:\/\/api.w.org\/{rel}","templated":true}]}}