{"id":4311,"date":"2024-11-26T23:01:42","date_gmt":"2024-11-26T15:01:42","guid":{"rendered":"https:\/\/www.prolead-tw.com\/?post_type=product&#038;p=4311"},"modified":"2024-12-22T08:19:54","modified_gmt":"2024-12-22T00:19:54","slug":"paddlewheel-aerator-anomaly-alert-system","status":"publish","type":"product","link":"https:\/\/prolead-tw.com\/es\/producto\/smart-aquaculture-system\/paddlewheel-aerator-anomaly-alert-system\/","title":{"rendered":"Paddlewheel Aerators Alert System"},"content":{"rendered":"<div class=\"webeditor\">\n<p><img fetchpriority=\"high\" decoding=\"async\" class=\"aligncenter  wp-image-4019\" src=\"http:\/\/www.prolead-tw.com\/wp-content\/uploads\/2024\/11\/1876-1-1024x678.jpg\" alt=\"\" width=\"559\" height=\"370\" srcset=\"https:\/\/prolead-tw.com\/wp-content\/uploads\/2024\/11\/1876-1-1024x678.jpg 1024w, https:\/\/prolead-tw.com\/wp-content\/uploads\/2024\/11\/1876-1-300x199.jpg 300w, https:\/\/prolead-tw.com\/wp-content\/uploads\/2024\/11\/1876-1-768x509.jpg 768w, https:\/\/prolead-tw.com\/wp-content\/uploads\/2024\/11\/1876-1-1536x1018.jpg 1536w, https:\/\/prolead-tw.com\/wp-content\/uploads\/2024\/11\/1876-1-18x12.jpg 18w, https:\/\/prolead-tw.com\/wp-content\/uploads\/2024\/11\/1876-1-200x133.jpg 200w, https:\/\/prolead-tw.com\/wp-content\/uploads\/2024\/11\/1876-1-600x398.jpg 600w, https:\/\/prolead-tw.com\/wp-content\/uploads\/2024\/11\/1876-1.jpg 2000w\" sizes=\"(max-width: 559px) 100vw, 559px\" \/><\/p>\n<p>&nbsp;<\/p>\n<p>El sistema de alarma de los aireadores de paletas ayuda a gestionar la explotaci\u00f3n de forma eficaz. La alarma inmediata avisar\u00e1 cuando se produzca una condici\u00f3n anormal, lo que reducir\u00e1 el riesgo irreparable causado por la p\u00e9rdida de oxigenaci\u00f3n.<\/p>\n<p>The Paddlewheel aerator alarm system helps farming management efficently. The immediate alarm will notify when the abnormal condition happened, which reduce the irreparable risk\u00a0caused by oxygenation loss.<\/p>\n<p>Caracter\u00edstica:<\/p>\n<ul>\n<li>Aireadores de paletas personalizados monitoreados por un conjunto.<\/li>\n<li>Las nubes de datos permiten unificar la gesti\u00f3n de los datos<\/li>\n<li>Notificaci\u00f3n de Messenger\/Whatsapp<\/li>\n<li>Notificaci\u00f3n de viaje de energ\u00eda<\/li>\n<li>Notificaci\u00f3n de corte de energ\u00eda<\/li>\n<li>Notificaci\u00f3n de escasez de fase<\/li>\n<li>Se configura la gesti\u00f3n m\u00faltiple de particiones y subestaciones.<\/li>\n<li>Configuraci\u00f3n de monitoreo de corriente remoto<\/li>\n<li>Configuraci\u00f3n de alarma de l\u00edmite de corriente remota<\/li>\n<\/ul>\n<\/div>\n<div class=\"webeditor\">\n<p>&nbsp;<\/p>\n<\/div>","protected":false},"excerpt":{"rendered":"<p>The Paddlewheel aerator alarm system helps farming management efficently. The immediate alarm will notify when the abnormal condition happened, which reduce the irreparable risk\u00a0caused by oxygenation loss.<\/p>","protected":false},"featured_media":3740,"template":"","meta":{"_uag_custom_page_level_css":"","site-sidebar-layout":"default","site-content-layout":"","ast-site-content-layout":"default","site-content-style":"default","site-sidebar-style":"default","ast-global-header-display":"","ast-banner-title-visibility":"","ast-main-header-display":"","ast-hfb-above-header-display":"","ast-hfb-below-header-display":"","ast-hfb-mobile-header-display":"","site-post-title":"","ast-breadcrumbs-content":"","ast-featured-img":"","footer-sml-layout":"","ast-disable-related-posts":"","theme-transparent-header-meta":"default","adv-header-id-meta":"","stick-header-meta":"default","header-above-stick-meta":"","header-main-stick-meta":"","header-below-stick-meta":"","astra-migrate-meta-layouts":"set","ast-page-background-enabled":"default","ast-page-background-meta":{"desktop":{"background-color":"","background-image":"","background-repeat":"repeat","background-position":"center center","background-size":"auto","background-attachment":"scroll","background-type":"","background-media":"","overlay-type":"","overlay-color":"","overlay-opacity":"","overlay-gradient":""},"tablet":{"background-color":"","background-image":"","background-repeat":"repeat","background-position":"center center","background-size":"auto","background-attachment":"scroll","background-type":"","background-media":"","overlay-type":"","overlay-color":"","overlay-opacity":"","overlay-gradient":""},"mobile":{"background-color":"","background-image":"","background-repeat":"repeat","background-position":"center center","background-size":"auto","background-attachment":"scroll","background-type":"","background-media":"","overlay-type":"","overlay-color":"","overlay-opacity":"","overlay-gradient":""}},"ast-content-background-meta":{"desktop":{"background-color":"var(--ast-global-color-5)","background-image":"","background-repeat":"repeat","background-position":"center center","background-size":"auto","background-attachment":"scroll","background-type":"","background-media":"","overlay-type":"","overlay-color":"","overlay-opacity":"","overlay-gradient":""},"tablet":{"background-color":"var(--ast-global-color-5)","background-image":"","background-repeat":"repeat","background-position":"center center","background-size":"auto","background-attachment":"scroll","background-type":"","background-media":"","overlay-type":"","overlay-color":"","overlay-opacity":"","overlay-gradient":""},"mobile":{"background-color":"var(--ast-global-color-5)","background-image":"","background-repeat":"repeat","background-position":"center center","background-size":"auto","background-attachment":"scroll","background-type":"","background-media":"","overlay-type":"","overlay-color":"","overlay-opacity":"","overlay-gradient":""}}},"product_brand":[],"product_cat":[141],"product_tag":[],"class_list":{"0":"post-4311","1":"product","2":"type-product","3":"status-publish","4":"has-post-thumbnail","6":"product_cat-smart-aquaculture-system","7":"desktop-align-left","8":"tablet-align-left","9":"mobile-align-left","11":"first","12":"instock","13":"shipping-taxable","14":"product-type-simple"},"yoast_head":"<!-- This site is optimized with the Yoast SEO plugin v26.8 - https:\/\/yoast.com\/product\/yoast-seo-wordpress\/ -->\n<title>Paddlewheel Aerators Alert System - Prolead<\/title>\n<meta name=\"description\" content=\"The Paddlewheel aerator alarm system helps farming management efficently. The immediate alarm will notify when the abnormal condition happened\" \/>\n<meta name=\"robots\" content=\"index, follow, max-snippet:-1, max-image-preview:large, max-video-preview:-1\" \/>\n<link rel=\"canonical\" href=\"https:\/\/prolead-tw.com\/es\/product\/smart-aquaculture-system\/paddlewheel-aerator-anomaly-alert-system\/\" \/>\n<meta property=\"og:locale\" content=\"es_ES\" \/>\n<meta property=\"og:type\" content=\"article\" \/>\n<meta property=\"og:title\" content=\"Paddlewheel Aerators Alert System - Prolead\" \/>\n<meta property=\"og:description\" content=\"The Paddlewheel aerator alarm system helps farming management efficently. The immediate alarm will notify when the abnormal condition happened\" \/>\n<meta property=\"og:url\" content=\"https:\/\/prolead-tw.com\/es\/product\/smart-aquaculture-system\/paddlewheel-aerator-anomaly-alert-system\/\" \/>\n<meta property=\"og:site_name\" content=\"Prolead\" \/>\n<meta property=\"article:modified_time\" content=\"2024-12-22T00:19:54+00:00\" \/>\n<meta property=\"og:image\" content=\"https:\/\/prolead-tw.com\/wp-content\/uploads\/2024\/11\/30555884-1024x684.jpg\" \/>\n\t<meta property=\"og:image:width\" content=\"1024\" \/>\n\t<meta property=\"og:image:height\" content=\"684\" \/>\n\t<meta property=\"og:image:type\" content=\"image\/jpeg\" \/>\n<meta name=\"twitter:card\" content=\"summary_large_image\" \/>\n<meta name=\"twitter:label1\" content=\"Tiempo de lectura\" \/>\n\t<meta name=\"twitter:data1\" content=\"1 minuto\" \/>\n<script type=\"application\/ld+json\" class=\"yoast-schema-graph\">{\"@context\":\"https:\/\/schema.org\",\"@graph\":[{\"@type\":\"WebPage\",\"@id\":\"https:\/\/prolead-tw.com\/product\/smart-aquaculture-system\/paddlewheel-aerator-anomaly-alert-system\/\",\"url\":\"https:\/\/prolead-tw.com\/product\/smart-aquaculture-system\/paddlewheel-aerator-anomaly-alert-system\/\",\"name\":\"Paddlewheel Aerators Alert System - Prolead\",\"isPartOf\":{\"@id\":\"https:\/\/prolead-tw.com\/#website\"},\"primaryImageOfPage\":{\"@id\":\"https:\/\/prolead-tw.com\/product\/smart-aquaculture-system\/paddlewheel-aerator-anomaly-alert-system\/#primaryimage\"},\"image\":{\"@id\":\"https:\/\/prolead-tw.com\/product\/smart-aquaculture-system\/paddlewheel-aerator-anomaly-alert-system\/#primaryimage\"},\"thumbnailUrl\":\"https:\/\/prolead-tw.com\/wp-content\/uploads\/2024\/11\/30555884.jpg\",\"datePublished\":\"2024-11-26T15:01:42+00:00\",\"dateModified\":\"2024-12-22T00:19:54+00:00\",\"description\":\"The Paddlewheel aerator alarm system helps farming management efficently. The immediate alarm will notify when the abnormal condition happened\",\"breadcrumb\":{\"@id\":\"https:\/\/prolead-tw.com\/product\/smart-aquaculture-system\/paddlewheel-aerator-anomaly-alert-system\/#breadcrumb\"},\"inLanguage\":\"es\",\"potentialAction\":[{\"@type\":\"ReadAction\",\"target\":[\"https:\/\/prolead-tw.com\/product\/smart-aquaculture-system\/paddlewheel-aerator-anomaly-alert-system\/\"]}]},{\"@type\":\"ImageObject\",\"inLanguage\":\"es\",\"@id\":\"https:\/\/prolead-tw.com\/product\/smart-aquaculture-system\/paddlewheel-aerator-anomaly-alert-system\/#primaryimage\",\"url\":\"https:\/\/prolead-tw.com\/wp-content\/uploads\/2024\/11\/30555884.jpg\",\"contentUrl\":\"https:\/\/prolead-tw.com\/wp-content\/uploads\/2024\/11\/30555884.jpg\",\"width\":2000,\"height\":1335},{\"@type\":\"BreadcrumbList\",\"@id\":\"https:\/\/prolead-tw.com\/product\/smart-aquaculture-system\/paddlewheel-aerator-anomaly-alert-system\/#breadcrumb\",\"itemListElement\":[{\"@type\":\"ListItem\",\"position\":1,\"name\":\"\u9996\u9801\",\"item\":\"https:\/\/prolead-tw.com\/\"},{\"@type\":\"ListItem\",\"position\":2,\"name\":\"product\",\"item\":\"https:\/\/prolead-tw.com\/product\/\"},{\"@type\":\"ListItem\",\"position\":3,\"name\":\"Paddlewheel Aerators Alert System\"}]},{\"@type\":\"WebSite\",\"@id\":\"https:\/\/prolead-tw.com\/#website\",\"url\":\"https:\/\/prolead-tw.com\/\",\"name\":\"Prolead\",\"description\":\"Top Professional Supplier for Aquaculture Sector\",\"publisher\":{\"@id\":\"https:\/\/prolead-tw.com\/#organization\"},\"potentialAction\":[{\"@type\":\"SearchAction\",\"target\":{\"@type\":\"EntryPoint\",\"urlTemplate\":\"https:\/\/prolead-tw.com\/?s={search_term_string}\"},\"query-input\":{\"@type\":\"PropertyValueSpecification\",\"valueRequired\":true,\"valueName\":\"search_term_string\"}}],\"inLanguage\":\"es\"},{\"@type\":\"Organization\",\"@id\":\"https:\/\/prolead-tw.com\/#organization\",\"name\":\"Prolead\",\"url\":\"https:\/\/prolead-tw.com\/\",\"logo\":{\"@type\":\"ImageObject\",\"inLanguage\":\"es\",\"@id\":\"https:\/\/prolead-tw.com\/#\/schema\/logo\/image\/\",\"url\":\"https:\/\/prolead-tw.com\/wp-content\/uploads\/2024\/11\/cropped-Prolead-\u5bf6\u529b\u570b\u969b-logo\u6a6b.png\",\"contentUrl\":\"https:\/\/prolead-tw.com\/wp-content\/uploads\/2024\/11\/cropped-Prolead-\u5bf6\u529b\u570b\u969b-logo\u6a6b.png\",\"width\":1000,\"height\":334,\"caption\":\"Prolead\"},\"image\":{\"@id\":\"https:\/\/prolead-tw.com\/#\/schema\/logo\/image\/\"}}]}<\/script>\n<!-- \/ Yoast SEO plugin. -->","yoast_head_json":{"title":"Paddlewheel Aerators Alert System - Prolead","description":"The Paddlewheel aerator alarm system helps farming management efficently. The immediate alarm will notify when the abnormal condition happened","robots":{"index":"index","follow":"follow","max-snippet":"max-snippet:-1","max-image-preview":"max-image-preview:large","max-video-preview":"max-video-preview:-1"},"canonical":"https:\/\/prolead-tw.com\/es\/product\/smart-aquaculture-system\/paddlewheel-aerator-anomaly-alert-system\/","og_locale":"es_ES","og_type":"article","og_title":"Paddlewheel Aerators Alert System - Prolead","og_description":"The Paddlewheel aerator alarm system helps farming management efficently. The immediate alarm will notify when the abnormal condition happened","og_url":"https:\/\/prolead-tw.com\/es\/product\/smart-aquaculture-system\/paddlewheel-aerator-anomaly-alert-system\/","og_site_name":"Prolead","article_modified_time":"2024-12-22T00:19:54+00:00","og_image":[{"width":1024,"height":684,"url":"https:\/\/prolead-tw.com\/wp-content\/uploads\/2024\/11\/30555884-1024x684.jpg","type":"image\/jpeg"}],"twitter_card":"summary_large_image","twitter_misc":{"Tiempo de lectura":"1 minuto"},"schema":{"@context":"https:\/\/schema.org","@graph":[{"@type":"WebPage","@id":"https:\/\/prolead-tw.com\/product\/smart-aquaculture-system\/paddlewheel-aerator-anomaly-alert-system\/","url":"https:\/\/prolead-tw.com\/product\/smart-aquaculture-system\/paddlewheel-aerator-anomaly-alert-system\/","name":"Paddlewheel Aerators Alert System - Prolead","isPartOf":{"@id":"https:\/\/prolead-tw.com\/#website"},"primaryImageOfPage":{"@id":"https:\/\/prolead-tw.com\/product\/smart-aquaculture-system\/paddlewheel-aerator-anomaly-alert-system\/#primaryimage"},"image":{"@id":"https:\/\/prolead-tw.com\/product\/smart-aquaculture-system\/paddlewheel-aerator-anomaly-alert-system\/#primaryimage"},"thumbnailUrl":"https:\/\/prolead-tw.com\/wp-content\/uploads\/2024\/11\/30555884.jpg","datePublished":"2024-11-26T15:01:42+00:00","dateModified":"2024-12-22T00:19:54+00:00","description":"The Paddlewheel aerator alarm system helps farming management efficently. The immediate alarm will notify when the abnormal condition happened","breadcrumb":{"@id":"https:\/\/prolead-tw.com\/product\/smart-aquaculture-system\/paddlewheel-aerator-anomaly-alert-system\/#breadcrumb"},"inLanguage":"es","potentialAction":[{"@type":"ReadAction","target":["https:\/\/prolead-tw.com\/product\/smart-aquaculture-system\/paddlewheel-aerator-anomaly-alert-system\/"]}]},{"@type":"ImageObject","inLanguage":"es","@id":"https:\/\/prolead-tw.com\/product\/smart-aquaculture-system\/paddlewheel-aerator-anomaly-alert-system\/#primaryimage","url":"https:\/\/prolead-tw.com\/wp-content\/uploads\/2024\/11\/30555884.jpg","contentUrl":"https:\/\/prolead-tw.com\/wp-content\/uploads\/2024\/11\/30555884.jpg","width":2000,"height":1335},{"@type":"BreadcrumbList","@id":"https:\/\/prolead-tw.com\/product\/smart-aquaculture-system\/paddlewheel-aerator-anomaly-alert-system\/#breadcrumb","itemListElement":[{"@type":"ListItem","position":1,"name":"\u9996\u9801","item":"https:\/\/prolead-tw.com\/"},{"@type":"ListItem","position":2,"name":"product","item":"https:\/\/prolead-tw.com\/product\/"},{"@type":"ListItem","position":3,"name":"Paddlewheel Aerators Alert System"}]},{"@type":"WebSite","@id":"https:\/\/prolead-tw.com\/#website","url":"https:\/\/prolead-tw.com\/","name":"Prolead","description":"Top Professional Supplier for Aquaculture Sector","publisher":{"@id":"https:\/\/prolead-tw.com\/#organization"},"potentialAction":[{"@type":"SearchAction","target":{"@type":"EntryPoint","urlTemplate":"https:\/\/prolead-tw.com\/?s={search_term_string}"},"query-input":{"@type":"PropertyValueSpecification","valueRequired":true,"valueName":"search_term_string"}}],"inLanguage":"es"},{"@type":"Organization","@id":"https:\/\/prolead-tw.com\/#organization","name":"Prolead","url":"https:\/\/prolead-tw.com\/","logo":{"@type":"ImageObject","inLanguage":"es","@id":"https:\/\/prolead-tw.com\/#\/schema\/logo\/image\/","url":"https:\/\/prolead-tw.com\/wp-content\/uploads\/2024\/11\/cropped-Prolead-\u5bf6\u529b\u570b\u969b-logo\u6a6b.png","contentUrl":"https:\/\/prolead-tw.com\/wp-content\/uploads\/2024\/11\/cropped-Prolead-\u5bf6\u529b\u570b\u969b-logo\u6a6b.png","width":1000,"height":334,"caption":"Prolead"},"image":{"@id":"https:\/\/prolead-tw.com\/#\/schema\/logo\/image\/"}}]}},"uagb_featured_image_src":{"full":["https:\/\/prolead-tw.com\/wp-content\/uploads\/2024\/11\/30555884.jpg",2000,1335,false],"thumbnail":["https:\/\/prolead-tw.com\/wp-content\/uploads\/2024\/11\/30555884-150x150.jpg",150,150,true],"medium":["https:\/\/prolead-tw.com\/wp-content\/uploads\/2024\/11\/30555884-300x200.jpg",300,200,true],"medium_large":["https:\/\/prolead-tw.com\/wp-content\/uploads\/2024\/11\/30555884-768x513.jpg",768,513,true],"large":["https:\/\/prolead-tw.com\/wp-content\/uploads\/2024\/11\/30555884-1024x684.jpg",1024,684,true],"1536x1536":["https:\/\/prolead-tw.com\/wp-content\/uploads\/2024\/11\/30555884-1536x1025.jpg",1536,1025,true],"2048x2048":["https:\/\/prolead-tw.com\/wp-content\/uploads\/2024\/11\/30555884.jpg",2000,1335,false],"trp-custom-language-flag":["https:\/\/prolead-tw.com\/wp-content\/uploads\/2024\/11\/30555884.jpg",18,12,false],"mailpoet_newsletter_max":["https:\/\/prolead-tw.com\/wp-content\/uploads\/2024\/11\/30555884.jpg",1320,881,false],"woocommerce_thumbnail":["https:\/\/prolead-tw.com\/wp-content\/uploads\/2024\/11\/30555884-300x300.jpg",300,300,true],"woocommerce_single":["https:\/\/prolead-tw.com\/wp-content\/uploads\/2024\/11\/30555884-600x401.jpg",600,401,true],"woocommerce_gallery_thumbnail":["https:\/\/prolead-tw.com\/wp-content\/uploads\/2024\/11\/30555884-100x100.jpg",100,100,true]},"uagb_author_info":{"display_name":"admin","author_link":"https:\/\/prolead-tw.com\/es\/author\/"},"uagb_comment_info":0,"uagb_excerpt":"The Paddlewheel aerator alarm system helps farming management efficently. The immediate alarm will notify when the abnormal condition happened, which reduce the irreparable risk\u00a0caused by oxygenation loss.","_links":{"self":[{"href":"https:\/\/prolead-tw.com\/es\/wp-json\/wp\/v2\/product\/4311","targetHints":{"allow":["GET"]}}],"collection":[{"href":"https:\/\/prolead-tw.com\/es\/wp-json\/wp\/v2\/product"}],"about":[{"href":"https:\/\/prolead-tw.com\/es\/wp-json\/wp\/v2\/types\/product"}],"version-history":[{"count":4,"href":"https:\/\/prolead-tw.com\/es\/wp-json\/wp\/v2\/product\/4311\/revisions"}],"predecessor-version":[{"id":4632,"href":"https:\/\/prolead-tw.com\/es\/wp-json\/wp\/v2\/product\/4311\/revisions\/4632"}],"wp:featuredmedia":[{"embeddable":true,"href":"https:\/\/prolead-tw.com\/es\/wp-json\/wp\/v2\/media\/3740"}],"wp:attachment":[{"href":"https:\/\/prolead-tw.com\/es\/wp-json\/wp\/v2\/media?parent=4311"}],"wp:term":[{"taxonomy":"product_brand","embeddable":true,"href":"https:\/\/prolead-tw.com\/es\/wp-json\/wp\/v2\/product_brand?post=4311"},{"taxonomy":"product_cat","embeddable":true,"href":"https:\/\/prolead-tw.com\/es\/wp-json\/wp\/v2\/product_cat?post=4311"},{"taxonomy":"product_tag","embeddable":true,"href":"https:\/\/prolead-tw.com\/es\/wp-json\/wp\/v2\/product_tag?post=4311"}],"curies":[{"name":"wp","href":"https:\/\/api.w.org\/{rel}","templated":true}]}}