{"id":4306,"date":"2024-11-26T22:55:53","date_gmt":"2024-11-26T14:55:53","guid":{"rendered":"https:\/\/www.prolead-tw.com\/?post_type=product&#038;p=4306"},"modified":"2024-12-18T16:52:53","modified_gmt":"2024-12-18T08:52:53","slug":"high-head-dewatering","status":"publish","type":"product","link":"https:\/\/prolead-tw.com\/es\/producto\/water-pump\/high-head-dewatering\/","title":{"rendered":"Bomba de aguas residuales de alta eficiencia"},"content":{"rendered":"<div class=\"webeditor\">\n<div class=\"table-container\">\n<p><img fetchpriority=\"high\" decoding=\"async\" class=\"aligncenter wp-image-4598\" src=\"http:\/\/www.prolead-tw.com\/wp-content\/uploads\/2024\/11\/Highe-Efficienty.jpg\" alt=\"\" width=\"271\" height=\"305\" srcset=\"https:\/\/prolead-tw.com\/wp-content\/uploads\/2024\/11\/Highe-Efficienty.jpg 363w, https:\/\/prolead-tw.com\/wp-content\/uploads\/2024\/11\/Highe-Efficienty-266x300.jpg 266w, https:\/\/prolead-tw.com\/wp-content\/uploads\/2024\/11\/Highe-Efficienty-11x12.jpg 11w\" sizes=\"(max-width: 271px) 100vw, 271px\" \/><\/p>\n<p>&nbsp;<\/p>\n<p><strong>Caracter\u00edsticas<\/strong><\/p>\n<ol>\n<li>La bomba de aguas residuales de alta eficiencia est\u00e1 dise\u00f1ada para la descarga de agua para aguas residuales, con un impulsor semiabierto exclusivo de acero inoxidable y alas dobles para evitar bloqueos.<\/li>\n<li>La base del cable y el n\u00facleo del cable est\u00e1n fabricados con tratamiento de resina epoxi para evitar que la humedad ingrese al motor.<\/li>\n<li>La carcasa de la voluta est\u00e1 equipada con un perno de ventilaci\u00f3n para evitar bloqueos de aire.<\/li>\n<li>Equipado con un sello mec\u00e1nico doble SIC de alta calidad.<\/li>\n<li>El motor tiene aislamiento de acuerdo con las normas IEC IP68.<\/li>\n<li>El corte autom\u00e1tico evita que el motor se sobrecaliente.<\/li>\n<li>Este tipo puede equiparse con un soporte de elevaci\u00f3n.<\/li>\n<\/ol>\n<p><strong>Solicitud<\/strong><\/p>\n<ul>\n<li>Descarga de agua, acuicultura, riego agr\u00edcola, ingenier\u00eda hidr\u00e1ulica y drenaje, etc.<\/li>\n<\/ul>\n<p><strong>Especificaci\u00f3n<\/strong><\/p>\n<table width=\"100%\">\n<tbody>\n<tr>\n<td rowspan=\"3\" width=\"9%\">Modelo<\/td>\n<td width=\"3%\">PH<\/td>\n<td colspan=\"2\" width=\"6%\">Fuerza<\/td>\n<td width=\"5%\">Descargar<\/td>\n<td rowspan=\"3\" width=\"3%\">Pole<\/td>\n<td colspan=\"6\" width=\"32%\">Est\u00e1ndares de altura y caudal<\/td>\n<td colspan=\"6\" width=\"31%\">Altura m\u00e1xima y caudal<\/td>\n<td colspan=\"2\" width=\"8%\"><\/td>\n<\/tr>\n<tr>\n<td width=\"3%\">\u03c6<\/td>\n<td width=\"2%\">HP<\/td>\n<td width=\"3%\">\u00a0(kw)<\/td>\n<td width=\"5%\">Inch<\/td>\n<td width=\"6%\">Frequancy<\/td>\n<td width=\"4%\">Head<\/td>\n<td width=\"5%\">Fluir<\/td>\n<td width=\"6%\">Frequancy<\/td>\n<td width=\"4%\">Head<\/td>\n<td width=\"5%\">Fluir<\/td>\n<td width=\"5%\">Frequancy<\/td>\n<td width=\"4%\">Head<\/td>\n<td width=\"5%\">Capacity<\/td>\n<td width=\"6%\">Frequancy<\/td>\n<td width=\"4%\">Head<\/td>\n<td width=\"5%\">Capacity<\/td>\n<td rowspan=\"2\" width=\"4%\">Weight-Kgs<\/td>\n<td rowspan=\"2\" width=\"4%\">Solid Pssage<\/td>\n<\/tr>\n<tr>\n<td width=\"3%\"><\/td>\n<td width=\"2%\"><\/td>\n<td width=\"3%\"><\/td>\n<td width=\"5%\"><\/td>\n<td width=\"6%\">hertz<\/td>\n<td width=\"4%\">(m)<\/td>\n<td width=\"5%\">(m3\u00a0\/min)<\/td>\n<td width=\"6%\">hertz<\/td>\n<td width=\"4%\">(m)<\/td>\n<td width=\"5%\">(m3\u00a0\/min)<\/td>\n<td width=\"5%\">hertz<\/td>\n<td width=\"4%\">(m)<\/td>\n<td width=\"5%\">(m3\u00a0\/min)<\/td>\n<td width=\"6%\">hertz<\/td>\n<td width=\"4%\">(m)<\/td>\n<td width=\"5%\">(m3\u00a0\/min)<\/td>\n<\/tr>\n<tr>\n<td width=\"9%\">BF-323(J)<\/td>\n<td width=\"3%\">3\u00d8<\/td>\n<td width=\"2%\">2<\/td>\n<td width=\"3%\">1.5<\/td>\n<td width=\"5%\">3&#8243;<\/td>\n<td width=\"3%\">2<\/td>\n<td width=\"6%\">50HZ<\/td>\n<td width=\"4%\">10<\/td>\n<td width=\"5%\">0.5<\/td>\n<td width=\"6%\">60HZ<\/td>\n<td width=\"4%\">7<\/td>\n<td width=\"5%\">0.5<\/td>\n<td width=\"5%\">50HZ<\/td>\n<td width=\"4%\">20<\/td>\n<td width=\"5%\">0.9<\/td>\n<td width=\"6%\">60HZ<\/td>\n<td width=\"4%\">20<\/td>\n<td width=\"5%\">0.7<\/td>\n<td width=\"4%\">34<\/td>\n<td width=\"4%\">20<\/td>\n<\/tr>\n<tr>\n<td width=\"9%\">BF-333(J)<\/td>\n<td width=\"3%\">3\u00d8<\/td>\n<td width=\"2%\">3<\/td>\n<td width=\"3%\">2.2<\/td>\n<td width=\"5%\">3&#8243;<\/td>\n<td width=\"3%\">2<\/td>\n<td width=\"6%\">50HZ<\/td>\n<td width=\"4%\">14<\/td>\n<td width=\"5%\">0.5<\/td>\n<td width=\"6%\">60HZ<\/td>\n<td width=\"4%\">11<\/td>\n<td width=\"5%\">0.5<\/td>\n<td width=\"5%\">50HZ<\/td>\n<td width=\"4%\">22<\/td>\n<td width=\"5%\">1.1<\/td>\n<td width=\"6%\">60HZ<\/td>\n<td width=\"4%\">21<\/td>\n<td width=\"5%\">0.9<\/td>\n<td width=\"4%\">37<\/td>\n<td width=\"4%\">35<\/td>\n<\/tr>\n<tr>\n<td width=\"9%\">BF-353<\/td>\n<td width=\"3%\">3\u00d8<\/td>\n<td width=\"2%\">5<\/td>\n<td width=\"3%\">3.7<\/td>\n<td width=\"5%\">3&#8243;<\/td>\n<td width=\"3%\">2<\/td>\n<td width=\"6%\">50HZ<\/td>\n<td width=\"4%\">18<\/td>\n<td width=\"5%\">0.5<\/td>\n<td width=\"6%\">60HZ<\/td>\n<td width=\"4%\">22<\/td>\n<td width=\"5%\">0.5<\/td>\n<td width=\"5%\">50HZ<\/td>\n<td width=\"4%\">25<\/td>\n<td width=\"5%\">1.5<\/td>\n<td width=\"6%\">60HZ<\/td>\n<td width=\"4%\">30<\/td>\n<td width=\"5%\">1.5<\/td>\n<td width=\"4%\">45<\/td>\n<td width=\"4%\">35<\/td>\n<\/tr>\n<tr>\n<td width=\"9%\">BF-3754<\/td>\n<td width=\"3%\">3\u00d8<\/td>\n<td width=\"2%\">7.5<\/td>\n<td width=\"3%\">5.5<\/td>\n<td width=\"5%\">4&#8243;<\/td>\n<td width=\"3%\">2<\/td>\n<td width=\"6%\">50HZ<\/td>\n<td width=\"4%\">15<\/td>\n<td width=\"5%\">1<\/td>\n<td width=\"6%\">60HZ<\/td>\n<td width=\"4%\">20<\/td>\n<td width=\"5%\">1<\/td>\n<td width=\"5%\">50HZ<\/td>\n<td width=\"4%\">28<\/td>\n<td width=\"5%\">1.5<\/td>\n<td width=\"6%\">60HZ<\/td>\n<td width=\"4%\">33<\/td>\n<td width=\"5%\">1.5<\/td>\n<td width=\"4%\">55<\/td>\n<td width=\"4%\">35<\/td>\n<\/tr>\n<tr>\n<td width=\"9%\">BF-3104<\/td>\n<td width=\"3%\">3\u00d8<\/td>\n<td width=\"2%\">10<\/td>\n<td width=\"3%\">7.5<\/td>\n<td width=\"5%\">4&#8243;<\/td>\n<td width=\"3%\">2<\/td>\n<td width=\"6%\">50HZ<\/td>\n<td width=\"4%\">21<\/td>\n<td width=\"5%\">1<\/td>\n<td width=\"6%\">60HZ<\/td>\n<td width=\"4%\">27<\/td>\n<td width=\"5%\">1<\/td>\n<td width=\"5%\">50HZ<\/td>\n<td width=\"4%\">32<\/td>\n<td width=\"5%\">1.6<\/td>\n<td width=\"6%\">60HZ<\/td>\n<td width=\"4%\">40<\/td>\n<td width=\"5%\">1.6<\/td>\n<td width=\"4%\">60<\/td>\n<td width=\"4%\">35<\/td>\n<\/tr>\n<\/tbody>\n<\/table>\n<div class=\"TR1\"><\/div>\n<p>&nbsp;<\/p>\n<\/div>\n<\/div>","protected":false},"excerpt":{"rendered":"<p>La bomba de aguas residuales de alta eficiencia est\u00e1 dise\u00f1ada para la descarga de agua para aguas residuales, con un impulsor semiabierto exclusivo de acero inoxidable y alas dobles para evitar bloqueos.<\/p>","protected":false},"featured_media":4598,"template":"","meta":{"_uag_custom_page_level_css":"","site-sidebar-layout":"default","site-content-layout":"","ast-site-content-layout":"default","site-content-style":"default","site-sidebar-style":"default","ast-global-header-display":"","ast-banner-title-visibility":"","ast-main-header-display":"","ast-hfb-above-header-display":"","ast-hfb-below-header-display":"","ast-hfb-mobile-header-display":"","site-post-title":"","ast-breadcrumbs-content":"","ast-featured-img":"","footer-sml-layout":"","ast-disable-related-posts":"","theme-transparent-header-meta":"default","adv-header-id-meta":"","stick-header-meta":"default","header-above-stick-meta":"","header-main-stick-meta":"","header-below-stick-meta":"","astra-migrate-meta-layouts":"set","ast-page-background-enabled":"default","ast-page-background-meta":{"desktop":{"background-color":"","background-image":"","background-repeat":"repeat","background-position":"center center","background-size":"auto","background-attachment":"scroll","background-type":"","background-media":"","overlay-type":"","overlay-color":"","overlay-opacity":"","overlay-gradient":""},"tablet":{"background-color":"","background-image":"","background-repeat":"repeat","background-position":"center center","background-size":"auto","background-attachment":"scroll","background-type":"","background-media":"","overlay-type":"","overlay-color":"","overlay-opacity":"","overlay-gradient":""},"mobile":{"background-color":"","background-image":"","background-repeat":"repeat","background-position":"center center","background-size":"auto","background-attachment":"scroll","background-type":"","background-media":"","overlay-type":"","overlay-color":"","overlay-opacity":"","overlay-gradient":""}},"ast-content-background-meta":{"desktop":{"background-color":"var(--ast-global-color-5)","background-image":"","background-repeat":"repeat","background-position":"center center","background-size":"auto","background-attachment":"scroll","background-type":"","background-media":"","overlay-type":"","overlay-color":"","overlay-opacity":"","overlay-gradient":""},"tablet":{"background-color":"var(--ast-global-color-5)","background-image":"","background-repeat":"repeat","background-position":"center center","background-size":"auto","background-attachment":"scroll","background-type":"","background-media":"","overlay-type":"","overlay-color":"","overlay-opacity":"","overlay-gradient":""},"mobile":{"background-color":"var(--ast-global-color-5)","background-image":"","background-repeat":"repeat","background-position":"center center","background-size":"auto","background-attachment":"scroll","background-type":"","background-media":"","overlay-type":"","overlay-color":"","overlay-opacity":"","overlay-gradient":""}}},"product_brand":[],"product_cat":[134],"product_tag":[],"class_list":{"0":"post-4306","1":"product","2":"type-product","3":"status-publish","4":"has-post-thumbnail","6":"product_cat-water-pump","7":"desktop-align-left","8":"tablet-align-left","9":"mobile-align-left","11":"first","12":"instock","13":"shipping-taxable","14":"product-type-simple"},"yoast_head":"<!-- This site is optimized with the Yoast SEO plugin v26.8 - https:\/\/yoast.com\/product\/yoast-seo-wordpress\/ -->\n<title>High Efficiency Sewage Pump - Prolead<\/title>\n<meta name=\"description\" content=\"High efficiency sewage pump is designed for water discharging for sewage, unique stainless steel, semi-open impeller and double-wings to prevent blockage.\" \/>\n<meta name=\"robots\" content=\"index, follow, max-snippet:-1, max-image-preview:large, max-video-preview:-1\" \/>\n<link rel=\"canonical\" href=\"https:\/\/prolead-tw.com\/es\/product\/water-pump\/high-head-dewatering\/\" \/>\n<meta property=\"og:locale\" content=\"es_ES\" \/>\n<meta property=\"og:type\" content=\"article\" \/>\n<meta property=\"og:title\" content=\"High Efficiency Sewage Pump - Prolead\" \/>\n<meta property=\"og:description\" content=\"High efficiency sewage pump is designed for water discharging for sewage, unique stainless steel, semi-open impeller and double-wings to prevent blockage.\" \/>\n<meta property=\"og:url\" content=\"https:\/\/prolead-tw.com\/es\/product\/water-pump\/high-head-dewatering\/\" \/>\n<meta property=\"og:site_name\" content=\"Prolead\" \/>\n<meta property=\"article:modified_time\" content=\"2024-12-18T08:52:53+00:00\" \/>\n<meta property=\"og:image\" content=\"https:\/\/prolead-tw.com\/wp-content\/uploads\/2024\/11\/Highe-Efficienty.jpg\" \/>\n\t<meta property=\"og:image:width\" content=\"363\" \/>\n\t<meta property=\"og:image:height\" content=\"409\" \/>\n\t<meta property=\"og:image:type\" content=\"image\/jpeg\" \/>\n<meta name=\"twitter:card\" content=\"summary_large_image\" \/>\n<meta name=\"twitter:label1\" content=\"Tiempo de lectura\" \/>\n\t<meta name=\"twitter:data1\" content=\"2 minutos\" \/>\n<script type=\"application\/ld+json\" class=\"yoast-schema-graph\">{\"@context\":\"https:\/\/schema.org\",\"@graph\":[{\"@type\":\"WebPage\",\"@id\":\"https:\/\/prolead-tw.com\/product\/water-pump\/high-head-dewatering\/\",\"url\":\"https:\/\/prolead-tw.com\/product\/water-pump\/high-head-dewatering\/\",\"name\":\"High Efficiency Sewage Pump - Prolead\",\"isPartOf\":{\"@id\":\"https:\/\/prolead-tw.com\/#website\"},\"primaryImageOfPage\":{\"@id\":\"https:\/\/prolead-tw.com\/product\/water-pump\/high-head-dewatering\/#primaryimage\"},\"image\":{\"@id\":\"https:\/\/prolead-tw.com\/product\/water-pump\/high-head-dewatering\/#primaryimage\"},\"thumbnailUrl\":\"https:\/\/prolead-tw.com\/wp-content\/uploads\/2024\/11\/Highe-Efficienty.jpg\",\"datePublished\":\"2024-11-26T14:55:53+00:00\",\"dateModified\":\"2024-12-18T08:52:53+00:00\",\"description\":\"High efficiency sewage pump is designed for water discharging for sewage, unique stainless steel, semi-open impeller and double-wings to prevent blockage.\",\"breadcrumb\":{\"@id\":\"https:\/\/prolead-tw.com\/product\/water-pump\/high-head-dewatering\/#breadcrumb\"},\"inLanguage\":\"es\",\"potentialAction\":[{\"@type\":\"ReadAction\",\"target\":[\"https:\/\/prolead-tw.com\/product\/water-pump\/high-head-dewatering\/\"]}]},{\"@type\":\"ImageObject\",\"inLanguage\":\"es\",\"@id\":\"https:\/\/prolead-tw.com\/product\/water-pump\/high-head-dewatering\/#primaryimage\",\"url\":\"https:\/\/prolead-tw.com\/wp-content\/uploads\/2024\/11\/Highe-Efficienty.jpg\",\"contentUrl\":\"https:\/\/prolead-tw.com\/wp-content\/uploads\/2024\/11\/Highe-Efficienty.jpg\",\"width\":363,\"height\":409},{\"@type\":\"BreadcrumbList\",\"@id\":\"https:\/\/prolead-tw.com\/product\/water-pump\/high-head-dewatering\/#breadcrumb\",\"itemListElement\":[{\"@type\":\"ListItem\",\"position\":1,\"name\":\"\u9996\u9801\",\"item\":\"https:\/\/prolead-tw.com\/\"},{\"@type\":\"ListItem\",\"position\":2,\"name\":\"product\",\"item\":\"https:\/\/prolead-tw.com\/product\/\"},{\"@type\":\"ListItem\",\"position\":3,\"name\":\"High Efficiency Sewage Pump\"}]},{\"@type\":\"WebSite\",\"@id\":\"https:\/\/prolead-tw.com\/#website\",\"url\":\"https:\/\/prolead-tw.com\/\",\"name\":\"Prolead\",\"description\":\"Top Professional Supplier for Aquaculture Sector\",\"publisher\":{\"@id\":\"https:\/\/prolead-tw.com\/#organization\"},\"potentialAction\":[{\"@type\":\"SearchAction\",\"target\":{\"@type\":\"EntryPoint\",\"urlTemplate\":\"https:\/\/prolead-tw.com\/?s={search_term_string}\"},\"query-input\":{\"@type\":\"PropertyValueSpecification\",\"valueRequired\":true,\"valueName\":\"search_term_string\"}}],\"inLanguage\":\"es\"},{\"@type\":\"Organization\",\"@id\":\"https:\/\/prolead-tw.com\/#organization\",\"name\":\"Prolead\",\"url\":\"https:\/\/prolead-tw.com\/\",\"logo\":{\"@type\":\"ImageObject\",\"inLanguage\":\"es\",\"@id\":\"https:\/\/prolead-tw.com\/#\/schema\/logo\/image\/\",\"url\":\"https:\/\/prolead-tw.com\/wp-content\/uploads\/2024\/11\/cropped-Prolead-\u5bf6\u529b\u570b\u969b-logo\u6a6b.png\",\"contentUrl\":\"https:\/\/prolead-tw.com\/wp-content\/uploads\/2024\/11\/cropped-Prolead-\u5bf6\u529b\u570b\u969b-logo\u6a6b.png\",\"width\":1000,\"height\":334,\"caption\":\"Prolead\"},\"image\":{\"@id\":\"https:\/\/prolead-tw.com\/#\/schema\/logo\/image\/\"}}]}<\/script>\n<!-- \/ Yoast SEO plugin. -->","yoast_head_json":{"title":"High Efficiency Sewage Pump - Prolead","description":"La bomba de aguas residuales de alta eficiencia est\u00e1 dise\u00f1ada para la descarga de agua para aguas residuales, con un impulsor semiabierto exclusivo de acero inoxidable y alas dobles para evitar bloqueos.","robots":{"index":"index","follow":"follow","max-snippet":"max-snippet:-1","max-image-preview":"max-image-preview:large","max-video-preview":"max-video-preview:-1"},"canonical":"https:\/\/prolead-tw.com\/es\/product\/water-pump\/high-head-dewatering\/","og_locale":"es_ES","og_type":"article","og_title":"High Efficiency Sewage Pump - Prolead","og_description":"High efficiency sewage pump is designed for water discharging for sewage, unique stainless steel, semi-open impeller and double-wings to prevent blockage.","og_url":"https:\/\/prolead-tw.com\/es\/product\/water-pump\/high-head-dewatering\/","og_site_name":"Prolead","article_modified_time":"2024-12-18T08:52:53+00:00","og_image":[{"width":363,"height":409,"url":"https:\/\/prolead-tw.com\/wp-content\/uploads\/2024\/11\/Highe-Efficienty.jpg","type":"image\/jpeg"}],"twitter_card":"summary_large_image","twitter_misc":{"Tiempo de lectura":"2 minutos"},"schema":{"@context":"https:\/\/schema.org","@graph":[{"@type":"WebPage","@id":"https:\/\/prolead-tw.com\/product\/water-pump\/high-head-dewatering\/","url":"https:\/\/prolead-tw.com\/product\/water-pump\/high-head-dewatering\/","name":"High Efficiency Sewage Pump - Prolead","isPartOf":{"@id":"https:\/\/prolead-tw.com\/#website"},"primaryImageOfPage":{"@id":"https:\/\/prolead-tw.com\/product\/water-pump\/high-head-dewatering\/#primaryimage"},"image":{"@id":"https:\/\/prolead-tw.com\/product\/water-pump\/high-head-dewatering\/#primaryimage"},"thumbnailUrl":"https:\/\/prolead-tw.com\/wp-content\/uploads\/2024\/11\/Highe-Efficienty.jpg","datePublished":"2024-11-26T14:55:53+00:00","dateModified":"2024-12-18T08:52:53+00:00","description":"La bomba de aguas residuales de alta eficiencia est\u00e1 dise\u00f1ada para la descarga de agua para aguas residuales, con un impulsor semiabierto exclusivo de acero inoxidable y alas dobles para evitar bloqueos.","breadcrumb":{"@id":"https:\/\/prolead-tw.com\/product\/water-pump\/high-head-dewatering\/#breadcrumb"},"inLanguage":"es","potentialAction":[{"@type":"ReadAction","target":["https:\/\/prolead-tw.com\/product\/water-pump\/high-head-dewatering\/"]}]},{"@type":"ImageObject","inLanguage":"es","@id":"https:\/\/prolead-tw.com\/product\/water-pump\/high-head-dewatering\/#primaryimage","url":"https:\/\/prolead-tw.com\/wp-content\/uploads\/2024\/11\/Highe-Efficienty.jpg","contentUrl":"https:\/\/prolead-tw.com\/wp-content\/uploads\/2024\/11\/Highe-Efficienty.jpg","width":363,"height":409},{"@type":"BreadcrumbList","@id":"https:\/\/prolead-tw.com\/product\/water-pump\/high-head-dewatering\/#breadcrumb","itemListElement":[{"@type":"ListItem","position":1,"name":"\u9996\u9801","item":"https:\/\/prolead-tw.com\/"},{"@type":"ListItem","position":2,"name":"product","item":"https:\/\/prolead-tw.com\/product\/"},{"@type":"ListItem","position":3,"name":"High Efficiency Sewage Pump"}]},{"@type":"WebSite","@id":"https:\/\/prolead-tw.com\/#website","url":"https:\/\/prolead-tw.com\/","name":"Prolead","description":"Top Professional Supplier for Aquaculture Sector","publisher":{"@id":"https:\/\/prolead-tw.com\/#organization"},"potentialAction":[{"@type":"SearchAction","target":{"@type":"EntryPoint","urlTemplate":"https:\/\/prolead-tw.com\/?s={search_term_string}"},"query-input":{"@type":"PropertyValueSpecification","valueRequired":true,"valueName":"search_term_string"}}],"inLanguage":"es"},{"@type":"Organization","@id":"https:\/\/prolead-tw.com\/#organization","name":"Prolead","url":"https:\/\/prolead-tw.com\/","logo":{"@type":"ImageObject","inLanguage":"es","@id":"https:\/\/prolead-tw.com\/#\/schema\/logo\/image\/","url":"https:\/\/prolead-tw.com\/wp-content\/uploads\/2024\/11\/cropped-Prolead-\u5bf6\u529b\u570b\u969b-logo\u6a6b.png","contentUrl":"https:\/\/prolead-tw.com\/wp-content\/uploads\/2024\/11\/cropped-Prolead-\u5bf6\u529b\u570b\u969b-logo\u6a6b.png","width":1000,"height":334,"caption":"Prolead"},"image":{"@id":"https:\/\/prolead-tw.com\/#\/schema\/logo\/image\/"}}]}},"uagb_featured_image_src":{"full":["https:\/\/prolead-tw.com\/wp-content\/uploads\/2024\/11\/Highe-Efficienty.jpg",363,409,false],"thumbnail":["https:\/\/prolead-tw.com\/wp-content\/uploads\/2024\/11\/Highe-Efficienty-150x150.jpg",150,150,true],"medium":["https:\/\/prolead-tw.com\/wp-content\/uploads\/2024\/11\/Highe-Efficienty-266x300.jpg",266,300,true],"medium_large":["https:\/\/prolead-tw.com\/wp-content\/uploads\/2024\/11\/Highe-Efficienty.jpg",363,409,false],"large":["https:\/\/prolead-tw.com\/wp-content\/uploads\/2024\/11\/Highe-Efficienty.jpg",363,409,false],"1536x1536":["https:\/\/prolead-tw.com\/wp-content\/uploads\/2024\/11\/Highe-Efficienty.jpg",363,409,false],"2048x2048":["https:\/\/prolead-tw.com\/wp-content\/uploads\/2024\/11\/Highe-Efficienty.jpg",363,409,false],"trp-custom-language-flag":["https:\/\/prolead-tw.com\/wp-content\/uploads\/2024\/11\/Highe-Efficienty-11x12.jpg",11,12,true],"mailpoet_newsletter_max":["https:\/\/prolead-tw.com\/wp-content\/uploads\/2024\/11\/Highe-Efficienty.jpg",363,409,false],"woocommerce_thumbnail":["https:\/\/prolead-tw.com\/wp-content\/uploads\/2024\/11\/Highe-Efficienty-300x300.jpg",300,300,true],"woocommerce_single":["https:\/\/prolead-tw.com\/wp-content\/uploads\/2024\/11\/Highe-Efficienty.jpg",363,409,false],"woocommerce_gallery_thumbnail":["https:\/\/prolead-tw.com\/wp-content\/uploads\/2024\/11\/Highe-Efficienty-100x100.jpg",100,100,true]},"uagb_author_info":{"display_name":"admin","author_link":"https:\/\/prolead-tw.com\/es\/author\/"},"uagb_comment_info":0,"uagb_excerpt":"High efficiency sewage pump is designed for water discharging for sewage, unique stainless steel, semi-open impeller and double-wings to prevent blockage.","_links":{"self":[{"href":"https:\/\/prolead-tw.com\/es\/wp-json\/wp\/v2\/product\/4306","targetHints":{"allow":["GET"]}}],"collection":[{"href":"https:\/\/prolead-tw.com\/es\/wp-json\/wp\/v2\/product"}],"about":[{"href":"https:\/\/prolead-tw.com\/es\/wp-json\/wp\/v2\/types\/product"}],"version-history":[{"count":7,"href":"https:\/\/prolead-tw.com\/es\/wp-json\/wp\/v2\/product\/4306\/revisions"}],"predecessor-version":[{"id":4599,"href":"https:\/\/prolead-tw.com\/es\/wp-json\/wp\/v2\/product\/4306\/revisions\/4599"}],"wp:featuredmedia":[{"embeddable":true,"href":"https:\/\/prolead-tw.com\/es\/wp-json\/wp\/v2\/media\/4598"}],"wp:attachment":[{"href":"https:\/\/prolead-tw.com\/es\/wp-json\/wp\/v2\/media?parent=4306"}],"wp:term":[{"taxonomy":"product_brand","embeddable":true,"href":"https:\/\/prolead-tw.com\/es\/wp-json\/wp\/v2\/product_brand?post=4306"},{"taxonomy":"product_cat","embeddable":true,"href":"https:\/\/prolead-tw.com\/es\/wp-json\/wp\/v2\/product_cat?post=4306"},{"taxonomy":"product_tag","embeddable":true,"href":"https:\/\/prolead-tw.com\/es\/wp-json\/wp\/v2\/product_tag?post=4306"}],"curies":[{"name":"wp","href":"https:\/\/api.w.org\/{rel}","templated":true}]}}