{"id":4197,"date":"2024-11-24T17:16:12","date_gmt":"2024-11-24T09:16:12","guid":{"rendered":"https:\/\/www.prolead-tw.com\/?post_type=product&#038;p=4197"},"modified":"2024-12-16T22:32:00","modified_gmt":"2024-12-16T14:32:00","slug":"fine-bubble-diffuser","status":"publish","type":"product","link":"https:\/\/prolead-tw.com\/es\/producto\/blower-diffuser\/fine-bubble-diffuser\/","title":{"rendered":"Difusor de aire con tubo de burbujas finas"},"content":{"rendered":"<p>Los difusores se utilizan ampliamente en el tratamiento de aguas residuales, tratamiento de aguas residuales y en estanques de aguas residuales, pueden proporcionar ox\u00edgeno disuelto de manera eficiente en los estanques de aguas residuales.<\/p>\n<p>Ofrecemos difusores de burbuja fina y difusores de burbuja en forma de cruz en forma de disco y tubo. El material EPDM permite que la placa difusora resista eficazmente la corrosi\u00f3n y prolongue la vida \u00fatil; el dise\u00f1o s\u00f3lido puede prevenir la corrosi\u00f3n y el desprendimiento.<\/p>\n<p>&nbsp;<\/p>\n<p><img fetchpriority=\"high\" decoding=\"async\" class=\"wp-image-4467 alignleft\" src=\"http:\/\/www.prolead-tw.com\/wp-content\/uploads\/2024\/11\/Fine-bubble-Diffuser-disc.webp\" alt=\"\" width=\"312\" height=\"312\" srcset=\"https:\/\/prolead-tw.com\/wp-content\/uploads\/2024\/11\/Fine-bubble-Diffuser-disc.webp 500w, https:\/\/prolead-tw.com\/wp-content\/uploads\/2024\/11\/Fine-bubble-Diffuser-disc-300x300.webp 300w, https:\/\/prolead-tw.com\/wp-content\/uploads\/2024\/11\/Fine-bubble-Diffuser-disc-150x150.webp 150w, https:\/\/prolead-tw.com\/wp-content\/uploads\/2024\/11\/Fine-bubble-Diffuser-disc-12x12.webp 12w, https:\/\/prolead-tw.com\/wp-content\/uploads\/2024\/11\/Fine-bubble-Diffuser-disc-100x100.webp 100w\" sizes=\"(max-width: 312px) 100vw, 312px\" \/><\/p>\n<p><strong>Difusor de disco de burbuja fina<\/strong><br \/>\nModelo: LTD-225, LTD-325<br \/>\nCaracter\u00edsticas:<br \/>\nLas burbujas finas pueden lograr una alta eficiencia de transferencia de ox\u00edgeno y lograr efectos de ahorro de energ\u00eda. El dise\u00f1o exclusivo puede evitar el reflujo y el material EPDM puede extender eficazmente la vida \u00fatil.<br \/>\ncaracter\u00edstica:<br \/>\n1. F\u00e1cil de instalar.<br \/>\n2. Excelente eficiencia de transmisi\u00f3n de ox\u00edgeno (OTE)<br \/>\n2. Durabilidad y resistencia a la corrosi\u00f3n.<br \/>\n3. Mayor tasa de disoluci\u00f3n de ox\u00edgeno.<br \/>\n4. Evita el reflujo y no los bloqueos.<\/p>\n<p>&nbsp;<\/p>\n<p><strong><img decoding=\"async\" class=\"wp-image-4466 alignleft lazyload\" data-src=\"http:\/\/www.prolead-tw.com\/wp-content\/uploads\/2024\/11\/Corase-Bubble-Diffuser-disc.webp\" alt=\"\" width=\"312\" height=\"312\" data-srcset=\"https:\/\/prolead-tw.com\/wp-content\/uploads\/2024\/11\/Corase-Bubble-Diffuser-disc.webp 500w, https:\/\/prolead-tw.com\/wp-content\/uploads\/2024\/11\/Corase-Bubble-Diffuser-disc-300x300.webp 300w, https:\/\/prolead-tw.com\/wp-content\/uploads\/2024\/11\/Corase-Bubble-Diffuser-disc-150x150.webp 150w, https:\/\/prolead-tw.com\/wp-content\/uploads\/2024\/11\/Corase-Bubble-Diffuser-disc-12x12.webp 12w, https:\/\/prolead-tw.com\/wp-content\/uploads\/2024\/11\/Corase-Bubble-Diffuser-disc-100x100.webp 100w\" data-sizes=\"(max-width: 312px) 100vw, 312px\" src=\"data:image\/svg+xml;base64,PHN2ZyB3aWR0aD0iMSIgaGVpZ2h0PSIxIiB4bWxucz0iaHR0cDovL3d3dy53My5vcmcvMjAwMC9zdmciPjwvc3ZnPg==\" style=\"--smush-placeholder-width: 312px; --smush-placeholder-aspect-ratio: 312\/312;\" \/>Difusor de disco de burbuja gruesa<\/strong><br \/>\nModelo: LTD-144<br \/>\nCalibre de tuber\u00eda para conexi\u00f3n: rosca PT1B.<br \/>\nLimita las p\u00e9rdidas de presi\u00f3n: la v\u00e1lvula flexible permite un ajuste preciso de la fuerza de descarga de presi\u00f3n con el uso de un medidor de volumen de aire, lo que genera menos p\u00e9rdidas de presi\u00f3n.<br \/>\nExcelente resistencia a la corrosi\u00f3n, construido con un compuesto ABS de \u00faltima generaci\u00f3n, con una resistencia a la temperatura excepcional.<br \/>\ncorrosion resistant valve.<br \/>\nFully-closed against back flow.<\/p>\n<p>&nbsp;<\/p>\n<p><img decoding=\"async\" class=\"wp-image-4465 alignleft lazyload\" data-src=\"http:\/\/www.prolead-tw.com\/wp-content\/uploads\/2024\/11\/Corase-bubble-diffuser-disc-80.webp\" alt=\"\" width=\"302\" height=\"302\" data-srcset=\"https:\/\/prolead-tw.com\/wp-content\/uploads\/2024\/11\/Corase-bubble-diffuser-disc-80.webp 500w, https:\/\/prolead-tw.com\/wp-content\/uploads\/2024\/11\/Corase-bubble-diffuser-disc-80-300x300.webp 300w, https:\/\/prolead-tw.com\/wp-content\/uploads\/2024\/11\/Corase-bubble-diffuser-disc-80-150x150.webp 150w, https:\/\/prolead-tw.com\/wp-content\/uploads\/2024\/11\/Corase-bubble-diffuser-disc-80-12x12.webp 12w, https:\/\/prolead-tw.com\/wp-content\/uploads\/2024\/11\/Corase-bubble-diffuser-disc-80-100x100.webp 100w\" data-sizes=\"(max-width: 302px) 100vw, 302px\" src=\"data:image\/svg+xml;base64,PHN2ZyB3aWR0aD0iMSIgaGVpZ2h0PSIxIiB4bWxucz0iaHR0cDovL3d3dy53My5vcmcvMjAwMC9zdmciPjwvc3ZnPg==\" style=\"--smush-placeholder-width: 302px; --smush-placeholder-aspect-ratio: 302\/302;\" \/>Modelo: LTD-080<br \/>\n1. Dise\u00f1ada para combinar con un grifo de 4\/8 \u2033 listo para usar.<br \/>\n2. Alta capacidad de mezcla<br \/>\n3. Proporcionar un factor alfa m\u00e1s alto<br \/>\n4. F\u00e1cil de instalar.<br \/>\n5. Larga duraci\u00f3n.<br \/>\n6. Mayor tasa de disoluci\u00f3n de ox\u00edgeno.<br \/>\n7. Resistencia a la corrosi\u00f3n.<br \/>\n8. Evita el reflujo sin obstrucciones.<br \/>\n9. Alta durabilidad y bajo mantenimiento.<\/p>\n<p>&nbsp;<\/p>\n<p><strong><img decoding=\"async\" class=\"wp-image-4464 alignleft lazyload\" data-src=\"http:\/\/www.prolead-tw.com\/wp-content\/uploads\/2024\/11\/Tube-fine-bubble-diffuser.webp\" alt=\"\" width=\"299\" height=\"299\" data-srcset=\"https:\/\/prolead-tw.com\/wp-content\/uploads\/2024\/11\/Tube-fine-bubble-diffuser.webp 500w, https:\/\/prolead-tw.com\/wp-content\/uploads\/2024\/11\/Tube-fine-bubble-diffuser-300x300.webp 300w, https:\/\/prolead-tw.com\/wp-content\/uploads\/2024\/11\/Tube-fine-bubble-diffuser-150x150.webp 150w, https:\/\/prolead-tw.com\/wp-content\/uploads\/2024\/11\/Tube-fine-bubble-diffuser-12x12.webp 12w, https:\/\/prolead-tw.com\/wp-content\/uploads\/2024\/11\/Tube-fine-bubble-diffuser-100x100.webp 100w\" data-sizes=\"(max-width: 299px) 100vw, 299px\" src=\"data:image\/svg+xml;base64,PHN2ZyB3aWR0aD0iMSIgaGVpZ2h0PSIxIiB4bWxucz0iaHR0cDovL3d3dy53My5vcmcvMjAwMC9zdmciPjwvc3ZnPg==\" style=\"--smush-placeholder-width: 299px; --smush-placeholder-aspect-ratio: 299\/299;\" \/>Difusor de tubo de burbujas finas<\/strong><br \/>\nModelo: LTF-275 y LTF-550<br \/>\nAlta eficiencia de transferencia de ox\u00edgeno.<br \/>\nMembrana de EPDM de alta tenacidad.<br \/>\nBaja p\u00e9rdida de presi\u00f3n.<br \/>\nConstrucci\u00f3n sencilla, ligero y f\u00e1cil de instalar.<br \/>\nSuperficie m\u00e1s grande con mayor funci\u00f3n de tratamiento.<br \/>\nWide space between filters, no blockage.<br \/>\nAlto contenido de plancton.<br \/>\nRobusto, f\u00e1cil de instalar, precio bajo.<\/p>\n<p>&nbsp;<\/p>","protected":false},"excerpt":{"rendered":"<h5><strong>\u30fbAlta eficiencia de transferencia de ox\u00edgeno<\/strong><br \/>\n<strong>\u30fbConstrucci\u00f3n duradera<\/strong><br \/>\n<strong>\u30fbEasy Installation<\/strong><br \/>\n<strong>\u30fbBajo mantenimiento<\/strong><br \/>\n<strong>\u30fbAplicaciones vers\u00e1tiles<\/strong><\/h5>","protected":false},"featured_media":4467,"template":"","meta":{"_uag_custom_page_level_css":"","site-sidebar-layout":"default","site-content-layout":"","ast-site-content-layout":"default","site-content-style":"default","site-sidebar-style":"default","ast-global-header-display":"","ast-banner-title-visibility":"","ast-main-header-display":"","ast-hfb-above-header-display":"","ast-hfb-below-header-display":"","ast-hfb-mobile-header-display":"","site-post-title":"","ast-breadcrumbs-content":"","ast-featured-img":"","footer-sml-layout":"","ast-disable-related-posts":"","theme-transparent-header-meta":"default","adv-header-id-meta":"","stick-header-meta":"default","header-above-stick-meta":"","header-main-stick-meta":"","header-below-stick-meta":"","astra-migrate-meta-layouts":"set","ast-page-background-enabled":"default","ast-page-background-meta":{"desktop":{"background-color":"","background-image":"","background-repeat":"repeat","background-position":"center center","background-size":"auto","background-attachment":"scroll","background-type":"","background-media":"","overlay-type":"","overlay-color":"","overlay-opacity":"","overlay-gradient":""},"tablet":{"background-color":"","background-image":"","background-repeat":"repeat","background-position":"center center","background-size":"auto","background-attachment":"scroll","background-type":"","background-media":"","overlay-type":"","overlay-color":"","overlay-opacity":"","overlay-gradient":""},"mobile":{"background-color":"","background-image":"","background-repeat":"repeat","background-position":"center center","background-size":"auto","background-attachment":"scroll","background-type":"","background-media":"","overlay-type":"","overlay-color":"","overlay-opacity":"","overlay-gradient":""}},"ast-content-background-meta":{"desktop":{"background-color":"var(--ast-global-color-5)","background-image":"","background-repeat":"repeat","background-position":"center center","background-size":"auto","background-attachment":"scroll","background-type":"","background-media":"","overlay-type":"","overlay-color":"","overlay-opacity":"","overlay-gradient":""},"tablet":{"background-color":"var(--ast-global-color-5)","background-image":"","background-repeat":"repeat","background-position":"center center","background-size":"auto","background-attachment":"scroll","background-type":"","background-media":"","overlay-type":"","overlay-color":"","overlay-opacity":"","overlay-gradient":""},"mobile":{"background-color":"var(--ast-global-color-5)","background-image":"","background-repeat":"repeat","background-position":"center center","background-size":"auto","background-attachment":"scroll","background-type":"","background-media":"","overlay-type":"","overlay-color":"","overlay-opacity":"","overlay-gradient":""}}},"product_brand":[],"product_cat":[135],"product_tag":[],"class_list":{"0":"post-4197","1":"product","2":"type-product","3":"status-publish","4":"has-post-thumbnail","6":"product_cat-blower-diffuser","7":"desktop-align-left","8":"tablet-align-left","9":"mobile-align-left","11":"first","12":"instock","13":"shipping-taxable","14":"product-type-simple"},"yoast_head":"<!-- This site is optimized with the Yoast SEO plugin v26.8 - https:\/\/yoast.com\/product\/yoast-seo-wordpress\/ -->\n<title>Fine Bubble Tube Air-Diffuser - Prolead<\/title>\n<meta name=\"description\" content=\"Fine bubble diffuser are widely used in sewage treatment, wastewater treatment, sewage pond,\u00a0can efficiently provide dissolved oxygen in the sewage ponds.\" \/>\n<meta name=\"robots\" content=\"index, follow, max-snippet:-1, max-image-preview:large, max-video-preview:-1\" \/>\n<link rel=\"canonical\" href=\"https:\/\/prolead-tw.com\/es\/product\/blower-diffuser\/fine-bubble-diffuser\/\" \/>\n<meta property=\"og:locale\" content=\"es_ES\" \/>\n<meta property=\"og:type\" content=\"article\" \/>\n<meta property=\"og:title\" content=\"Fine Bubble Tube Air-Diffuser - Prolead\" \/>\n<meta property=\"og:description\" content=\"Fine bubble diffuser are widely used in sewage treatment, wastewater treatment, sewage pond,\u00a0can efficiently provide dissolved oxygen in the sewage ponds.\" \/>\n<meta property=\"og:url\" content=\"https:\/\/prolead-tw.com\/es\/product\/blower-diffuser\/fine-bubble-diffuser\/\" \/>\n<meta property=\"og:site_name\" content=\"Prolead\" \/>\n<meta property=\"article:modified_time\" content=\"2024-12-16T14:32:00+00:00\" \/>\n<meta property=\"og:image\" content=\"https:\/\/prolead-tw.com\/wp-content\/uploads\/2024\/11\/Fine-bubble-Diffuser-disc.webp\" \/>\n\t<meta property=\"og:image:width\" content=\"500\" \/>\n\t<meta property=\"og:image:height\" content=\"500\" \/>\n\t<meta property=\"og:image:type\" content=\"image\/webp\" \/>\n<meta name=\"twitter:card\" content=\"summary_large_image\" \/>\n<meta name=\"twitter:label1\" content=\"Tiempo de lectura\" \/>\n\t<meta name=\"twitter:data1\" content=\"3 minutos\" \/>\n<script type=\"application\/ld+json\" class=\"yoast-schema-graph\">{\"@context\":\"https:\/\/schema.org\",\"@graph\":[{\"@type\":\"WebPage\",\"@id\":\"https:\/\/prolead-tw.com\/product\/blower-diffuser\/fine-bubble-diffuser\/\",\"url\":\"https:\/\/prolead-tw.com\/product\/blower-diffuser\/fine-bubble-diffuser\/\",\"name\":\"Fine Bubble Tube Air-Diffuser - Prolead\",\"isPartOf\":{\"@id\":\"https:\/\/prolead-tw.com\/#website\"},\"primaryImageOfPage\":{\"@id\":\"https:\/\/prolead-tw.com\/product\/blower-diffuser\/fine-bubble-diffuser\/#primaryimage\"},\"image\":{\"@id\":\"https:\/\/prolead-tw.com\/product\/blower-diffuser\/fine-bubble-diffuser\/#primaryimage\"},\"thumbnailUrl\":\"https:\/\/prolead-tw.com\/wp-content\/uploads\/2024\/11\/Fine-bubble-Diffuser-disc.webp\",\"datePublished\":\"2024-11-24T09:16:12+00:00\",\"dateModified\":\"2024-12-16T14:32:00+00:00\",\"description\":\"Fine bubble diffuser are widely used in sewage treatment, wastewater treatment, sewage pond,\u00a0can efficiently provide dissolved oxygen in the sewage ponds.\",\"breadcrumb\":{\"@id\":\"https:\/\/prolead-tw.com\/product\/blower-diffuser\/fine-bubble-diffuser\/#breadcrumb\"},\"inLanguage\":\"es\",\"potentialAction\":[{\"@type\":\"ReadAction\",\"target\":[\"https:\/\/prolead-tw.com\/product\/blower-diffuser\/fine-bubble-diffuser\/\"]}]},{\"@type\":\"ImageObject\",\"inLanguage\":\"es\",\"@id\":\"https:\/\/prolead-tw.com\/product\/blower-diffuser\/fine-bubble-diffuser\/#primaryimage\",\"url\":\"https:\/\/prolead-tw.com\/wp-content\/uploads\/2024\/11\/Fine-bubble-Diffuser-disc.webp\",\"contentUrl\":\"https:\/\/prolead-tw.com\/wp-content\/uploads\/2024\/11\/Fine-bubble-Diffuser-disc.webp\",\"width\":500,\"height\":500},{\"@type\":\"BreadcrumbList\",\"@id\":\"https:\/\/prolead-tw.com\/product\/blower-diffuser\/fine-bubble-diffuser\/#breadcrumb\",\"itemListElement\":[{\"@type\":\"ListItem\",\"position\":1,\"name\":\"\u9996\u9801\",\"item\":\"https:\/\/prolead-tw.com\/\"},{\"@type\":\"ListItem\",\"position\":2,\"name\":\"product\",\"item\":\"https:\/\/prolead-tw.com\/product\/\"},{\"@type\":\"ListItem\",\"position\":3,\"name\":\"Fine Bubble Tube Air-Diffuser\"}]},{\"@type\":\"WebSite\",\"@id\":\"https:\/\/prolead-tw.com\/#website\",\"url\":\"https:\/\/prolead-tw.com\/\",\"name\":\"Prolead\",\"description\":\"Top Professional Supplier for Aquaculture Sector\",\"publisher\":{\"@id\":\"https:\/\/prolead-tw.com\/#organization\"},\"potentialAction\":[{\"@type\":\"SearchAction\",\"target\":{\"@type\":\"EntryPoint\",\"urlTemplate\":\"https:\/\/prolead-tw.com\/?s={search_term_string}\"},\"query-input\":{\"@type\":\"PropertyValueSpecification\",\"valueRequired\":true,\"valueName\":\"search_term_string\"}}],\"inLanguage\":\"es\"},{\"@type\":\"Organization\",\"@id\":\"https:\/\/prolead-tw.com\/#organization\",\"name\":\"Prolead\",\"url\":\"https:\/\/prolead-tw.com\/\",\"logo\":{\"@type\":\"ImageObject\",\"inLanguage\":\"es\",\"@id\":\"https:\/\/prolead-tw.com\/#\/schema\/logo\/image\/\",\"url\":\"https:\/\/prolead-tw.com\/wp-content\/uploads\/2024\/11\/cropped-Prolead-\u5bf6\u529b\u570b\u969b-logo\u6a6b.png\",\"contentUrl\":\"https:\/\/prolead-tw.com\/wp-content\/uploads\/2024\/11\/cropped-Prolead-\u5bf6\u529b\u570b\u969b-logo\u6a6b.png\",\"width\":1000,\"height\":334,\"caption\":\"Prolead\"},\"image\":{\"@id\":\"https:\/\/prolead-tw.com\/#\/schema\/logo\/image\/\"}}]}<\/script>\n<!-- \/ Yoast SEO plugin. -->","yoast_head_json":{"title":"Fine Bubble Tube Air-Diffuser - Prolead","description":"Fine bubble diffuser are widely used in sewage treatment, wastewater treatment, sewage pond,\u00a0can efficiently provide dissolved oxygen in the sewage ponds.","robots":{"index":"index","follow":"follow","max-snippet":"max-snippet:-1","max-image-preview":"max-image-preview:large","max-video-preview":"max-video-preview:-1"},"canonical":"https:\/\/prolead-tw.com\/es\/product\/blower-diffuser\/fine-bubble-diffuser\/","og_locale":"es_ES","og_type":"article","og_title":"Fine Bubble Tube Air-Diffuser - Prolead","og_description":"Fine bubble diffuser are widely used in sewage treatment, wastewater treatment, sewage pond,\u00a0can efficiently provide dissolved oxygen in the sewage ponds.","og_url":"https:\/\/prolead-tw.com\/es\/product\/blower-diffuser\/fine-bubble-diffuser\/","og_site_name":"Prolead","article_modified_time":"2024-12-16T14:32:00+00:00","og_image":[{"width":500,"height":500,"url":"https:\/\/prolead-tw.com\/wp-content\/uploads\/2024\/11\/Fine-bubble-Diffuser-disc.webp","type":"image\/webp"}],"twitter_card":"summary_large_image","twitter_misc":{"Tiempo de lectura":"3 minutos"},"schema":{"@context":"https:\/\/schema.org","@graph":[{"@type":"WebPage","@id":"https:\/\/prolead-tw.com\/product\/blower-diffuser\/fine-bubble-diffuser\/","url":"https:\/\/prolead-tw.com\/product\/blower-diffuser\/fine-bubble-diffuser\/","name":"Fine Bubble Tube Air-Diffuser - Prolead","isPartOf":{"@id":"https:\/\/prolead-tw.com\/#website"},"primaryImageOfPage":{"@id":"https:\/\/prolead-tw.com\/product\/blower-diffuser\/fine-bubble-diffuser\/#primaryimage"},"image":{"@id":"https:\/\/prolead-tw.com\/product\/blower-diffuser\/fine-bubble-diffuser\/#primaryimage"},"thumbnailUrl":"https:\/\/prolead-tw.com\/wp-content\/uploads\/2024\/11\/Fine-bubble-Diffuser-disc.webp","datePublished":"2024-11-24T09:16:12+00:00","dateModified":"2024-12-16T14:32:00+00:00","description":"Fine bubble diffuser are widely used in sewage treatment, wastewater treatment, sewage pond,\u00a0can efficiently provide dissolved oxygen in the sewage ponds.","breadcrumb":{"@id":"https:\/\/prolead-tw.com\/product\/blower-diffuser\/fine-bubble-diffuser\/#breadcrumb"},"inLanguage":"es","potentialAction":[{"@type":"ReadAction","target":["https:\/\/prolead-tw.com\/product\/blower-diffuser\/fine-bubble-diffuser\/"]}]},{"@type":"ImageObject","inLanguage":"es","@id":"https:\/\/prolead-tw.com\/product\/blower-diffuser\/fine-bubble-diffuser\/#primaryimage","url":"https:\/\/prolead-tw.com\/wp-content\/uploads\/2024\/11\/Fine-bubble-Diffuser-disc.webp","contentUrl":"https:\/\/prolead-tw.com\/wp-content\/uploads\/2024\/11\/Fine-bubble-Diffuser-disc.webp","width":500,"height":500},{"@type":"BreadcrumbList","@id":"https:\/\/prolead-tw.com\/product\/blower-diffuser\/fine-bubble-diffuser\/#breadcrumb","itemListElement":[{"@type":"ListItem","position":1,"name":"\u9996\u9801","item":"https:\/\/prolead-tw.com\/"},{"@type":"ListItem","position":2,"name":"product","item":"https:\/\/prolead-tw.com\/product\/"},{"@type":"ListItem","position":3,"name":"Fine Bubble Tube Air-Diffuser"}]},{"@type":"WebSite","@id":"https:\/\/prolead-tw.com\/#website","url":"https:\/\/prolead-tw.com\/","name":"Prolead","description":"Top Professional Supplier for Aquaculture Sector","publisher":{"@id":"https:\/\/prolead-tw.com\/#organization"},"potentialAction":[{"@type":"SearchAction","target":{"@type":"EntryPoint","urlTemplate":"https:\/\/prolead-tw.com\/?s={search_term_string}"},"query-input":{"@type":"PropertyValueSpecification","valueRequired":true,"valueName":"search_term_string"}}],"inLanguage":"es"},{"@type":"Organization","@id":"https:\/\/prolead-tw.com\/#organization","name":"Prolead","url":"https:\/\/prolead-tw.com\/","logo":{"@type":"ImageObject","inLanguage":"es","@id":"https:\/\/prolead-tw.com\/#\/schema\/logo\/image\/","url":"https:\/\/prolead-tw.com\/wp-content\/uploads\/2024\/11\/cropped-Prolead-\u5bf6\u529b\u570b\u969b-logo\u6a6b.png","contentUrl":"https:\/\/prolead-tw.com\/wp-content\/uploads\/2024\/11\/cropped-Prolead-\u5bf6\u529b\u570b\u969b-logo\u6a6b.png","width":1000,"height":334,"caption":"Prolead"},"image":{"@id":"https:\/\/prolead-tw.com\/#\/schema\/logo\/image\/"}}]}},"uagb_featured_image_src":{"full":["https:\/\/prolead-tw.com\/wp-content\/uploads\/2024\/11\/Fine-bubble-Diffuser-disc.webp",500,500,false],"thumbnail":["https:\/\/prolead-tw.com\/wp-content\/uploads\/2024\/11\/Fine-bubble-Diffuser-disc-150x150.webp",150,150,true],"medium":["https:\/\/prolead-tw.com\/wp-content\/uploads\/2024\/11\/Fine-bubble-Diffuser-disc-300x300.webp",300,300,true],"medium_large":["https:\/\/prolead-tw.com\/wp-content\/uploads\/2024\/11\/Fine-bubble-Diffuser-disc.webp",500,500,false],"large":["https:\/\/prolead-tw.com\/wp-content\/uploads\/2024\/11\/Fine-bubble-Diffuser-disc.webp",500,500,false],"1536x1536":["https:\/\/prolead-tw.com\/wp-content\/uploads\/2024\/11\/Fine-bubble-Diffuser-disc.webp",500,500,false],"2048x2048":["https:\/\/prolead-tw.com\/wp-content\/uploads\/2024\/11\/Fine-bubble-Diffuser-disc.webp",500,500,false],"trp-custom-language-flag":["https:\/\/prolead-tw.com\/wp-content\/uploads\/2024\/11\/Fine-bubble-Diffuser-disc-12x12.webp",12,12,true],"mailpoet_newsletter_max":["https:\/\/prolead-tw.com\/wp-content\/uploads\/2024\/11\/Fine-bubble-Diffuser-disc.webp",500,500,false],"woocommerce_thumbnail":["https:\/\/prolead-tw.com\/wp-content\/uploads\/2024\/11\/Fine-bubble-Diffuser-disc-300x300.webp",300,300,true],"woocommerce_single":["https:\/\/prolead-tw.com\/wp-content\/uploads\/2024\/11\/Fine-bubble-Diffuser-disc.webp",500,500,false],"woocommerce_gallery_thumbnail":["https:\/\/prolead-tw.com\/wp-content\/uploads\/2024\/11\/Fine-bubble-Diffuser-disc-100x100.webp",100,100,true]},"uagb_author_info":{"display_name":"admin","author_link":"https:\/\/prolead-tw.com\/es\/author\/"},"uagb_comment_info":0,"uagb_excerpt":"\u30fbHigh Oxygen Transfer Efficiency \u30fbDurable Construction \u30fbEasy Installation \u30fbLow Maintenance \u30fbVersatile Applications","_links":{"self":[{"href":"https:\/\/prolead-tw.com\/es\/wp-json\/wp\/v2\/product\/4197","targetHints":{"allow":["GET"]}}],"collection":[{"href":"https:\/\/prolead-tw.com\/es\/wp-json\/wp\/v2\/product"}],"about":[{"href":"https:\/\/prolead-tw.com\/es\/wp-json\/wp\/v2\/types\/product"}],"version-history":[{"count":3,"href":"https:\/\/prolead-tw.com\/es\/wp-json\/wp\/v2\/product\/4197\/revisions"}],"predecessor-version":[{"id":4469,"href":"https:\/\/prolead-tw.com\/es\/wp-json\/wp\/v2\/product\/4197\/revisions\/4469"}],"wp:featuredmedia":[{"embeddable":true,"href":"https:\/\/prolead-tw.com\/es\/wp-json\/wp\/v2\/media\/4467"}],"wp:attachment":[{"href":"https:\/\/prolead-tw.com\/es\/wp-json\/wp\/v2\/media?parent=4197"}],"wp:term":[{"taxonomy":"product_brand","embeddable":true,"href":"https:\/\/prolead-tw.com\/es\/wp-json\/wp\/v2\/product_brand?post=4197"},{"taxonomy":"product_cat","embeddable":true,"href":"https:\/\/prolead-tw.com\/es\/wp-json\/wp\/v2\/product_cat?post=4197"},{"taxonomy":"product_tag","embeddable":true,"href":"https:\/\/prolead-tw.com\/es\/wp-json\/wp\/v2\/product_tag?post=4197"}],"curies":[{"name":"wp","href":"https:\/\/api.w.org\/{rel}","templated":true}]}}