{"id":4090,"date":"2024-11-24T00:00:26","date_gmt":"2024-11-23T16:00:26","guid":{"rendered":"https:\/\/www.prolead-tw.com\/?post_type=product&#038;p=4090"},"modified":"2024-12-17T18:37:34","modified_gmt":"2024-12-17T10:37:34","slug":"shade-net","status":"publish","type":"product","link":"https:\/\/prolead-tw.com\/es\/producto\/hatchery-equipment-and-items\/shade-net\/","title":{"rendered":"Red de sombra tejida"},"content":{"rendered":"<ul>\n<li>La red de sombra tejida est\u00e1 hecha de materiales 100% HDPE.<\/li>\n<li>Resistente a la luz solar<\/li>\n<li>F\u00e1cil instalaci\u00f3n<\/li>\n<li>Dependiendo de las necesidades de luz solar de los cultivos, la tasa de sombreado var\u00eda entre el 50% y el 90%, proporcionando coeficientes de sombreado para diferentes prop\u00f3sitos.<br \/>\n<table width=\"74%\">\n<tbody>\n<tr>\n<td width=\"152\">\n<p style=\"text-align: center;\">Tasa de sombra.<\/p>\n<\/td>\n<td style=\"text-align: center;\" width=\"113\">Fotos<\/td>\n<td style=\"text-align: center;\" width=\"146\">L X W (meter)<\/td>\n<\/tr>\n<tr>\n<td width=\"152\">\n<p style=\"text-align: center;\">50%<\/p>\n<\/td>\n<td style=\"text-align: center;\" width=\"113\"><img decoding=\"async\" class=\"aligncenter wp-image-4553 lazyload\" data-src=\"http:\/\/www.prolead-tw.com\/wp-content\/uploads\/2024\/11\/Shade-Net-50-1.jpg\" alt=\"\" width=\"120\" height=\"127\" data-srcset=\"https:\/\/prolead-tw.com\/wp-content\/uploads\/2024\/11\/Shade-Net-50-1.jpg 438w, https:\/\/prolead-tw.com\/wp-content\/uploads\/2024\/11\/Shade-Net-50-1-283x300.jpg 283w, https:\/\/prolead-tw.com\/wp-content\/uploads\/2024\/11\/Shade-Net-50-1-11x12.jpg 11w\" data-sizes=\"(max-width: 120px) 100vw, 120px\" src=\"data:image\/svg+xml;base64,PHN2ZyB3aWR0aD0iMSIgaGVpZ2h0PSIxIiB4bWxucz0iaHR0cDovL3d3dy53My5vcmcvMjAwMC9zdmciPjwvc3ZnPg==\" style=\"--smush-placeholder-width: 120px; --smush-placeholder-aspect-ratio: 120\/127;\" \/><\/td>\n<td style=\"text-align: center;\" rowspan=\"5\" width=\"146\">&nbsp;<\/p>\n<p>1.8 m x 30 m<\/p>\n<p>2.4 m x 30 m<\/p>\n<p>3.0 m x 30 m<\/p>\n<p>3.6 m x 30 m<\/p>\n<p>&nbsp;<\/p>\n<p>&nbsp;<\/td>\n<\/tr>\n<tr>\n<td width=\"152\">\n<p style=\"text-align: center;\">60%<\/p>\n<\/td>\n<td width=\"113\"><img decoding=\"async\" class=\"aligncenter wp-image-4555 lazyload\" data-src=\"http:\/\/www.prolead-tw.com\/wp-content\/uploads\/2024\/11\/Shade-Net-60-2.jpg\" alt=\"\" width=\"112\" height=\"120\" data-srcset=\"https:\/\/prolead-tw.com\/wp-content\/uploads\/2024\/11\/Shade-Net-60-2.jpg 456w, https:\/\/prolead-tw.com\/wp-content\/uploads\/2024\/11\/Shade-Net-60-2-280x300.jpg 280w, https:\/\/prolead-tw.com\/wp-content\/uploads\/2024\/11\/Shade-Net-60-2-11x12.jpg 11w\" data-sizes=\"(max-width: 112px) 100vw, 112px\" src=\"data:image\/svg+xml;base64,PHN2ZyB3aWR0aD0iMSIgaGVpZ2h0PSIxIiB4bWxucz0iaHR0cDovL3d3dy53My5vcmcvMjAwMC9zdmciPjwvc3ZnPg==\" style=\"--smush-placeholder-width: 112px; --smush-placeholder-aspect-ratio: 112\/120;\" \/><\/td>\n<\/tr>\n<tr>\n<td width=\"152\">\n<p style=\"text-align: center;\">70%<\/p>\n<\/td>\n<td width=\"113\"><img decoding=\"async\" class=\"aligncenter wp-image-4556 lazyload\" data-src=\"http:\/\/www.prolead-tw.com\/wp-content\/uploads\/2024\/11\/Shade-Net-70.jpg\" alt=\"\" width=\"120\" height=\"121\" data-srcset=\"https:\/\/prolead-tw.com\/wp-content\/uploads\/2024\/11\/Shade-Net-70.jpg 452w, https:\/\/prolead-tw.com\/wp-content\/uploads\/2024\/11\/Shade-Net-70-300x300.jpg 300w, https:\/\/prolead-tw.com\/wp-content\/uploads\/2024\/11\/Shade-Net-70-150x150.jpg 150w, https:\/\/prolead-tw.com\/wp-content\/uploads\/2024\/11\/Shade-Net-70-12x12.jpg 12w, https:\/\/prolead-tw.com\/wp-content\/uploads\/2024\/11\/Shade-Net-70-100x100.jpg 100w\" data-sizes=\"(max-width: 120px) 100vw, 120px\" src=\"data:image\/svg+xml;base64,PHN2ZyB3aWR0aD0iMSIgaGVpZ2h0PSIxIiB4bWxucz0iaHR0cDovL3d3dy53My5vcmcvMjAwMC9zdmciPjwvc3ZnPg==\" style=\"--smush-placeholder-width: 120px; --smush-placeholder-aspect-ratio: 120\/121;\" \/><\/td>\n<\/tr>\n<tr>\n<td width=\"152\">\n<p style=\"text-align: center;\">80%<\/p>\n<\/td>\n<td width=\"113\"><img decoding=\"async\" class=\"aligncenter wp-image-4557 lazyload\" data-src=\"http:\/\/www.prolead-tw.com\/wp-content\/uploads\/2024\/11\/Shade-Net-80.jpg\" alt=\"\" width=\"120\" height=\"127\" data-srcset=\"https:\/\/prolead-tw.com\/wp-content\/uploads\/2024\/11\/Shade-Net-80.jpg 440w, https:\/\/prolead-tw.com\/wp-content\/uploads\/2024\/11\/Shade-Net-80-283x300.jpg 283w, https:\/\/prolead-tw.com\/wp-content\/uploads\/2024\/11\/Shade-Net-80-11x12.jpg 11w\" data-sizes=\"(max-width: 120px) 100vw, 120px\" src=\"data:image\/svg+xml;base64,PHN2ZyB3aWR0aD0iMSIgaGVpZ2h0PSIxIiB4bWxucz0iaHR0cDovL3d3dy53My5vcmcvMjAwMC9zdmciPjwvc3ZnPg==\" style=\"--smush-placeholder-width: 120px; --smush-placeholder-aspect-ratio: 120\/127;\" \/><\/td>\n<\/tr>\n<tr>\n<td width=\"152\">\n<p style=\"text-align: center;\">90%<\/p>\n<\/td>\n<td width=\"113\"><img decoding=\"async\" class=\"aligncenter wp-image-4558 lazyload\" data-src=\"http:\/\/www.prolead-tw.com\/wp-content\/uploads\/2024\/11\/Shade-Net-90.jpg\" alt=\"\" width=\"129\" height=\"131\" data-srcset=\"https:\/\/prolead-tw.com\/wp-content\/uploads\/2024\/11\/Shade-Net-90.jpg 470w, https:\/\/prolead-tw.com\/wp-content\/uploads\/2024\/11\/Shade-Net-90-295x300.jpg 295w, https:\/\/prolead-tw.com\/wp-content\/uploads\/2024\/11\/Shade-Net-90-12x12.jpg 12w\" data-sizes=\"(max-width: 129px) 100vw, 129px\" src=\"data:image\/svg+xml;base64,PHN2ZyB3aWR0aD0iMSIgaGVpZ2h0PSIxIiB4bWxucz0iaHR0cDovL3d3dy53My5vcmcvMjAwMC9zdmciPjwvc3ZnPg==\" style=\"--smush-placeholder-width: 129px; --smush-placeholder-aspect-ratio: 129\/131;\" \/><\/td>\n<\/tr>\n<\/tbody>\n<\/table>\n<\/li>\n<\/ul>\n<p>Multiusos: prevenci\u00f3n del viento, prevenci\u00f3n de la lluvia,<\/p>","protected":false},"excerpt":{"rendered":"<p>La red de sombra proteger\u00e1 las plantas, semillas, reto\u00f1os, etc. contra la exposici\u00f3n directa al sol y tiene m\u00faltiples usos en exteriores y jardines.<\/p>","protected":false},"featured_media":4559,"template":"","meta":{"_uag_custom_page_level_css":"","site-sidebar-layout":"default","site-content-layout":"","ast-site-content-layout":"default","site-content-style":"default","site-sidebar-style":"default","ast-global-header-display":"","ast-banner-title-visibility":"","ast-main-header-display":"","ast-hfb-above-header-display":"","ast-hfb-below-header-display":"","ast-hfb-mobile-header-display":"","site-post-title":"","ast-breadcrumbs-content":"","ast-featured-img":"","footer-sml-layout":"","ast-disable-related-posts":"","theme-transparent-header-meta":"default","adv-header-id-meta":"","stick-header-meta":"default","header-above-stick-meta":"","header-main-stick-meta":"","header-below-stick-meta":"","astra-migrate-meta-layouts":"set","ast-page-background-enabled":"default","ast-page-background-meta":{"desktop":{"background-color":"","background-image":"","background-repeat":"repeat","background-position":"center center","background-size":"auto","background-attachment":"scroll","background-type":"","background-media":"","overlay-type":"","overlay-color":"","overlay-opacity":"","overlay-gradient":""},"tablet":{"background-color":"","background-image":"","background-repeat":"repeat","background-position":"center center","background-size":"auto","background-attachment":"scroll","background-type":"","background-media":"","overlay-type":"","overlay-color":"","overlay-opacity":"","overlay-gradient":""},"mobile":{"background-color":"","background-image":"","background-repeat":"repeat","background-position":"center center","background-size":"auto","background-attachment":"scroll","background-type":"","background-media":"","overlay-type":"","overlay-color":"","overlay-opacity":"","overlay-gradient":""}},"ast-content-background-meta":{"desktop":{"background-color":"var(--ast-global-color-5)","background-image":"","background-repeat":"repeat","background-position":"center center","background-size":"auto","background-attachment":"scroll","background-type":"","background-media":"","overlay-type":"","overlay-color":"","overlay-opacity":"","overlay-gradient":""},"tablet":{"background-color":"var(--ast-global-color-5)","background-image":"","background-repeat":"repeat","background-position":"center center","background-size":"auto","background-attachment":"scroll","background-type":"","background-media":"","overlay-type":"","overlay-color":"","overlay-opacity":"","overlay-gradient":""},"mobile":{"background-color":"var(--ast-global-color-5)","background-image":"","background-repeat":"repeat","background-position":"center center","background-size":"auto","background-attachment":"scroll","background-type":"","background-media":"","overlay-type":"","overlay-color":"","overlay-opacity":"","overlay-gradient":""}}},"product_brand":[],"product_cat":[130],"product_tag":[],"class_list":{"0":"post-4090","1":"product","2":"type-product","3":"status-publish","4":"has-post-thumbnail","6":"product_cat-hatchery-equipment-and-items","7":"desktop-align-left","8":"tablet-align-left","9":"mobile-align-left","11":"first","12":"instock","13":"shipping-taxable","14":"product-type-simple"},"yoast_head":"<!-- This site is optimized with the Yoast SEO plugin v26.8 - https:\/\/yoast.com\/product\/yoast-seo-wordpress\/ -->\n<title>Knitted Shade Net - Prolead<\/title>\n<meta name=\"description\" content=\"Shade net will protect the plants, seeding, fingerings...etc. against direct sun exposure, and has multiple purpose using in outdoor and garden.\" \/>\n<meta name=\"robots\" content=\"index, follow, max-snippet:-1, max-image-preview:large, max-video-preview:-1\" \/>\n<link rel=\"canonical\" href=\"https:\/\/prolead-tw.com\/es\/product\/hatchery-equipment-and-items\/shade-net\/\" \/>\n<meta property=\"og:locale\" content=\"es_ES\" \/>\n<meta property=\"og:type\" content=\"article\" \/>\n<meta property=\"og:title\" content=\"Knitted Shade Net - Prolead\" \/>\n<meta property=\"og:description\" content=\"Shade net will protect the plants, seeding, fingerings...etc. against direct sun exposure, and has multiple purpose using in outdoor and garden.\" \/>\n<meta property=\"og:url\" content=\"https:\/\/prolead-tw.com\/es\/product\/hatchery-equipment-and-items\/shade-net\/\" \/>\n<meta property=\"og:site_name\" content=\"Prolead\" \/>\n<meta property=\"article:modified_time\" content=\"2024-12-17T10:37:34+00:00\" \/>\n<meta property=\"og:image\" content=\"https:\/\/prolead-tw.com\/wp-content\/uploads\/2024\/11\/Shade-Net.jpg\" \/>\n\t<meta property=\"og:image:width\" content=\"300\" \/>\n\t<meta property=\"og:image:height\" content=\"300\" \/>\n\t<meta property=\"og:image:type\" content=\"image\/jpeg\" \/>\n<meta name=\"twitter:card\" content=\"summary_large_image\" \/>\n<meta name=\"twitter:label1\" content=\"Tiempo de lectura\" \/>\n\t<meta name=\"twitter:data1\" content=\"2 minutos\" \/>\n<script type=\"application\/ld+json\" class=\"yoast-schema-graph\">{\"@context\":\"https:\/\/schema.org\",\"@graph\":[{\"@type\":\"WebPage\",\"@id\":\"https:\/\/prolead-tw.com\/product\/hatchery-equipment-and-items\/shade-net\/\",\"url\":\"https:\/\/prolead-tw.com\/product\/hatchery-equipment-and-items\/shade-net\/\",\"name\":\"Knitted Shade Net - Prolead\",\"isPartOf\":{\"@id\":\"https:\/\/prolead-tw.com\/#website\"},\"primaryImageOfPage\":{\"@id\":\"https:\/\/prolead-tw.com\/product\/hatchery-equipment-and-items\/shade-net\/#primaryimage\"},\"image\":{\"@id\":\"https:\/\/prolead-tw.com\/product\/hatchery-equipment-and-items\/shade-net\/#primaryimage\"},\"thumbnailUrl\":\"https:\/\/prolead-tw.com\/wp-content\/uploads\/2024\/11\/Shade-Net.jpg\",\"datePublished\":\"2024-11-23T16:00:26+00:00\",\"dateModified\":\"2024-12-17T10:37:34+00:00\",\"description\":\"Shade net will protect the plants, seeding, fingerings...etc. against direct sun exposure, and has multiple purpose using in outdoor and garden.\",\"breadcrumb\":{\"@id\":\"https:\/\/prolead-tw.com\/product\/hatchery-equipment-and-items\/shade-net\/#breadcrumb\"},\"inLanguage\":\"es\",\"potentialAction\":[{\"@type\":\"ReadAction\",\"target\":[\"https:\/\/prolead-tw.com\/product\/hatchery-equipment-and-items\/shade-net\/\"]}]},{\"@type\":\"ImageObject\",\"inLanguage\":\"es\",\"@id\":\"https:\/\/prolead-tw.com\/product\/hatchery-equipment-and-items\/shade-net\/#primaryimage\",\"url\":\"https:\/\/prolead-tw.com\/wp-content\/uploads\/2024\/11\/Shade-Net.jpg\",\"contentUrl\":\"https:\/\/prolead-tw.com\/wp-content\/uploads\/2024\/11\/Shade-Net.jpg\",\"width\":300,\"height\":300,\"caption\":\"Shade net\"},{\"@type\":\"BreadcrumbList\",\"@id\":\"https:\/\/prolead-tw.com\/product\/hatchery-equipment-and-items\/shade-net\/#breadcrumb\",\"itemListElement\":[{\"@type\":\"ListItem\",\"position\":1,\"name\":\"\u9996\u9801\",\"item\":\"https:\/\/prolead-tw.com\/\"},{\"@type\":\"ListItem\",\"position\":2,\"name\":\"product\",\"item\":\"https:\/\/prolead-tw.com\/product\/\"},{\"@type\":\"ListItem\",\"position\":3,\"name\":\"Knitted Shade Net\"}]},{\"@type\":\"WebSite\",\"@id\":\"https:\/\/prolead-tw.com\/#website\",\"url\":\"https:\/\/prolead-tw.com\/\",\"name\":\"Prolead\",\"description\":\"Top Professional Supplier for Aquaculture Sector\",\"publisher\":{\"@id\":\"https:\/\/prolead-tw.com\/#organization\"},\"potentialAction\":[{\"@type\":\"SearchAction\",\"target\":{\"@type\":\"EntryPoint\",\"urlTemplate\":\"https:\/\/prolead-tw.com\/?s={search_term_string}\"},\"query-input\":{\"@type\":\"PropertyValueSpecification\",\"valueRequired\":true,\"valueName\":\"search_term_string\"}}],\"inLanguage\":\"es\"},{\"@type\":\"Organization\",\"@id\":\"https:\/\/prolead-tw.com\/#organization\",\"name\":\"Prolead\",\"url\":\"https:\/\/prolead-tw.com\/\",\"logo\":{\"@type\":\"ImageObject\",\"inLanguage\":\"es\",\"@id\":\"https:\/\/prolead-tw.com\/#\/schema\/logo\/image\/\",\"url\":\"https:\/\/prolead-tw.com\/wp-content\/uploads\/2024\/11\/cropped-Prolead-\u5bf6\u529b\u570b\u969b-logo\u6a6b.png\",\"contentUrl\":\"https:\/\/prolead-tw.com\/wp-content\/uploads\/2024\/11\/cropped-Prolead-\u5bf6\u529b\u570b\u969b-logo\u6a6b.png\",\"width\":1000,\"height\":334,\"caption\":\"Prolead\"},\"image\":{\"@id\":\"https:\/\/prolead-tw.com\/#\/schema\/logo\/image\/\"}}]}<\/script>\n<!-- \/ Yoast SEO plugin. -->","yoast_head_json":{"title":"Knitted Shade Net - Prolead","description":"Shade net will protect the plants, seeding, fingerings...etc. against direct sun exposure, and has multiple purpose using in outdoor and garden.","robots":{"index":"index","follow":"follow","max-snippet":"max-snippet:-1","max-image-preview":"max-image-preview:large","max-video-preview":"max-video-preview:-1"},"canonical":"https:\/\/prolead-tw.com\/es\/product\/hatchery-equipment-and-items\/shade-net\/","og_locale":"es_ES","og_type":"article","og_title":"Knitted Shade Net - Prolead","og_description":"Shade net will protect the plants, seeding, fingerings...etc. against direct sun exposure, and has multiple purpose using in outdoor and garden.","og_url":"https:\/\/prolead-tw.com\/es\/product\/hatchery-equipment-and-items\/shade-net\/","og_site_name":"Prolead","article_modified_time":"2024-12-17T10:37:34+00:00","og_image":[{"width":300,"height":300,"url":"https:\/\/prolead-tw.com\/wp-content\/uploads\/2024\/11\/Shade-Net.jpg","type":"image\/jpeg"}],"twitter_card":"summary_large_image","twitter_misc":{"Tiempo de lectura":"2 minutos"},"schema":{"@context":"https:\/\/schema.org","@graph":[{"@type":"WebPage","@id":"https:\/\/prolead-tw.com\/product\/hatchery-equipment-and-items\/shade-net\/","url":"https:\/\/prolead-tw.com\/product\/hatchery-equipment-and-items\/shade-net\/","name":"Knitted Shade Net - Prolead","isPartOf":{"@id":"https:\/\/prolead-tw.com\/#website"},"primaryImageOfPage":{"@id":"https:\/\/prolead-tw.com\/product\/hatchery-equipment-and-items\/shade-net\/#primaryimage"},"image":{"@id":"https:\/\/prolead-tw.com\/product\/hatchery-equipment-and-items\/shade-net\/#primaryimage"},"thumbnailUrl":"https:\/\/prolead-tw.com\/wp-content\/uploads\/2024\/11\/Shade-Net.jpg","datePublished":"2024-11-23T16:00:26+00:00","dateModified":"2024-12-17T10:37:34+00:00","description":"Shade net will protect the plants, seeding, fingerings...etc. against direct sun exposure, and has multiple purpose using in outdoor and garden.","breadcrumb":{"@id":"https:\/\/prolead-tw.com\/product\/hatchery-equipment-and-items\/shade-net\/#breadcrumb"},"inLanguage":"es","potentialAction":[{"@type":"ReadAction","target":["https:\/\/prolead-tw.com\/product\/hatchery-equipment-and-items\/shade-net\/"]}]},{"@type":"ImageObject","inLanguage":"es","@id":"https:\/\/prolead-tw.com\/product\/hatchery-equipment-and-items\/shade-net\/#primaryimage","url":"https:\/\/prolead-tw.com\/wp-content\/uploads\/2024\/11\/Shade-Net.jpg","contentUrl":"https:\/\/prolead-tw.com\/wp-content\/uploads\/2024\/11\/Shade-Net.jpg","width":300,"height":300,"caption":"Shade net"},{"@type":"BreadcrumbList","@id":"https:\/\/prolead-tw.com\/product\/hatchery-equipment-and-items\/shade-net\/#breadcrumb","itemListElement":[{"@type":"ListItem","position":1,"name":"\u9996\u9801","item":"https:\/\/prolead-tw.com\/"},{"@type":"ListItem","position":2,"name":"product","item":"https:\/\/prolead-tw.com\/product\/"},{"@type":"ListItem","position":3,"name":"Knitted Shade Net"}]},{"@type":"WebSite","@id":"https:\/\/prolead-tw.com\/#website","url":"https:\/\/prolead-tw.com\/","name":"Prolead","description":"Top Professional Supplier for Aquaculture Sector","publisher":{"@id":"https:\/\/prolead-tw.com\/#organization"},"potentialAction":[{"@type":"SearchAction","target":{"@type":"EntryPoint","urlTemplate":"https:\/\/prolead-tw.com\/?s={search_term_string}"},"query-input":{"@type":"PropertyValueSpecification","valueRequired":true,"valueName":"search_term_string"}}],"inLanguage":"es"},{"@type":"Organization","@id":"https:\/\/prolead-tw.com\/#organization","name":"Prolead","url":"https:\/\/prolead-tw.com\/","logo":{"@type":"ImageObject","inLanguage":"es","@id":"https:\/\/prolead-tw.com\/#\/schema\/logo\/image\/","url":"https:\/\/prolead-tw.com\/wp-content\/uploads\/2024\/11\/cropped-Prolead-\u5bf6\u529b\u570b\u969b-logo\u6a6b.png","contentUrl":"https:\/\/prolead-tw.com\/wp-content\/uploads\/2024\/11\/cropped-Prolead-\u5bf6\u529b\u570b\u969b-logo\u6a6b.png","width":1000,"height":334,"caption":"Prolead"},"image":{"@id":"https:\/\/prolead-tw.com\/#\/schema\/logo\/image\/"}}]}},"uagb_featured_image_src":{"full":["https:\/\/prolead-tw.com\/wp-content\/uploads\/2024\/11\/Shade-Net.jpg",300,300,false],"thumbnail":["https:\/\/prolead-tw.com\/wp-content\/uploads\/2024\/11\/Shade-Net-150x150.jpg",150,150,true],"medium":["https:\/\/prolead-tw.com\/wp-content\/uploads\/2024\/11\/Shade-Net.jpg",300,300,false],"medium_large":["https:\/\/prolead-tw.com\/wp-content\/uploads\/2024\/11\/Shade-Net.jpg",300,300,false],"large":["https:\/\/prolead-tw.com\/wp-content\/uploads\/2024\/11\/Shade-Net.jpg",300,300,false],"1536x1536":["https:\/\/prolead-tw.com\/wp-content\/uploads\/2024\/11\/Shade-Net.jpg",300,300,false],"2048x2048":["https:\/\/prolead-tw.com\/wp-content\/uploads\/2024\/11\/Shade-Net.jpg",300,300,false],"trp-custom-language-flag":["https:\/\/prolead-tw.com\/wp-content\/uploads\/2024\/11\/Shade-Net-12x12.jpg",12,12,true],"mailpoet_newsletter_max":["https:\/\/prolead-tw.com\/wp-content\/uploads\/2024\/11\/Shade-Net.jpg",300,300,false],"woocommerce_thumbnail":["https:\/\/prolead-tw.com\/wp-content\/uploads\/2024\/11\/Shade-Net.jpg",300,300,false],"woocommerce_single":["https:\/\/prolead-tw.com\/wp-content\/uploads\/2024\/11\/Shade-Net.jpg",300,300,false],"woocommerce_gallery_thumbnail":["https:\/\/prolead-tw.com\/wp-content\/uploads\/2024\/11\/Shade-Net-100x100.jpg",100,100,true]},"uagb_author_info":{"display_name":"admin","author_link":"https:\/\/prolead-tw.com\/es\/author\/"},"uagb_comment_info":0,"uagb_excerpt":"Shade net will protect the plants, seeding, fingerings...etc. against direct sun exposure, and has multiple purpose using in outdoor and garden.","_links":{"self":[{"href":"https:\/\/prolead-tw.com\/es\/wp-json\/wp\/v2\/product\/4090","targetHints":{"allow":["GET"]}}],"collection":[{"href":"https:\/\/prolead-tw.com\/es\/wp-json\/wp\/v2\/product"}],"about":[{"href":"https:\/\/prolead-tw.com\/es\/wp-json\/wp\/v2\/types\/product"}],"version-history":[{"count":4,"href":"https:\/\/prolead-tw.com\/es\/wp-json\/wp\/v2\/product\/4090\/revisions"}],"predecessor-version":[{"id":4570,"href":"https:\/\/prolead-tw.com\/es\/wp-json\/wp\/v2\/product\/4090\/revisions\/4570"}],"wp:featuredmedia":[{"embeddable":true,"href":"https:\/\/prolead-tw.com\/es\/wp-json\/wp\/v2\/media\/4559"}],"wp:attachment":[{"href":"https:\/\/prolead-tw.com\/es\/wp-json\/wp\/v2\/media?parent=4090"}],"wp:term":[{"taxonomy":"product_brand","embeddable":true,"href":"https:\/\/prolead-tw.com\/es\/wp-json\/wp\/v2\/product_brand?post=4090"},{"taxonomy":"product_cat","embeddable":true,"href":"https:\/\/prolead-tw.com\/es\/wp-json\/wp\/v2\/product_cat?post=4090"},{"taxonomy":"product_tag","embeddable":true,"href":"https:\/\/prolead-tw.com\/es\/wp-json\/wp\/v2\/product_tag?post=4090"}],"curies":[{"name":"wp","href":"https:\/\/api.w.org\/{rel}","templated":true}]}}