{"id":3838,"date":"2024-11-17T21:44:18","date_gmt":"2024-11-17T13:44:18","guid":{"rendered":"https:\/\/www.prolead-tw.com\/?post_type=product&#038;p=3838"},"modified":"2024-12-20T16:22:44","modified_gmt":"2024-12-20T08:22:44","slug":"recirculating-aquaculture-system","status":"publish","type":"product","link":"https:\/\/prolead-tw.com\/es\/producto\/ras-system-equipment\/recirculating-aquaculture-system\/","title":{"rendered":"Skimmer de prote\u00ednas"},"content":{"rendered":"<p>Los separadores de prote\u00ednas para acuicultura son equipos de filtraci\u00f3n esenciales en sistemas de recirculaci\u00f3n y acuicultura, que funcionan para eliminar el 80% de sustancias nocivas, nitr\u00f3geno amoniacal, sales nocivas, s\u00f3lidos suspendidos, etc. en el agua para mejorar la calidad del agua.<\/p>\n<p>Caracter\u00edstica:<\/p>\n<p>Elimina eficazmente los compuestos org\u00e1nicos y las part\u00edculas de desecho para evitar el aire t\u00f3xico NH3<br \/>\nMateriales utilizados: polipropileno (PP), resistentes a \u00e1cidos y \u00e1lcalis, resistentes a la corrosi\u00f3n del agua de mar y resistentes al impacto.<br \/>\nAspirador Venturi equipado realiza buenas burbujas<br \/>\nEl tanque de recolecci\u00f3n transparente facilita la operaci\u00f3n y controla las part\u00edculas de desechos.<br \/>\nFunci\u00f3n de limpieza autom\u00e1tica.<br \/>\nCan work with Ozone(O3) or hypochlorous acid to deliver best water quality<\/p>\n<p>Especializado en<\/p>\n<p>Tratamiento de aguas residuales, Acuario, Sistema de recirculaci\u00f3n para acuicultura<\/p>\n<p>Modelo PPS<\/p>\n<p><img fetchpriority=\"high\" decoding=\"async\" class=\"wp-image-4619 alignleft\" src=\"http:\/\/www.prolead-tw.com\/wp-content\/uploads\/2024\/11\/\u86cb\u767d\u8cea\u9664\u6cab\u6a5f-2.jpg\" alt=\"\" width=\"404\" height=\"404\" srcset=\"https:\/\/prolead-tw.com\/wp-content\/uploads\/2024\/11\/\u86cb\u767d\u8cea\u9664\u6cab\u6a5f-2.jpg 600w, https:\/\/prolead-tw.com\/wp-content\/uploads\/2024\/11\/\u86cb\u767d\u8cea\u9664\u6cab\u6a5f-2-300x300.jpg 300w, https:\/\/prolead-tw.com\/wp-content\/uploads\/2024\/11\/\u86cb\u767d\u8cea\u9664\u6cab\u6a5f-2-150x150.jpg 150w, https:\/\/prolead-tw.com\/wp-content\/uploads\/2024\/11\/\u86cb\u767d\u8cea\u9664\u6cab\u6a5f-2-12x12.jpg 12w, https:\/\/prolead-tw.com\/wp-content\/uploads\/2024\/11\/\u86cb\u767d\u8cea\u9664\u6cab\u6a5f-2-100x100.jpg 100w\" sizes=\"(max-width: 404px) 100vw, 404px\" \/><\/p>\n<p>&nbsp;<\/p>\n<p>&nbsp;<\/p>\n<p>&nbsp;<\/p>\n<p>&nbsp;<\/p>\n<p>&nbsp;<\/p>\n<p>&nbsp;<\/p>\n<p>&nbsp;<\/p>\n<p>&nbsp;<\/p>\n<p>&nbsp;<\/p>\n<p>Especificaci\u00f3n<\/p>\n<table width=\"825\">\n<tbody>\n<tr>\n<td rowspan=\"2\">Modelo<\/td>\n<td colspan=\"2\" rowspan=\"2\">\u00a0 Entrada\/Salida<\/td>\n<td rowspan=\"2\">Capacidad (m3\/h)<\/td>\n<td colspan=\"2\">\u00a0 \u00a0 Bomba Venturi<\/td>\n<td rowspan=\"2\">Dimensi\u00f3n<\/p>\n<p>(cm)<\/td>\n<\/tr>\n<tr>\n<td>\u00a0 50HZ<\/td>\n<td>\u00a0 60HZ<\/td>\n<\/tr>\n<tr>\n<td>PPS-60A<\/td>\n<td>In: 3&#8243;<\/td>\n<td>Out: 3&#8243;x2<\/td>\n<td>12~25<\/td>\n<td>1\/2HP<\/td>\n<td>1\/2HP<\/td>\n<td>\u220560&#215;238<\/td>\n<\/tr>\n<tr>\n<td>PPS-75A<\/td>\n<td>In: 4&#8243;<\/td>\n<td>Out: 4&#8243;x2<\/td>\n<td>25~50<\/td>\n<td>1.0HP<\/td>\n<td>1\/2HP<br \/>\n(1.0HP)<\/td>\n<td>\u220575&#215;250<\/td>\n<\/tr>\n<tr>\n<td>PPS-95A<\/td>\n<td>In: 4&#8243;<\/td>\n<td>Out: 4&#8243;x2<\/td>\n<td>40~80<\/td>\n<td>1.0HP<\/td>\n<td>1.0HP<\/td>\n<td>\u220595&#215;276<\/td>\n<\/tr>\n<tr>\n<td>PPS-120A<\/td>\n<td>In: 5&#8243;<\/td>\n<td>Out: 6&#8243;x2<\/td>\n<td>80~150<\/td>\n<td>1.0HPx2<\/td>\n<td>1.0HPx2<\/td>\n<td>\u2205120&#215;310<\/td>\n<\/tr>\n<tr>\n<td>PPS-150A<\/td>\n<td>In: 6&#8243;<\/td>\n<td>Out: 6&#8243;x2<\/td>\n<td>120~200<\/td>\n<td>1.0HPx2<\/td>\n<td>1.0HPx2<\/td>\n<td>\u2205150&#215;320<\/td>\n<\/tr>\n<tr>\n<td>PPS-180A<\/td>\n<td>In: 8&#8243;<\/td>\n<td>Out: 10&#8243;x2<\/td>\n<td>200~350<\/td>\n<td>2.0HPx2<\/td>\n<td>2.0HPx2<\/td>\n<td>\u2205180&#215;348<\/td>\n<\/tr>\n<\/tbody>\n<\/table>\n<p>Modelo FS<\/p>\n<p><img decoding=\"async\" class=\"wp-image-4618 alignleft lazyload\" data-src=\"http:\/\/www.prolead-tw.com\/wp-content\/uploads\/2024\/11\/\u86cb\u767d\u8cea\u9664\u6cab\u6a5f.png\" alt=\"\" width=\"148\" height=\"404\" data-srcset=\"https:\/\/prolead-tw.com\/wp-content\/uploads\/2024\/11\/\u86cb\u767d\u8cea\u9664\u6cab\u6a5f.png 245w, https:\/\/prolead-tw.com\/wp-content\/uploads\/2024\/11\/\u86cb\u767d\u8cea\u9664\u6cab\u6a5f-110x300.png 110w, https:\/\/prolead-tw.com\/wp-content\/uploads\/2024\/11\/\u86cb\u767d\u8cea\u9664\u6cab\u6a5f-4x12.png 4w\" data-sizes=\"(max-width: 148px) 100vw, 148px\" src=\"data:image\/svg+xml;base64,PHN2ZyB3aWR0aD0iMSIgaGVpZ2h0PSIxIiB4bWxucz0iaHR0cDovL3d3dy53My5vcmcvMjAwMC9zdmciPjwvc3ZnPg==\" style=\"--smush-placeholder-width: 148px; --smush-placeholder-aspect-ratio: 148\/404;\" \/><\/p>\n<p>&nbsp;<\/p>\n<p>&nbsp;<\/p>\n<p>&nbsp;<\/p>\n<p>&nbsp;<\/p>\n<p>&nbsp;<\/p>\n<p>&nbsp;<\/p>\n<p>&nbsp;<\/p>\n<p>&nbsp;<\/p>\n<p>&nbsp;<\/p>\n<p>Especificaci\u00f3n<\/p>\n<table width=\"414\">\n<tbody>\n<tr>\n<td>Modelo<\/td>\n<td>Dimensiones<\/td>\n<td width=\"186\">\u00a0 \u00a0 Volumen de agua del tanque (L)<\/td>\n<\/tr>\n<tr>\n<td>FS-640W<\/td>\n<td>48 x 61 x 40\u03a6<\/td>\n<td width=\"186\">10,000~15,000<\/td>\n<\/tr>\n<tr>\n<td>FS-530W<\/td>\n<td>37 x 47 x 30\u03a6<\/td>\n<td width=\"186\">6,500~10,000<\/td>\n<\/tr>\n<tr>\n<td>FS-425W<\/td>\n<td>32 x 37 x 25\u03a6<\/td>\n<td width=\"186\">4,500~7,500<\/td>\n<\/tr>\n<tr>\n<td>FS-320W<\/td>\n<td>27 x 37 x 20\u03a6<\/td>\n<td width=\"186\">3,000~5,000<\/td>\n<\/tr>\n<tr>\n<td>FS-220W<\/td>\n<td>27 x 37 x 20\u03a6<\/td>\n<td width=\"186\">1,500~2,500<\/td>\n<\/tr>\n<tr>\n<td>FS-216<\/td>\n<td>18 x 20 x 15\u03a6<\/td>\n<td width=\"186\">800~1,500<\/td>\n<\/tr>\n<tr>\n<td>UFS-155<\/td>\n<td>17 x 28 x 15\u03a6<\/td>\n<td width=\"186\">500~800<\/td>\n<\/tr>\n<\/tbody>\n<\/table>\n<p>&nbsp;<\/p>","protected":false},"excerpt":{"rendered":"<p>Los skimmers de prote\u00ednas para acuicultura son un equipo de filtraci\u00f3n esencial en el sistema de recirculaci\u00f3n y acuicultura, funcionan para eliminar el 80% de sustancias nocivas, nitr\u00f3geno amoniaco, sales nocivas, s\u00f3lidos suspendidos, etc. en el agua para mejorar la calidad del agua.<\/p>","protected":false},"featured_media":4619,"template":"","meta":{"_uag_custom_page_level_css":"","site-sidebar-layout":"default","site-content-layout":"","ast-site-content-layout":"default","site-content-style":"default","site-sidebar-style":"default","ast-global-header-display":"","ast-banner-title-visibility":"","ast-main-header-display":"","ast-hfb-above-header-display":"","ast-hfb-below-header-display":"","ast-hfb-mobile-header-display":"","site-post-title":"","ast-breadcrumbs-content":"","ast-featured-img":"","footer-sml-layout":"","ast-disable-related-posts":"","theme-transparent-header-meta":"default","adv-header-id-meta":"","stick-header-meta":"default","header-above-stick-meta":"","header-main-stick-meta":"","header-below-stick-meta":"","astra-migrate-meta-layouts":"set","ast-page-background-enabled":"default","ast-page-background-meta":{"desktop":{"background-color":"","background-image":"","background-repeat":"repeat","background-position":"center center","background-size":"auto","background-attachment":"scroll","background-type":"","background-media":"","overlay-type":"","overlay-color":"","overlay-opacity":"","overlay-gradient":""},"tablet":{"background-color":"","background-image":"","background-repeat":"repeat","background-position":"center center","background-size":"auto","background-attachment":"scroll","background-type":"","background-media":"","overlay-type":"","overlay-color":"","overlay-opacity":"","overlay-gradient":""},"mobile":{"background-color":"","background-image":"","background-repeat":"repeat","background-position":"center center","background-size":"auto","background-attachment":"scroll","background-type":"","background-media":"","overlay-type":"","overlay-color":"","overlay-opacity":"","overlay-gradient":""}},"ast-content-background-meta":{"desktop":{"background-color":"var(--ast-global-color-5)","background-image":"","background-repeat":"repeat","background-position":"center center","background-size":"auto","background-attachment":"scroll","background-type":"","background-media":"","overlay-type":"","overlay-color":"","overlay-opacity":"","overlay-gradient":""},"tablet":{"background-color":"var(--ast-global-color-5)","background-image":"","background-repeat":"repeat","background-position":"center center","background-size":"auto","background-attachment":"scroll","background-type":"","background-media":"","overlay-type":"","overlay-color":"","overlay-opacity":"","overlay-gradient":""},"mobile":{"background-color":"var(--ast-global-color-5)","background-image":"","background-repeat":"repeat","background-position":"center center","background-size":"auto","background-attachment":"scroll","background-type":"","background-media":"","overlay-type":"","overlay-color":"","overlay-opacity":"","overlay-gradient":""}}},"product_brand":[],"product_cat":[129],"product_tag":[],"class_list":{"0":"post-3838","1":"product","2":"type-product","3":"status-publish","4":"has-post-thumbnail","6":"product_cat-ras-system-equipment","7":"desktop-align-left","8":"tablet-align-left","9":"mobile-align-left","11":"first","12":"instock","13":"shipping-taxable","14":"product-type-simple"},"yoast_head":"<!-- This site is optimized with the Yoast SEO plugin v26.8 - https:\/\/yoast.com\/product\/yoast-seo-wordpress\/ -->\n<title>Protein Skimmer - Prolead<\/title>\n<meta name=\"description\" content=\"Aquaculture protein skimmers is an essential filtration equipment in aquaculture and recirculation system, works for remove 80% of harmful substances, ammonia nitrogen, harmful salts, suspended solids, etc. in water to improve water quality\" \/>\n<meta name=\"robots\" content=\"index, follow, max-snippet:-1, max-image-preview:large, max-video-preview:-1\" \/>\n<link rel=\"canonical\" href=\"https:\/\/prolead-tw.com\/es\/product\/ras-system-equipment\/recirculating-aquaculture-system\/\" \/>\n<meta property=\"og:locale\" content=\"es_ES\" \/>\n<meta property=\"og:type\" content=\"article\" \/>\n<meta property=\"og:title\" content=\"Protein Skimmer - Prolead\" \/>\n<meta property=\"og:description\" content=\"Aquaculture protein skimmers is an essential filtration equipment in aquaculture and recirculation system, works for remove 80% of harmful substances, ammonia nitrogen, harmful salts, suspended solids, etc. in water to improve water quality\" \/>\n<meta property=\"og:url\" content=\"https:\/\/prolead-tw.com\/es\/product\/ras-system-equipment\/recirculating-aquaculture-system\/\" \/>\n<meta property=\"og:site_name\" content=\"Prolead\" \/>\n<meta property=\"article:modified_time\" content=\"2024-12-20T08:22:44+00:00\" \/>\n<meta property=\"og:image\" content=\"https:\/\/prolead-tw.com\/wp-content\/uploads\/2024\/11\/\u86cb\u767d\u8cea\u9664\u6cab\u6a5f-2.jpg\" \/>\n\t<meta property=\"og:image:width\" content=\"600\" \/>\n\t<meta property=\"og:image:height\" content=\"600\" \/>\n\t<meta property=\"og:image:type\" content=\"image\/jpeg\" \/>\n<meta name=\"twitter:card\" content=\"summary_large_image\" \/>\n<meta name=\"twitter:label1\" content=\"Tiempo de lectura\" \/>\n\t<meta name=\"twitter:data1\" content=\"2 minutos\" \/>\n<script type=\"application\/ld+json\" class=\"yoast-schema-graph\">{\"@context\":\"https:\/\/schema.org\",\"@graph\":[{\"@type\":\"WebPage\",\"@id\":\"https:\/\/prolead-tw.com\/product\/ras-system-equipment\/recirculating-aquaculture-system\/\",\"url\":\"https:\/\/prolead-tw.com\/product\/ras-system-equipment\/recirculating-aquaculture-system\/\",\"name\":\"Protein Skimmer - Prolead\",\"isPartOf\":{\"@id\":\"https:\/\/prolead-tw.com\/#website\"},\"primaryImageOfPage\":{\"@id\":\"https:\/\/prolead-tw.com\/product\/ras-system-equipment\/recirculating-aquaculture-system\/#primaryimage\"},\"image\":{\"@id\":\"https:\/\/prolead-tw.com\/product\/ras-system-equipment\/recirculating-aquaculture-system\/#primaryimage\"},\"thumbnailUrl\":\"https:\/\/prolead-tw.com\/wp-content\/uploads\/2024\/11\/\u86cb\u767d\u8cea\u9664\u6cab\u6a5f-2.jpg\",\"datePublished\":\"2024-11-17T13:44:18+00:00\",\"dateModified\":\"2024-12-20T08:22:44+00:00\",\"description\":\"Aquaculture protein skimmers is an essential filtration equipment in aquaculture and recirculation system, works for remove 80% of harmful substances, ammonia nitrogen, harmful salts, suspended solids, etc. in water to improve water quality\",\"breadcrumb\":{\"@id\":\"https:\/\/prolead-tw.com\/product\/ras-system-equipment\/recirculating-aquaculture-system\/#breadcrumb\"},\"inLanguage\":\"es\",\"potentialAction\":[{\"@type\":\"ReadAction\",\"target\":[\"https:\/\/prolead-tw.com\/product\/ras-system-equipment\/recirculating-aquaculture-system\/\"]}]},{\"@type\":\"ImageObject\",\"inLanguage\":\"es\",\"@id\":\"https:\/\/prolead-tw.com\/product\/ras-system-equipment\/recirculating-aquaculture-system\/#primaryimage\",\"url\":\"https:\/\/prolead-tw.com\/wp-content\/uploads\/2024\/11\/\u86cb\u767d\u8cea\u9664\u6cab\u6a5f-2.jpg\",\"contentUrl\":\"https:\/\/prolead-tw.com\/wp-content\/uploads\/2024\/11\/\u86cb\u767d\u8cea\u9664\u6cab\u6a5f-2.jpg\",\"width\":600,\"height\":600},{\"@type\":\"BreadcrumbList\",\"@id\":\"https:\/\/prolead-tw.com\/product\/ras-system-equipment\/recirculating-aquaculture-system\/#breadcrumb\",\"itemListElement\":[{\"@type\":\"ListItem\",\"position\":1,\"name\":\"\u9996\u9801\",\"item\":\"https:\/\/prolead-tw.com\/\"},{\"@type\":\"ListItem\",\"position\":2,\"name\":\"product\",\"item\":\"https:\/\/prolead-tw.com\/product\/\"},{\"@type\":\"ListItem\",\"position\":3,\"name\":\"Protein Skimmer\"}]},{\"@type\":\"WebSite\",\"@id\":\"https:\/\/prolead-tw.com\/#website\",\"url\":\"https:\/\/prolead-tw.com\/\",\"name\":\"Prolead\",\"description\":\"Top Professional Supplier for Aquaculture Sector\",\"publisher\":{\"@id\":\"https:\/\/prolead-tw.com\/#organization\"},\"potentialAction\":[{\"@type\":\"SearchAction\",\"target\":{\"@type\":\"EntryPoint\",\"urlTemplate\":\"https:\/\/prolead-tw.com\/?s={search_term_string}\"},\"query-input\":{\"@type\":\"PropertyValueSpecification\",\"valueRequired\":true,\"valueName\":\"search_term_string\"}}],\"inLanguage\":\"es\"},{\"@type\":\"Organization\",\"@id\":\"https:\/\/prolead-tw.com\/#organization\",\"name\":\"Prolead\",\"url\":\"https:\/\/prolead-tw.com\/\",\"logo\":{\"@type\":\"ImageObject\",\"inLanguage\":\"es\",\"@id\":\"https:\/\/prolead-tw.com\/#\/schema\/logo\/image\/\",\"url\":\"https:\/\/prolead-tw.com\/wp-content\/uploads\/2024\/11\/cropped-Prolead-\u5bf6\u529b\u570b\u969b-logo\u6a6b.png\",\"contentUrl\":\"https:\/\/prolead-tw.com\/wp-content\/uploads\/2024\/11\/cropped-Prolead-\u5bf6\u529b\u570b\u969b-logo\u6a6b.png\",\"width\":1000,\"height\":334,\"caption\":\"Prolead\"},\"image\":{\"@id\":\"https:\/\/prolead-tw.com\/#\/schema\/logo\/image\/\"}}]}<\/script>\n<!-- \/ Yoast SEO plugin. -->","yoast_head_json":{"title":"Protein Skimmer - Prolead","description":"Aquaculture protein skimmers is an essential filtration equipment in aquaculture and recirculation system, works for remove 80% of harmful substances, ammonia nitrogen, harmful salts, suspended solids, etc. in water to improve water quality","robots":{"index":"index","follow":"follow","max-snippet":"max-snippet:-1","max-image-preview":"max-image-preview:large","max-video-preview":"max-video-preview:-1"},"canonical":"https:\/\/prolead-tw.com\/es\/product\/ras-system-equipment\/recirculating-aquaculture-system\/","og_locale":"es_ES","og_type":"article","og_title":"Protein Skimmer - Prolead","og_description":"Aquaculture protein skimmers is an essential filtration equipment in aquaculture and recirculation system, works for remove 80% of harmful substances, ammonia nitrogen, harmful salts, suspended solids, etc. in water to improve water quality","og_url":"https:\/\/prolead-tw.com\/es\/product\/ras-system-equipment\/recirculating-aquaculture-system\/","og_site_name":"Prolead","article_modified_time":"2024-12-20T08:22:44+00:00","og_image":[{"width":600,"height":600,"url":"https:\/\/prolead-tw.com\/wp-content\/uploads\/2024\/11\/\u86cb\u767d\u8cea\u9664\u6cab\u6a5f-2.jpg","type":"image\/jpeg"}],"twitter_card":"summary_large_image","twitter_misc":{"Tiempo de lectura":"2 minutos"},"schema":{"@context":"https:\/\/schema.org","@graph":[{"@type":"WebPage","@id":"https:\/\/prolead-tw.com\/product\/ras-system-equipment\/recirculating-aquaculture-system\/","url":"https:\/\/prolead-tw.com\/product\/ras-system-equipment\/recirculating-aquaculture-system\/","name":"Protein Skimmer - Prolead","isPartOf":{"@id":"https:\/\/prolead-tw.com\/#website"},"primaryImageOfPage":{"@id":"https:\/\/prolead-tw.com\/product\/ras-system-equipment\/recirculating-aquaculture-system\/#primaryimage"},"image":{"@id":"https:\/\/prolead-tw.com\/product\/ras-system-equipment\/recirculating-aquaculture-system\/#primaryimage"},"thumbnailUrl":"https:\/\/prolead-tw.com\/wp-content\/uploads\/2024\/11\/\u86cb\u767d\u8cea\u9664\u6cab\u6a5f-2.jpg","datePublished":"2024-11-17T13:44:18+00:00","dateModified":"2024-12-20T08:22:44+00:00","description":"Aquaculture protein skimmers is an essential filtration equipment in aquaculture and recirculation system, works for remove 80% of harmful substances, ammonia nitrogen, harmful salts, suspended solids, etc. in water to improve water quality","breadcrumb":{"@id":"https:\/\/prolead-tw.com\/product\/ras-system-equipment\/recirculating-aquaculture-system\/#breadcrumb"},"inLanguage":"es","potentialAction":[{"@type":"ReadAction","target":["https:\/\/prolead-tw.com\/product\/ras-system-equipment\/recirculating-aquaculture-system\/"]}]},{"@type":"ImageObject","inLanguage":"es","@id":"https:\/\/prolead-tw.com\/product\/ras-system-equipment\/recirculating-aquaculture-system\/#primaryimage","url":"https:\/\/prolead-tw.com\/wp-content\/uploads\/2024\/11\/\u86cb\u767d\u8cea\u9664\u6cab\u6a5f-2.jpg","contentUrl":"https:\/\/prolead-tw.com\/wp-content\/uploads\/2024\/11\/\u86cb\u767d\u8cea\u9664\u6cab\u6a5f-2.jpg","width":600,"height":600},{"@type":"BreadcrumbList","@id":"https:\/\/prolead-tw.com\/product\/ras-system-equipment\/recirculating-aquaculture-system\/#breadcrumb","itemListElement":[{"@type":"ListItem","position":1,"name":"\u9996\u9801","item":"https:\/\/prolead-tw.com\/"},{"@type":"ListItem","position":2,"name":"product","item":"https:\/\/prolead-tw.com\/product\/"},{"@type":"ListItem","position":3,"name":"Protein Skimmer"}]},{"@type":"WebSite","@id":"https:\/\/prolead-tw.com\/#website","url":"https:\/\/prolead-tw.com\/","name":"Prolead","description":"Top Professional Supplier for Aquaculture Sector","publisher":{"@id":"https:\/\/prolead-tw.com\/#organization"},"potentialAction":[{"@type":"SearchAction","target":{"@type":"EntryPoint","urlTemplate":"https:\/\/prolead-tw.com\/?s={search_term_string}"},"query-input":{"@type":"PropertyValueSpecification","valueRequired":true,"valueName":"search_term_string"}}],"inLanguage":"es"},{"@type":"Organization","@id":"https:\/\/prolead-tw.com\/#organization","name":"Prolead","url":"https:\/\/prolead-tw.com\/","logo":{"@type":"ImageObject","inLanguage":"es","@id":"https:\/\/prolead-tw.com\/#\/schema\/logo\/image\/","url":"https:\/\/prolead-tw.com\/wp-content\/uploads\/2024\/11\/cropped-Prolead-\u5bf6\u529b\u570b\u969b-logo\u6a6b.png","contentUrl":"https:\/\/prolead-tw.com\/wp-content\/uploads\/2024\/11\/cropped-Prolead-\u5bf6\u529b\u570b\u969b-logo\u6a6b.png","width":1000,"height":334,"caption":"Prolead"},"image":{"@id":"https:\/\/prolead-tw.com\/#\/schema\/logo\/image\/"}}]}},"uagb_featured_image_src":{"full":["https:\/\/prolead-tw.com\/wp-content\/uploads\/2024\/11\/\u86cb\u767d\u8cea\u9664\u6cab\u6a5f-2.jpg",600,600,false],"thumbnail":["https:\/\/prolead-tw.com\/wp-content\/uploads\/2024\/11\/\u86cb\u767d\u8cea\u9664\u6cab\u6a5f-2-150x150.jpg",150,150,true],"medium":["https:\/\/prolead-tw.com\/wp-content\/uploads\/2024\/11\/\u86cb\u767d\u8cea\u9664\u6cab\u6a5f-2-300x300.jpg",300,300,true],"medium_large":["https:\/\/prolead-tw.com\/wp-content\/uploads\/2024\/11\/\u86cb\u767d\u8cea\u9664\u6cab\u6a5f-2.jpg",600,600,false],"large":["https:\/\/prolead-tw.com\/wp-content\/uploads\/2024\/11\/\u86cb\u767d\u8cea\u9664\u6cab\u6a5f-2.jpg",600,600,false],"1536x1536":["https:\/\/prolead-tw.com\/wp-content\/uploads\/2024\/11\/\u86cb\u767d\u8cea\u9664\u6cab\u6a5f-2.jpg",600,600,false],"2048x2048":["https:\/\/prolead-tw.com\/wp-content\/uploads\/2024\/11\/\u86cb\u767d\u8cea\u9664\u6cab\u6a5f-2.jpg",600,600,false],"trp-custom-language-flag":["https:\/\/prolead-tw.com\/wp-content\/uploads\/2024\/11\/\u86cb\u767d\u8cea\u9664\u6cab\u6a5f-2-12x12.jpg",12,12,true],"mailpoet_newsletter_max":["https:\/\/prolead-tw.com\/wp-content\/uploads\/2024\/11\/\u86cb\u767d\u8cea\u9664\u6cab\u6a5f-2.jpg",600,600,false],"woocommerce_thumbnail":["https:\/\/prolead-tw.com\/wp-content\/uploads\/2024\/11\/\u86cb\u767d\u8cea\u9664\u6cab\u6a5f-2-300x300.jpg",300,300,true],"woocommerce_single":["https:\/\/prolead-tw.com\/wp-content\/uploads\/2024\/11\/\u86cb\u767d\u8cea\u9664\u6cab\u6a5f-2.jpg",600,600,false],"woocommerce_gallery_thumbnail":["https:\/\/prolead-tw.com\/wp-content\/uploads\/2024\/11\/\u86cb\u767d\u8cea\u9664\u6cab\u6a5f-2-100x100.jpg",100,100,true]},"uagb_author_info":{"display_name":"admin","author_link":"https:\/\/prolead-tw.com\/es\/author\/"},"uagb_comment_info":0,"uagb_excerpt":"Aquaculture protein skimmers is an essential filtration equipment in aquaculture and recirculating system, works for remove 80% of harmful substances, ammonia nitrogen, harmful salts, suspended solids, etc. in water to improve water quality.","_links":{"self":[{"href":"https:\/\/prolead-tw.com\/es\/wp-json\/wp\/v2\/product\/3838","targetHints":{"allow":["GET"]}}],"collection":[{"href":"https:\/\/prolead-tw.com\/es\/wp-json\/wp\/v2\/product"}],"about":[{"href":"https:\/\/prolead-tw.com\/es\/wp-json\/wp\/v2\/types\/product"}],"version-history":[{"count":3,"href":"https:\/\/prolead-tw.com\/es\/wp-json\/wp\/v2\/product\/3838\/revisions"}],"predecessor-version":[{"id":4620,"href":"https:\/\/prolead-tw.com\/es\/wp-json\/wp\/v2\/product\/3838\/revisions\/4620"}],"wp:featuredmedia":[{"embeddable":true,"href":"https:\/\/prolead-tw.com\/es\/wp-json\/wp\/v2\/media\/4619"}],"wp:attachment":[{"href":"https:\/\/prolead-tw.com\/es\/wp-json\/wp\/v2\/media?parent=3838"}],"wp:term":[{"taxonomy":"product_brand","embeddable":true,"href":"https:\/\/prolead-tw.com\/es\/wp-json\/wp\/v2\/product_brand?post=3838"},{"taxonomy":"product_cat","embeddable":true,"href":"https:\/\/prolead-tw.com\/es\/wp-json\/wp\/v2\/product_cat?post=3838"},{"taxonomy":"product_tag","embeddable":true,"href":"https:\/\/prolead-tw.com\/es\/wp-json\/wp\/v2\/product_tag?post=3838"}],"curies":[{"name":"wp","href":"https:\/\/api.w.org\/{rel}","templated":true}]}}