{"id":3739,"date":"2024-11-17T14:59:42","date_gmt":"2024-11-17T06:59:42","guid":{"rendered":"https:\/\/www.prolead-tw.com\/?post_type=product&#038;p=3739"},"modified":"2024-12-22T08:40:05","modified_gmt":"2024-12-22T00:40:05","slug":"floating-cubes","status":"publish","type":"product","link":"https:\/\/prolead-tw.com\/es\/producto\/cage-farming-system\/floating-cubes\/","title":{"rendered":"Cubos flotantes"},"content":{"rendered":"<dl class=\"list_box\">\n<dd class=\"txt\">Cubos FLOAT<br \/>\n86 \/ 5,000\nAdecuado para sistemas de cultivo en jaulas continentales ubicadas en r\u00edos, lagos, estanques o en alta mar.<\/dd>\n<dd>F\u00e1cil instalaci\u00f3n: se fija con tuercas y pasadores.<\/dd>\n<dd class=\"txt\">APLICACIONES<\/p>\n<p>Granja de jaulas<br \/>\nGranjas de peces<br \/>\nPasarelas flotantes<br \/>\nPuentes de pontones<br \/>\nPuertos deportivos<br \/>\nMarcadores de l\u00edmites de agua<br \/>\nIslas de balsas ancladas a flotaci\u00f3n<br \/>\nEstadios de jueces para juegos de deportes acu\u00e1ticos<br \/>\nEscenarios acu\u00e1ticos para espect\u00e1culos y actividades acu\u00e1ticas.<br \/>\nPlataformas de salvamento acu\u00e1tico<br \/>\nRompeolas<\/dd>\n<\/dl>","protected":false},"excerpt":{"rendered":"<p>Los cubos FLOAT son adecuados para pasarelas flotantes, sistemas de cultivo en jaulas interiores ubicados en r\u00edos, lagos, estanques o en alta mar.<\/p>","protected":false},"featured_media":4637,"template":"","meta":{"_uag_custom_page_level_css":"","site-sidebar-layout":"default","site-content-layout":"","ast-site-content-layout":"default","site-content-style":"default","site-sidebar-style":"default","ast-global-header-display":"","ast-banner-title-visibility":"","ast-main-header-display":"","ast-hfb-above-header-display":"","ast-hfb-below-header-display":"","ast-hfb-mobile-header-display":"","site-post-title":"","ast-breadcrumbs-content":"","ast-featured-img":"","footer-sml-layout":"","ast-disable-related-posts":"","theme-transparent-header-meta":"default","adv-header-id-meta":"","stick-header-meta":"default","header-above-stick-meta":"","header-main-stick-meta":"","header-below-stick-meta":"","astra-migrate-meta-layouts":"set","ast-page-background-enabled":"default","ast-page-background-meta":{"desktop":{"background-color":"","background-image":"","background-repeat":"repeat","background-position":"center center","background-size":"auto","background-attachment":"scroll","background-type":"","background-media":"","overlay-type":"","overlay-color":"","overlay-opacity":"","overlay-gradient":""},"tablet":{"background-color":"","background-image":"","background-repeat":"repeat","background-position":"center center","background-size":"auto","background-attachment":"scroll","background-type":"","background-media":"","overlay-type":"","overlay-color":"","overlay-opacity":"","overlay-gradient":""},"mobile":{"background-color":"","background-image":"","background-repeat":"repeat","background-position":"center center","background-size":"auto","background-attachment":"scroll","background-type":"","background-media":"","overlay-type":"","overlay-color":"","overlay-opacity":"","overlay-gradient":""}},"ast-content-background-meta":{"desktop":{"background-color":"var(--ast-global-color-5)","background-image":"","background-repeat":"repeat","background-position":"center center","background-size":"auto","background-attachment":"scroll","background-type":"","background-media":"","overlay-type":"","overlay-color":"","overlay-opacity":"","overlay-gradient":""},"tablet":{"background-color":"var(--ast-global-color-5)","background-image":"","background-repeat":"repeat","background-position":"center center","background-size":"auto","background-attachment":"scroll","background-type":"","background-media":"","overlay-type":"","overlay-color":"","overlay-opacity":"","overlay-gradient":""},"mobile":{"background-color":"var(--ast-global-color-5)","background-image":"","background-repeat":"repeat","background-position":"center center","background-size":"auto","background-attachment":"scroll","background-type":"","background-media":"","overlay-type":"","overlay-color":"","overlay-opacity":"","overlay-gradient":""}}},"product_brand":[],"product_cat":[126],"product_tag":[],"class_list":{"0":"post-3739","1":"product","2":"type-product","3":"status-publish","4":"has-post-thumbnail","6":"product_cat-cage-farming-system","7":"desktop-align-left","8":"tablet-align-left","9":"mobile-align-left","11":"first","12":"instock","13":"shipping-taxable","14":"product-type-simple"},"yoast_head":"<!-- This site is optimized with the Yoast SEO plugin v26.8 - https:\/\/yoast.com\/product\/yoast-seo-wordpress\/ -->\n<title>Floating Cubes - Prolead<\/title>\n<meta name=\"description\" content=\"FLOAT Cubes are suitable for Floating walkways, Inland cage farming system located in the river, lake, ponds or offshore.\" \/>\n<meta name=\"robots\" content=\"index, follow, max-snippet:-1, max-image-preview:large, max-video-preview:-1\" \/>\n<link rel=\"canonical\" href=\"https:\/\/prolead-tw.com\/es\/product\/cage-farming-system\/floating-cubes\/\" \/>\n<meta property=\"og:locale\" content=\"es_ES\" \/>\n<meta property=\"og:type\" content=\"article\" \/>\n<meta property=\"og:title\" content=\"Floating Cubes - Prolead\" \/>\n<meta property=\"og:description\" content=\"FLOAT Cubes are suitable for Floating walkways, Inland cage farming system located in the river, lake, ponds or offshore.\" \/>\n<meta property=\"og:url\" content=\"https:\/\/prolead-tw.com\/es\/product\/cage-farming-system\/floating-cubes\/\" \/>\n<meta property=\"og:site_name\" content=\"Prolead\" \/>\n<meta property=\"article:modified_time\" content=\"2024-12-22T00:40:05+00:00\" \/>\n<meta property=\"og:image\" content=\"https:\/\/prolead-tw.com\/wp-content\/uploads\/2024\/11\/photo-86-1.jpg\" \/>\n\t<meta property=\"og:image:width\" content=\"571\" \/>\n\t<meta property=\"og:image:height\" content=\"358\" \/>\n\t<meta property=\"og:image:type\" content=\"image\/jpeg\" \/>\n<meta name=\"twitter:card\" content=\"summary_large_image\" \/>\n<meta name=\"twitter:label1\" content=\"Tiempo de lectura\" \/>\n\t<meta name=\"twitter:data1\" content=\"1 minuto\" \/>\n<script type=\"application\/ld+json\" class=\"yoast-schema-graph\">{\"@context\":\"https:\/\/schema.org\",\"@graph\":[{\"@type\":\"WebPage\",\"@id\":\"https:\/\/prolead-tw.com\/product\/cage-farming-system\/floating-cubes\/\",\"url\":\"https:\/\/prolead-tw.com\/product\/cage-farming-system\/floating-cubes\/\",\"name\":\"Floating Cubes - Prolead\",\"isPartOf\":{\"@id\":\"https:\/\/prolead-tw.com\/#website\"},\"primaryImageOfPage\":{\"@id\":\"https:\/\/prolead-tw.com\/product\/cage-farming-system\/floating-cubes\/#primaryimage\"},\"image\":{\"@id\":\"https:\/\/prolead-tw.com\/product\/cage-farming-system\/floating-cubes\/#primaryimage\"},\"thumbnailUrl\":\"https:\/\/prolead-tw.com\/wp-content\/uploads\/2024\/11\/photo-86-1.jpg\",\"datePublished\":\"2024-11-17T06:59:42+00:00\",\"dateModified\":\"2024-12-22T00:40:05+00:00\",\"description\":\"FLOAT Cubes are suitable for Floating walkways, Inland cage farming system located in the river, lake, ponds or offshore.\",\"breadcrumb\":{\"@id\":\"https:\/\/prolead-tw.com\/product\/cage-farming-system\/floating-cubes\/#breadcrumb\"},\"inLanguage\":\"es\",\"potentialAction\":[{\"@type\":\"ReadAction\",\"target\":[\"https:\/\/prolead-tw.com\/product\/cage-farming-system\/floating-cubes\/\"]}]},{\"@type\":\"ImageObject\",\"inLanguage\":\"es\",\"@id\":\"https:\/\/prolead-tw.com\/product\/cage-farming-system\/floating-cubes\/#primaryimage\",\"url\":\"https:\/\/prolead-tw.com\/wp-content\/uploads\/2024\/11\/photo-86-1.jpg\",\"contentUrl\":\"https:\/\/prolead-tw.com\/wp-content\/uploads\/2024\/11\/photo-86-1.jpg\",\"width\":571,\"height\":358},{\"@type\":\"BreadcrumbList\",\"@id\":\"https:\/\/prolead-tw.com\/product\/cage-farming-system\/floating-cubes\/#breadcrumb\",\"itemListElement\":[{\"@type\":\"ListItem\",\"position\":1,\"name\":\"\u9996\u9801\",\"item\":\"https:\/\/prolead-tw.com\/\"},{\"@type\":\"ListItem\",\"position\":2,\"name\":\"product\",\"item\":\"https:\/\/prolead-tw.com\/product\/\"},{\"@type\":\"ListItem\",\"position\":3,\"name\":\"Floating Cubes\"}]},{\"@type\":\"WebSite\",\"@id\":\"https:\/\/prolead-tw.com\/#website\",\"url\":\"https:\/\/prolead-tw.com\/\",\"name\":\"Prolead\",\"description\":\"Top Professional Supplier for Aquaculture Sector\",\"publisher\":{\"@id\":\"https:\/\/prolead-tw.com\/#organization\"},\"potentialAction\":[{\"@type\":\"SearchAction\",\"target\":{\"@type\":\"EntryPoint\",\"urlTemplate\":\"https:\/\/prolead-tw.com\/?s={search_term_string}\"},\"query-input\":{\"@type\":\"PropertyValueSpecification\",\"valueRequired\":true,\"valueName\":\"search_term_string\"}}],\"inLanguage\":\"es\"},{\"@type\":\"Organization\",\"@id\":\"https:\/\/prolead-tw.com\/#organization\",\"name\":\"Prolead\",\"url\":\"https:\/\/prolead-tw.com\/\",\"logo\":{\"@type\":\"ImageObject\",\"inLanguage\":\"es\",\"@id\":\"https:\/\/prolead-tw.com\/#\/schema\/logo\/image\/\",\"url\":\"https:\/\/prolead-tw.com\/wp-content\/uploads\/2024\/11\/cropped-Prolead-\u5bf6\u529b\u570b\u969b-logo\u6a6b.png\",\"contentUrl\":\"https:\/\/prolead-tw.com\/wp-content\/uploads\/2024\/11\/cropped-Prolead-\u5bf6\u529b\u570b\u969b-logo\u6a6b.png\",\"width\":1000,\"height\":334,\"caption\":\"Prolead\"},\"image\":{\"@id\":\"https:\/\/prolead-tw.com\/#\/schema\/logo\/image\/\"}}]}<\/script>\n<!-- \/ Yoast SEO plugin. -->","yoast_head_json":{"title":"Floating Cubes - Prolead","description":"Los cubos FLOAT son adecuados para pasarelas flotantes, sistemas de cultivo en jaulas interiores ubicados en r\u00edos, lagos, estanques o en alta mar.","robots":{"index":"index","follow":"follow","max-snippet":"max-snippet:-1","max-image-preview":"max-image-preview:large","max-video-preview":"max-video-preview:-1"},"canonical":"https:\/\/prolead-tw.com\/es\/product\/cage-farming-system\/floating-cubes\/","og_locale":"es_ES","og_type":"article","og_title":"Floating Cubes - Prolead","og_description":"FLOAT Cubes are suitable for Floating walkways, Inland cage farming system located in the river, lake, ponds or offshore.","og_url":"https:\/\/prolead-tw.com\/es\/product\/cage-farming-system\/floating-cubes\/","og_site_name":"Prolead","article_modified_time":"2024-12-22T00:40:05+00:00","og_image":[{"width":571,"height":358,"url":"https:\/\/prolead-tw.com\/wp-content\/uploads\/2024\/11\/photo-86-1.jpg","type":"image\/jpeg"}],"twitter_card":"summary_large_image","twitter_misc":{"Tiempo de lectura":"1 minuto"},"schema":{"@context":"https:\/\/schema.org","@graph":[{"@type":"WebPage","@id":"https:\/\/prolead-tw.com\/product\/cage-farming-system\/floating-cubes\/","url":"https:\/\/prolead-tw.com\/product\/cage-farming-system\/floating-cubes\/","name":"Floating Cubes - Prolead","isPartOf":{"@id":"https:\/\/prolead-tw.com\/#website"},"primaryImageOfPage":{"@id":"https:\/\/prolead-tw.com\/product\/cage-farming-system\/floating-cubes\/#primaryimage"},"image":{"@id":"https:\/\/prolead-tw.com\/product\/cage-farming-system\/floating-cubes\/#primaryimage"},"thumbnailUrl":"https:\/\/prolead-tw.com\/wp-content\/uploads\/2024\/11\/photo-86-1.jpg","datePublished":"2024-11-17T06:59:42+00:00","dateModified":"2024-12-22T00:40:05+00:00","description":"Los cubos FLOAT son adecuados para pasarelas flotantes, sistemas de cultivo en jaulas interiores ubicados en r\u00edos, lagos, estanques o en alta mar.","breadcrumb":{"@id":"https:\/\/prolead-tw.com\/product\/cage-farming-system\/floating-cubes\/#breadcrumb"},"inLanguage":"es","potentialAction":[{"@type":"ReadAction","target":["https:\/\/prolead-tw.com\/product\/cage-farming-system\/floating-cubes\/"]}]},{"@type":"ImageObject","inLanguage":"es","@id":"https:\/\/prolead-tw.com\/product\/cage-farming-system\/floating-cubes\/#primaryimage","url":"https:\/\/prolead-tw.com\/wp-content\/uploads\/2024\/11\/photo-86-1.jpg","contentUrl":"https:\/\/prolead-tw.com\/wp-content\/uploads\/2024\/11\/photo-86-1.jpg","width":571,"height":358},{"@type":"BreadcrumbList","@id":"https:\/\/prolead-tw.com\/product\/cage-farming-system\/floating-cubes\/#breadcrumb","itemListElement":[{"@type":"ListItem","position":1,"name":"\u9996\u9801","item":"https:\/\/prolead-tw.com\/"},{"@type":"ListItem","position":2,"name":"product","item":"https:\/\/prolead-tw.com\/product\/"},{"@type":"ListItem","position":3,"name":"Floating Cubes"}]},{"@type":"WebSite","@id":"https:\/\/prolead-tw.com\/#website","url":"https:\/\/prolead-tw.com\/","name":"Prolead","description":"Top Professional Supplier for Aquaculture Sector","publisher":{"@id":"https:\/\/prolead-tw.com\/#organization"},"potentialAction":[{"@type":"SearchAction","target":{"@type":"EntryPoint","urlTemplate":"https:\/\/prolead-tw.com\/?s={search_term_string}"},"query-input":{"@type":"PropertyValueSpecification","valueRequired":true,"valueName":"search_term_string"}}],"inLanguage":"es"},{"@type":"Organization","@id":"https:\/\/prolead-tw.com\/#organization","name":"Prolead","url":"https:\/\/prolead-tw.com\/","logo":{"@type":"ImageObject","inLanguage":"es","@id":"https:\/\/prolead-tw.com\/#\/schema\/logo\/image\/","url":"https:\/\/prolead-tw.com\/wp-content\/uploads\/2024\/11\/cropped-Prolead-\u5bf6\u529b\u570b\u969b-logo\u6a6b.png","contentUrl":"https:\/\/prolead-tw.com\/wp-content\/uploads\/2024\/11\/cropped-Prolead-\u5bf6\u529b\u570b\u969b-logo\u6a6b.png","width":1000,"height":334,"caption":"Prolead"},"image":{"@id":"https:\/\/prolead-tw.com\/#\/schema\/logo\/image\/"}}]}},"uagb_featured_image_src":{"full":["https:\/\/prolead-tw.com\/wp-content\/uploads\/2024\/11\/photo-86-1.jpg",571,358,false],"thumbnail":["https:\/\/prolead-tw.com\/wp-content\/uploads\/2024\/11\/photo-86-1-150x150.jpg",150,150,true],"medium":["https:\/\/prolead-tw.com\/wp-content\/uploads\/2024\/11\/photo-86-1-300x188.jpg",300,188,true],"medium_large":["https:\/\/prolead-tw.com\/wp-content\/uploads\/2024\/11\/photo-86-1.jpg",571,358,false],"large":["https:\/\/prolead-tw.com\/wp-content\/uploads\/2024\/11\/photo-86-1.jpg",571,358,false],"1536x1536":["https:\/\/prolead-tw.com\/wp-content\/uploads\/2024\/11\/photo-86-1.jpg",571,358,false],"2048x2048":["https:\/\/prolead-tw.com\/wp-content\/uploads\/2024\/11\/photo-86-1.jpg",571,358,false],"trp-custom-language-flag":["https:\/\/prolead-tw.com\/wp-content\/uploads\/2024\/11\/photo-86-1-18x12.jpg",18,12,true],"mailpoet_newsletter_max":["https:\/\/prolead-tw.com\/wp-content\/uploads\/2024\/11\/photo-86-1.jpg",571,358,false],"woocommerce_thumbnail":["https:\/\/prolead-tw.com\/wp-content\/uploads\/2024\/11\/photo-86-1-300x300.jpg",300,300,true],"woocommerce_single":["https:\/\/prolead-tw.com\/wp-content\/uploads\/2024\/11\/photo-86-1.jpg",571,358,false],"woocommerce_gallery_thumbnail":["https:\/\/prolead-tw.com\/wp-content\/uploads\/2024\/11\/photo-86-1-100x100.jpg",100,100,true]},"uagb_author_info":{"display_name":"admin","author_link":"https:\/\/prolead-tw.com\/es\/author\/"},"uagb_comment_info":0,"uagb_excerpt":"FLOAT Cubes are suitable for Floating walkways, Inland cage farming system located in the river, lake, ponds or offshore.","_links":{"self":[{"href":"https:\/\/prolead-tw.com\/es\/wp-json\/wp\/v2\/product\/3739","targetHints":{"allow":["GET"]}}],"collection":[{"href":"https:\/\/prolead-tw.com\/es\/wp-json\/wp\/v2\/product"}],"about":[{"href":"https:\/\/prolead-tw.com\/es\/wp-json\/wp\/v2\/types\/product"}],"version-history":[{"count":2,"href":"https:\/\/prolead-tw.com\/es\/wp-json\/wp\/v2\/product\/3739\/revisions"}],"predecessor-version":[{"id":4638,"href":"https:\/\/prolead-tw.com\/es\/wp-json\/wp\/v2\/product\/3739\/revisions\/4638"}],"wp:featuredmedia":[{"embeddable":true,"href":"https:\/\/prolead-tw.com\/es\/wp-json\/wp\/v2\/media\/4637"}],"wp:attachment":[{"href":"https:\/\/prolead-tw.com\/es\/wp-json\/wp\/v2\/media?parent=3739"}],"wp:term":[{"taxonomy":"product_brand","embeddable":true,"href":"https:\/\/prolead-tw.com\/es\/wp-json\/wp\/v2\/product_brand?post=3739"},{"taxonomy":"product_cat","embeddable":true,"href":"https:\/\/prolead-tw.com\/es\/wp-json\/wp\/v2\/product_cat?post=3739"},{"taxonomy":"product_tag","embeddable":true,"href":"https:\/\/prolead-tw.com\/es\/wp-json\/wp\/v2\/product_tag?post=3739"}],"curies":[{"name":"wp","href":"https:\/\/api.w.org\/{rel}","templated":true}]}}