{"id":3320,"date":"2024-11-12T00:33:53","date_gmt":"2024-11-11T16:33:53","guid":{"rendered":"https:\/\/www.prolead-tw.com\/?page_id=3320"},"modified":"2025-05-09T14:42:15","modified_gmt":"2025-05-09T06:42:15","slug":"about-us","status":"publish","type":"page","link":"https:\/\/prolead-tw.com\/es\/about-us\/","title":{"rendered":"Sobre Nosotras"},"content":{"rendered":"<div class=\"wp-block-uagb-container uagb-block-fbced6a4 alignfull uagb-is-root-container\"><div class=\"uagb-container-inner-blocks-wrap\"><\/div><\/div>\n\n\n\n<h2 class=\"wp-block-heading\" style=\"font-size:40px\">paddle wheel aerator supplier in Taiwan <\/h2>\n\n\n\n<p>Aerator for fish pond<\/p>\n\n\n\n<div style=\"height:30px\" aria-hidden=\"true\" class=\"wp-block-spacer\"><\/div>\n\n\n\n<p style=\"margin-bottom:var(--wp--preset--spacing--60);font-size:20px\">Aerator for fish pond manufacturers in Taiwan, \u201cPROLEAD\u201c provide quality machines including P<a href=\"https:\/\/prolead-tw.com\/es\/categoria-producto\/paddlewheel-aerator\/\">Aireadores de rueda de paletas<\/a>, <a href=\"https:\/\/prolead-tw.com\/es\/categoria-producto\/deep-water-aeartor\/\">Aireador de aguas profundas<\/a>, <a href=\"https:\/\/prolead-tw.com\/es\/product\/deep-water-aeartor\/jet-aerator\/\">Inyectores de aire<\/a>, <a href=\"https:\/\/prolead-tw.com\/es\/product\/blower-diffuser\/ring-blower\/\">Soplador de anillos<\/a>, <a href=\"https:\/\/prolead-tw.com\/es\/product\/blower-diffuser\/root-blower\/\">Sopladores de ra\u00edces<\/a>, <a href=\"https:\/\/prolead-tw.com\/es\/categoria-producto\/water-pump\/\">Bombas de agua<\/a>, <a href=\"https:\/\/prolead-tw.com\/es\/categoria-producto\/hatchery-equipment-and-items\/\">Art\u00edculos de criadero,<\/a> <a href=\"https:\/\/prolead-tw.com\/es\/categoria-producto\/automatic-feeder\/\">Alimentador autom\u00e1tico<\/a> <a href=\"https:\/\/prolead-tw.com\/es\/categoria-producto\/hdpe-pondliner\/\">Revestimientos para estanques (geomembrana)<\/a>&#8230;etc.<\/p>\n\n\n\n<h2 class=\"wp-block-heading\">El mejor aireador para estanques de peces<\/h2>\n\n\n\n<p style=\"margin-bottom:var(--wp--preset--spacing--60);font-size:20px\">Nos enorgullecemos enormemente de nuestro equipo, que incluye ingenieros mec\u00e1nicos y t\u00e9cnicos experimentados en acuicultura, con m\u00e1s de 25 a\u00f1os de experiencia en el sector. Nuestros expertos se especializan en el dise\u00f1o y la fabricaci\u00f3n de aireadores duraderos y de alta eficiencia para estanques de peces. Gracias a nuestra avanzada ingenier\u00eda y experiencia tecnol\u00f3gica, garantizamos que nuestros productos contribuyan a la gesti\u00f3n eficaz y la sostenibilidad de las operaciones acu\u00edcolas.<\/p>\n\n\n\n<p>Nuestro compromiso radica en ofrecer soluciones innovadoras y rentables que mejoren <a href=\"https:\/\/thefishsite.com\/articles\/pond-aeration\">fish pond aeration<\/a> y la gesti\u00f3n de la calidad del agua. Reconocemos el papel fundamental que desempe\u00f1an los aireadores y otros equipos de acuicultura para mantener niveles \u00f3ptimos de ox\u00edgeno, mejorar la circulaci\u00f3n del agua y fomentar entornos acu\u00e1ticos m\u00e1s saludables. Por lo tanto, nuestros productos est\u00e1n meticulosamente dise\u00f1ados para maximizar la eficiencia, reducir el consumo de energ\u00eda y garantizar la fiabilidad operativa a largo plazo.<\/p>\n\n\n\n<p>La satisfacci\u00f3n del cliente es el eje central de nuestra misi\u00f3n. Trabajamos estrechamente con profesionales de la acuicultura para comprender sus desaf\u00edos espec\u00edficos y ofrecer soluciones personalizadas que satisfagan sus objetivos operativos. Mediante la inversi\u00f3n continua en investigaci\u00f3n y desarrollo, nos mantenemos a la vanguardia de la innovaci\u00f3n, estableciendo nuevos est\u00e1ndares de calidad y eficiencia en la industria acu\u00edcola.<\/p>\n\n\n\n<p>Ya sea que busque soluciones avanzadas de aireaci\u00f3n o asesoramiento experto para optimizar sus operaciones acu\u00edcolas, nuestro equipo se compromete a brindar un servicio inigualable y equipos de primera calidad. Con nuestra experiencia, conocimientos y compromiso con la sostenibilidad, garantizamos el \u00e9xito de sus proyectos acu\u00edcolas de forma eficiente y responsable.<\/p>\n\n\n\n<p><\/p>\n\n\n\n<figure class=\"wp-block-image aligncenter size-full\"><img fetchpriority=\"high\" decoding=\"async\" width=\"600\" height=\"600\" src=\"https:\/\/www.prolead-tw.com\/wp-content\/uploads\/2024\/12\/Your-partner.gif\" alt=\"\" class=\"wp-image-4595\"\/><\/figure>\n\n\n\n<p><\/p>","protected":false},"excerpt":{"rendered":"<p>paddle wheel aerator supplier in Taiwan Aerator for fish pond Aerator for fish pond manufacturers in Taiwan, \u201cPROLEAD\u201c provide quality machines including Paddlewheel Aerators, Deepwater Aerator, Air Injectors, Ring Blowers, Roots Blowers, Water Pumps, Hatchery items, Automatic Feeder, Pond Liners (Geomembrane)&#8230;etc. best aerator for fish pond We take immense pride in our team, which includes [&hellip;]<\/p>\n","protected":false},"author":1,"featured_media":0,"parent":0,"menu_order":0,"comment_status":"closed","ping_status":"closed","template":"","meta":{"_uag_custom_page_level_css":"","site-sidebar-layout":"default","site-content-layout":"","ast-site-content-layout":"default","site-content-style":"default","site-sidebar-style":"default","ast-global-header-display":"","ast-banner-title-visibility":"","ast-main-header-display":"","ast-hfb-above-header-display":"","ast-hfb-below-header-display":"","ast-hfb-mobile-header-display":"","site-post-title":"disabled","ast-breadcrumbs-content":"","ast-featured-img":"disabled","footer-sml-layout":"","ast-disable-related-posts":"","theme-transparent-header-meta":"","adv-header-id-meta":"","stick-header-meta":"","header-above-stick-meta":"","header-main-stick-meta":"","header-below-stick-meta":"","astra-migrate-meta-layouts":"set","ast-page-background-enabled":"default","ast-page-background-meta":{"desktop":{"background-color":"","background-image":"","background-repeat":"repeat","background-position":"center center","background-size":"auto","background-attachment":"scroll","background-type":"","background-media":"","overlay-type":"","overlay-color":"","overlay-opacity":"","overlay-gradient":""},"tablet":{"background-color":"","background-image":"","background-repeat":"repeat","background-position":"center center","background-size":"auto","background-attachment":"scroll","background-type":"","background-media":"","overlay-type":"","overlay-color":"","overlay-opacity":"","overlay-gradient":""},"mobile":{"background-color":"","background-image":"","background-repeat":"repeat","background-position":"center center","background-size":"auto","background-attachment":"scroll","background-type":"","background-media":"","overlay-type":"","overlay-color":"","overlay-opacity":"","overlay-gradient":""}},"ast-content-background-meta":{"desktop":{"background-color":"var(--ast-global-color-5)","background-image":"","background-repeat":"repeat","background-position":"center center","background-size":"auto","background-attachment":"scroll","background-type":"","background-media":"","overlay-type":"","overlay-color":"","overlay-opacity":"","overlay-gradient":""},"tablet":{"background-color":"var(--ast-global-color-5)","background-image":"","background-repeat":"repeat","background-position":"center center","background-size":"auto","background-attachment":"scroll","background-type":"","background-media":"","overlay-type":"","overlay-color":"","overlay-opacity":"","overlay-gradient":""},"mobile":{"background-color":"var(--ast-global-color-5)","background-image":"","background-repeat":"repeat","background-position":"center center","background-size":"auto","background-attachment":"scroll","background-type":"","background-media":"","overlay-type":"","overlay-color":"","overlay-opacity":"","overlay-gradient":""}},"footnotes":""},"class_list":["post-3320","page","type-page","status-publish","hentry"],"yoast_head":"<!-- This site is optimized with the Yoast SEO plugin v26.8 - https:\/\/yoast.com\/product\/yoast-seo-wordpress\/ -->\n<title>Paddle wheel aerator supplier in Taiwan - Prolead<\/title>\n<meta name=\"description\" content=\"Paddle wheel supplier in Taiwan, a professional supplier for aquaculture sector, offering pumps, blowers, HDPE ponds liner...etc.\" \/>\n<meta name=\"robots\" content=\"index, follow, max-snippet:-1, max-image-preview:large, max-video-preview:-1\" \/>\n<link rel=\"canonical\" href=\"https:\/\/prolead-tw.com\/es\/about-us\/\" \/>\n<meta property=\"og:locale\" content=\"es_ES\" \/>\n<meta property=\"og:type\" content=\"article\" \/>\n<meta property=\"og:title\" content=\"Paddle wheel aerator supplier in Taiwan - Prolead\" \/>\n<meta property=\"og:description\" content=\"Paddle wheel supplier in Taiwan, a professional supplier for aquaculture sector, offering pumps, blowers, HDPE ponds liner...etc.\" \/>\n<meta property=\"og:url\" content=\"https:\/\/prolead-tw.com\/es\/about-us\/\" \/>\n<meta property=\"og:site_name\" content=\"Prolead\" \/>\n<meta property=\"article:modified_time\" content=\"2025-05-09T06:42:15+00:00\" \/>\n<meta property=\"og:image\" content=\"https:\/\/prolead-tw.com\/wp-content\/uploads\/2024\/12\/Your-partner.gif\" \/>\n\t<meta property=\"og:image:width\" content=\"600\" \/>\n\t<meta property=\"og:image:height\" content=\"600\" \/>\n\t<meta property=\"og:image:type\" content=\"image\/gif\" \/>\n<meta name=\"twitter:card\" content=\"summary_large_image\" \/>\n<meta name=\"twitter:label1\" content=\"Tiempo de lectura\" \/>\n\t<meta name=\"twitter:data1\" content=\"2 minutos\" \/>\n<script type=\"application\/ld+json\" class=\"yoast-schema-graph\">{\"@context\":\"https:\/\/schema.org\",\"@graph\":[{\"@type\":\"WebPage\",\"@id\":\"https:\/\/prolead-tw.com\/about-us\/\",\"url\":\"https:\/\/prolead-tw.com\/about-us\/\",\"name\":\"Paddle wheel aerator supplier in Taiwan - Prolead\",\"isPartOf\":{\"@id\":\"https:\/\/prolead-tw.com\/#website\"},\"primaryImageOfPage\":{\"@id\":\"https:\/\/prolead-tw.com\/about-us\/#primaryimage\"},\"image\":{\"@id\":\"https:\/\/prolead-tw.com\/about-us\/#primaryimage\"},\"thumbnailUrl\":\"https:\/\/www.prolead-tw.com\/wp-content\/uploads\/2024\/12\/Your-partner.gif\",\"datePublished\":\"2024-11-11T16:33:53+00:00\",\"dateModified\":\"2025-05-09T06:42:15+00:00\",\"description\":\"Paddle wheel supplier in Taiwan, a professional supplier for aquaculture sector, offering pumps, blowers, HDPE ponds liner...etc.\",\"breadcrumb\":{\"@id\":\"https:\/\/prolead-tw.com\/about-us\/#breadcrumb\"},\"inLanguage\":\"es\",\"potentialAction\":[{\"@type\":\"ReadAction\",\"target\":[\"https:\/\/prolead-tw.com\/about-us\/\"]}]},{\"@type\":\"ImageObject\",\"inLanguage\":\"es\",\"@id\":\"https:\/\/prolead-tw.com\/about-us\/#primaryimage\",\"url\":\"https:\/\/www.prolead-tw.com\/wp-content\/uploads\/2024\/12\/Your-partner.gif\",\"contentUrl\":\"https:\/\/www.prolead-tw.com\/wp-content\/uploads\/2024\/12\/Your-partner.gif\"},{\"@type\":\"BreadcrumbList\",\"@id\":\"https:\/\/prolead-tw.com\/about-us\/#breadcrumb\",\"itemListElement\":[{\"@type\":\"ListItem\",\"position\":1,\"name\":\"\u9996\u9801\",\"item\":\"https:\/\/prolead-tw.com\/\"},{\"@type\":\"ListItem\",\"position\":2,\"name\":\"About Us\"}]},{\"@type\":\"WebSite\",\"@id\":\"https:\/\/prolead-tw.com\/#website\",\"url\":\"https:\/\/prolead-tw.com\/\",\"name\":\"Prolead\",\"description\":\"Top Professional Supplier for Aquaculture Sector\",\"publisher\":{\"@id\":\"https:\/\/prolead-tw.com\/#organization\"},\"potentialAction\":[{\"@type\":\"SearchAction\",\"target\":{\"@type\":\"EntryPoint\",\"urlTemplate\":\"https:\/\/prolead-tw.com\/?s={search_term_string}\"},\"query-input\":{\"@type\":\"PropertyValueSpecification\",\"valueRequired\":true,\"valueName\":\"search_term_string\"}}],\"inLanguage\":\"es\"},{\"@type\":\"Organization\",\"@id\":\"https:\/\/prolead-tw.com\/#organization\",\"name\":\"Prolead\",\"url\":\"https:\/\/prolead-tw.com\/\",\"logo\":{\"@type\":\"ImageObject\",\"inLanguage\":\"es\",\"@id\":\"https:\/\/prolead-tw.com\/#\/schema\/logo\/image\/\",\"url\":\"https:\/\/prolead-tw.com\/wp-content\/uploads\/2024\/11\/cropped-Prolead-\u5bf6\u529b\u570b\u969b-logo\u6a6b.png\",\"contentUrl\":\"https:\/\/prolead-tw.com\/wp-content\/uploads\/2024\/11\/cropped-Prolead-\u5bf6\u529b\u570b\u969b-logo\u6a6b.png\",\"width\":1000,\"height\":334,\"caption\":\"Prolead\"},\"image\":{\"@id\":\"https:\/\/prolead-tw.com\/#\/schema\/logo\/image\/\"}}]}<\/script>\n<!-- \/ Yoast SEO plugin. -->","yoast_head_json":{"title":"Paddle wheel aerator supplier in Taiwan - Prolead","description":"Paddle wheel supplier in Taiwan, a professional supplier for aquaculture sector, offering pumps, blowers, HDPE ponds liner...etc.","robots":{"index":"index","follow":"follow","max-snippet":"max-snippet:-1","max-image-preview":"max-image-preview:large","max-video-preview":"max-video-preview:-1"},"canonical":"https:\/\/prolead-tw.com\/es\/about-us\/","og_locale":"es_ES","og_type":"article","og_title":"Paddle wheel aerator supplier in Taiwan - Prolead","og_description":"Paddle wheel supplier in Taiwan, a professional supplier for aquaculture sector, offering pumps, blowers, HDPE ponds liner...etc.","og_url":"https:\/\/prolead-tw.com\/es\/about-us\/","og_site_name":"Prolead","article_modified_time":"2025-05-09T06:42:15+00:00","og_image":[{"width":600,"height":600,"url":"https:\/\/prolead-tw.com\/wp-content\/uploads\/2024\/12\/Your-partner.gif","type":"image\/gif"}],"twitter_card":"summary_large_image","twitter_misc":{"Tiempo de lectura":"2 minutos"},"schema":{"@context":"https:\/\/schema.org","@graph":[{"@type":"WebPage","@id":"https:\/\/prolead-tw.com\/about-us\/","url":"https:\/\/prolead-tw.com\/about-us\/","name":"Paddle wheel aerator supplier in Taiwan - Prolead","isPartOf":{"@id":"https:\/\/prolead-tw.com\/#website"},"primaryImageOfPage":{"@id":"https:\/\/prolead-tw.com\/about-us\/#primaryimage"},"image":{"@id":"https:\/\/prolead-tw.com\/about-us\/#primaryimage"},"thumbnailUrl":"https:\/\/www.prolead-tw.com\/wp-content\/uploads\/2024\/12\/Your-partner.gif","datePublished":"2024-11-11T16:33:53+00:00","dateModified":"2025-05-09T06:42:15+00:00","description":"Paddle wheel supplier in Taiwan, a professional supplier for aquaculture sector, offering pumps, blowers, HDPE ponds liner...etc.","breadcrumb":{"@id":"https:\/\/prolead-tw.com\/about-us\/#breadcrumb"},"inLanguage":"es","potentialAction":[{"@type":"ReadAction","target":["https:\/\/prolead-tw.com\/about-us\/"]}]},{"@type":"ImageObject","inLanguage":"es","@id":"https:\/\/prolead-tw.com\/about-us\/#primaryimage","url":"https:\/\/www.prolead-tw.com\/wp-content\/uploads\/2024\/12\/Your-partner.gif","contentUrl":"https:\/\/www.prolead-tw.com\/wp-content\/uploads\/2024\/12\/Your-partner.gif"},{"@type":"BreadcrumbList","@id":"https:\/\/prolead-tw.com\/about-us\/#breadcrumb","itemListElement":[{"@type":"ListItem","position":1,"name":"\u9996\u9801","item":"https:\/\/prolead-tw.com\/"},{"@type":"ListItem","position":2,"name":"About Us"}]},{"@type":"WebSite","@id":"https:\/\/prolead-tw.com\/#website","url":"https:\/\/prolead-tw.com\/","name":"Prolead","description":"Top Professional Supplier for Aquaculture Sector","publisher":{"@id":"https:\/\/prolead-tw.com\/#organization"},"potentialAction":[{"@type":"SearchAction","target":{"@type":"EntryPoint","urlTemplate":"https:\/\/prolead-tw.com\/?s={search_term_string}"},"query-input":{"@type":"PropertyValueSpecification","valueRequired":true,"valueName":"search_term_string"}}],"inLanguage":"es"},{"@type":"Organization","@id":"https:\/\/prolead-tw.com\/#organization","name":"Prolead","url":"https:\/\/prolead-tw.com\/","logo":{"@type":"ImageObject","inLanguage":"es","@id":"https:\/\/prolead-tw.com\/#\/schema\/logo\/image\/","url":"https:\/\/prolead-tw.com\/wp-content\/uploads\/2024\/11\/cropped-Prolead-\u5bf6\u529b\u570b\u969b-logo\u6a6b.png","contentUrl":"https:\/\/prolead-tw.com\/wp-content\/uploads\/2024\/11\/cropped-Prolead-\u5bf6\u529b\u570b\u969b-logo\u6a6b.png","width":1000,"height":334,"caption":"Prolead"},"image":{"@id":"https:\/\/prolead-tw.com\/#\/schema\/logo\/image\/"}}]}},"uagb_featured_image_src":{"full":false,"thumbnail":false,"medium":false,"medium_large":false,"large":false,"1536x1536":false,"2048x2048":false,"trp-custom-language-flag":false,"mailpoet_newsletter_max":false,"woocommerce_thumbnail":false,"woocommerce_single":false,"woocommerce_gallery_thumbnail":false},"uagb_author_info":{"display_name":"admin","author_link":"https:\/\/prolead-tw.com\/es\/author\/admin\/"},"uagb_comment_info":0,"uagb_excerpt":"paddle wheel aerator supplier in Taiwan Aerator for fish pond Aerator for fish pond manufacturers in Taiwan, \u201cPROLEAD\u201c provide quality machines including Paddlewheel Aerators, Deepwater Aerator, Air Injectors, Ring Blowers, Roots Blowers, Water Pumps, Hatchery items, Automatic Feeder, Pond Liners (Geomembrane)&#8230;etc. best aerator for fish pond We take immense pride in our team, which includes&hellip;","_links":{"self":[{"href":"https:\/\/prolead-tw.com\/es\/wp-json\/wp\/v2\/pages\/3320","targetHints":{"allow":["GET"]}}],"collection":[{"href":"https:\/\/prolead-tw.com\/es\/wp-json\/wp\/v2\/pages"}],"about":[{"href":"https:\/\/prolead-tw.com\/es\/wp-json\/wp\/v2\/types\/page"}],"author":[{"embeddable":true,"href":"https:\/\/prolead-tw.com\/es\/wp-json\/wp\/v2\/users\/1"}],"replies":[{"embeddable":true,"href":"https:\/\/prolead-tw.com\/es\/wp-json\/wp\/v2\/comments?post=3320"}],"version-history":[{"count":41,"href":"https:\/\/prolead-tw.com\/es\/wp-json\/wp\/v2\/pages\/3320\/revisions"}],"predecessor-version":[{"id":4856,"href":"https:\/\/prolead-tw.com\/es\/wp-json\/wp\/v2\/pages\/3320\/revisions\/4856"}],"wp:attachment":[{"href":"https:\/\/prolead-tw.com\/es\/wp-json\/wp\/v2\/media?parent=3320"}],"curies":[{"name":"wp","href":"https:\/\/api.w.org\/{rel}","templated":true}]}}